{"id":9683,"date":"2025-04-03T11:44:37","date_gmt":"2025-04-03T03:44:37","guid":{"rendered":"https:\/\/zojopackaging.com\/?post_type=product&#038;p=9683"},"modified":"2025-04-03T12:10:36","modified_gmt":"2025-04-03T04:10:36","slug":"custom-printed-fake-false-eyelashes-packaging-mailer-boxes","status":"publish","type":"product","link":"https:\/\/zojopackaging.com\/fr\/product\/custom-printed-fake-false-eyelashes-packaging-mailer-boxes\/","title":{"rendered":"Bo\u00eetes postales d'emballage de faux cils imprim\u00e9es sur mesure"},"content":{"rendered":"<h2 id=\"1-buffering-protection-performance-\">1.\u00a0<strong>Performance de la protection de la m\u00e9moire tampon<\/strong><\/h2>\n<p>Le papier ondul\u00e9 \u00e0 haute r\u00e9sistance est utilis\u00e9 pour absorber l'\u00e9nergie d'impact du transport et disperser le pic de pression gr\u00e2ce \u00e0 la structure ondul\u00e9e multicouche. Les donn\u00e9es de laboratoire montrent que ce mat\u00e9riau peut r\u00e9duire le taux de rupture du produit \u00e0 moins de 0,3% lors du test de vibration de transport simul\u00e9, ce qui est particuli\u00e8rement adapt\u00e9 \u00e0 la protection des faux cils dans la logistique transfrontali\u00e8re.<\/p>\n<h2 id=\"2-folding-high-efficiency-packaging-system-\">2.\u00a0<strong>Syst\u00e8me d'emballage pliant \u00e0 haut rendement<\/strong><\/h2>\n<ul>\n<li>La structure brevet\u00e9e de la boucle permet un emballage rapide en 3 secondes sans l'aide de ruban adh\u00e9sif ou d'outils, ce qui r\u00e9duit le co\u00fbt du travail d'emballage de 30%.<\/li>\n<li>La conception de la pr\u00e9indentation du corps de la bo\u00eete permet un d\u00e9montage d'une seule main, les consommateurs peuvent facilement l'ouvrir et le corps de la bo\u00eete est 95% complet, ce qui est pratique pour une utilisation secondaire (comme le stockage de petits produits cosm\u00e9tiques).<\/li>\n<\/ul>\n<h2 id=\"1-minimalist-aesthetic-style-\">3. <strong>Style esth\u00e9tique minimaliste<\/strong><\/h2>\n<p>Avec une base en papier mat blanc pur et un logo de marque grav\u00e9 au laser en noir, il pr\u00e9sente une texture pure de type \"MUJI\". Un vernis UV partiel brillant peut \u00eatre utilis\u00e9 en option pour former un point de mire visuel aux endroits cl\u00e9s de l'information, augmentant ainsi la reconnaissance du pr\u00e9sentoir de 20%.<\/p>\n<h2 id=\"2-full-link-customization-service-\">4. <strong>Service de personnalisation de liens complets<\/strong><\/h2>\n<table>\n<thead>\n<tr>\n<th>Dimension de personnalisation<\/th>\n<th>Exemple de solution optionnelle<\/th>\n<th>Correspondance des sc\u00e9narios d'application<\/th>\n<\/tr>\n<\/thead>\n<tbody>\n<tr>\n<td><strong>Type de bo\u00eete<\/strong><\/td>\n<td>Type de tiroir\/bo\u00eete en forme de livre\/fond et couvercle inf\u00e9rieur<\/td>\n<td>Une seule grappe de cils Emballage ind\u00e9pendant\/bo\u00eete cadeau<\/td>\n<\/tr>\n<tr>\n<td><strong>Taille<\/strong><\/td>\n<td>5-30cm gradient de longueur \u00b10,1mm pr\u00e9cision<\/td>\n<td>Convient \u00e0 98% des gammes de faux cils sur le march\u00e9<\/td>\n<\/tr>\n<tr>\n<td><strong>Technologie de surface<\/strong><\/td>\n<td>Marquage \u00e0 chaud\/embossage\/encre \u00e0 changement de temp\u00e9rature\/couche interactive AR<\/td>\n<td>Commercialisation de l'\u00e9dition limit\u00e9e\/tra\u00e7abilit\u00e9 anti-contrefa\u00e7on<\/td>\n<\/tr>\n<tr>\n<td><strong>Mat\u00e9riaux respectueux de l'environnement<\/strong><\/td>\n<td>P\u00e2te \u00e0 papier certifi\u00e9e FSC \/ rev\u00eatement PLA d\u00e9gradable<\/td>\n<td>Respecter les r\u00e9glementations europ\u00e9ennes en mati\u00e8re d'emballage \u00e9cologique<\/td>\n<\/tr>\n<\/tbody>\n<\/table>\n<h2 id=\"1-flexible-production-system-\">5. <strong>Syst\u00e8me de production flexible<\/strong><\/h2>\n<p>S'appuyant sur les avantages de la ceinture de l'industrie de la beaut\u00e9 de Qingdao (Pingdu repr\u00e9sente 70% de la production mondiale de cils), nous sommes en mesure d'assurer une r\u00e9ponse rapide \"72 heures pour les \u00e9preuves et 15 jours pour la production de masse\". L'usine est \u00e9quip\u00e9e de machines de d\u00e9coupe et d'impression num\u00e9rique enti\u00e8rement automatiques, ce qui permet de r\u00e9aliser des commandes personnalis\u00e9es \u00e0 partir de 500 pi\u00e8ces.<\/p>\n<h2 id=\"2-full-process-quality-control-standards-\">6. <strong>Normes de contr\u00f4le de la qualit\u00e9 tout au long du processus<\/strong><\/h2>\n<ul>\n<li>Mati\u00e8res premi\u00e8res : mise en \u0153uvre des normes industrielles QB\/T 5774-2022 relatives \u00e0 l'emballage des faux cils et r\u00e9ussite du test de migration des m\u00e9taux lourds de la SGS.<\/li>\n<li>C\u00f4t\u00e9 production : chaque lot est soumis \u00e0 un contr\u00f4le al\u00e9atoire de la r\u00e9sistance \u00e0 la compression des bords (\u22658kN\/m) et de la r\u00e9sistance \u00e0 l'\u00e9clatement (\u22651 500kPa).<\/li>\n<li>C\u00f4t\u00e9 livraison : isolation par couches de coton perl\u00e9 + emballage en plastique r\u00e9sistant \u00e0 l'humidit\u00e9 pour garantir l'absence de pollution pendant le transport.<\/li>\n<\/ul>\n<h2 id=\"3-value-added-service-module-\">7. <strong>Module de services \u00e0 valeur ajout\u00e9e<\/strong><\/h2>\n<ul>\n<li><strong>Conseil en conception<\/strong>: Fournir 6 services de diagnostic de marque majeurs tels que la correspondance des cartes de couleurs Pantone et la pr\u00e9sentation visuelle des arguments de vente.<\/li>\n<li><strong>Entreposage et h\u00e9bergement<\/strong>: L'entrep\u00f4t sous douane de Qingdao soutient les solutions de commerce \u00e9lectronique transfrontalier de type \"livraison d'une pi\u00e8ce\".<\/li>\n<li><strong>Analyse des donn\u00e9es<\/strong>: En se basant sur les donn\u00e9es d'it\u00e9ration des types de bo\u00eetes utilis\u00e9es par plus de 3 000 clients du secteur de la beaut\u00e9 dans le pass\u00e9, optimiser la structure des co\u00fbts d'emballage.<\/li>\n<\/ul>\n<h2 id=\"-fourth-industry-application-cases-\"><strong>Cas d'application dans l'industrie<\/strong><\/h2>\n<ul>\n<li><strong>Une marque japonaise de cosm\u00e9tiques<\/strong>: En utilisant la bo\u00eete \u00e0 tiroirs de 5cm\u00d75cm + la technologie de relief des fleurs de cerisier, combin\u00e9e \u00e0 la logistique Amazon FBA, le taux de retour a chut\u00e9 \u00e0 1,2%<\/li>\n<li><strong>Repr\u00e9sentant des produits chinois \u00e0 l'\u00e9tranger<\/strong>: En utilisant la couche AR pour r\u00e9aliser le \"scan du code pour voir le tutoriel de port\", le taux de rachat a augment\u00e9 de 18%.<\/li>\n<li><strong>Projet d'initiative de protection de l'environnement<\/strong>: Utilisation de p\u00e2te de bagasse + impression \u00e0 l'encre de soja, nomin\u00e9e pour le prix du design durable des Pentawards 2025<\/li>\n<\/ul>","protected":false},"excerpt":{"rendered":"<p>Des solutions en vrac rentables : Optimis\u00e9es pour les commandes importantes avec des remises tarifaires \u00e9chelonn\u00e9es.<br \/>\nLe choix de l'\u00e9cologie : Les mat\u00e9riaux certifi\u00e9s FSC s'inscrivent dans les tendances de la beaut\u00e9 durable.<br \/>\nS\u00e9curit\u00e9 \u00e0 l'\u00e9preuve des dommages : Les bords ondul\u00e9s et la conception r\u00e9sistante \u00e0 l'\u00e9crasement garantissent une livraison intacte.<br \/>\nD\u00e9lai d'ex\u00e9cution rapide : La production rationalis\u00e9e r\u00e9pond aux besoins urgents des entreprises<\/p>","protected":false},"featured_media":9408,"template":"","meta":[],"product_brand":[],"product_cat":[30,390,31,433],"product_tag":[1245,1244,1243],"class_list":{"0":"post-9683","1":"product","2":"type-product","3":"status-publish","4":"has-post-thumbnail","6":"product_cat-by-industry","7":"product_cat-custom-cosmetics-boxes","8":"product_cat-paper-box-style","9":"product_cat-shipping-mailer-boxes","10":"product_tag-custom-eyelashes-boxes","11":"product_tag-eyelashes-packaging-mailer-boxes","12":"product_tag-fake-false-mailer-boxes","14":"first","15":"instock","16":"shipping-taxable","17":"product-type-grouped"},"_links":{"self":[{"href":"https:\/\/zojopackaging.com\/fr\/wp-json\/wp\/v2\/product\/9683","targetHints":{"allow":["GET"]}}],"collection":[{"href":"https:\/\/zojopackaging.com\/fr\/wp-json\/wp\/v2\/product"}],"about":[{"href":"https:\/\/zojopackaging.com\/fr\/wp-json\/wp\/v2\/types\/product"}],"version-history":[{"count":1,"href":"https:\/\/zojopackaging.com\/fr\/wp-json\/wp\/v2\/product\/9683\/revisions"}],"predecessor-version":[{"id":9685,"href":"https:\/\/zojopackaging.com\/fr\/wp-json\/wp\/v2\/product\/9683\/revisions\/9685"}],"wp:featuredmedia":[{"embeddable":true,"href":"https:\/\/zojopackaging.com\/fr\/wp-json\/wp\/v2\/media\/9408"}],"wp:attachment":[{"href":"https:\/\/zojopackaging.com\/fr\/wp-json\/wp\/v2\/media?parent=9683"}],"wp:term":[{"taxonomy":"product_brand","embeddable":true,"href":"https:\/\/zojopackaging.com\/fr\/wp-json\/wp\/v2\/product_brand?post=9683"},{"taxonomy":"product_cat","embeddable":true,"href":"https:\/\/zojopackaging.com\/fr\/wp-json\/wp\/v2\/product_cat?post=9683"},{"taxonomy":"product_tag","embeddable":true,"href":"https:\/\/zojopackaging.com\/fr\/wp-json\/wp\/v2\/product_tag?post=9683"}],"curies":[{"name":"wp","href":"https:\/\/api.w.org\/{rel}","templated":true}]}}