{"id":9686,"date":"2025-04-03T12:47:34","date_gmt":"2025-04-03T04:47:34","guid":{"rendered":"https:\/\/zojopackaging.com\/?post_type=product&#038;p=9686"},"modified":"2025-04-03T14:37:27","modified_gmt":"2025-04-03T06:37:27","slug":"high-quality-custom-candle-gift-packaging-boxes-wholesale","status":"publish","type":"product","link":"https:\/\/zojopackaging.com\/fr\/product\/high-quality-custom-candle-gift-packaging-boxes-wholesale\/","title":{"rendered":"Bo\u00eetes d'emballage de bougies personnalis\u00e9es de haute qualit\u00e9 Wholesale"},"content":{"rendered":"<h2 id=\"1-ergonomic-one-handed-opening-and-closing-design-\">1.\u00a0<strong>Ouverture et fermeture ergonomiques d'une seule main<\/strong><\/h2>\n<p>La structure du couvercle de fermeture magn\u00e9tique est adopt\u00e9e, et le couvercle de la bo\u00eete et le corps de la bo\u00eete sont assortis par un moule de pr\u00e9cision pour permettre une utilisation facile d'une seule main. L'aspiration magn\u00e9tique int\u00e9gr\u00e9e a \u00e9t\u00e9 test\u00e9e 2 000 fois pour garantir une ouverture et une fermeture en douceur, sans blocage, dans des situations rapides (telles que les promotions dans les centres commerciaux et les cadeaux de No\u00ebl), tout en conservant un sens \u00e9l\u00e9gant du rituel. La forme de la bo\u00eete reprend le principe de la charni\u00e8re des bo\u00eetes \u00e0 bijoux de luxe, et la dur\u00e9e de vie de l'ouverture et de la fermeture est sup\u00e9rieure \u00e0 5 ans.<\/p>\n<h2 id=\"2-healing-pink-emotional-management-solution-\">2.\u00a0<strong>Solution de gestion \u00e9motionnelle rose de gu\u00e9rison<\/strong><\/h2>\n<p>La couleur principale est le rose, qui a un effet significatif sur le soulagement de l'anxi\u00e9t\u00e9. La surface est recouverte d'un film tactile mat, qui simule la texture d\u00e9licate de la peau et peut d\u00e9clencher la s\u00e9cr\u00e9tion de dopamine lorsqu'elle est touch\u00e9e du bout des doigts. Le c\u00f4t\u00e9 de la bo\u00eete est orn\u00e9 de motifs de nuages auspicieux micro-emboss\u00e9s, cr\u00e9ant un rythme visuel positif gr\u00e2ce aux changements d'ombre et de lumi\u00e8re.<\/p>\n<h2 id=\"3-military-grade-composite-material-structure-\">3.\u00a0<strong>Structure en mat\u00e9riau composite de qualit\u00e9 militaire<\/strong><\/h2>\n<ul>\n<li><strong>Couche ext\u00e9rieure<\/strong>: Papier d'art couch\u00e9 C2S 157g, certifi\u00e9 par la norme ISO 536, indice de r\u00e9sistance aux rayures jusqu'\u00e0 4H ;<\/li>\n<li><strong>Doublure int\u00e9rieure<\/strong>: Carton rigide de 1200 g, chute de 1,5 m sans dommage apr\u00e8s un test d'impact de balle ;<\/li>\n<li><strong>Syst\u00e8me tampon<\/strong>: 3 \u00e0 6 fentes \u00e9lastiques en TPE peuvent \u00eatre personnalis\u00e9es pour s'adapter aux bougies en forme de colonne ou de forme sp\u00e9ciale d'un diam\u00e8tre de 3 \u00e0 15 cm.<\/li>\n<\/ul>\n<h2 id=\"4-modular-lining-solution-\">4.\u00a0<strong>Solution de rev\u00eatement modulaire<\/strong><\/h2>\n<p>Trois unit\u00e9s fonctionnelles sont disponibles :<\/p>\n<ul>\n<li><strong>Grille anti-renversement<\/strong>: Structure en nid d'abeille, rev\u00eatement en EPE, corps de bougie fixe \u00e0 360\u00b0 ;<\/li>\n<li><strong>Couche de verrouillage du parfum<\/strong>: Une couche de fibres de carbone activ\u00e9es est implant\u00e9e pour emp\u00eacher le parfum de s'\u00e9chapper ;<\/li>\n<li><strong>Compartiment pour outils d'urgence<\/strong>: Tiroir cach\u00e9 pour ranger les crochets\/matchs d'extincteurs de bougies afin d'am\u00e9liorer l'exp\u00e9rience de d\u00e9ballage.<\/li>\n<\/ul>\n<h2 id=\"5-full-link-customized-printing-service-\">5.\u00a0<strong>Service d'impression personnalis\u00e9e par lien int\u00e9gral<\/strong><\/h2>\n<ul>\n<li><strong>Matrice de processus<\/strong>:<\/li>\n<li>Marquage \u00e0 chaud : Feuille d'or mat\/miroir de pr\u00e9cision de 0,1 mm, 12 couleurs sp\u00e9ciales en option, telles que Forbidden City Cinnabar Gold Tiffany Blue ;<\/li>\n<li>Gaufrage : Plus de 300 biblioth\u00e8ques de textures prot\u00e9g\u00e9es par des droits d'auteur (y compris des motifs artistiques tels que les vignes de Mucha et les spirales de Fibonacci) ;<\/li>\n<li>Gaufrage UV : Technologie de relief tridimensionnel 3D, diff\u00e9rence de hauteur locale de 0,5 mm, reconnaissance tactile augment\u00e9e de 80%.<\/li>\n<\/ul>\n<h2 id=\"6-carbon-neutral-packaging-system-\">6.\u00a0<strong>Syst\u00e8me d'emballage neutre en carbone<\/strong><\/h2>\n<ul>\n<li>Mat\u00e9riaux : Papier certifi\u00e9 FSC + encre de soja \u00e0 base d'eau, empreinte carbone r\u00e9duite de 62% ;<\/li>\n<li>Structure : assemblage par tenons et mortaises sans colle, d\u00e9pliage et utilisation sans pliage, taux de recyclage au d\u00e9montage 100% ;<\/li>\n<li>Logistique : Un algorithme d'IA optimise le plan d'emballage, l'utilisation de l'espace a augment\u00e9 de 35% et les \u00e9missions de carbone li\u00e9es au transport ont \u00e9t\u00e9 r\u00e9duites de 28%.<\/li>\n<\/ul>\n<h2 id=\"7-smart-manufacturing-4-0-production-standard-\">7.\u00a0<strong>Norme de production pour la fabrication intelligente 4.0<\/strong><\/h2>\n<p>\u00c9quipement :<\/p>\n<ul>\n<li>Imprimante UV Heidelberg CX104-8+L huit couleurs (pr\u00e9cision de surimpression de \u00b10,15 mm) ;<\/li>\n<li>Syst\u00e8me d'inspection automatique de la qualit\u00e9 \u00e0 bras robotis\u00e9 Kuka (120 scans de d\u00e9fauts de bo\u00eetes par minute) ;<\/li>\n<li>Plateforme de tra\u00e7abilit\u00e9 de la production MES, chaque bo\u00eete d'emballage a un identifiant blockchain unique, et les probl\u00e8mes de qualit\u00e9 sont trac\u00e9s 24 heures sur 24.<\/li>\n<\/ul>\n<h2 id=\"-business-philosophy-practice-\"><strong>Philosophie d'entreprise pratique<\/strong><\/h2>\n<p>Nous consid\u00e9rons l'ing\u00e9nierie sensorielle et la conception durable comme le double c\u0153ur de notre activit\u00e9 :<\/p>\n<ul>\n<li><strong>Penser le leadership<\/strong>: D\u00e9velopp\u00e9e conjointement avec la Semaine du design de Milan, la bo\u00eete peut \u00eatre r\u00e9organis\u00e9e en chandelier ou en porte-bijoux ;<\/li>\n<li><strong>Accumulation de technologies<\/strong>Le groupe a d\u00e9pos\u00e9 27 brevets dans le domaine de l'emballage, notamment pour des rubans de fils antibact\u00e9riens, du papier support interactif AR et d'autres applications innovantes ;<\/li>\n<li><strong>Garantie de service<\/strong>Cycle d'\u00e9preuvage de 72 heures + r\u00e9serve de capacit\u00e9 de production d'un million d'unit\u00e9s, permettant une production flexible avec une commande minimale d'une pi\u00e8ce.<\/li>\n<\/ul>","protected":false},"excerpt":{"rendered":"<p>\u2728 Design contrast\u00e9 haut de gamme - L'ext\u00e9rieur rose tendre et l'int\u00e9rieur noir audacieux amplifient l'impact visuel.<br \/>\n\ud83d\udee1\ufe0f Protection pr\u00eate pour le transit - La construction durable prot\u00e8ge les bougies de l'humidit\u00e9 et des chocs.<br \/>\n\ud83c\udfa8 Flexibilit\u00e9 de l'image de marque - Personnalisez les logos, les couleurs et les tailles sans p\u00e9nalit\u00e9 de quantit\u00e9 minimale.<br \/>\n\ud83d\udce6 Efficacit\u00e9 en vrac - L'emballage plat r\u00e9duit les co\u00fbts de stockage et d'exp\u00e9dition pour les grossistes.<\/p>","protected":false},"featured_media":9688,"template":"","meta":[],"product_brand":[],"product_cat":[30,416,425,31],"product_tag":[898,468,1246],"class_list":{"0":"post-9686","1":"product","2":"type-product","3":"status-publish","4":"has-post-thumbnail","6":"product_cat-by-industry","7":"product_cat-custom-candle-boxes","8":"product_cat-lid-and-base-gift-box","9":"product_cat-paper-box-style","10":"product_tag-candle-packaging-boxes","11":"product_tag-custom-candle-packaging","12":"product_tag-high-quality-candle-gift-boxes","14":"first","15":"instock","16":"shipping-taxable","17":"product-type-grouped"},"_links":{"self":[{"href":"https:\/\/zojopackaging.com\/fr\/wp-json\/wp\/v2\/product\/9686","targetHints":{"allow":["GET"]}}],"collection":[{"href":"https:\/\/zojopackaging.com\/fr\/wp-json\/wp\/v2\/product"}],"about":[{"href":"https:\/\/zojopackaging.com\/fr\/wp-json\/wp\/v2\/types\/product"}],"version-history":[{"count":1,"href":"https:\/\/zojopackaging.com\/fr\/wp-json\/wp\/v2\/product\/9686\/revisions"}],"predecessor-version":[{"id":9694,"href":"https:\/\/zojopackaging.com\/fr\/wp-json\/wp\/v2\/product\/9686\/revisions\/9694"}],"wp:featuredmedia":[{"embeddable":true,"href":"https:\/\/zojopackaging.com\/fr\/wp-json\/wp\/v2\/media\/9688"}],"wp:attachment":[{"href":"https:\/\/zojopackaging.com\/fr\/wp-json\/wp\/v2\/media?parent=9686"}],"wp:term":[{"taxonomy":"product_brand","embeddable":true,"href":"https:\/\/zojopackaging.com\/fr\/wp-json\/wp\/v2\/product_brand?post=9686"},{"taxonomy":"product_cat","embeddable":true,"href":"https:\/\/zojopackaging.com\/fr\/wp-json\/wp\/v2\/product_cat?post=9686"},{"taxonomy":"product_tag","embeddable":true,"href":"https:\/\/zojopackaging.com\/fr\/wp-json\/wp\/v2\/product_tag?post=9686"}],"curies":[{"name":"wp","href":"https:\/\/api.w.org\/{rel}","templated":true}]}}