{"id":9695,"date":"2025-04-03T14:37:50","date_gmt":"2025-04-03T06:37:50","guid":{"rendered":"https:\/\/zojopackaging.com\/?post_type=product&#038;p=9695"},"modified":"2025-04-03T15:04:56","modified_gmt":"2025-04-03T07:04:56","slug":"luxury-custom-printing-round-perfume-paper-tubes-wholesale","status":"publish","type":"product","link":"https:\/\/zojopackaging.com\/fr\/product\/luxury-custom-printing-round-perfume-paper-tubes-wholesale\/","title":{"rendered":"Tubes ronds en papier pour parfum, impression personnalis\u00e9e, vente en gros"},"content":{"rendered":"<h2 id=\"product-description-of-luxury-custom-printed-round-perfume-paper-tube\">Tube rond en papier imprim\u00e9 de luxe pour parfum<\/h2>\n<h3 id=\"-1-anti-compression-protection-and-transportation-safety-\"><strong>1. Protection contre la compression et s\u00e9curit\u00e9 du transport<\/strong><\/h3>\n<p>Nos tubes ronds en papier \u00e0 parfum sont coll\u00e9s avec des adh\u00e9sifs de qualit\u00e9 industrielle pour former une structure dense. La conception cylindrique permet de disperser uniform\u00e9ment les forces externes afin d'\u00e9viter les d\u00e9formations ou les dommages caus\u00e9s par les forces locales pendant le transport. Il est particuli\u00e8rement adapt\u00e9 au transport longue distance de produits fragiles ou de grande valeur tels que les produits d'aromath\u00e9rapie, les bougies et les parfums. En optimisant l'\u00e9paisseur de la paroi (personnalisable de 0,5 \u00e0 3 mm) et la conception du support interne, la r\u00e9sistance \u00e0 la compression est augment\u00e9e de plus de 30%, ce qui r\u00e9pond aux normes de transport internationales.<\/p>\n<h3 id=\"-2-visual-appeal-and-brand-display-\"><strong>2. Attrait visuel et pr\u00e9sentation de la marque<\/strong><\/h3>\n<p>La forme cylindrique tridimensionnelle rompt avec la monotonie des emballages carr\u00e9s traditionnels et forme un effet de pr\u00e9sentation \u00e0 360\u00b0 sans angle mort sur le rayon, ce qui convient particuli\u00e8rement aux sc\u00e8nes n\u00e9cessitant un impact visuel, telles que les produits de luxe et les cadeaux de vacances. Il peut \u00eatre combin\u00e9 avec un marquage \u00e0 chaud holographique, un gradient UV et d'autres proc\u00e9d\u00e9s pour pr\u00e9senter un \u00e9clat dynamique sous la lumi\u00e8re et l'ombre afin d'attirer l'attention des consommateurs. Par exemple, le tube en papier sur le th\u00e8me du ciel \u00e9toil\u00e9 que nous avons con\u00e7u pour une marque de parfum haut de gamme a permis d'augmenter le taux de conversion en rayon de 25% pendant la p\u00e9riode de pr\u00e9sentation.<\/p>\n<h3 id=\"-3-high-end-craftsmanship-details-\"><strong>3. D\u00e9tails artisanaux haut de gamme<\/strong><\/h3>\n<ul>\n<li><strong>Processus de marquage \u00e0 chaud<\/strong>: Les feuilles m\u00e9talliques r\u00e9sistantes aux hautes temp\u00e9ratures de la s\u00e9rie PT-30 de Red Sun permettent au texte de pr\u00e9senter une largeur de ligne minimale de 0,2 mm, la brillance du m\u00e9tal est sup\u00e9rieure \u00e0 95% et l'adh\u00e9rence a pass\u00e9 avec succ\u00e8s 100 000 tests de frottement.<\/li>\n<li><strong>Gaufrage et surfa\u00e7age UV<\/strong>: Support du gaufrage en relief tridimensionnel (profondeur de 0,1 \u00e0 0,5 mm) et du vernissage UV partiel, avec des niveaux de toucher distincts. Par exemple, le processus de combinaison du motif de marbre UV + estampage \u00e0 chaud personnalis\u00e9 par une certaine marque, le retour d'information tactile am\u00e9liore le point de m\u00e9moire de l'exp\u00e9rience de l'utilisateur.<\/li>\n<li><strong>Pr\u00e9cision de l'impression sur tout le pourtour<\/strong>: Gr\u00e2ce \u00e0 la machine d'impression offset Komori \u00e0 six couleurs, l'erreur de surimpression est de \u22640,1 mm, ce qui garantit une connexion transparente des motifs.<\/li>\n<\/ul>\n<h3 id=\"-4-full-link-customization-service-\"><strong>4. Service de personnalisation de liens complets<\/strong><\/h3>\n<p>De la conception structurelle \u00e0 la mise en \u0153uvre des processus, nous proposons une solution unique :<\/p>\n<ul>\n<li><strong>S\u00e9lection des mat\u00e9riaux<\/strong>Style basique (papier kraft\/carton blanc), style \u00e9cologique (p\u00e2te certifi\u00e9e FSC + encre \u00e0 base d'eau), style luxe l\u00e9ger (flocage\/mat\u00e9riau composite m\u00e9tallique).<\/li>\n<li><strong>Extension de la fonction<\/strong>Les caract\u00e9ristiques de l'appareil sont les suivantes : doublure en EVA antichoc int\u00e9gr\u00e9e, structure centrale rempla\u00e7able, ouverture et fermeture magn\u00e9tiques.<\/li>\n<li><strong>Tra\u00e7abilit\u00e9 intelligente<\/strong>Le code NFC : implantation optionnelle d'une puce NFC, scannez le code pour voir l'histoire du produit et v\u00e9rifier l'authenticit\u00e9.<\/li>\n<\/ul>\n<h3 id=\"-5-professional-team-and-process-guarantee-\"><strong>5. \u00c9quipe professionnelle et garantie de processus<\/strong><\/h3>\n<p>Notre \u00e9quipe de conception conna\u00eet bien la tendance de l'\u00e8re 3.0 des mat\u00e9riaux d'emballage de produits de beaut\u00e9 et sait combiner les symboles culturels (tels que les motifs des tendances nationales et la g\u00e9om\u00e9trie minimaliste) avec la fonctionnalit\u00e9. Nous avons travaill\u00e9 pour de grandes marques telles que L'Or\u00e9al et Proya :<\/p>\n<ul>\n<li>Bo\u00eetes cadeaux r\u00e9utilisables (papier recycl\u00e9 + accessoires en cuir, cycle de vie multipli\u00e9 par 3)<\/li>\n<li>Tubes en papier biod\u00e9gradable (mat\u00e9riaux composites \u00e0 base de fibres de th\u00e9, d\u00e9composition naturelle en 6 mois)<\/li>\n<li>Emballage \u00e9motionnel multisensoriel (texture tactile mate + microcapsules de parfum)<\/li>\n<\/ul>\n<h3 id=\"-6-production-capacity-and-quality-control-capabilities-\"><strong>6. Capacit\u00e9 de production et de contr\u00f4le de la qualit\u00e9<\/strong><\/h3>\n<p>L'usine dispose d'un atelier standardis\u00e9 de 5 320\u33a1 \u00e9quip\u00e9 de :<\/p>\n<ul>\n<li><strong>\u00c9quipements de production<\/strong>Ligne de production enti\u00e8rement automatique de carton ondul\u00e9 \u00e0 sept couches, machine d'impression offset Roland \u00e0 cinq couleurs, unit\u00e9 intelligente de marquage \u00e0 chaud.<\/li>\n<li><strong>Syst\u00e8me de contr\u00f4le de la qualit\u00e9<\/strong>Syst\u00e8me de contr\u00f4le en ligne pour suivre la teneur en eau en temps r\u00e9el (contr\u00f4l\u00e9 en dessous de 8%), machine d'essai de compression pour l'\u00e9chantillonnage r\u00e9gulier (conforme \u00e0 la norme GB\/T 2284-2015).<\/li>\n<li><strong>Capacit\u00e9 de livraison<\/strong>: Commande minimale de 500 pi\u00e8ces, livraison sous 7 \u00e0 14 jours, soutien logistique mondial<\/li>\n<\/ul>","protected":false},"excerpt":{"rendered":"<p>Premi\u00e8re impression de luxe : Le design \u00e9pur\u00e9 blanc et or s\u00e9duit les acheteurs haut de gamme.<br \/>\nFlexibilit\u00e9 de la marque : Personnalisez les tailles, les logos et les motifs des feuilles sans effort.<br \/>\nLa durabilit\u00e9 rencontre le style : Le carton robuste assure la protection sans compromettre l'esth\u00e9tique.<br \/>\nPr\u00eat pour le vrac : Optimis\u00e9 pour les grossistes rentables ou les petits lots exclusifs.<\/p>","protected":false},"featured_media":9699,"template":"","meta":[],"product_brand":[],"product_cat":[30,417,31,429],"product_tag":[498,521,1247],"class_list":{"0":"post-9695","1":"product","2":"type-product","3":"status-publish","4":"has-post-thumbnail","6":"product_cat-by-industry","7":"product_cat-custom-perfume-boxes-by-industry","8":"product_cat-paper-box-style","9":"product_cat-paper-tube-boxes","10":"product_tag-custom-perfume-packaging","11":"product_tag-perfume-paper-tubes","12":"product_tag-perfume-paper-tubes-wholesale","14":"first","15":"instock","16":"shipping-taxable","17":"product-type-grouped"},"_links":{"self":[{"href":"https:\/\/zojopackaging.com\/fr\/wp-json\/wp\/v2\/product\/9695","targetHints":{"allow":["GET"]}}],"collection":[{"href":"https:\/\/zojopackaging.com\/fr\/wp-json\/wp\/v2\/product"}],"about":[{"href":"https:\/\/zojopackaging.com\/fr\/wp-json\/wp\/v2\/types\/product"}],"version-history":[{"count":1,"href":"https:\/\/zojopackaging.com\/fr\/wp-json\/wp\/v2\/product\/9695\/revisions"}],"predecessor-version":[{"id":9702,"href":"https:\/\/zojopackaging.com\/fr\/wp-json\/wp\/v2\/product\/9695\/revisions\/9702"}],"wp:featuredmedia":[{"embeddable":true,"href":"https:\/\/zojopackaging.com\/fr\/wp-json\/wp\/v2\/media\/9699"}],"wp:attachment":[{"href":"https:\/\/zojopackaging.com\/fr\/wp-json\/wp\/v2\/media?parent=9695"}],"wp:term":[{"taxonomy":"product_brand","embeddable":true,"href":"https:\/\/zojopackaging.com\/fr\/wp-json\/wp\/v2\/product_brand?post=9695"},{"taxonomy":"product_cat","embeddable":true,"href":"https:\/\/zojopackaging.com\/fr\/wp-json\/wp\/v2\/product_cat?post=9695"},{"taxonomy":"product_tag","embeddable":true,"href":"https:\/\/zojopackaging.com\/fr\/wp-json\/wp\/v2\/product_tag?post=9695"}],"curies":[{"name":"wp","href":"https:\/\/api.w.org\/{rel}","templated":true}]}}