{"id":9703,"date":"2025-04-03T15:05:10","date_gmt":"2025-04-03T07:05:10","guid":{"rendered":"https:\/\/zojopackaging.com\/?post_type=product&#038;p=9703"},"modified":"2025-04-03T16:07:57","modified_gmt":"2025-04-03T08:07:57","slug":"biodegradable-tea-coffee-paper-packaging-tube-box-wholesale","status":"publish","type":"product","link":"https:\/\/zojopackaging.com\/fr\/product\/biodegradable-tea-coffee-paper-packaging-tube-box-wholesale\/","title":{"rendered":"Bo\u00eete en papier biod\u00e9gradable pour l'emballage du th\u00e9 et du caf\u00e9 Wholesale"},"content":{"rendered":"<h2 id=\"-i-innovative-structural-design-upper-and-lower-cover-separated-pressure-resistant-system-\"><strong>1. Conception structurelle innovante : les couvercles sup\u00e9rieur et inf\u00e9rieur sont s\u00e9par\u00e9s et r\u00e9sistent \u00e0 la pression.<\/strong><\/h2>\n<p>Adopter\u00a0<strong>couvercle sup\u00e9rieur et inf\u00e9rieur structure de bo\u00eete cylindrique s\u00e9par\u00e9e<\/strong>La conception de l'optimisation m\u00e9canique permet de r\u00e9partir uniform\u00e9ment l'impact de la force ext\u00e9rieure pendant le transport et de r\u00e9duire le risque de dommages dus aux collisions.<\/p>\n<ul>\n<li><strong>Protection scientifique<\/strong>: Le couvercle et le fond de la bo\u00eete adoptent une conception encastr\u00e9e par encliquetage, qui convient aux besoins de tamponnement des produits fragiles tels que le th\u00e9 et le caf\u00e9 en poudre, et la r\u00e9sistance \u00e0 la compression mesur\u00e9e est augment\u00e9e de plus de 40%.<\/li>\n<li><strong>Adaptation \u00e0 l'espace<\/strong>: Le diam\u00e8tre int\u00e9rieur peut \u00eatre ajust\u00e9 avec pr\u00e9cision en fonction de la hauteur du produit (longueur du sachet de th\u00e9, diam\u00e8tre de la capsule de caf\u00e9).\u00a0<strong>aucun remplissage d'espace redondant<\/strong>La capacit\u00e9 de transport de bo\u00eetes individuelles est augment\u00e9e de 25%.<\/li>\n<\/ul>\n<h2 id=\"-ii-brand-visual-empowerment-purple-aesthetics-and-international-positioning-\"><strong>2. L'autonomisation visuelle des marques : l'esth\u00e9tique violette et le positionnement international<\/strong><\/h2>\n<p>Promouvoir principalement\u00a0<strong>Morandi violet box body<\/strong>L'objectif est d'int\u00e9grer la psychologie des couleurs et la strat\u00e9gie de la marque :<\/p>\n<ul>\n<li><strong>Valeur \u00e9motionnelle<\/strong>: Selon les \u00e9tudes de march\u00e9, le violet \u00e0 faible saturation peut r\u00e9duire l'anxi\u00e9t\u00e9 des consommateurs en mati\u00e8re de prise de d\u00e9cision et am\u00e9liorer la perception haut de gamme des produits.<\/li>\n<li><strong>G\u00e8ne international<\/strong>: Support\u00a0<strong>Impression de couleurs d'accompagnement Pantone<\/strong>\u00a0(comme le violet lavande PANTONE 19-3530 TCX), s'adapter aux tendances esth\u00e9tiques des march\u00e9s europ\u00e9en, am\u00e9ricain et asiatique, et contribuer \u00e0 la construction de l'image globale de la marque.<\/li>\n<\/ul>\n<h2 id=\"-three-full-dimensional-customization-service-flexible-adaptation-from-materials-to-processes-\"><strong>3. Service de personnalisation compl\u00e8te : adaptation flexible des mat\u00e9riaux aux processus<\/strong><\/h2>\n<p>En tant qu'usine source en Chine, elle fournit\u00a0<strong>six modules de personnalisation de base<\/strong>:<\/p>\n<ol>\n<li><strong>Personnalisation du type de bo\u00eete<\/strong>: Il prend en charge les cylindres ronds\/elliptiques\/polygonaux de forme sp\u00e9ciale, s'adaptant \u00e0 des formes de produits diversifi\u00e9es telles que les bo\u00eetes de th\u00e9 et le caf\u00e9 au goutte-\u00e0-goutte.<\/li>\n<li><strong>Am\u00e9lioration des mat\u00e9riaux<\/strong>: Mat\u00e9riaux \u00e9cologiques en option.<\/li>\n<li><strong>Processus de surface<\/strong>: Fournir 12 solutions de traitement telles que le relief gaufr\u00e9, l'UV mat et l'estampage \u00e0 chaud du m\u00e9tal pour obtenir une double diff\u00e9renciation du toucher et de la vision.<\/li>\n<li><strong>Extension de la fonction<\/strong>: Couche de protection contre l'humidit\u00e9 int\u00e9gr\u00e9e dans une feuille d'aluminium d\u00e9gradable, couvercle d'ouverture et de fermeture magn\u00e9tique et autres configurations \u00e0 valeur ajout\u00e9e.<\/li>\n<li><strong>Syst\u00e8me d'identification de la marque<\/strong>: Il prend en charge les solutions d'identification int\u00e9gr\u00e9es telles que les \u00e9tiquettes de tra\u00e7abilit\u00e9 \u00e0 code QR, le LOGO emboss\u00e9 et les \u00e9tiquettes de marque d\u00e9tachables.<\/li>\n<li><strong>Adaptation de l'entreposage intelligent<\/strong>: Personnaliser les bo\u00eetes pliantes ou les structures pr\u00e9-remplies en fonction des exigences du canal e-commerce\/supermarch\u00e9 pour r\u00e9duire les co\u00fbts logistiques de 20%.<\/li>\n<\/ol>\n<h2 id=\"-iv-environmental-commitment-and-quality-assurance-\"><strong>4. Engagement environnemental et assurance qualit\u00e9<\/strong><\/h2>\n<ul>\n<li><strong>Certification de la d\u00e9gradation<\/strong>: Le mat\u00e9riau a pass\u00e9 le test de d\u00e9gradation du compost EN13432 et la certification de s\u00e9curit\u00e9 du contact alimentaire de la FDA, avec un taux de d\u00e9gradation de \u226590% (dans les 180 jours).<\/li>\n<li><strong>Tra\u00e7abilit\u00e9 de la production<\/strong>: En utilisant des mati\u00e8res premi\u00e8res issues de d\u00e9chets agricoles, telles que la pulpe de bambou ou la paille, l'empreinte carbone est 67% inf\u00e9rieure \u00e0 celle des emballages en plastique traditionnels.<\/li>\n<li><strong>Syst\u00e8me de contr\u00f4le de la qualit\u00e9<\/strong>: \u00c9quip\u00e9 d'une ligne de d\u00e9tection infrarouge enti\u00e8rement automatique, le taux de d\u00e9fectuosit\u00e9 est contr\u00f4l\u00e9 en dessous de 0,3%, ce qui d\u00e9passe de loin la norme industrielle.<\/li>\n<\/ul>\n<h2 id=\"-v-efficient-service-system-rapid-response-from-samples-to-mass-production-\"><strong>5. Syst\u00e8me de service efficace : R\u00e9ponse rapide, de l'\u00e9chantillon \u00e0 la production de masse<\/strong><\/h2>\n<ul>\n<li><strong>\u00c9preuve rapide en 3 jours<\/strong>: \u00c9chantillons physiques 1:1 gratuits (y compris 3 options de mat\u00e9riaux), livraison mondiale DHL en 48 heures.<\/li>\n<li><strong>Syst\u00e8me de commande intelligent<\/strong>: Les outils de conception IA en ligne permettent de pr\u00e9visualiser les rendus 3D en temps r\u00e9el et de visualiser le suivi de l'avancement des commandes (y compris la programmation de la production et les n\u0153uds logistiques).<\/li>\n<li><strong>Assistance multilingue 24\/7<\/strong>: Les \u00e9quipes du service client\u00e8le en chinois, anglais, fran\u00e7ais et espagnol fournissent des suggestions pour optimiser la structure de l'emballage et des conseils pour le d\u00e9douanement transfrontalier.<\/li>\n<\/ul>\n<h2 id=\"-vi-industry-solution-cases-\"><strong>6. Cas de solutions industrielles<\/strong><\/h2>\n<ul>\n<li><strong>Marque de caf\u00e9 de sp\u00e9cialit\u00e9<\/strong>: Bo\u00eete cylindrique personnalis\u00e9e en fibre de bambou de 8 cm de diam\u00e8tre pour le caf\u00e9 \u00e9thiopien d'origine unique, avec impression UV d'illustrations peintes \u00e0 la main sur l'origine du caf\u00e9, et augmentation du prix de vente du terminal de 30%.<\/li>\n<li><strong>Entreprise de la cha\u00eene du th\u00e9<\/strong>: Mise au point d'une bo\u00eete ext\u00e9rieure en PLA d\u00e9gradable pour les sachets de th\u00e9, permettant de r\u00e9duire l'espace de stockage de 50%, et obtention du prix de l'innovation en mati\u00e8re d'emballage \u00e9cologique pour la r\u00e9gion Asie-Pacifique 2024.<\/li>\n<\/ul>","protected":false},"excerpt":{"rendered":"<ul>\n<li>\u200b<strong>Une image de marque \u00e9l\u00e9gante<\/strong>: Am\u00e9liorez votre pr\u00e9sence en rayon gr\u00e2ce \u00e0 des conceptions minimalistes et personnalisables.<\/li>\n<li>\u200b<strong>Protection Premium<\/strong>: Le mat\u00e9riau de qualit\u00e9 alimentaire garantit la fra\u00eecheur et la s\u00e9curit\u00e9 du produit.<\/li>\n<li>\u200b<strong>Rentabilit\u00e9<\/strong>: Faible MOQ et remises en vrac pour les startups et les entreprises.<\/li>\n<li>\u200b<strong>Des couleurs \u00e0 la pointe de la tendance<\/strong>: Le rose tendre et la lavande attirent les personnes soucieuses de leur sant\u00e9.<\/li>\n<li>\u200b<strong>Utilisation polyvalente<\/strong>: Id\u00e9al pour les th\u00e9s, les caf\u00e9s et les produits secs artisanaux.<\/li>\n<\/ul>","protected":false},"featured_media":9709,"template":"","meta":[],"product_brand":[],"product_cat":[30,422,31,429],"product_tag":[1249,1250,1248],"class_list":{"0":"post-9703","1":"product","2":"type-product","3":"status-publish","4":"has-post-thumbnail","6":"product_cat-by-industry","7":"product_cat-custom-gourmet-boxes-by-industry","8":"product_cat-paper-box-style","9":"product_cat-paper-tube-boxes","10":"product_tag-coffee-packaging-box","11":"product_tag-custom-tea-coffee-box-wholesale","12":"product_tag-tea-paper-tube-packaging","14":"first","15":"instock","16":"shipping-taxable","17":"product-type-grouped"},"_links":{"self":[{"href":"https:\/\/zojopackaging.com\/fr\/wp-json\/wp\/v2\/product\/9703","targetHints":{"allow":["GET"]}}],"collection":[{"href":"https:\/\/zojopackaging.com\/fr\/wp-json\/wp\/v2\/product"}],"about":[{"href":"https:\/\/zojopackaging.com\/fr\/wp-json\/wp\/v2\/types\/product"}],"version-history":[{"count":1,"href":"https:\/\/zojopackaging.com\/fr\/wp-json\/wp\/v2\/product\/9703\/revisions"}],"predecessor-version":[{"id":9710,"href":"https:\/\/zojopackaging.com\/fr\/wp-json\/wp\/v2\/product\/9703\/revisions\/9710"}],"wp:featuredmedia":[{"embeddable":true,"href":"https:\/\/zojopackaging.com\/fr\/wp-json\/wp\/v2\/media\/9709"}],"wp:attachment":[{"href":"https:\/\/zojopackaging.com\/fr\/wp-json\/wp\/v2\/media?parent=9703"}],"wp:term":[{"taxonomy":"product_brand","embeddable":true,"href":"https:\/\/zojopackaging.com\/fr\/wp-json\/wp\/v2\/product_brand?post=9703"},{"taxonomy":"product_cat","embeddable":true,"href":"https:\/\/zojopackaging.com\/fr\/wp-json\/wp\/v2\/product_cat?post=9703"},{"taxonomy":"product_tag","embeddable":true,"href":"https:\/\/zojopackaging.com\/fr\/wp-json\/wp\/v2\/product_tag?post=9703"}],"curies":[{"name":"wp","href":"https:\/\/api.w.org\/{rel}","templated":true}]}}