{"id":9711,"date":"2025-04-03T15:30:00","date_gmt":"2025-04-03T07:30:00","guid":{"rendered":"https:\/\/zojopackaging.com\/?post_type=product&#038;p=9711"},"modified":"2025-04-03T16:24:30","modified_gmt":"2025-04-03T08:24:30","slug":"custom-cbd-hemp-oil-paper-tube-cylinder-packaging-wholesale","status":"publish","type":"product","link":"https:\/\/zojopackaging.com\/fr\/product\/custom-cbd-hemp-oil-paper-tube-cylinder-packaging-wholesale\/","title":{"rendered":"Huile de chanvre CBD sur mesure Tube en papier Emballage cylindrique Wholesale"},"content":{"rendered":"<h2 id=\"-1-scientific-structural-design-all-round-product-protection-\"><strong>1. Conception structurelle scientifique, protection int\u00e9grale du produit<\/strong><\/h2>\n<p>Adoptant une structure int\u00e9gr\u00e9e de couvercles sup\u00e9rieur et inf\u00e9rieur, la conception d'optimisation m\u00e9canique r\u00e9partit uniform\u00e9ment la pression externe, \u00e9vitant efficacement la d\u00e9formation de l'emballage ou les dommages au contenu caus\u00e9s par l'extrusion et la collision pendant le transport ou le stockage. Cette structure est particuli\u00e8rement adapt\u00e9e \u00e0 l'huile essentielle de cannabis, \u00e0 l'huile essentielle de CBD et \u00e0 l'huile essentielle de THC dans des bouteilles en verre fragiles, garantissant que les produits liquides restent scell\u00e9s et intacts dans des conditions extr\u00eames.<\/p>\n<h2 id=\"-2-environmentally-friendly-materials-and-excellent-toughness-\"><strong>2. Mat\u00e9riaux respectueux de l'environnement et excellente r\u00e9sistance<\/strong><\/h2>\n<p>L'emballage est fabriqu\u00e9 \u00e0 partir de papier kraft \u00e0 haute r\u00e9sistance, et la t\u00e9nacit\u00e9 des fibres est am\u00e9lior\u00e9e gr\u00e2ce \u00e0 un traitement sp\u00e9cial, et la r\u00e9sistance \u00e0 la d\u00e9chirure est am\u00e9lior\u00e9e de plus de 30%. Le mat\u00e9riau r\u00e9pond aux normes environnementales internationales, est recyclable et d\u00e9gradable, prend en compte les concepts \u00e9cologiques et les besoins pratiques, et s'adapte aux exigences strictes du march\u00e9 mondial de l'emballage durable.<\/p>\n<h2 id=\"-3-luxurious-hot-stamping-process-details-highlight-quality-\"><strong>3. Processus luxueux de marquage \u00e0 chaud de l'or, les d\u00e9tails mettent en valeur la qualit\u00e9.<\/strong><\/h2>\n<p>Adoptant la technologie d'impression de feuille d'or \u00e0 chaud de haute pr\u00e9cision, il permet d'imprimer des textes et des motifs d'une finesse de 0,2 mm et de pr\u00e9senter clairement des informations cl\u00e9s telles que le logo de la marque et la description des ingr\u00e9dients. L'\u00e9clat m\u00e9tallique contraste avec le papier kraft mat, donnant \u00e0 l'emballage une exp\u00e9rience visuelle discr\u00e8te et luxueuse, qui correspond au positionnement du march\u00e9 des produits CBD haut de gamme.<\/p>\n<h2 id=\"-4-multi-category-adaptation-and-brand-empowerment-\"><strong>4. Adaptation multi-cat\u00e9gorielle et autonomisation de la marque<\/strong><\/h2>\n<p>Con\u00e7ue sp\u00e9cifiquement pour l'huile essentielle de cannabis, l'huile essentielle CBD\/THC, la doublure peut \u00eatre personnalis\u00e9e avec un film EVA antichoc ou PE de qualit\u00e9 alimentaire, et convient \u00e0 une vari\u00e9t\u00e9 de types de flacons de 5 ml \u00e0 50 ml. L'aspect de l'emballage peut \u00eatre am\u00e9lior\u00e9 au toucher gr\u00e2ce \u00e0 des proc\u00e9d\u00e9s tels que le gaufrage et le vernis local UV, combin\u00e9s \u00e0 la couleur de la marque et au syst\u00e8me VI pour am\u00e9liorer la valeur ajout\u00e9e du produit.<\/p>\n<h2 id=\"-5-one-stop-customization-service-and-cost-advantage-\"><strong>5. Service de personnalisation \u00e0 guichet unique et avantage en termes de co\u00fbts<\/strong><\/h2>\n<ul>\n<li><strong>Personnalisation souple<\/strong>: Permet de personnaliser la taille du cylindre (diam\u00e8tre 20-100 mm, hauteur 50-300 mm), la structure du bo\u00eetier (couvercle magn\u00e9tique, couvercle \u00e0 pression) et le processus (marquage \u00e0 chaud\/argent, gaufrage) pour r\u00e9pondre aux besoins de diff\u00e9renciation de la marque.<\/li>\n<li><strong>Avantage de la source<\/strong>: Directement produits par des usines chinoises, sans diff\u00e9rence de prix entre les interm\u00e9diaires, ils offrent les meilleurs prix de gros du secteur. Les services de conception gratuits comprennent des rendus en 3D, des dessins structurels et des \u00e9preuves mat\u00e9rielles pour garantir une mise en \u0153uvre pr\u00e9cise de la conception.<\/li>\n<li><strong>R\u00e9ponse rapide<\/strong>: Livraison gratuite d'\u00e9chantillons, \u00e9preuvage r\u00e9alis\u00e9 dans un d\u00e9lai de 3 \u00e0 5 jours ouvrables, prise en charge de l'ensemble du cycle de production, de la production d'essai en petites s\u00e9ries \u00e0 la production de masse \u00e0 grande \u00e9chelle.<\/li>\n<\/ul>\n<h2 id=\"-6-case-and-market-verification-\"><strong>6. V\u00e9rification des cas et du march\u00e9<\/strong><\/h2>\n<ul>\n<li>Le processus de marquage \u00e0 chaud augmente la reconnaissance du produit en rayon de 40% ;<\/li>\n<li>Le papier kraft r\u00e9duit le taux de perte logistique \u00e0 moins de 1% ;<\/li>\n<li>La conception personnalis\u00e9e permet \u00e0 l'espace premium de la marque d'atteindre 15%-30%.<\/li>\n<\/ul>","protected":false},"excerpt":{"rendered":"<p>\u2705 Un marquage personnalis\u00e9 pour un impact instantan\u00e9 en rayon<br \/>\n\u2705 Mat\u00e9riaux d'origine durable conformes aux valeurs de bien-\u00eatre<br \/>\n\u2705 Production \u00e9volutive pour les startups comme pour les entreprises clientes<br \/>\n\u2705 Un d\u00e9lai d'ex\u00e9cution rapide sans compromis sur la qualit\u00e9<\/p>","protected":false},"featured_media":9712,"template":"","meta":[],"product_brand":[],"product_cat":[30,418,31,429],"product_tag":[1251,1252,804],"class_list":{"0":"post-9711","1":"product","2":"type-product","3":"status-publish","4":"has-post-thumbnail","6":"product_cat-by-industry","7":"product_cat-custom-cbd-boxes","8":"product_cat-paper-box-style","9":"product_cat-paper-tube-boxes","10":"product_tag-cbd-paper-tube-packaging","11":"product_tag-custom-cbd-hemp-oil-packaging-wholesale","12":"product_tag-hemp-oil-packaging","14":"first","15":"instock","16":"shipping-taxable","17":"product-type-grouped"},"_links":{"self":[{"href":"https:\/\/zojopackaging.com\/fr\/wp-json\/wp\/v2\/product\/9711","targetHints":{"allow":["GET"]}}],"collection":[{"href":"https:\/\/zojopackaging.com\/fr\/wp-json\/wp\/v2\/product"}],"about":[{"href":"https:\/\/zojopackaging.com\/fr\/wp-json\/wp\/v2\/types\/product"}],"version-history":[{"count":2,"href":"https:\/\/zojopackaging.com\/fr\/wp-json\/wp\/v2\/product\/9711\/revisions"}],"predecessor-version":[{"id":9726,"href":"https:\/\/zojopackaging.com\/fr\/wp-json\/wp\/v2\/product\/9711\/revisions\/9726"}],"wp:featuredmedia":[{"embeddable":true,"href":"https:\/\/zojopackaging.com\/fr\/wp-json\/wp\/v2\/media\/9712"}],"wp:attachment":[{"href":"https:\/\/zojopackaging.com\/fr\/wp-json\/wp\/v2\/media?parent=9711"}],"wp:term":[{"taxonomy":"product_brand","embeddable":true,"href":"https:\/\/zojopackaging.com\/fr\/wp-json\/wp\/v2\/product_brand?post=9711"},{"taxonomy":"product_cat","embeddable":true,"href":"https:\/\/zojopackaging.com\/fr\/wp-json\/wp\/v2\/product_cat?post=9711"},{"taxonomy":"product_tag","embeddable":true,"href":"https:\/\/zojopackaging.com\/fr\/wp-json\/wp\/v2\/product_tag?post=9711"}],"curies":[{"name":"wp","href":"https:\/\/api.w.org\/{rel}","templated":true}]}}