{"id":9719,"date":"2025-04-03T16:09:23","date_gmt":"2025-04-03T08:09:23","guid":{"rendered":"https:\/\/zojopackaging.com\/?post_type=product&#038;p=9719"},"modified":"2025-04-03T16:55:29","modified_gmt":"2025-04-03T08:55:29","slug":"custom-black-round-candle-paper-tube-packaging-wholesale","status":"publish","type":"product","link":"https:\/\/zojopackaging.com\/fr\/product\/custom-black-round-candle-paper-tube-packaging-wholesale\/","title":{"rendered":"Tube en papier noir rond pour bougie Emballage en gros"},"content":{"rendered":"<h2 id=\"1-shockproof-and-buffering-design-comprehensive-product-protection-\">1.\u00a0<strong>Conception antichoc et tampon, protection compl\u00e8te du produit<\/strong><\/h2>\n<p>Utilisation\u00a0<strong>structure composite multicouche<\/strong>La bo\u00eete cylindrique est combin\u00e9e \u00e0 un carton de haute densit\u00e9 par le biais d'une couche tampon \u00e9lastique transversale \u00e0 coussin d'air, qui peut disperser uniform\u00e9ment l'impact de la force externe pendant le transport ou le stockage, pr\u00e9venant efficacement les risques tels que la rupture de la bougie et l'\u00e9clatement du flacon de parfum. La doublure est fa\u00e7onn\u00e9e par\u00a0<strong>technologie de d\u00e9coupe de pr\u00e9cision<\/strong>Il s'adapte parfaitement \u00e0 la forme du produit, r\u00e9duit les secousses et assure une protection tampon compl\u00e8te.<\/p>\n<h2 id=\"2-classic-contrasting-color-design-enhances-visual-texture-\">2.\u00a0<strong>Conception classique de couleurs contrast\u00e9es, am\u00e9liorant la texture visuelle<\/strong><\/h2>\n<ul>\n<li><strong>Bo\u00eete ext\u00e9rieure<\/strong>: Tube en papier noir mat, avec technologie d'enduction UV, pr\u00e9sente une brillance profonde, simple et atmosph\u00e9rique, et convient \u00e0 toutes sortes de sc\u00e8nes de cadeaux haut de gamme.<\/li>\n<li><strong>Bo\u00eete int\u00e9rieure<\/strong>: Le design de la doublure, d'un blanc pur, contrastant fortement avec la bo\u00eete ext\u00e9rieure, met en valeur la superposition de la pr\u00e9sentation du produit, et le fond blanc permet d'afficher clairement le LOGO de la marque ou les informations sur le produit.<\/li>\n<\/ul>\n<h2 id=\"3-multi-category-adaptation-flexible-application-scenarios-\">3.\u00a0<strong>Adaptation multi-cat\u00e9gories, sc\u00e9narios d'application flexibles<\/strong><\/h2>\n<p>Permet l'emballage de produits divers tels que les bougies, les parfums, les grains de caf\u00e9 et le th\u00e9. La doublure peut \u00eatre en EVA, en \u00e9ponge ou en mat\u00e9riau de remplissage \u00e9cologique personnalis\u00e9 pour r\u00e9pondre aux besoins de r\u00e9sistance aux chocs des diff\u00e9rents produits (par exemple, les flacons de parfum pour \u00e9viter les fuites, les grains de caf\u00e9 pour \u00e9viter l'humidit\u00e9).<\/p>\n<h2 id=\"4-16-years-of-china-source-factory-quality-assurance-\">4.\u00a0<strong>16 ans de fabrication en Chine, assurance qualit\u00e9<\/strong><\/h2>\n<p>S'appuyant sur le syst\u00e8me de cha\u00eene d'approvisionnement mature de Dongguan, Guangdong et Shenzhen, il est int\u00e9gr\u00e9 depuis l'approvisionnement en mati\u00e8res premi\u00e8res jusqu'\u00e0 la production et la transformation. Adoptant\u00a0<strong>Normes de gestion de la qualit\u00e9 ISO<\/strong>Les tubes en papier doivent avoir une \u00e9paisseur uniforme, des coutures serr\u00e9es, une capacit\u00e9 de charge sup\u00e9rieure \u00e0 3 kg et une r\u00e9sistance \u00e0 la compression conforme aux normes internationales en mati\u00e8re de transport.<\/p>\n<h2 id=\"5-customized-service-in-line-with-brand-needs-\">5.\u00a0<strong>Service personnalis\u00e9, conforme aux besoins de la marque<\/strong><\/h2>\n<ul>\n<li><strong>Taille flexible<\/strong>Le syst\u00e8me d'\u00e9tiquetage des produits d'aromath\u00e9rapie : prend en charge des gammes personnalis\u00e9es de 2 \u00e0 50 cm de diam\u00e8tre et de 2 \u00e0 50 cm de hauteur, adapt\u00e9es aux mini-bougies ou aux produits d'aromath\u00e9rapie de grande taille.<\/li>\n<li><strong>Mise \u00e0 niveau technologique<\/strong>Les produits de la marque VI sont disponibles en plusieurs versions : proc\u00e9d\u00e9s haut de gamme optionnels tels que le marquage \u00e0 chaud, le gaufrage, la surface partiellement brillante aux UV ou l'impression Pantone en tons directs combin\u00e9e avec le syst\u00e8me de couleurs de la marque VI.<\/li>\n<li><strong>Accessoires \u00e0 valeur ajout\u00e9e<\/strong>Les produits de l'entreprise : des fermetures magn\u00e9tiques, des rubans, des cordes et d'autres accessoires pour am\u00e9liorer l'aspect pratique et les caract\u00e9ristiques de l'emballage en tant que cadeau.<\/li>\n<\/ul>\n<h2 id=\"6-high-cost-performance-and-quick-response-\">6.\u00a0<strong>Co\u00fbt \u00e9lev\u00e9 et r\u00e9ponse rapide<\/strong><\/h2>\n<ul>\n<li><strong>Strat\u00e9gie de prix bas<\/strong>: La production \u00e0 grande \u00e9chelle r\u00e9duit le co\u00fbt unitaire, avec un prix de commande minimum de 500 pi\u00e8ces aussi bas que 2 yuans\/pi\u00e8ce, et les commandes de 10 000 pi\u00e8ces peuvent b\u00e9n\u00e9ficier de remises \u00e9chelonn\u00e9es.<\/li>\n<li><strong>Garantie de livraison<\/strong>: Le prototypage est r\u00e9alis\u00e9 en 7 \u00e0 10 jours, la livraison des lots en 15 \u00e0 20 jours, et de multiples solutions logistiques telles que le transport maritime et a\u00e9rien sont prises en charge.<\/li>\n<\/ul>\n<h2 id=\"1-one-stop-customization-process-\">7. <strong>Processus de personnalisation \u00e0 guichet unique<\/strong><\/h2>\n<p>Nous proposons gratuitement la modification des projets de conception, la confirmation des rendus 3D et la livraison d'\u00e9chantillons physiques, nous prenons en charge les fichiers au format AI\/PDF\/CDR et nous veillons \u00e0 ce que le degr\u00e9 de restauration de la conception atteigne 99%.<\/p>\n<h2 id=\"2-worry-free-after-sales-commitment-\">8. <strong>Un engagement apr\u00e8s-vente sans souci<\/strong><\/h2>\n<ul>\n<li><strong>Assurance qualit\u00e9<\/strong>: Remplacement gratuit en cas de dommages dus au transport ou de d\u00e9fauts de fabrication dans les 30 jours suivant la date d'arriv\u00e9e.<\/li>\n<li><strong>Certification environnementale<\/strong>: Le tube en papier utilise des mat\u00e9riaux recycl\u00e9s certifi\u00e9s FSC, ce qui est conforme \u00e0 la norme RoHS de l'UE et contribue \u00e0 l'image de d\u00e9veloppement durable de la marque.<\/li>\n<\/ul>","protected":false},"excerpt":{"rendered":"<p>\u2705 Unboxing de luxe pour des bougies haut de gamme<br \/>\n\u2705 Protection durable contre les dommages dus au transport<br \/>\n\u2705 Flexibilit\u00e9 de l'image de marque<br \/>\n\u2705 Remises sur les commandes en gros pour les grossistes<br \/>\n\u2705 Les mat\u00e9riaux \u00e9cologiques s'alignent sur les marques modernes<\/p>","protected":false},"featured_media":9720,"template":"","meta":[],"product_brand":[],"product_cat":[30,416,31,429],"product_tag":[470,1256,468],"class_list":{"0":"post-9719","1":"product","2":"type-product","3":"status-publish","4":"has-post-thumbnail","6":"product_cat-by-industry","7":"product_cat-custom-candle-boxes","8":"product_cat-paper-box-style","9":"product_cat-paper-tube-boxes","10":"product_tag-candle-packaging-wholesale","11":"product_tag-candle-paper-tube","12":"product_tag-custom-candle-packaging","14":"first","15":"instock","16":"shipping-taxable","17":"product-type-grouped"},"_links":{"self":[{"href":"https:\/\/zojopackaging.com\/fr\/wp-json\/wp\/v2\/product\/9719","targetHints":{"allow":["GET"]}}],"collection":[{"href":"https:\/\/zojopackaging.com\/fr\/wp-json\/wp\/v2\/product"}],"about":[{"href":"https:\/\/zojopackaging.com\/fr\/wp-json\/wp\/v2\/types\/product"}],"version-history":[{"count":1,"href":"https:\/\/zojopackaging.com\/fr\/wp-json\/wp\/v2\/product\/9719\/revisions"}],"predecessor-version":[{"id":9727,"href":"https:\/\/zojopackaging.com\/fr\/wp-json\/wp\/v2\/product\/9719\/revisions\/9727"}],"wp:featuredmedia":[{"embeddable":true,"href":"https:\/\/zojopackaging.com\/fr\/wp-json\/wp\/v2\/media\/9720"}],"wp:attachment":[{"href":"https:\/\/zojopackaging.com\/fr\/wp-json\/wp\/v2\/media?parent=9719"}],"wp:term":[{"taxonomy":"product_brand","embeddable":true,"href":"https:\/\/zojopackaging.com\/fr\/wp-json\/wp\/v2\/product_brand?post=9719"},{"taxonomy":"product_cat","embeddable":true,"href":"https:\/\/zojopackaging.com\/fr\/wp-json\/wp\/v2\/product_cat?post=9719"},{"taxonomy":"product_tag","embeddable":true,"href":"https:\/\/zojopackaging.com\/fr\/wp-json\/wp\/v2\/product_tag?post=9719"}],"curies":[{"name":"wp","href":"https:\/\/api.w.org\/{rel}","templated":true}]}}