{"id":9728,"date":"2025-04-03T16:29:03","date_gmt":"2025-04-03T08:29:03","guid":{"rendered":"https:\/\/zojopackaging.com\/?post_type=product&#038;p=9728"},"modified":"2025-04-03T16:46:57","modified_gmt":"2025-04-03T08:46:57","slug":"luxury-preserved-rose-floral-flowers-gift-boxes-manufacturer","status":"publish","type":"product","link":"https:\/\/zojopackaging.com\/fr\/product\/luxury-preserved-rose-floral-flowers-gift-boxes-manufacturer\/","title":{"rendered":"Bo\u00eetes cadeaux de luxe pour fleurs de roses pr\u00e9serv\u00e9es Fabricant"},"content":{"rendered":"<h2 id=\"1-in-depth-customization-empowering-brand-value-\">1.\u00a0<strong>Personnalisation approfondie, renforcement de la valeur de la marque<\/strong><\/h2>\n<p>Nous nous concentrons sur la fourniture d'un service unique de personnalisation de coffrets cadeaux haut de gamme pour les marques internationales, couvrant l'ensemble de la conception dimensionnelle telle que la taille, l'artisanat, les mat\u00e9riaux et les motifs.<\/p>\n<ul>\n<li><strong>Adaptation souple des processus<\/strong>: Support de marquage \u00e0 chaud\/UV\/embossage\/embossage et autres processus, combin\u00e9s avec le LOGO de la marque et les \u00e9l\u00e9ments culturels pour cr\u00e9er\u00a0<strong>\"Un langage visuel exclusif<\/strong><\/li>\n<li><strong>Innovation structurelle<\/strong>: La doublure d\u00e9coup\u00e9e \u00e0 l'emporte-pi\u00e8ce est con\u00e7ue en fonction des caract\u00e9ristiques du produit. Elle s'adapte parfaitement \u00e0 la forme des fleurs \u00e9ternelles et \u00e9vite les dommages dus au transport.<\/li>\n<\/ul>\n<h2 id=\"2-16-years-of-supply-chain-precipitation-quality-price-ratio-leads-the-industry-\">2.\u00a0<strong>16 ans de pr\u00e9cipitation dans la cha\u00eene d'approvisionnement, le rapport qualit\u00e9-prix est le meilleur du secteur<\/strong><\/h2>\n<ul>\n<li><strong>Fourniture directe par l'usine source<\/strong>: S'appuyant sur les avantages de l'ensemble de la cha\u00eene industrielle chinoise, nous avons construit une base de production de 20 000\u33a1 pour r\u00e9aliser un contr\u00f4le int\u00e9gr\u00e9 de l'approvisionnement en mati\u00e8res premi\u00e8res \u00e0 la livraison de la production, r\u00e9duisant ainsi les co\u00fbts de 30%.<\/li>\n<li><strong>Syst\u00e8me strict d'inspection de la qualit\u00e9<\/strong>: Les normes de gestion de la qualit\u00e9 ISO sont adopt\u00e9es et chaque lot de produits est soumis \u00e0 12 tests de processus.<\/li>\n<\/ul>\n<h2 id=\"3-environmentally-friendly-materials-and-structural-design-\">3.\u00a0<strong>Mat\u00e9riaux et conception structurelle respectueux de l'environnement<\/strong><\/h2>\n<ul>\n<li><strong>S\u00e9lection de mat\u00e9riaux respectueux de l'environnement<\/strong>: La couche ext\u00e9rieure est compos\u00e9e de papier couch\u00e9 C2S de 157 g (texture mate haut de gamme) et la couche int\u00e9rieure est compos\u00e9e de carton rigide de 1200 g, qui poss\u00e8de \u00e0 la fois une r\u00e9sistance \u00e0 la pression et une certification environnementale.<\/li>\n<li><strong>Structure coulissante \u00e0 double couche<\/strong>:<\/li>\n<li><strong>Zone d'affichage sup\u00e9rieure<\/strong>: Le cache-poussi\u00e8re en acrylique prot\u00e8ge les fleurs \u00e9ternelles. Visibilit\u00e9 transparente \u00e0 360\u00b0 ;<\/li>\n<li><strong>Couche de stockage inf\u00e9rieure<\/strong>: Le design du tiroir permet de ranger des cadeaux tels que des cartes et des bijoux, ce qui renforce le sentiment de c\u00e9r\u00e9monie de d\u00e9ballage.<\/li>\n<\/ul>\n<h2 id=\"4-visual-and-experience-upgrade-\">4.\u00a0<strong>Am\u00e9lioration de l'aspect visuel et de l'exp\u00e9rience<\/strong><\/h2>\n<ul>\n<li><strong>Esth\u00e9tique minimaliste<\/strong>: La couleur g\u00e9n\u00e9rale est noire, assortie aux lignes douces de la bo\u00eete coulissante, ce qui conf\u00e8re un luxe discret.<\/li>\n<li><strong>Artisanat d\u00e9taill\u00e9<\/strong>: La surface de la bo\u00eete est recouverte d'un rev\u00eatement semblable \u00e0 de la soie et le bord est dot\u00e9 d'attaches magn\u00e9tiques, ce qui permet d'ouvrir et de fermer la bo\u00eete en douceur et sans bruit.<\/li>\n<\/ul>\n<h2 id=\"5-full-process-service-support-\">5.\u00a0<strong>Soutien au processus de service complet<\/strong><\/h2>\n<ul>\n<li><strong>\u00c9preuve sous 48 heures<\/strong>: Fournir trois versions de solutions de conception en fonction des exigences de la marque, et livrer la production en s\u00e9rie dans un d\u00e9lai de 7 jours.<\/li>\n<li><strong>Logistique mondiale<\/strong>: Soutenir la logistique transfrontali\u00e8re de DDP, fournir des solutions d'emballage \u00e0 l'\u00e9preuve des chocs, couvrant plus de 150 pays.<\/li>\n<\/ul>","protected":false},"excerpt":{"rendered":"<p>Un ajustement s\u00fbr et personnalis\u00e9 - Des inserts en mousse con\u00e7us avec pr\u00e9cision maintiennent les compositions florales en place.<br \/>\nDesign personnalisable - Ext\u00e9rieur mat avec gravure\/embossage de logo en option.<br \/>\nPr\u00eat pour l'\u00e9v\u00e9nement - Id\u00e9al pour les mariages, les cadeaux d'entreprise, les pr\u00e9sentoirs de luxe.<\/p>","protected":false},"featured_media":9729,"template":"","meta":[],"product_brand":[],"product_cat":[30,423,424,31],"product_tag":[1254,1255,1253],"class_list":{"0":"post-9728","1":"product","2":"type-product","3":"status-publish","4":"has-post-thumbnail","6":"product_cat-by-industry","7":"product_cat-custom-presentation-boxes-by-industry","8":"product_cat-magnetic-closure-boxes","9":"product_cat-paper-box-style","10":"product_tag-floral-flowers-gift-boxes","11":"product_tag-gift-boxes-manufacturer","12":"product_tag-rose-gift-boxes","14":"first","15":"instock","16":"shipping-taxable","17":"product-type-grouped"},"_links":{"self":[{"href":"https:\/\/zojopackaging.com\/fr\/wp-json\/wp\/v2\/product\/9728","targetHints":{"allow":["GET"]}}],"collection":[{"href":"https:\/\/zojopackaging.com\/fr\/wp-json\/wp\/v2\/product"}],"about":[{"href":"https:\/\/zojopackaging.com\/fr\/wp-json\/wp\/v2\/types\/product"}],"version-history":[{"count":1,"href":"https:\/\/zojopackaging.com\/fr\/wp-json\/wp\/v2\/product\/9728\/revisions"}],"predecessor-version":[{"id":9734,"href":"https:\/\/zojopackaging.com\/fr\/wp-json\/wp\/v2\/product\/9728\/revisions\/9734"}],"wp:featuredmedia":[{"embeddable":true,"href":"https:\/\/zojopackaging.com\/fr\/wp-json\/wp\/v2\/media\/9729"}],"wp:attachment":[{"href":"https:\/\/zojopackaging.com\/fr\/wp-json\/wp\/v2\/media?parent=9728"}],"wp:term":[{"taxonomy":"product_brand","embeddable":true,"href":"https:\/\/zojopackaging.com\/fr\/wp-json\/wp\/v2\/product_brand?post=9728"},{"taxonomy":"product_cat","embeddable":true,"href":"https:\/\/zojopackaging.com\/fr\/wp-json\/wp\/v2\/product_cat?post=9728"},{"taxonomy":"product_tag","embeddable":true,"href":"https:\/\/zojopackaging.com\/fr\/wp-json\/wp\/v2\/product_tag?post=9728"}],"curies":[{"name":"wp","href":"https:\/\/api.w.org\/{rel}","templated":true}]}}