{"id":9735,"date":"2025-04-03T16:47:04","date_gmt":"2025-04-03T08:47:04","guid":{"rendered":"https:\/\/zojopackaging.com\/?post_type=product&#038;p=9735"},"modified":"2025-04-03T17:00:35","modified_gmt":"2025-04-03T09:00:35","slug":"wholesale-custom-50ml-perfume-fragrance-packaging-gift-boxes","status":"publish","type":"product","link":"https:\/\/zojopackaging.com\/fr\/product\/wholesale-custom-50ml-perfume-fragrance-packaging-gift-boxes\/","title":{"rendered":"Bo\u00eetes cadeaux d'emballage de parfum 50ml en gros et sur mesure"},"content":{"rendered":"<h2 id=\"-1-design-details-and-functions-\"><strong>1. D\u00e9tails de la conception et fonctions<\/strong><\/h2>\n<ul>\n<li><strong>Conception de l'apparence<\/strong><\/li>\n<li><strong>Structure de la bo\u00eete en forme de livre<\/strong>: Le design de la bo\u00eete en forme de livre \u00e0 rabat donne une forte impression d'ouverture et de fermeture, ce qui correspond au ton des produits haut de gamme. La couleur principale bleu fonc\u00e9 est assortie au LOGO ou \u00e0 la texture par marquage \u00e0 chaud\/processus UV pour renforcer la m\u00e9moire visuelle de la marque.<\/li>\n<li><strong>S\u00e9lection des mat\u00e9riaux<\/strong>: Utiliser du papier sp\u00e9cial ou du papier d'art (tel que du papier \u00e0 texture m\u00e9tallique, du papier tactile) mont\u00e9 sur du carton gris pour renforcer la rigidit\u00e9 et le toucher du corps de la bo\u00eete, et garantir la r\u00e9sistance \u00e0 la compression et la durabilit\u00e9.<\/li>\n<\/ul>\n<h2 id=\"2-inner-lining-technology-\">2.\u00a0<strong>Technologie de la doublure int\u00e9rieure<\/strong><\/h2>\n<ul>\n<li><strong>Doublure en EVA noir<\/strong>: Gr\u00e2ce \u00e0 une d\u00e9coupe de haute pr\u00e9cision, il s'adapte parfaitement au corps du flacon de parfum de 50 ml et offre une protection contre les chocs et le glissement. Le contraste entre le noir et le bleu fonc\u00e9 du corps de la bo\u00eete souligne l'effet de pr\u00e9sentation du produit.<\/li>\n<li><strong>Personnalisation par couches<\/strong>: Permet la conception de couches de doublage (telles que des compartiments ind\u00e9pendants pour le parfum, les instructions ou les cadeaux) afin de r\u00e9pondre aux besoins des emballages combin\u00e9s multi-cat\u00e9gories.<\/li>\n<\/ul>\n<h2 id=\"-3-customized-service-\"><strong>3. Service personnalis\u00e9<\/strong><\/h2>\n<ul>\n<li><strong>Taille et structure<\/strong>: La taille de la bo\u00eete peut \u00eatre personnalis\u00e9e en fonction de la hauteur et du diam\u00e8tre du flacon de parfum, et peut \u00eatre compl\u00e9t\u00e9e par des structures innovantes telles qu'un rabat magn\u00e9tique et un ruban.<\/li>\n<li><strong>Mise \u00e0 niveau technologique<\/strong>: Nous proposons l'estampage \u00e0 chaud, le gaufrage, l'impression UV, la s\u00e9rigraphie et d'autres options de processus pour r\u00e9pondre aux besoins de conception de la marque VI.<\/li>\n<li><strong>Marque exclusive<\/strong>: La prise en charge de contenus personnalis\u00e9s tels que les illustrations des pages int\u00e9rieures et les pages de couverture de l'histoire de la marque afin d'am\u00e9liorer l'exp\u00e9rience de d\u00e9ballage et l'interaction avec le consommateur.<\/li>\n<\/ul>\n<h2 id=\"-4-technology-and-quality-assurance-\"><strong>4. Technologie et assurance qualit\u00e9<\/strong><\/h2>\n<ul>\n<li><strong>Technologie de d\u00e9coupe de pr\u00e9cision<\/strong>: Utilisez un \u00e9quipement de gravure CNC ou de d\u00e9coupe au laser pour vous assurer que l'erreur entre la doublure EVA et la structure de la bo\u00eete est \u22640,5mm afin d'\u00e9viter que le produit ne tremble pendant le transport.<\/li>\n<li><strong>Mat\u00e9riaux respectueux de l'environnement<\/strong>: Conform\u00e9ment aux normes environnementales internationales (telles que la certification ROHS), la doublure EVA est non toxique et inodore, et le carton gris et le papier sp\u00e9cial sont recyclables et d\u00e9gradables.<\/li>\n<li><strong>Syst\u00e8me de contr\u00f4le de la qualit\u00e9<\/strong>: 16 ans d'exp\u00e9rience dans l'usine d'origine, avec des machines d'impression Heidelberg, des plieuses enti\u00e8rement automatiques et d'autres \u00e9quipements, un contr\u00f4le de qualit\u00e9 complet de la conception \u00e0 la production pour assurer la coh\u00e9rence des livraisons par lots.<\/li>\n<\/ul>\n<h2 id=\"-5-supply-chain-and-price-advantages-\"><strong>5. Cha\u00eene d'approvisionnement et avantages en termes de prix<\/strong><\/h2>\n<ul>\n<li><strong>Approvisionnement direct \u00e0 partir de la source<\/strong>: Base de production en Chine (Guangdong), 16 ans d'exp\u00e9rience dans la production de bo\u00eetes d'emballage, conception int\u00e9gr\u00e9e, impression, d\u00e9coupe, assemblage, cha\u00eene d'approvisionnement int\u00e9gr\u00e9e, r\u00e9duisant le co\u00fbt des maillons interm\u00e9diaires.<\/li>\n<li><strong>Commande flexible<\/strong>: De l'\u00e9preuvage de petits lots (500 pi\u00e8ces) \u00e0 la production de grands lots (plus de 100 000 000 pi\u00e8ces), les grandes quantit\u00e9s peuvent b\u00e9n\u00e9ficier de remises \u00e9chelonn\u00e9es.<\/li>\n<li><strong>Livraison rapide<\/strong>: Le cycle de production des commandes r\u00e9guli\u00e8res est de 7 \u00e0 14 jours, les commandes urgentes peuvent \u00eatre exp\u00e9di\u00e9es sous 5 jours, ce qui permet une distribution logistique mondiale.<\/li>\n<\/ul>\n<h2 id=\"-6-application-scenarios-\"><strong>6. Sc\u00e9narios d'application<\/strong><\/h2>\n<ul>\n<li><strong>Parfum de marque<\/strong>: Am\u00e9liore le niveau de pr\u00e9sentation du comptoir, convient aux emballages en \u00e9dition limit\u00e9e pour les f\u00eates et aux emballages cobrand\u00e9s.<\/li>\n<li><strong>Commerce \u00e9lectronique transfrontalier<\/strong>: R\u00e9pond aux exigences de transport d'Amazon, des stations ind\u00e9pendantes et d'autres plateformes, et r\u00e9duit le taux de rupture gr\u00e2ce \u00e0 la r\u00e9sistance aux chocs de la doublure en EVA.<\/li>\n<li><strong>Cadeaux d'entreprise<\/strong>: LOGO d'entreprise personnalis\u00e9, convient pour les cadeaux d'affaires, les avantages pour les employ\u00e9s et d'autres sc\u00e9narios.<\/li>\n<\/ul>","protected":false},"excerpt":{"rendered":"<p>Ce coffret cadeau pour parfum de 50 ml adopte un design haut de gamme en forme de livre, avec le bleu fonc\u00e9 comme couleur principale et la doublure EVA noire pour cr\u00e9er un style visuel simple et \u00e9l\u00e9gant. En m\u00eame temps, la texture g\u00e9n\u00e9rale est am\u00e9lior\u00e9e gr\u00e2ce \u00e0 un travail de pr\u00e9cision, ce qui convient aux parfums de marque, aux produits de luxe et aux besoins d'emballage de cadeaux haut de gamme. Le produit prend en charge des services de personnalisation de l'ensemble du processus, de la taille, de la fabrication \u00e0 l'int\u00e9gration d'\u00e9l\u00e9ments de marque, qui peuvent \u00eatre ajust\u00e9s de mani\u00e8re flexible en fonction des besoins du client, aidant ainsi les marques \u00e0 accro\u00eetre leur valeur ajout\u00e9e et leur comp\u00e9titivit\u00e9 sur le march\u00e9.<\/p>","protected":false},"featured_media":9736,"template":"","meta":[],"product_brand":[],"product_cat":[30,417,424,31],"product_tag":[498,1257,1258],"class_list":{"0":"post-9735","1":"product","2":"type-product","3":"status-publish","4":"has-post-thumbnail","6":"product_cat-by-industry","7":"product_cat-custom-perfume-boxes-by-industry","8":"product_cat-magnetic-closure-boxes","9":"product_cat-paper-box-style","10":"product_tag-custom-perfume-packaging","11":"product_tag-fragrance-packaging-gift-boxes","12":"product_tag-wholesale-50ml-perfume-boxes","14":"first","15":"instock","16":"shipping-taxable","17":"product-type-grouped"},"_links":{"self":[{"href":"https:\/\/zojopackaging.com\/fr\/wp-json\/wp\/v2\/product\/9735","targetHints":{"allow":["GET"]}}],"collection":[{"href":"https:\/\/zojopackaging.com\/fr\/wp-json\/wp\/v2\/product"}],"about":[{"href":"https:\/\/zojopackaging.com\/fr\/wp-json\/wp\/v2\/types\/product"}],"version-history":[{"count":1,"href":"https:\/\/zojopackaging.com\/fr\/wp-json\/wp\/v2\/product\/9735\/revisions"}],"predecessor-version":[{"id":9742,"href":"https:\/\/zojopackaging.com\/fr\/wp-json\/wp\/v2\/product\/9735\/revisions\/9742"}],"wp:featuredmedia":[{"embeddable":true,"href":"https:\/\/zojopackaging.com\/fr\/wp-json\/wp\/v2\/media\/9736"}],"wp:attachment":[{"href":"https:\/\/zojopackaging.com\/fr\/wp-json\/wp\/v2\/media?parent=9735"}],"wp:term":[{"taxonomy":"product_brand","embeddable":true,"href":"https:\/\/zojopackaging.com\/fr\/wp-json\/wp\/v2\/product_brand?post=9735"},{"taxonomy":"product_cat","embeddable":true,"href":"https:\/\/zojopackaging.com\/fr\/wp-json\/wp\/v2\/product_cat?post=9735"},{"taxonomy":"product_tag","embeddable":true,"href":"https:\/\/zojopackaging.com\/fr\/wp-json\/wp\/v2\/product_tag?post=9735"}],"curies":[{"name":"wp","href":"https:\/\/api.w.org\/{rel}","templated":true}]}}