{"id":9743,"date":"2025-04-03T17:01:08","date_gmt":"2025-04-03T09:01:08","guid":{"rendered":"https:\/\/zojopackaging.com\/?post_type=product&#038;p=9743"},"modified":"2025-04-03T17:18:41","modified_gmt":"2025-04-03T09:18:41","slug":"custom-30ml-perfume-fragrances-bottle-gift-boxes-wholesale","status":"publish","type":"product","link":"https:\/\/zojopackaging.com\/fr\/product\/custom-30ml-perfume-fragrances-bottle-gift-boxes-wholesale\/","title":{"rendered":"Bouteille de parfum 30ml personnalis\u00e9e Bo\u00eetes cadeaux Wholesale"},"content":{"rendered":"<h2 id=\"1-coffee-pull-out-box-design-\">1.\u00a0<strong>Bo\u00eete \u00e0 caf\u00e9 extractible<\/strong><\/h2>\n<ul>\n<li><strong>Apparence<\/strong>: Le corps de la bo\u00eete est fabriqu\u00e9 en carton caf\u00e9 mat ou en papier sp\u00e9cial, avec un LOGO or\/argent chaud, pr\u00e9sentant une texture visuelle discr\u00e8te et luxueuse. La structure coulissante s'ouvre et se ferme en douceur, et le bord du couvercle de la bo\u00eete est d\u00e9coup\u00e9 au laser pour garantir un ajustement parfait et renforcer le sentiment de c\u00e9r\u00e9monie de d\u00e9ballage.<\/li>\n<li><strong>Fonction<\/strong>: La taille de la bo\u00eete correspond exactement \u00e0 celle d'un flacon de parfum de 30 ml. Elle peut \u00e9galement \u00eatre ajust\u00e9e pour s'adapter \u00e0 des flacons de forme sp\u00e9ciale ou \u00e0 des besoins de pr\u00e9sentation particuliers.<\/li>\n<\/ul>\n<h2 id=\"2-white-eva-die-cut-lining-\">2.\u00a0<strong>Doublure blanche en EVA d\u00e9coup\u00e9e \u00e0 l'emporte-pi\u00e8ce<\/strong><\/h2>\n<ul>\n<li><strong>Mat\u00e9riaux et ex\u00e9cution<\/strong>: La doublure est fabriqu\u00e9e en mousse EVA blanche de haute densit\u00e9, qui est d\u00e9coup\u00e9e avec pr\u00e9cision pour \u00e9pouser parfaitement les contours du flacon de parfum, assurer une protection \"int\u00e9gr\u00e9e\" et \u00e9viter les secousses et l'usure pendant le transport.<\/li>\n<li><strong>Contraste visuel<\/strong>: La doublure blanche et la bo\u00eete ext\u00e9rieure en caf\u00e9 forment un contraste de couleurs prononc\u00e9, mettant en valeur la texture transparente du flacon de parfum, tout en r\u00e9servant un emplacement pour la carte de marque afin d'am\u00e9liorer l'effet de pr\u00e9sentation du produit.<\/li>\n<\/ul>\n<h2 id=\"3-technology-and-details-upgrade-\">3.\u00a0<strong>Am\u00e9lioration de la technologie et des d\u00e9tails<\/strong><\/h2>\n<ul>\n<li><strong>Traitement de surface<\/strong>: En option, pelliculage mat, surface brillante partielle aux UV, gaufrage et autres proc\u00e9d\u00e9s pour am\u00e9liorer la superposition tactile ; le processus de marquage \u00e0 chaud\/s\u00e9rigraphie peut pr\u00e9senter des motifs ou des textes sp\u00e9cifiques \u00e0 la marque, faisant \u00e9cho \u00e0 la tendance de l'\"emballage \u00e9motionnel\".<\/li>\n<li><strong>Certification environnementale<\/strong>: Le mat\u00e9riau est conforme \u00e0 la certification FSC et aux normes REACH de l'UE, ce qui permet de r\u00e9pondre aux besoins en mati\u00e8re d'emballage \u00e9cologique.<\/li>\n<\/ul>\n<h2 id=\"1-full-process-customization-\">4. <strong>Personnalisation compl\u00e8te du processus<\/strong><\/h2>\n<ul>\n<li><strong>Taille et structure<\/strong>: Prise en charge d'une vari\u00e9t\u00e9 de mod\u00e8les de bo\u00eetes tels que les bo\u00eetes de forme sp\u00e9ciale, les bo\u00eetes \u00e0 tiroirs et les couvercles, qui peuvent correspondre \u00e0 des bouteilles standard de 30 ml ou \u00e0 des formes de bouteilles sp\u00e9ciales (telles que carr\u00e9es et arqu\u00e9es).<\/li>\n<li><strong>Technologie et impression<\/strong>: Nous proposons plus de 20 options de traitement telles que l'estampage \u00e0 chaud, le laser et la s\u00e9rigraphie, et nous pouvons personnaliser des couleurs exclusives en combinaison avec le syst\u00e8me de marque VI (correspondance pr\u00e9cise des num\u00e9ros de couleur Pantone).<\/li>\n<\/ul>\n<h2 id=\"2-flexible-production-\">5. <strong>Production flexible<\/strong><\/h2>\n<ul>\n<li><strong>Quantit\u00e9 minimale de commande flexible<\/strong>: Quantit\u00e9 de commande minimale de 500 pi\u00e8ces, production d'essai par petits lots et production de masse \u00e0 grande \u00e9chelle, cycle de livraison de 7 \u00e0 14 jours (ajust\u00e9 en fonction de la complexit\u00e9 du processus).<\/li>\n<li><strong>Garantie de contr\u00f4le de la qualit\u00e9<\/strong>: Processus d'inspection de la qualit\u00e9 en lien complet, couvrant le test de duret\u00e9 du mat\u00e9riau, le test de pr\u00e9cision de la d\u00e9coupe (erreur \u2264 0,5mm), le test de r\u00e9sistance \u00e0 la charge et de compression, etc. pour garantir la protection et l'esth\u00e9tique de l'emballage.<\/li>\n<\/ul>\n<h2 id=\"-supply-chain-and-price-advantage-\"><strong>Cha\u00eene d'approvisionnement et avantage en termes de prix<\/strong><\/h2>\n<ul>\n<li><strong>Fourniture directe par l'usine source<\/strong>: La base de production propre est \u00e9quip\u00e9e de machines de d\u00e9coupe enti\u00e8rement automatiques, de machines de marquage \u00e0 chaud et d'\u00e9quipements de moulage EVA, ce qui \u00e9limine la diff\u00e9rence de prix des interm\u00e9diaires. Le prix est 15%-30% plus bas que le prix du march\u00e9 \u00e0 qualit\u00e9 \u00e9gale.<\/li>\n<li><strong>Service \u00e0 guichet unique<\/strong>: De la validation de la conception \u00e0 la distribution logistique en passant par la s\u00e9lection des mat\u00e9riaux, du personnel sp\u00e9cialis\u00e9 est en contact avec vous tout au long du processus et vous aide \u00e0 fournir des rendus en 3D et \u00e0 confirmer la pr\u00e9sence d'une bo\u00eete d'\u00e9chantillons physique afin de r\u00e9duire les co\u00fbts de communication.<\/li>\n<\/ul>\n<h2 id=\"-cooperation-guarantee-\"><strong>Garantie de coop\u00e9ration<\/strong><\/h2>\n<ul>\n<li><strong>16 ans de pr\u00e9cipitation dans l'industrie<\/strong>: Au service de plus de 500 marques de produits de beaut\u00e9, y compris les usines OEM d'Est\u00e9e Lauder, les marques de parfums de niche, etc., familiaris\u00e9 avec les normes d'exportation des bo\u00eetes cadeaux (telles que les exigences d'\u00e9tiquetage FNSKU d'Amazon).<\/li>\n<li><strong>Un service apr\u00e8s-vente sans souci<\/strong>: Nous fournissons un service apr\u00e8s-vente tel que le remplacement des pi\u00e8ces endommag\u00e9es et l'ajustement des processus, et nous nous engageons \u00e0 fournir un service d'archivage gratuit des fichiers de conception pendant un an.<\/li>\n<\/ul>","protected":false},"excerpt":{"rendered":"<p>Ce coffret cadeau pour flacon de parfum de 30 ml est sp\u00e9cialement con\u00e7u pour les marques de parfums haut de gamme. Il est bas\u00e9 sur la conception de la bo\u00eete \u00e0 tirer brune, int\u00e9grant une esth\u00e9tique simple et des fonctions pratiques, et s'engage \u00e0 am\u00e9liorer l'image de marque et la valeur ajout\u00e9e du produit gr\u00e2ce \u00e0 une conception exquise de l'emballage. En tant qu'usine source ayant 16 ans d'exp\u00e9rience dans l'industrie, nous nous appuyons sur un syst\u00e8me de cha\u00eene d'approvisionnement complet pour fournir des services personnalis\u00e9s rentables afin d'assurer le meilleur \u00e9quilibre entre la qualit\u00e9 et le co\u00fbt.<\/p>","protected":false},"featured_media":9744,"template":"","meta":[],"product_brand":[],"product_cat":[30,417,31,426],"product_tag":[1259,1260,1261],"class_list":{"0":"post-9743","1":"product","2":"type-product","3":"status-publish","4":"has-post-thumbnail","6":"product_cat-by-industry","7":"product_cat-custom-perfume-boxes-by-industry","8":"product_cat-paper-box-style","9":"product_cat-paper-drawer-boxes","10":"product_tag-30ml-perfume-gift-boxes","11":"product_tag-custom-fragrances-boxes","12":"product_tag-gift-boxes-wholesale","14":"first","15":"instock","16":"shipping-taxable","17":"product-type-grouped"},"_links":{"self":[{"href":"https:\/\/zojopackaging.com\/fr\/wp-json\/wp\/v2\/product\/9743","targetHints":{"allow":["GET"]}}],"collection":[{"href":"https:\/\/zojopackaging.com\/fr\/wp-json\/wp\/v2\/product"}],"about":[{"href":"https:\/\/zojopackaging.com\/fr\/wp-json\/wp\/v2\/types\/product"}],"version-history":[{"count":1,"href":"https:\/\/zojopackaging.com\/fr\/wp-json\/wp\/v2\/product\/9743\/revisions"}],"predecessor-version":[{"id":9750,"href":"https:\/\/zojopackaging.com\/fr\/wp-json\/wp\/v2\/product\/9743\/revisions\/9750"}],"wp:featuredmedia":[{"embeddable":true,"href":"https:\/\/zojopackaging.com\/fr\/wp-json\/wp\/v2\/media\/9744"}],"wp:attachment":[{"href":"https:\/\/zojopackaging.com\/fr\/wp-json\/wp\/v2\/media?parent=9743"}],"wp:term":[{"taxonomy":"product_brand","embeddable":true,"href":"https:\/\/zojopackaging.com\/fr\/wp-json\/wp\/v2\/product_brand?post=9743"},{"taxonomy":"product_cat","embeddable":true,"href":"https:\/\/zojopackaging.com\/fr\/wp-json\/wp\/v2\/product_cat?post=9743"},{"taxonomy":"product_tag","embeddable":true,"href":"https:\/\/zojopackaging.com\/fr\/wp-json\/wp\/v2\/product_tag?post=9743"}],"curies":[{"name":"wp","href":"https:\/\/api.w.org\/{rel}","templated":true}]}}