{"id":9751,"date":"2025-04-03T17:18:56","date_gmt":"2025-04-03T09:18:56","guid":{"rendered":"https:\/\/zojopackaging.com\/?post_type=product&#038;p=9751"},"modified":"2025-04-03T17:39:50","modified_gmt":"2025-04-03T09:39:50","slug":"premium-cheap-custom-hair-extension-packaging-box-wholesale","status":"publish","type":"product","link":"https:\/\/zojopackaging.com\/fr\/product\/premium-cheap-custom-hair-extension-packaging-box-wholesale\/","title":{"rendered":"Bo\u00eete d'emballage pour extension de cheveux Premium Cheap Custom Wholesale"},"content":{"rendered":"<h2 id=\"-1-in-depth-customization-service-accurate-matching-of-brand-tone-\"><strong>1. Service de personnalisation approfondie, correspondance pr\u00e9cise avec le ton de la marque<\/strong><\/h2>\n<ol>\n<li><strong>Personnalisation compl\u00e8te<\/strong>: Permet une personnalisation souple de la bo\u00eete d'emballage\u00a0<strong>taille, structure (fond et couvercle inf\u00e9rieur\/couvercle \u00e0 rabat\/bo\u00eete \u00e0 tiroirs), proc\u00e9d\u00e9 d'impression (marquage \u00e0 chaud\/UV\/embossage)<\/strong>\u00a0en fonction du positionnement de la marque, de la taille du produit et des exigences budg\u00e9taires, et fournir un service complet, de la conception \u00e0 la production en s\u00e9rie.<\/li>\n<li><strong>Fermeture magn\u00e9tique brevet\u00e9e<\/strong>: Adopter\u00a0<strong>technologie brevet\u00e9e de la bo\u00eete d'aspiration magn\u00e9tique<\/strong>Le couvercle de la bo\u00eete est dot\u00e9 d'aimants int\u00e9gr\u00e9s \u00e0 haute absorption, qui s'ouvrent et se ferment en douceur et assurent une forte \u00e9tanch\u00e9it\u00e9, \u00e9vitant ainsi le probl\u00e8me des bo\u00eetes \u00e0 boucles traditionnelles, faciles \u00e0 desserrer, et renfor\u00e7ant le sentiment de c\u00e9r\u00e9monie de l'utilisateur au moment du d\u00e9ballage.<\/li>\n<li><strong>Combinaison de l'esth\u00e9tique et de l'artisanat<\/strong>:<\/li>\n<li><strong>Couleur principale vert gazon<\/strong>: S\u00e9lection du num\u00e9ro de couleur standard Pantone, possibilit\u00e9 d'affiner le vert exclusif \u00e0 la marque et technologie de pelliculage mat pour pr\u00e9senter une texture naturelle et une unit\u00e9 visuelle de haut niveau.<\/li>\n<li><strong>Processus interne de marquage \u00e0 chaud<\/strong>: Le texte\/LOGO dans la bo\u00eete est estamp\u00e9 \u00e0 chaud, montrant un \u00e9clat m\u00e9tallique d\u00e9licat sous la source de lumi\u00e8re, renfor\u00e7ant le sens du luxe d'une mani\u00e8re discr\u00e8te, ce qui correspond au positionnement haut de gamme des produits d'extension de cheveux.<\/li>\n<\/ol>\n<h2 id=\"-second-high-standard-materials-and-protective-structures-to-ensure-product-safety-\"><strong>2. Des mat\u00e9riaux de haute qualit\u00e9 et des structures de protection pour garantir la s\u00e9curit\u00e9 du produit<\/strong><\/h2>\n<ol>\n<li><strong>Combinaison de mat\u00e9riaux de base<\/strong>:<\/li>\n<li><strong>Carton gris 1200 GSM<\/strong>: Le carton gris de poids \u00e9lev\u00e9 offre une tr\u00e8s forte r\u00e9sistance \u00e0 la pression. Il a \u00e9t\u00e9 test\u00e9 pour supporter plus de 15 kg, ce qui convient au transport sur de longues distances et au stockage par empilage.<\/li>\n<li><strong>Papier couch\u00e9 157 GSM<\/strong>: La surface est recouverte d'un film mat ou d'un proc\u00e9d\u00e9 UV partiel, avec un toucher d\u00e9licat et une saturation des couleurs d'impression sup\u00e9rieure \u00e0 95%, en tenant compte \u00e0 la fois de la beaut\u00e9 visuelle et de la r\u00e9sistance \u00e0 l'usure.<\/li>\n<li><strong>Protection pr\u00e9cise de la doublure<\/strong>:<\/li>\n<li><strong>D\u00e9coupe et mise en forme du support int\u00e9rieur en EVA\/\u00e9ponge<\/strong>: Gr\u00e2ce \u00e0 la technologie de d\u00e9coupe CNC, la forme du produit d'extension de cheveux est parfaitement adapt\u00e9e, et la performance de tamponnage atteint 90% de la r\u00e9sistance \u00e0 l'impact de la norme industrielle pour emp\u00eacher le frottement et la d\u00e9formation des cheveux.<\/li>\n<li><strong>Mod\u00e8le superpos\u00e9 d\u00e9tachable<\/strong>: Elle s'adapte aux besoins des emballages combin\u00e9s multi-cat\u00e9gories tels que les postiches et les sets de soins, et am\u00e9liore l'utilisation de l'espace.<\/li>\n<\/ol>\n<h2 id=\"-third-supply-chain-advantages-and-quality-control-guarantee-cost-reduction-of-20-\"><strong>3. Avantages de la cha\u00eene d'approvisionnement et garantie du contr\u00f4le de la qualit\u00e9, r\u00e9duction des co\u00fbts de 20%<\/strong><\/h2>\n<ol>\n<li><strong>Fourniture directe par l'usine source<\/strong>: Avec sa propre base de production de 5 000 m\u00e8tres carr\u00e9s et sa cha\u00eene d'approvisionnement int\u00e9gr\u00e9e, elle \u00e9limine les diff\u00e9rences de prix des interm\u00e9diaires,\u00a0<strong>le prix unitaire des commandes group\u00e9es est inf\u00e9rieur de 20% \u00e0 celui du march\u00e9<\/strong>et prend en charge une commande minimale de 1 000 pi\u00e8ces.<\/li>\n<li><strong>Syst\u00e8me strict de contr\u00f4le de la qualit\u00e9<\/strong>: Mettre en \u0153uvre les normes de gestion de la qualit\u00e9 ISO 9001 et effectuer des tests sur l'ensemble du processus, des mati\u00e8res premi\u00e8res aux produits finis, afin de garantir la coh\u00e9rence des lots.<\/li>\n<li><strong>Capacit\u00e9 de livraison rapide<\/strong>: Les commandes r\u00e9guli\u00e8res sont livr\u00e9es en 7 jours, et les commandes acc\u00e9l\u00e9r\u00e9es en 3 jours. Elle est \u00e9quip\u00e9e d'une logistique sp\u00e9cialis\u00e9e et de services de suivi en temps r\u00e9el afin de garantir un approvisionnement stable pendant la haute saison.<\/li>\n<\/ol>\n<h2 id=\"-fourth-brand-value-empowerment-and-scenario-application-\"><strong>4. Renforcement de la valeur de la marque et application d'un sc\u00e9nario<\/strong><\/h2>\n<ol>\n<li><strong>Am\u00e9lioration de l'image de marque<\/strong>: La surface de la bo\u00eete peut \u00eatre imprim\u00e9e avec le LOGO de la marque, un slogan ou un motif artistique, et permet l'impression Pantone en couleurs d'accompagnement pour am\u00e9liorer les points de m\u00e9morisation des consommateurs.<\/li>\n<li><strong>Protection de l'environnement et responsabilit\u00e9 sociale<\/strong>: Il adopte un carton gris certifi\u00e9 FSC et une impression \u00e0 l'encre \u00e0 base d'eau, conforme aux normes RoHS de l'UE, ce qui aide les marques \u00e0 v\u00e9hiculer des concepts \u00e9cologiques et durables.<\/li>\n<li><strong>Adaptation multi-sc\u00e9narios<\/strong>: Applicable aux extensions de cheveux, aux kits de soins \u00e0 base d'huiles essentielles, aux outils de coiffure haut de gamme et \u00e0 d'autres produits, r\u00e9pondant aux besoins d'emballage du commerce \u00e9lectronique, des comptoirs hors ligne et des exportations transfrontali\u00e8res.<\/li>\n<\/ol>\n<h2 id=\"-v-transparent-and-efficient-cooperation-process-\"><strong>5. Un processus de coop\u00e9ration transparent et efficace<\/strong><\/h2>\n<ol>\n<li><strong>Communication de la demande<\/strong>: Fournissez la taille du produit ou des \u00e9chantillons, et obtenez gratuitement des rendus 3D et des devis.<\/li>\n<li><strong>Confirmation de l'\u00e9preuve<\/strong>: Production d'\u00e9chantillons sous 3 jours, ajustement des d\u00e9tails du processus (comme la force d'aspiration magn\u00e9tique, la position de marquage \u00e0 chaud).<\/li>\n<li><strong>Production de masse<\/strong>: Verser un acompte de 30% pour lancer la production, et exp\u00e9dier dans les 48 heures apr\u00e8s le r\u00e8glement du solde.<\/li>\n<\/ol>","protected":false},"excerpt":{"rendered":"<p>Unboxing m\u00e9morable : Le th\u00e8me po\u00e9tique de l'\u00e9t\u00e9 cr\u00e9e un lien \u00e9motionnel.<br \/>\nDurabilit\u00e9 pour la vente au d\u00e9tail : Prot\u00e8ge les postiches d\u00e9licats pendant l'exp\u00e9dition\/le stockage.<br \/>\nPolyvalence personnalis\u00e9e : Ajoutez des logos, des couleurs ou des doublures pour une meilleure diff\u00e9renciation.<br \/>\nEfficacit\u00e9 pour le commerce de gros : La conception \u00e0 la fois l\u00e9g\u00e8re et robuste permet de r\u00e9duire les co\u00fbts logistiques.<\/p>","protected":false},"featured_media":9752,"template":"","meta":[],"product_brand":[],"product_cat":[30,421,424,31],"product_tag":[1262,878,1263],"class_list":{"0":"post-9751","1":"product","2":"type-product","3":"status-publish","4":"has-post-thumbnail","6":"product_cat-by-industry","7":"product_cat-custom-hair-extension-boxes","8":"product_cat-magnetic-closure-boxes","9":"product_cat-paper-box-style","10":"product_tag-custom-hair-extension-box","11":"product_tag-hair-extension-packaging","12":"product_tag-premium-hair-extension-packaging-wholesale","14":"first","15":"instock","16":"shipping-taxable","17":"product-type-grouped"},"_links":{"self":[{"href":"https:\/\/zojopackaging.com\/fr\/wp-json\/wp\/v2\/product\/9751","targetHints":{"allow":["GET"]}}],"collection":[{"href":"https:\/\/zojopackaging.com\/fr\/wp-json\/wp\/v2\/product"}],"about":[{"href":"https:\/\/zojopackaging.com\/fr\/wp-json\/wp\/v2\/types\/product"}],"version-history":[{"count":1,"href":"https:\/\/zojopackaging.com\/fr\/wp-json\/wp\/v2\/product\/9751\/revisions"}],"predecessor-version":[{"id":9757,"href":"https:\/\/zojopackaging.com\/fr\/wp-json\/wp\/v2\/product\/9751\/revisions\/9757"}],"wp:featuredmedia":[{"embeddable":true,"href":"https:\/\/zojopackaging.com\/fr\/wp-json\/wp\/v2\/media\/9752"}],"wp:attachment":[{"href":"https:\/\/zojopackaging.com\/fr\/wp-json\/wp\/v2\/media?parent=9751"}],"wp:term":[{"taxonomy":"product_brand","embeddable":true,"href":"https:\/\/zojopackaging.com\/fr\/wp-json\/wp\/v2\/product_brand?post=9751"},{"taxonomy":"product_cat","embeddable":true,"href":"https:\/\/zojopackaging.com\/fr\/wp-json\/wp\/v2\/product_cat?post=9751"},{"taxonomy":"product_tag","embeddable":true,"href":"https:\/\/zojopackaging.com\/fr\/wp-json\/wp\/v2\/product_tag?post=9751"}],"curies":[{"name":"wp","href":"https:\/\/api.w.org\/{rel}","templated":true}]}}