{"id":9766,"date":"2025-04-03T18:36:11","date_gmt":"2025-04-03T10:36:11","guid":{"rendered":"https:\/\/zojopackaging.com\/?post_type=product&#038;p=9766"},"modified":"2025-04-07T14:29:51","modified_gmt":"2025-04-07T06:29:51","slug":"custom-premium-watch-magnetic-closure-rigid-boxes-wholesale","status":"publish","type":"product","link":"https:\/\/zojopackaging.com\/fr\/product\/custom-premium-watch-magnetic-closure-rigid-boxes-wholesale\/","title":{"rendered":"Bo\u00eetes rigides \u00e0 fermeture magn\u00e9tique pour montres de qualit\u00e9 sup\u00e9rieure Wholesale"},"content":{"rendered":"<h2 id=\"-i-core-selling-points-of-the-product-\"><strong>1. Principaux arguments de vente du produit<\/strong><\/h2>\n<ol>\n<li><strong>Design \u00e9l\u00e9gant<\/strong>\u00a0La couleur principale est un bleu profond, avec une structure de fermeture magn\u00e9tique \u00e0 rabat, des lignes simples et lisses, et la combinaison de l'artisanat mat et brillant am\u00e9liore la superposition visuelle, v\u00e9hiculant une esth\u00e9tique commerciale et artistique haut de gamme. Le corps de la bo\u00eete est fait d'un carton dur respectueux de l'environnement et la surface est recouverte d'un papier tactile sp\u00e9cial, qui pr\u00e9sente \u00e0 la fois une r\u00e9sistance \u00e0 l'usure et un toucher d\u00e9licat, r\u00e9pondant ainsi aux besoins des diff\u00e9rentes tonalit\u00e9s de la marque.<\/li>\n<li><strong>Protection professionnelle de la doublure<\/strong>\u00a0La doublure est fabriqu\u00e9e en EVA noir de haute puret\u00e9, et le processus de d\u00e9coupage de pr\u00e9cision est utilis\u00e9 pour obtenir une adaptation parfaite au contour de la montre afin de former une structure \"d'armure protectrice\". Ses propri\u00e9t\u00e9s hautement r\u00e9fl\u00e9chissantes am\u00e9liorent consid\u00e9rablement le contraste visuel, rendant la texture du cadran, la connexion du bracelet et d'autres d\u00e9tails clairs et tridimensionnels. En m\u00eame temps, elle a des fonctions d'absorption des chocs et de tampon, r\u00e9sistant efficacement \u00e0 la friction et aux collisions pendant le transport.<\/li>\n<li><strong>Renforcement de la valeur de la marque<\/strong>\u00a0L'ensemble de l'emballage transmet la tonalit\u00e9 haut de gamme et diff\u00e9renci\u00e9e de la marque gr\u00e2ce \u00e0 la correspondance des mat\u00e9riaux (tels que le LOGO estamp\u00e9 \u00e0 chaud, la texture sp\u00e9ciale du papier) et aux d\u00e9tails du processus (surface brillante UV, impression en relief). La combinaison classique de bleu et de noir, associ\u00e9e \u00e0 l'effet r\u00e9fl\u00e9chissant de la doublure en EVA, renforce l'impact visuel de la pr\u00e9sentation du produit, aidant les marques \u00e0 se d\u00e9marquer sur les plateformes de commerce \u00e9lectronique (telles qu'Amazon, les sites ind\u00e9pendants) et les canaux hors ligne.<\/li>\n<\/ol>\n<h2 id=\"-second-customized-service-advantages-\"><strong>2. Avantages du service personnalis\u00e9<\/strong><\/h2>\n<ol>\n<li><strong>Des besoins d'adaptation flexibles<\/strong>\u00a0Il permet une personnalisation compl\u00e8te, couvrant les sp\u00e9cifications de taille (standard\/non standard), la s\u00e9lection du processus (force de fermeture magn\u00e9tique, texture de la surface), la correspondance des couleurs (restauration pr\u00e9cise des num\u00e9ros de couleur Pantone), etc. Par exemple, la structure de la doublure peut \u00eatre ajust\u00e9e pour les montres carr\u00e9es, rondes ou de forme sp\u00e9ciale afin de s'adapter \u00e0 la disposition d'une table unique ou de plusieurs tables.<\/li>\n<li><strong>Processus et assurance qualit\u00e9<\/strong><\/li>\n<li><strong>Pr\u00e9cision de la d\u00e9coupe<\/strong>: La technologie de d\u00e9coupe CNC est utilis\u00e9e pour garantir que l'erreur entre la doublure EVA et le contour du produit est inf\u00e9rieure \u00e0 0,1 mm ;<\/li>\n<li><strong>Stabilit\u00e9 des mat\u00e9riaux<\/strong>: Le mat\u00e9riau EVA a pass\u00e9 des tests de r\u00e9sistance aux intemp\u00e9ries et de stabilit\u00e9 chimique, et convient aux environnements extr\u00eames tels que les temp\u00e9ratures \u00e9lev\u00e9es et l'humidit\u00e9 ;<\/li>\n<li><strong>Syst\u00e8me d'inspection de la qualit\u00e9<\/strong>: Respecter les normes de gestion de la qualit\u00e9 ISO tout au long du processus, depuis les tests de protection environnementale des mati\u00e8res premi\u00e8res (conformes \u00e0 la norme ROHS) jusqu'aux tests de compression des produits finis afin de garantir l'homog\u00e9n\u00e9it\u00e9 des lots.<\/li>\n<\/ol>\n<h2 id=\"-iii-supply-chain-and-cost-advantages-\"><strong>3. Cha\u00eene d'approvisionnement et avantages en termes de co\u00fbts<\/strong><\/h2>\n<ol>\n<li><strong>La force de l'usine source<\/strong>\u00a0Forts de 16 ans d'exp\u00e9rience dans l'industrie, s'appuyant sur la cha\u00eene industrielle mature de Dongguan\/Shenzhen, int\u00e9grant les ressources de l'ensemble de la cha\u00eene d'approvisionnement en mat\u00e9riaux, de d\u00e9veloppement de moules, de production et de traitement, nous sommes parvenus \u00e0 contr\u00f4ler les co\u00fbts \u00e0 grande \u00e9chelle. Par exemple, le prix de produits similaires est 15%-20% inf\u00e9rieur au prix moyen du march\u00e9, et nous acceptons une commande minimale de 500 pi\u00e8ces, ce qui est flexible pour r\u00e9pondre aux besoins des marques naissantes et des achats de gros volumes.<\/li>\n<li><strong>Capacit\u00e9 de livraison efficace<\/strong><\/li>\n<li><strong>Cycle de prototypage<\/strong>: Les \u00e9chantillons physiques sont fournis dans un d\u00e9lai de 3 \u00e0 5 jours ouvrables ;<\/li>\n<li><strong>Temps de production en masse<\/strong>: Les commandes r\u00e9guli\u00e8res sont livr\u00e9es dans un d\u00e9lai de 15 \u00e0 20 jours, et les besoins urgents peuvent faire l'objet d'une coordination des canaux acc\u00e9l\u00e9r\u00e9s ;<\/li>\n<li><strong>Logistique mondiale<\/strong>: Soutien \u00e0 l'exportation transfrontali\u00e8re d'un approvisionnement d\u00e9di\u00e9, couvrant les principaux march\u00e9s tels que l'Europe, l'Am\u00e9rique et l'Asie du Sud-Est.<\/li>\n<\/ol>\n<h2 id=\"-iv-cooperation-process-and-guarantee-\"><strong>4. Processus de coop\u00e9ration et garantie<\/strong><\/h2>\n<ol>\n<li><strong>Engagement de service<\/strong><\/li>\n<li><strong>Garantie apr\u00e8s-vente<\/strong>: Fournir une assurance pour le transport de retour et un engagement de compensation de la qualit\u00e9 ;<\/li>\n<li><strong>R\u00e9ponse technique<\/strong>: L'\u00e9quipe exclusive du service client\u00e8le assure un suivi tout au long du processus et r\u00e9sout les probl\u00e8mes techniques dans les 48 heures.<\/li>\n<li><strong>Processus de coop\u00e9ration<\/strong>\u00a0<strong>Communication de la demande \u2192 V\u00e9rification de la conception \u2192 Confirmation de la production \u2192 Inspection de la qualit\u00e9 et livraison<\/strong><\/li>\n<\/ol>","protected":false},"excerpt":{"rendered":"<ul>\n<li><strong>Marque de montres haut de gamme<\/strong>: Renforcez le positionnement de luxe gr\u00e2ce \u00e0 la bo\u00eete magn\u00e9tique bleue avec doublure EVA noire ;<\/li>\n<li><strong>Dispositif portable intelligent<\/strong>: Convient aux montres de positionnement pour enfants, aux bracelets intelligents, etc., la structure de la doublure est compatible avec les besoins de protection des composants \u00e9lectroniques ;<\/li>\n<li><strong>Commerce \u00e9lectronique transfrontalier<\/strong>: Conforme aux normes d'emballage Amazon FBA et r\u00e9duit le taux de perte de transport gr\u00e2ce \u00e0 un test de compression.<\/li>\n<\/ul>","protected":false},"featured_media":9774,"template":"","meta":[],"product_brand":[],"product_cat":[30,413,424,31],"product_tag":[1269,1267,1268],"class_list":{"0":"post-9766","1":"product","2":"type-product","3":"status-publish","4":"has-post-thumbnail","6":"product_cat-by-industry","7":"product_cat-consumer-electronics-boxes","8":"product_cat-magnetic-closure-boxes","9":"product_cat-paper-box-style","10":"product_tag-custom-watch-boxes-wholesale","11":"product_tag-watch-magnetic-closure-boxes","12":"product_tag-watch-rigid-boxes","14":"first","15":"instock","16":"shipping-taxable","17":"product-type-grouped"},"_links":{"self":[{"href":"https:\/\/zojopackaging.com\/fr\/wp-json\/wp\/v2\/product\/9766","targetHints":{"allow":["GET"]}}],"collection":[{"href":"https:\/\/zojopackaging.com\/fr\/wp-json\/wp\/v2\/product"}],"about":[{"href":"https:\/\/zojopackaging.com\/fr\/wp-json\/wp\/v2\/types\/product"}],"version-history":[{"count":3,"href":"https:\/\/zojopackaging.com\/fr\/wp-json\/wp\/v2\/product\/9766\/revisions"}],"predecessor-version":[{"id":9781,"href":"https:\/\/zojopackaging.com\/fr\/wp-json\/wp\/v2\/product\/9766\/revisions\/9781"}],"wp:featuredmedia":[{"embeddable":true,"href":"https:\/\/zojopackaging.com\/fr\/wp-json\/wp\/v2\/media\/9774"}],"wp:attachment":[{"href":"https:\/\/zojopackaging.com\/fr\/wp-json\/wp\/v2\/media?parent=9766"}],"wp:term":[{"taxonomy":"product_brand","embeddable":true,"href":"https:\/\/zojopackaging.com\/fr\/wp-json\/wp\/v2\/product_brand?post=9766"},{"taxonomy":"product_cat","embeddable":true,"href":"https:\/\/zojopackaging.com\/fr\/wp-json\/wp\/v2\/product_cat?post=9766"},{"taxonomy":"product_tag","embeddable":true,"href":"https:\/\/zojopackaging.com\/fr\/wp-json\/wp\/v2\/product_tag?post=9766"}],"curies":[{"name":"wp","href":"https:\/\/api.w.org\/{rel}","templated":true}]}}