{"id":9782,"date":"2025-04-03T19:52:52","date_gmt":"2025-04-03T11:52:52","guid":{"rendered":"https:\/\/zojopackaging.com\/?post_type=product&#038;p=9782"},"modified":"2025-04-03T20:32:06","modified_gmt":"2025-04-03T12:32:06","slug":"wholesale-custom-luxury-candle-gift-rigid-packaging-boxes","status":"publish","type":"product","link":"https:\/\/zojopackaging.com\/fr\/product\/wholesale-custom-luxury-candle-gift-rigid-packaging-boxes\/","title":{"rendered":"Bo\u00eetes d'emballage rigides pour bougies en gros, personnalis\u00e9es et de luxe"},"content":{"rendered":"<h2 id=\"-1-design-of-the-top-and-bottom-cover-structure-simple-and-efficient-exquisite-craftsmanship-\"><strong>1. Conception de la structure des couvercles sup\u00e9rieur et inf\u00e9rieur : simple et efficace, artisanat exquis<\/strong><\/h2>\n<p>Ce produit adopte la structure classique du couvercle sup\u00e9rieur et du couvercle inf\u00e9rieur, qui se compose de deux parties : le couvercle sup\u00e9rieur et la bo\u00eete inf\u00e9rieure. Il n'y a pas de pi\u00e8ces complexes \u00e0 assembler, la structure est stable et l'ouverture et la fermeture se font en douceur. La conception suit le concept de \"l'esth\u00e9tique minimaliste\" et permet d'atteindre les objectifs suivants\u00a0<strong>plus de 95% d'utilisation de mat\u00e9riaux<\/strong>\u00a0gr\u00e2ce \u00e0 des processus pr\u00e9cis de d\u00e9coupage et de pliage des moules, ce qui r\u00e9duit les d\u00e9chets. Le moulage des couvercles sup\u00e9rieur et inf\u00e9rieur est compl\u00e9t\u00e9 par une machine int\u00e9gr\u00e9e de rainage et d'estampage \u00e0 chaud enti\u00e8rement automatique qui garantit la rigidit\u00e9 des lignes du corps de la bo\u00eete et la nettet\u00e9 des bords, tout en simplifiant le processus de production et en r\u00e9duisant le co\u00fbt de l'intervention manuelle.<\/p>\n<h2 id=\"-2-special-paper-material-luxurious-touch-brand-empowerment-\"><strong>2. Papier sp\u00e9cial : toucher luxueux, renforcement de la marque<\/strong><\/h2>\n<p>La bo\u00eete d'emballage utilise\u00a0<strong>Papier nacr\u00e9 blanc Junma Ice<\/strong>\u00a0et\u00a0<strong>Carton plat laser or et argent<\/strong>\u00a0deux types de substrats en papier sp\u00e9cial, avec les principaux avantages suivants :<\/p>\n<ul>\n<li><strong>Luxe visuel<\/strong>: La surface du papier nacr\u00e9 est incrust\u00e9e de particules nacr\u00e9es de l'ordre du micron, pr\u00e9sentant une texture givr\u00e9e et un lustre d\u00e9grad\u00e9 ; le carton laser or et argent utilise la technologie du film composite en aluminium pour cr\u00e9er un effet de colonne lumineuse miroir, qui convient \u00e0 la tonalit\u00e9 des marques de luxe l\u00e9g\u00e8res et haut de gamme.<\/li>\n<li><strong>Exp\u00e9rience tactile<\/strong>: La surface du papier est gaufr\u00e9e pour former des motifs d\u00e9licats.\u00a0<strong>lignes de texture gaufr\u00e9es<\/strong>\u00a0(en option, motifs d'\u00e9pis de bl\u00e9, de marbre, de cuir, etc.), ce qui augmente le frottement et le retour d'information tactile lors de la prise en main.<\/li>\n<li><strong>Durabilit\u00e9<\/strong>: Le rev\u00eatement UV et la technologie de laminage brillant sont utilis\u00e9s, ce qui est imperm\u00e9able et anti-salissures, et la r\u00e9sistance aux rayures est am\u00e9lior\u00e9e de 300%, ce qui convient au transport et \u00e0 l'affichage sur de longues distances.<\/li>\n<\/ul>\n<h2 id=\"-three-light-yellow-tone-emotional-healing-scene-adaptation-\"><strong>Trois, ton jaune clair : gu\u00e9rison \u00e9motionnelle, adaptation de la sc\u00e8ne<\/strong><\/h2>\n<p>La couleur principale du corps de la bo\u00eete est\u00a0<strong>Pantone 13-0647 jaune p\u00e2querette clair<\/strong>Les couleurs de l'eau et de l'air, bas\u00e9es sur les r\u00e9sultats de la recherche en psychologie des couleurs :<\/p>\n<ul>\n<li><strong>Soulagement de l'anxi\u00e9t\u00e9<\/strong>: Le jaune \u00e0 faible saturation peut activer les nerfs parasympathiques, r\u00e9duire le rythme cardiaque et la pression art\u00e9rielle, cr\u00e9er une atmosph\u00e8re chaleureuse et relaxante et s'adapter aux propri\u00e9t\u00e9s curatives des bougies d'aromath\u00e9rapie.<\/li>\n<li><strong>Augmenter le plaisir<\/strong>: Gr\u00e2ce au proc\u00e9d\u00e9 UV local, les effets mats et brillants sont superpos\u00e9s pour former un halo doux sous la r\u00e9fraction de la lumi\u00e8re, ce qui renforce la sensation d'ouverture de la bo\u00eete et la valeur \u00e9motionnelle des consommateurs.<\/li>\n<\/ul>\n<h2 id=\"-fourth-in-depth-customization-service-accurately-match-brand-needs-\"><strong>Quatri\u00e8mement, un service de personnalisation approfondi : correspond exactement aux besoins de la marque<\/strong><\/h2>\n<p>Nous fournissons\u00a0<strong>des solutions de personnalisation compl\u00e8tes<\/strong>:<\/p>\n<ol>\n<li><strong>Sp\u00e9cifications de la taille<\/strong>Le syst\u00e8me d'\u00e9tiquetage des bougies : permet d'ajuster la taille des bougies, et est compatible avec les bougies en forme de colonne et les bougies de forme sp\u00e9ciale.<\/li>\n<li><strong>Combinaison de proc\u00e9d\u00e9s<\/strong>Les produits de la gamme sont disponibles en plusieurs versions : marquage \u00e0 chaud\/argent en option, \u00e9vidage au laser, gaufrage, UV local et autres proc\u00e9d\u00e9s (plus de 20), permettant l'int\u00e9gration personnalis\u00e9e du LOGO de la marque.<\/li>\n<li><strong>Collaboration en mati\u00e8re de conception<\/strong>Les services de la Commission europ\u00e9enne sont les suivants : rendus 3D gratuits et \u00e9preuves physiques (3 jours ouvrables), prise en charge de l'ajustement intelligent des couleurs par l'IA et de l'optimisation structurelle, afin de garantir l'absence d'erreur entre l'\u00e9bauche de la conception et le produit fini.<\/li>\n<\/ol>\n<h2 id=\"-five-seismic-lining-system-precise-protection-zero-error-adaptation-\"><strong>Cinq, syst\u00e8me de rev\u00eatement sismique : protection pr\u00e9cise, adaptation sans erreur<\/strong><\/h2>\n<p>La doublure adopte\u00a0<strong>Structure composite d'\u00e9ponge EVA et de papier ondul\u00e9<\/strong>et assure une protection compl\u00e8te gr\u00e2ce aux technologies suivantes :<\/p>\n<ul>\n<li><strong>Cartographie laser<\/strong>La trajectoire de coupe du rev\u00eatement est g\u00e9n\u00e9r\u00e9e automatiquement en fonction des donn\u00e9es du mod\u00e8le 3D de la bougie fournies par le client, et l'erreur est contr\u00f4l\u00e9e \u00e0 \u00b10,2 mm.<\/li>\n<li><strong>Conception modulaire<\/strong>: La doublure amovible permet de placer plusieurs bougies, ce qui convient aux coffrets cadeaux, aux s\u00e9ries de produits et \u00e0 d'autres sc\u00e9narios.<\/li>\n<li><strong>Essai de r\u00e9sistance aux chocs<\/strong>: Apr\u00e8s le test de transport simul\u00e9 de la norme ISTA 3A, il peut r\u00e9sister \u00e0 une chute de 50 cm et \u00e0 un cycle de temp\u00e9rature et d'humidit\u00e9 de -20\u2103 \u00e0 60\u2103, et le taux de rupture est inf\u00e9rieur \u00e0 0,1%.<\/li>\n<\/ul>\n<h2 id=\"-six-smart-manufacturing-strength-and-delivery-guarantee-\"><strong>Sixi\u00e8mement, force de fabrication intelligente et garantie de livraison<\/strong><\/h2>\n<ul>\n<li><strong>Garantie de capacit\u00e9<\/strong>: \u00c9quip\u00e9e de 20 lignes de production enti\u00e8rement automatis\u00e9es, d'un syst\u00e8me int\u00e9gr\u00e9 de transport de mat\u00e9riel AGV et d'un syst\u00e8me de planification intelligent MES, avec une capacit\u00e9 de production journali\u00e8re de\u00a0<strong>1 million de pi\u00e8ces<\/strong>Le syst\u00e8me de gestion de l'information de l'UE permet de prendre en charge les commandes acc\u00e9l\u00e9r\u00e9es dans les 72 heures.<\/li>\n<li><strong>Int\u00e9gration de la cha\u00eene d'approvisionnement<\/strong>: \u00c9tablir une coop\u00e9ration strat\u00e9gique avec des groupes papetiers de premier plan tels que Jiaxing Saitao New Materials afin de garantir que les mati\u00e8res premi\u00e8res des papiers sp\u00e9ciaux soient directement fournies dans les 48 heures, et que le co\u00fbt soit 15% inf\u00e9rieur au prix du march\u00e9.<\/li>\n<\/ul>\n<h2 id=\"-seven-16-years-of-experience-endorsement-one-stop-service-\"><strong>Sept ans, 16 ans d'exp\u00e9rience, approbation, service unique<\/strong><\/h2>\n<p>En tant que fabricant professionnel ayant 16 ans d'exp\u00e9rience dans l'industrie de l'emballage, nous fournissons :<\/p>\n<ul>\n<li><strong>Service complet<\/strong>: De la conception structurelle \u00e0 la production en s\u00e9rie, en passant par la s\u00e9lection des mat\u00e9riaux et la v\u00e9rification des \u00e9preuves, une \u00e9quipe de projet d\u00e9di\u00e9e assure un suivi tout au long du processus, 7 jours sur 7 et 24 heures sur 24.<\/li>\n<li><strong>Solutions pour l'industrie<\/strong>: Pour le commerce \u00e9lectronique, la logistique transfrontali\u00e8re, la vente au d\u00e9tail haut de gamme et d'autres sc\u00e9narios, nous fournissons des modules \u00e0 valeur ajout\u00e9e tels que le rev\u00eatement anti-humidit\u00e9 (en option), les boucles magn\u00e9tiques antivol et les \u00e9tiquettes RFID.<\/li>\n<li><strong>D\u00e9veloppement durable<\/strong>: Gr\u00e2ce au papier \u00e9cologique certifi\u00e9 FSC et \u00e0 l'impression \u00e0 l'encre \u00e0 base d'eau, l'empreinte carbone est r\u00e9duite de 40%, ce qui contribue \u00e0 am\u00e9liorer la valeur ESG de la marque.<\/li>\n<\/ul>","protected":false},"excerpt":{"rendered":"<p>1. Le couvercle de la bo\u00eete sup\u00e9rieure et inf\u00e9rieure est constitu\u00e9 de deux parties, sans structure complexe, avec un taux \u00e9lev\u00e9 d'utilisation des mat\u00e9riaux et un processus de production simple.<br \/>\n2. Papier sp\u00e9cial avec lignes de texture sp\u00e9ciales, aspect luxueux et haut de gamme, et renforcement de l'effet de marque<br \/>\n3. L'ensemble de la bo\u00eete adopte une couleur jaune clair pour soulager l'anxi\u00e9t\u00e9, accro\u00eetre le plaisir et cr\u00e9er une atmosph\u00e8re chaleureuse et relaxante.<br \/>\n4. Nous pouvons personnaliser la production de bo\u00eetes d'emballage pour vous en fonction du style unique et des besoins de votre marque, en couvrant tous les aspects des d\u00e9tails tels que les sp\u00e9cifications de taille et le processus de production pour s'assurer qu'il r\u00e9pond pleinement \u00e0 vos attentes.<\/p>","protected":false},"featured_media":9772,"template":"","meta":[],"product_brand":[],"product_cat":[30,416,425,31],"product_tag":[1270,468,1271],"class_list":{"0":"post-9782","1":"product","2":"type-product","3":"status-publish","4":"has-post-thumbnail","6":"product_cat-by-industry","7":"product_cat-custom-candle-boxes","8":"product_cat-lid-and-base-gift-box","9":"product_cat-paper-box-style","10":"product_tag-candle-gift-boxes","11":"product_tag-custom-candle-packaging","12":"product_tag-wholesale-candle-packaging-boxes","14":"first","15":"instock","16":"shipping-taxable","17":"product-type-grouped"},"_links":{"self":[{"href":"https:\/\/zojopackaging.com\/fr\/wp-json\/wp\/v2\/product\/9782","targetHints":{"allow":["GET"]}}],"collection":[{"href":"https:\/\/zojopackaging.com\/fr\/wp-json\/wp\/v2\/product"}],"about":[{"href":"https:\/\/zojopackaging.com\/fr\/wp-json\/wp\/v2\/types\/product"}],"version-history":[{"count":1,"href":"https:\/\/zojopackaging.com\/fr\/wp-json\/wp\/v2\/product\/9782\/revisions"}],"predecessor-version":[{"id":9783,"href":"https:\/\/zojopackaging.com\/fr\/wp-json\/wp\/v2\/product\/9782\/revisions\/9783"}],"wp:featuredmedia":[{"embeddable":true,"href":"https:\/\/zojopackaging.com\/fr\/wp-json\/wp\/v2\/media\/9772"}],"wp:attachment":[{"href":"https:\/\/zojopackaging.com\/fr\/wp-json\/wp\/v2\/media?parent=9782"}],"wp:term":[{"taxonomy":"product_brand","embeddable":true,"href":"https:\/\/zojopackaging.com\/fr\/wp-json\/wp\/v2\/product_brand?post=9782"},{"taxonomy":"product_cat","embeddable":true,"href":"https:\/\/zojopackaging.com\/fr\/wp-json\/wp\/v2\/product_cat?post=9782"},{"taxonomy":"product_tag","embeddable":true,"href":"https:\/\/zojopackaging.com\/fr\/wp-json\/wp\/v2\/product_tag?post=9782"}],"curies":[{"name":"wp","href":"https:\/\/api.w.org\/{rel}","templated":true}]}}