{"id":9784,"date":"2025-04-03T20:30:33","date_gmt":"2025-04-03T12:30:33","guid":{"rendered":"https:\/\/zojopackaging.com\/?post_type=product&#038;p=9784"},"modified":"2025-04-03T20:55:40","modified_gmt":"2025-04-03T12:55:40","slug":"round-candle-cylinder-paper-tube-packaging-box-container","status":"publish","type":"product","link":"https:\/\/zojopackaging.com\/fr\/product\/round-candle-cylinder-paper-tube-packaging-box-container\/","title":{"rendered":"Cylindre de bougie rond Tube en papier Bo\u00eete d'emballage Container"},"content":{"rendered":"<h2 id=\"-2-high-density-environmentally-friendly-materials-fully-protecting-sensitive-items-\"><strong>1. Mat\u00e9riaux \u00e9cologiques de haute densit\u00e9, prot\u00e9geant enti\u00e8rement les objets sensibles<\/strong><\/h2>\n<p>La bo\u00eete cylindrique est fabriqu\u00e9e en carton \u00e9cologique de haute densit\u00e9, qui est \u00e0 la fois dur et r\u00e9sistant. Elle peut supporter plus de 1 kg et convient aux articles fragiles tels que les bougies, les savons et les flacons de parfum. Le mat\u00e9riau a obtenu la certification environnementale REACH de l'UE, ne contient pas de plastifiants ni de produits chimiques nocifs et poss\u00e8de des propri\u00e9t\u00e9s de r\u00e9sistance \u00e0 l'humidit\u00e9 (film mat ou rev\u00eatement UV sur la surface) afin d'emp\u00eacher la d\u00e9t\u00e9rioration des produits cosm\u00e9tiques due \u00e0 l'humidit\u00e9. La paroi int\u00e9rieure peut \u00eatre \u00e9quip\u00e9e au choix d'un rev\u00eatement en plastique de qualit\u00e9 alimentaire ou en papier recycl\u00e9 pour r\u00e9pondre aux besoins de s\u00e9curit\u00e9 des diff\u00e9rents produits.<\/p>\n<h2 id=\"-3-off-white-low-saturation-design-in-line-with-environmental-protection-trends-\"><strong>2. Conception blanc cass\u00e9 \u00e0 faible saturation, conforme aux tendances en mati\u00e8re de protection de l'environnement.<\/strong><\/h2>\n<p>Le corps de la bo\u00eete adopte la couleur originale de la p\u00e2te naturelle blanc cass\u00e9, sans traitement de blanchiment, et les tons de couleur \u00e0 faible saturation v\u00e9hiculent des concepts de marque simples et naturels, ce qui est conforme \u00e0 la tendance mondiale de la conception d'emballages respectueux de l'environnement. La surface peut \u00eatre mate ou satin\u00e9e, ce qui r\u00e9duit la pollution lumineuse tout en am\u00e9liorant le sens du toucher. Cette conception a \u00e9t\u00e9 appliqu\u00e9e \u00e0 de nombreuses marques internationales d'aromath\u00e9rapie et a remport\u00e9 le \"2024 Green Packaging Innovation Award\".<\/p>\n<h2 id=\"-4-advanced-printing-equipment-to-ensure-customization-accuracy-and-quality-\"><strong>3. \u00c9quipement d'impression avanc\u00e9 pour garantir la pr\u00e9cision et la qualit\u00e9 de la personnalisation<\/strong><\/h2>\n<p>L'usine est \u00e9quip\u00e9e de presses d'imprimerie Heidelberg, qui prennent en charge les couleurs d'accompagnement Pantone et l'impression quadrichromique CMYK, avec un taux d'erreur inf\u00e9rieur \u00e0 0,1 mm, et peuvent pr\u00e9senter avec pr\u00e9cision des processus complexes tels que le d\u00e9grad\u00e9, l'estampage \u00e0 chaud et le gaufrage. Gr\u00e2ce \u00e0 des machines de d\u00e9coupe enti\u00e8rement automatiques et \u00e0 des \u00e9quipements de gravure au laser, il est possible de r\u00e9aliser des types de bo\u00eetes personnalis\u00e9s tels que des fen\u00eatres de forme sp\u00e9ciale et des mod\u00e8les creux, comme des structures \u00e0 tiroirs et \u00e0 coquilles. Tous les liens de production ont \u00e9t\u00e9 certifi\u00e9s par le syst\u00e8me de gestion de la qualit\u00e9 ISO 9001 afin de garantir la coh\u00e9rence des commandes par lots.<\/p>\n<h2 id=\"-5-in-depth-brand-customization-to-enhance-the-unboxing-experience-\"><strong>4. Personnalisation approfondie de la marque pour am\u00e9liorer l'exp\u00e9rience de l'unboxing<\/strong><\/h2>\n<p>Soutenir l'implantation globale de la marque, de l'int\u00e9rieur vers l'ext\u00e9rieur :<\/p>\n<ul>\n<li><strong>Personnalisation de l'apparence<\/strong>: La surface de la bo\u00eete peut \u00eatre imprim\u00e9e avec le LOGO du client, des illustrations ou des motifs, en utilisant de l'encre de soja respectueuse de l'environnement, et l'adh\u00e9rence atteint les normes les plus \u00e9lev\u00e9es de l'industrie.<\/li>\n<li><strong>Personnalisation des couleurs<\/strong>: Nous fournissons plus de 500 num\u00e9ros de couleurs Pantone, et nous soutenons le d\u00e9veloppement de couleurs d'accompagnement d\u00e9grad\u00e9es, telles que l'or champagne, le syst\u00e8me de couleurs Morandi, etc.<\/li>\n<li><strong>Personnalisation des fonctions<\/strong>Les produits de l'UE sont des produits de consommation courante : ruban magn\u00e9tique int\u00e9gr\u00e9, \u00e9tiquette d\u00e9tachable ou fente pour carte \u00e0 code QR, afin que les consommateurs puissent identifier rapidement les informations sur les produits.<\/li>\n<\/ul>\n<h2 id=\"-6-professional-design-team-full-technical-empowerment-\"><strong>5. \u00c9quipe de conception professionnelle, pleine autonomie technique<\/strong><\/h2>\n<p>L'entreprise dispose d'une \u00e9quipe de concepteurs industriels ayant plus de 10 ans d'exp\u00e9rience, qui fournit des services complets allant de la mod\u00e9lisation 3D \u00e0 la production en s\u00e9rie, en passant par la v\u00e9rification des structures. Les cas typiques sont les suivants :<\/p>\n<ul>\n<li><strong>Effet de relief tridimensionnel<\/strong>: La texture 3D de la surface de la bo\u00eete est obtenue par mod\u00e9lisation num\u00e9rique afin d'am\u00e9liorer la superposition visuelle.<\/li>\n<li><strong>Emballage interactif intelligent<\/strong>Le code de tra\u00e7abilit\u00e9 du produit peut \u00eatre scann\u00e9 \u00e0 l'aide d'une puce NFC int\u00e9gr\u00e9e ou d'un point de d\u00e9clenchement AR, afin de visualiser les informations relatives \u00e0 la tra\u00e7abilit\u00e9 du produit. L'\u00e9quipe peut fournir des solutions d'adaptation dans les 48 heures selon les besoins du client, et prendre en charge la vid\u00e9oconf\u00e9rence \u00e0 distance pour confirmer les d\u00e9tails.<\/li>\n<\/ul>\n<h2 id=\"-7-efficient-online-service-full-cycle-order-guarantee-\"><strong>6. Service en ligne efficace, garantie d'un cycle complet de commande<\/strong><\/h2>\n<ul>\n<li><strong>Processus intelligent<\/strong>: Le site web officiel permet de t\u00e9l\u00e9charger en ligne des projets de conception, de suivre en temps r\u00e9el l'\u00e9volution des devis et de la production, et d'achever l'\u00e9preuvage et la livraison dans les 48 heures.<\/li>\n<li><strong>Un service apr\u00e8s-vente sans souci<\/strong>Service client\u00e8le multilingue (chinois\/anglais\/espagnol) 24 heures sur 24 et 7 jours sur 7 pour r\u00e9soudre des probl\u00e8mes tels que la logistique et les modifications de conception, et 10% du montant de la commande seront d\u00e9dommag\u00e9s en cas de retard de livraison.<\/li>\n<li><strong>Commande minimale flexible<\/strong>: Commande minimale de 500 pi\u00e8ces, prise en charge des commandes d'essai par petits lots et du publipostage mondial (ligne d\u00e9di\u00e9e DHL\/FedEx), couverture du commerce \u00e9lectronique transfrontalier et des canaux de vente au d\u00e9tail hors ligne.<\/li>\n<\/ul>","protected":false},"excerpt":{"rendered":"<p>Nos bo\u00eetes en tube de papier adoptent une structure antichoc innovante, qui r\u00e9partit uniform\u00e9ment la pression externe en combinant une couche de support annulaire interne avec un mat\u00e9riau de rembourrage (tel qu'une \u00e9ponge EVA ou un plateau de papier personnalis\u00e9). Le corps de la bo\u00eete est constitu\u00e9 d'un tube de papier rigide avec une doublure en nid d'abeille pour absorber efficacement l'impact pendant le transport et emp\u00eacher la bougie de se briser ou de se d\u00e9former en raison d'une compression ou d'une collision. En outre, le couvercle et le fond de la bo\u00eete adoptent une structure \u00e0 boucle int\u00e9gr\u00e9e pour renforcer la stabilit\u00e9 g\u00e9n\u00e9rale et garantir que le contenu est s\u00fbr et intact dans un environnement dynamique.<\/p>","protected":false},"featured_media":9785,"template":"","meta":[],"product_brand":[],"product_cat":[30,416,31,429],"product_tag":[1272,1274,1273],"class_list":{"0":"post-9784","1":"product","2":"type-product","3":"status-publish","4":"has-post-thumbnail","6":"product_cat-by-industry","7":"product_cat-custom-candle-boxes","8":"product_cat-paper-box-style","9":"product_cat-paper-tube-boxes","10":"product_tag-candle-cylinder-box","11":"product_tag-candle-cylinder-packaging","12":"product_tag-candle-paper-tube-packaging","14":"first","15":"instock","16":"shipping-taxable","17":"product-type-grouped"},"_links":{"self":[{"href":"https:\/\/zojopackaging.com\/fr\/wp-json\/wp\/v2\/product\/9784","targetHints":{"allow":["GET"]}}],"collection":[{"href":"https:\/\/zojopackaging.com\/fr\/wp-json\/wp\/v2\/product"}],"about":[{"href":"https:\/\/zojopackaging.com\/fr\/wp-json\/wp\/v2\/types\/product"}],"version-history":[{"count":1,"href":"https:\/\/zojopackaging.com\/fr\/wp-json\/wp\/v2\/product\/9784\/revisions"}],"predecessor-version":[{"id":9792,"href":"https:\/\/zojopackaging.com\/fr\/wp-json\/wp\/v2\/product\/9784\/revisions\/9792"}],"wp:featuredmedia":[{"embeddable":true,"href":"https:\/\/zojopackaging.com\/fr\/wp-json\/wp\/v2\/media\/9785"}],"wp:attachment":[{"href":"https:\/\/zojopackaging.com\/fr\/wp-json\/wp\/v2\/media?parent=9784"}],"wp:term":[{"taxonomy":"product_brand","embeddable":true,"href":"https:\/\/zojopackaging.com\/fr\/wp-json\/wp\/v2\/product_brand?post=9784"},{"taxonomy":"product_cat","embeddable":true,"href":"https:\/\/zojopackaging.com\/fr\/wp-json\/wp\/v2\/product_cat?post=9784"},{"taxonomy":"product_tag","embeddable":true,"href":"https:\/\/zojopackaging.com\/fr\/wp-json\/wp\/v2\/product_tag?post=9784"}],"curies":[{"name":"wp","href":"https:\/\/api.w.org\/{rel}","templated":true}]}}