{"id":9791,"date":"2025-04-03T20:42:45","date_gmt":"2025-04-03T12:42:45","guid":{"rendered":"https:\/\/zojopackaging.com\/?post_type=product&#038;p=9791"},"modified":"2025-04-03T21:04:16","modified_gmt":"2025-04-03T13:04:16","slug":"custom-festival-dessert-rigid-slider-box-packaging-supplier","status":"publish","type":"product","link":"https:\/\/zojopackaging.com\/fr\/product\/custom-festival-dessert-rigid-slider-box-packaging-supplier\/","title":{"rendered":"Bo\u00eete rigide \u00e0 glissi\u00e8res pour desserts Festival Fournisseur d'emballages"},"content":{"rendered":"<h3 id=\"-1-minimalist-aesthetics-a-visual-symphony-of-pure-white-and-elegant-tones-\"><strong>1. Esth\u00e9tique minimaliste : une symphonie visuelle de blanc pur et de tons \u00e9l\u00e9gants<\/strong><\/h3>\n<p>Avec\u00a0<strong>bo\u00eete \u00e0 dessert \u00e0 caf\u00e9 extractible blanc pur<\/strong>\u00a0comme langage de conception de base,\u00a0<strong>Papier couch\u00e9 brillant 157g<\/strong>\u00a0comme mat\u00e9riau de base, et\u00a0<strong>doublure en carton gris mat<\/strong>Elle forme un contraste visuel entre la puret\u00e9 de l'ext\u00e9rieur et la douceur de l'int\u00e9rieur. Les lignes du corps de la bo\u00eete adoptent\u00a0<strong>technologie de d\u00e9coupe au micro-arc<\/strong>\u00a0pour \u00e9liminer la rigidit\u00e9 des angles droits, et\u00a0<strong>Lignes gaufr\u00e9es ultrafines de 0,1 mm<\/strong>La simplicit\u00e9 dissimule des d\u00e9tails exquis. Les tons \u00e9l\u00e9gants des bo\u00eetes ext\u00e9rieures et int\u00e9rieures (tels que le brun clair et le blanc vanille) sont assortis avec pr\u00e9cision gr\u00e2ce \u00e0 l'utilisation de la technologie de l'eau.\u00a0<strong>Syst\u00e8me de gestion des couleurs Pantone<\/strong>\u00a0pour cr\u00e9er un sentiment de luxe et d'anticipation lors de l'ouverture de la bo\u00eete.<\/p>\n<h3 id=\"-2-material-innovation-performance-symphony-of-coated-paper-and-grey-board-\"><strong>2. Innovation en mati\u00e8re de mat\u00e9riaux : La symphonie des performances du papier couch\u00e9 et du carton gris<\/strong><\/h3>\n<p>-\u00a0<strong>Substrat de la bo\u00eete externe<\/strong>: Le papier couch\u00e9 157g est\u00a0<strong>trait\u00e9 avec un vernis UV double face<\/strong>avec une augmentation de la r\u00e9sistance au frottement de 60% et une r\u00e9sistance au pliage multipli\u00e9e par 300 sans fissure ;<\/p>\n<p>-\u00a0<strong>Structure de la doublure int\u00e9rieure<\/strong>: Panneau gris de 3 mm d'\u00e9paisseur adoptant\u00a0<strong>proc\u00e9d\u00e9 de pressage du carton nid d'abeille<\/strong>avec une r\u00e9sistance \u00e0 la compression de 8kg\/cm\u00b2, qui peut supporter l'empilage et le transport de plusieurs couches ;<\/p>\n<p>-\u00a0<strong>Pr\u00e9cision de l'impression<\/strong>: Le\u00a0<strong>Presse offset UV Heidelberg 7 couleurs<\/strong>\u00a0atteint une reproduction des couleurs de \u0394E\u22641,5, et\u00a0<strong>s\u00e9rigraphie partielle<\/strong>\u00a0est utilis\u00e9 pour distinguer les tons de caf\u00e9 d\u00e9grad\u00e9s.<\/p>\n<h3 id=\"-3-personalization-empowerment-modular-accessories-and-dynamic-design-\"><strong>3. Personnalisation : accessoires modulaires et conception dynamique<\/strong><\/h3>\n<p>-\u00a0<strong>D\u00e9coration amovible<\/strong>: Fournir\u00a0<strong>\u00e9tiquette magn\u00e9tique en chocolat<\/strong>,\u00a0<strong>insert de gla\u00e7age rempla\u00e7able<\/strong>\u00a0et d'autres accessoires, la personnalisation du LOGO de la marque est possible (taille minimale de traitement de 3 mm) ;<\/p>\n<p>-\u00a0<strong>Structure dynamique<\/strong>: Le couvercle de la bo\u00eete est \u00e9quip\u00e9 d'un\u00a0<strong>dispositif de charni\u00e8re \u00e0 ressort<\/strong>qui sort automatiquement la bo\u00eete int\u00e9rieure lors de l'ouverture et de la fermeture, et est \u00e9quip\u00e9 d'un syst\u00e8me d'ouverture et de fermeture de la bo\u00eete int\u00e9rieure.\u00a0<strong>Bande lumineuse LED<\/strong>\u00a0(facultatif) pour illuminer l'atmosph\u00e8re festive ;<\/p>\n<p>-\u00a0<strong>Adaptation de la sc\u00e8ne<\/strong>: Lancer des ensembles d'accessoires th\u00e9matiques (tels que des aimants en forme de bonhomme de neige, des feuilles d'or rose) pour les f\u00eates telles que No\u00ebl et la Saint-Valentin afin de renforcer le sentiment de rituel de la f\u00eate.<\/p>\n<h3 id=\"-4-full-link-customization-precise-control-from-concept-to-implementation-\"><strong>4. Personnalisation compl\u00e8te du lien : contr\u00f4le pr\u00e9cis de la conception \u00e0 la mise en \u0153uvre<\/strong><\/h3>\n<p>-\u00a0<strong>Flexibilit\u00e9 de la taille<\/strong>: supporte un minimum de 8cm\u00d78cm (bo\u00eete \u00e0 macarons) \u00e0 un maximum de 30cm\u00d720cm (bo\u00eete \u00e0 g\u00e2teaux multicouches), l'\u00e9paisseur peut \u00eatre personnalis\u00e9e de 0,8 \u00e0 5cm ; - : permet d'utiliser des bo\u00eetes \u00e0 macarons et des bo\u00eetes \u00e0 g\u00e2teaux multicouches.\u00a0<strong>Innovation structurelle<\/strong>: D\u00e9velopper 12 structures de glissi\u00e8res brevet\u00e9es (telles que la stratification rotative, le verrouillage magn\u00e9tique du mot de passe), compatibles avec la mise en place de desserts de forme sp\u00e9ciale ; -\u00a0<strong>R\u00e9ponse rapide<\/strong>: La mod\u00e9lisation 3D et l'\u00e9preuvage sont r\u00e9alis\u00e9s en 8 heures et le cycle de production de masse est ramen\u00e9 \u00e0 12-15 jours.<\/p>\n<h3 id=\"-5-pull-out-design-a-double-breakthrough-in-ritual-sense-and-practicality-\"><strong>5. Conception coulissante : une double avanc\u00e9e en mati\u00e8re de sens rituel et de praticit\u00e9<\/strong><\/h3>\n<p>Adopter\u00a0<strong>syst\u00e8me de glissi\u00e8res silencieuses \u00e0 trois voies<\/strong>\u00a0pour obtenir un arrachage en douceur sous une charge de 0,5 kg :<\/p>\n<p>-\u00a0<strong>Structure m\u00e9canique<\/strong>: int\u00e9gr\u00e9\u00a0<strong>roulement \u00e0 billes en acier inoxydable<\/strong>Dur\u00e9e d'arrachement \u22655000 fois sans blocage ;<\/p>\n<p>-\u00a0<strong>Protection contre les chocs<\/strong>: set\u00a0<strong>Couche tampon en nid d'abeille EVA<\/strong>\u00a0dans la bo\u00eete, avec un taux d'absorption des vibrations de 90% ;<\/p>\n<p>-\u00a0<strong>Surprise visuelle<\/strong>: Par\u00a0<strong>conception de tiroirs \u00e0 double couche<\/strong>L'effet de pr\u00e9sentation en couches \"d\u00e9coration expos\u00e9e + produit principal cach\u00e9\" est ainsi obtenu.<\/p>\n<h3 id=\"-6-expert-team-from-demand-insight-to-solution-implementation-\"><strong>6. \u00c9quipe d'experts : de l'analyse de la demande \u00e0 la mise en \u0153uvre de la solution<\/strong><\/h3>\n<p>Une \u00e9quipe sp\u00e9ciale compos\u00e9e de 5 concepteurs d'emballages ayant plus de 10 ans d'exp\u00e9rience fournit :<\/p>\n<p>-\u00a0<strong>Communication approfondie<\/strong>S\u00e9minaires en ligne : 2 s\u00e9minaires en ligne par semaine, synchronisation en temps r\u00e9el des avis de modification des projets de conception ;<\/p>\n<p>-\u00a0<strong>Syst\u00e8me de pr\u00e9visualisation 3D<\/strong>: Les clients peuvent pr\u00e9visualiser l'effet de d\u00e9ploiement de la bo\u00eete cadeau gr\u00e2ce \u00e0 la technologie AR.\u00a0<strong>Ajustement des d\u00e9tails sur 360<\/strong>;<\/p>\n<p>-\u00a0<strong>Protection des brevets<\/strong>: Fournir des services de demande de brevet d'apparence pour garantir l'exclusivit\u00e9 de la solution de conception (voir la biblioth\u00e8que de brevets sur les bo\u00eetes \u00e0 dessert).<\/p>\n<h3 id=\"-7-smart-manufacturing-foundation-16-year-factory-s-hard-core-strength-\"><strong>7. Une base de fabrication intelligente : La force de frappe d'une usine vieille de 16 ans<\/strong><\/h3>\n<p>-\u00a0<strong>Matrice des \u00e9quipements<\/strong>: \u00c9quip\u00e9e de 18 \u00e9quipements internationaux tels que la presse \u00e0 imprimer Manroland R700 \u00e0 cinq couleurs, la presse Heidelberg Speedmaster CS92 \u00e0 quatre couleurs, avec une vitesse d'impression de 15 000 feuilles\/heure ;<\/p>\n<p>-\u00a0<strong>Contr\u00f4le des processus<\/strong>: Certifi\u00e9 ISO 9001\/BRCGS, chaque lot de produits est soumis \u00e0 12 contr\u00f4les de qualit\u00e9 (diff\u00e9rence de couleur\/compression\/test de chute) ;<\/p>\n<p>-\u00a0<strong>Garantie de capacit\u00e9<\/strong>: Capacit\u00e9 de production journali\u00e8re de 150 000 pi\u00e8ces, soutien \u00e0 la production de masse de 500 pi\u00e8ces \u00e0 un million de pi\u00e8ces, et livraison acc\u00e9l\u00e9r\u00e9e en 24 heures des commandes urgentes.<\/p>","protected":false},"excerpt":{"rendered":"<p><strong>ZOJO Print | Sp\u00e9cialiste des bo\u00eetes \u00e0 glissi\u00e8res rigides pour desserts de f\u00eates--Interpr\u00e9ter le sens du rituel sucr\u00e9 gr\u00e2ce \u00e0 l'artisanat<\/strong><\/p>\n<p>Dans le domaine des cadeaux de No\u00ebl, l'emballage n'est pas seulement le gardien du produit, mais aussi le vecteur de la transmission \u00e9motionnelle. ZOJO Print est profond\u00e9ment impliqu\u00e9 dans le domaine de l'emballage haut de gamme depuis 16 ans, se concentrant sur la cr\u00e9ation de solutions de bo\u00eetes \u00e0 glissi\u00e8res rigides pr\u00e9sentant \u00e0 la fois une valeur esth\u00e9tique et une fonctionnalit\u00e9 pour les marques de desserts.<\/p>","protected":false},"featured_media":9804,"template":"","meta":[],"product_brand":[],"product_cat":[30,422,31,426],"product_tag":[1277,1275,1276],"class_list":{"0":"post-9791","1":"product","2":"type-product","3":"status-publish","4":"has-post-thumbnail","6":"product_cat-by-industry","7":"product_cat-custom-gourmet-boxes-by-industry","8":"product_cat-paper-box-style","9":"product_cat-paper-drawer-boxes","10":"product_tag-box-packaging-supplier","11":"product_tag-dessert-rigid-slider-box","12":"product_tag-slider-box-packaging","14":"first","15":"instock","16":"shipping-taxable","17":"product-type-simple"},"_links":{"self":[{"href":"https:\/\/zojopackaging.com\/fr\/wp-json\/wp\/v2\/product\/9791","targetHints":{"allow":["GET"]}}],"collection":[{"href":"https:\/\/zojopackaging.com\/fr\/wp-json\/wp\/v2\/product"}],"about":[{"href":"https:\/\/zojopackaging.com\/fr\/wp-json\/wp\/v2\/types\/product"}],"version-history":[{"count":1,"href":"https:\/\/zojopackaging.com\/fr\/wp-json\/wp\/v2\/product\/9791\/revisions"}],"predecessor-version":[{"id":9806,"href":"https:\/\/zojopackaging.com\/fr\/wp-json\/wp\/v2\/product\/9791\/revisions\/9806"}],"wp:featuredmedia":[{"embeddable":true,"href":"https:\/\/zojopackaging.com\/fr\/wp-json\/wp\/v2\/media\/9804"}],"wp:attachment":[{"href":"https:\/\/zojopackaging.com\/fr\/wp-json\/wp\/v2\/media?parent=9791"}],"wp:term":[{"taxonomy":"product_brand","embeddable":true,"href":"https:\/\/zojopackaging.com\/fr\/wp-json\/wp\/v2\/product_brand?post=9791"},{"taxonomy":"product_cat","embeddable":true,"href":"https:\/\/zojopackaging.com\/fr\/wp-json\/wp\/v2\/product_cat?post=9791"},{"taxonomy":"product_tag","embeddable":true,"href":"https:\/\/zojopackaging.com\/fr\/wp-json\/wp\/v2\/product_tag?post=9791"}],"curies":[{"name":"wp","href":"https:\/\/api.w.org\/{rel}","templated":true}]}}