{"id":9793,"date":"2025-04-03T20:55:57","date_gmt":"2025-04-03T12:55:57","guid":{"rendered":"https:\/\/zojopackaging.com\/?post_type=product&#038;p=9793"},"modified":"2025-04-03T21:16:50","modified_gmt":"2025-04-03T13:16:50","slug":"custom-cylinder-perfume-box-paper-tube-packaging-design","status":"publish","type":"product","link":"https:\/\/zojopackaging.com\/fr\/product\/custom-cylinder-perfume-box-paper-tube-packaging-design\/","title":{"rendered":"Bo\u00eete \u00e0 parfum cylindrique en papier Design de l'emballage du tube en papier"},"content":{"rendered":"<h2 id=\"-1-innovative-structural-design-upper-and-lower-covers-are-separated-and-safety-protection-is-upgraded-\"><strong>1. Conception structurelle innovante : les couvercles sup\u00e9rieur et inf\u00e9rieur sont s\u00e9par\u00e9s et la protection de la s\u00e9curit\u00e9 est am\u00e9lior\u00e9e.<\/strong><\/h2>\n<p>Cette bo\u00eete \u00e0 parfum cylindrique adopte une\u00a0<strong>structure s\u00e9par\u00e9e des couvercles sup\u00e9rieur et inf\u00e9rieur<\/strong>. Gr\u00e2ce \u00e0 la conception pr\u00e9cise du couvercle et du fond de la bo\u00eete, l'impact de la force externe pendant le transport est uniform\u00e9ment dispers\u00e9. La doublure est faite d'EVA ou d'un mat\u00e9riau de rembourrage en \u00e9ponge, combin\u00e9 avec le processus fran\u00e7ais d'embo\u00eetement du fond de la bo\u00eete pour garantir que le flacon de parfum est prot\u00e9g\u00e9 contre l'\u00e9crasement ou la collision pendant le transport. Le corps de la bo\u00eete utilise un tube en carton blanc ou en papier kraft respectueux de l'environnement d'une \u00e9paisseur de 1 \u00e0 2 mm, qui pr\u00e9sente \u00e0 la fois une rigidit\u00e9 et une r\u00e9sistance \u00e0 la compression, et dont les performances en mati\u00e8re de protection sont v\u00e9rifi\u00e9es par un test de chute conforme \u00e0 la norme ISO.<\/p>\n<h2 id=\"-2-luxurious-craftsmanship-presentation-hot-stamping-and-silver-stamping-details-highlight-quality-\"><strong>2. Pr\u00e9sentation artisanale luxueuse : marquage \u00e0 chaud et marquage argent\u00e9, les d\u00e9tails soulignent la qualit\u00e9.<\/strong><\/h2>\n<p>Adopter\u00a0<strong>technologie de marquage \u00e0 chaud\/argent de niveau nanom\u00e9trique<\/strong>Gr\u00e2ce \u00e0 ce proc\u00e9d\u00e9, le LOGO, le motif ou le microtexte de la marque sont reproduits avec pr\u00e9cision, avec une r\u00e9solution pouvant atteindre 0,1 mm, et la touche tridimensionnelle du lustre m\u00e9tallique peut \u00eatre pr\u00e9sent\u00e9e m\u00eame dans les textes de petite taille ou les motifs complexes. Associ\u00e9 \u00e0 des technologies de traitement de surface telles que le vernissage UV et le pelliculage mat, il am\u00e9liore la r\u00e9sistance \u00e0 l'usure et les niveaux de lumi\u00e8re et d'ombre, ce qui conf\u00e8re \u00e0 l'emballage une grande stabilit\u00e9.\u00a0<strong>texture au niveau du bijou<\/strong>. Par exemple, le proc\u00e9d\u00e9 classique d'estampage \u00e0 chaud de Chanel peut \u00eatre int\u00e9gr\u00e9 dans la conception pour reproduire la tension artistique du style baroque.<\/p>\n<h2 id=\"-3-all-round-customization-service-deep-adaptation-from-size-to-brand-genes-\"><strong>3. Service de personnalisation complet : adaptation approfondie de la taille aux g\u00e8nes de la marque<\/strong><\/h2>\n<ul>\n<li><strong>Adaptation pr\u00e9cise de la taille<\/strong>: Obtenir les donn\u00e9es du flacon de parfum gr\u00e2ce \u00e0 la technologie de num\u00e9risation 3D, et personnaliser le corps de la bo\u00eete en combinaison avec l'instrument de mesure de la d\u00e9viation de l'axe vertical (erreur \u2264 0,05mm) pour garantir un \u00e9cart nul entre le corps du flacon et la doublure.<\/li>\n<li><strong>S\u00e9lection flexible des mat\u00e9riaux<\/strong>: Fournit du papier d'art 157g, du papier perl\u00e9, du papier de th\u00e9 et d'autres 10+ mat\u00e9riaux respectueux de l'environnement, prend en charge le laminage mat\/brillant, le gaufrage et d'autres plus de 20 processus de surface.<\/li>\n<li><strong>Conception libre de couleurs et de motifs<\/strong>: L'impression Pantone en tons directs, la superposition de couleurs d\u00e9grad\u00e9es, le vernis UV local, et l'int\u00e9gration de la peinture \u00e0 l'encre orientale, de la d\u00e9construction g\u00e9om\u00e9trique et d'autres styles, comme la s\u00e9rie d'illustrations de plantes du studio sud-cor\u00e9en DERRICK LIN, transforment l'exp\u00e9rience de l'unboxing en un r\u00e9cit de marque.<\/li>\n<\/ul>\n<h2 id=\"-4-personalized-creative-extension-fusion-of-accessories-and-functions-\"><strong>4. Extension cr\u00e9ative personnalis\u00e9e : fusion des accessoires et des fonctions<\/strong><\/h2>\n<ul>\n<li><strong>Accessoires d\u00e9coratifs<\/strong>: Vous pouvez ajouter des \u00e9l\u00e9ments tels que des n\u0153uds de ruban, des pendentifs dor\u00e9s, des fen\u00eatres en acrylique, etc., comme le bouchon de bouteille en \u00e9mail d\u00e9grad\u00e9 de la bo\u00eete de Xiangfuer Hongyan, qui refl\u00e8te un luxe personnalis\u00e9.<\/li>\n<li><strong>Conception multifonctionnelle<\/strong>: Le couvercle de la bo\u00eete peut \u00eatre dot\u00e9 d'une ouverture et d'une fermeture magn\u00e9tiques, de boucles cach\u00e9es ou \u00eatre int\u00e9gr\u00e9 dans la zone d'\u00e9tiquetage du code QR afin de remplir la double fonction de lutte contre la contrefa\u00e7on et de marketing interactif.<\/li>\n<\/ul>","protected":false},"excerpt":{"rendered":"<ul>\n<li><strong>Communication sur l'ensemble du processus<\/strong>: De la r\u00e9ception de la demande \u00e0 la confirmation de l'\u00e9preuve, nous disposons de chefs de projet et de concepteurs exclusifs qui prennent en charge la pr\u00e9visualisation de la mod\u00e9lisation en 3D et la livraison d'\u00e9chantillons physiques, afin de garantir que la conception est 100% conforme au ton de la marque.<\/li>\n<li><strong>Garantie technique<\/strong>: Gr\u00e2ce au syst\u00e8me de gestion ERP et \u00e0 l'\u00e9quipement d'impression offset de haute pr\u00e9cision, nous pouvons r\u00e9aliser un contr\u00f4le qualit\u00e9 complet de la conception \u00e0 la production, raccourcir le cycle de livraison de 30% et r\u00e9duire le taux de d\u00e9fectuosit\u00e9 \u00e0 moins de 0,5%.<\/li>\n<li><strong>Appui aux cas<\/strong>: Au service de plus de 5 000 marques connues dans le monde entier, comme la bo\u00eete de style baroque de la s\u00e9rie Chance Encounter de Chanel et le design creux g\u00e9om\u00e9trique ottoman du designer turc Cansu Merdamert, qui ont tous deux \u00e9t\u00e9 tr\u00e8s appr\u00e9ci\u00e9s par le march\u00e9.<\/li>\n<\/ul>","protected":false},"featured_media":9796,"template":"","meta":[],"product_brand":[],"product_cat":[30,417,31,429],"product_tag":[498,337,1278],"class_list":{"0":"post-9793","1":"product","2":"type-product","3":"status-publish","4":"has-post-thumbnail","6":"product_cat-by-industry","7":"product_cat-custom-perfume-boxes-by-industry","8":"product_cat-paper-box-style","9":"product_cat-paper-tube-boxes","10":"product_tag-custom-perfume-packaging","11":"product_tag-perfume-box","12":"product_tag-perfume-paper-tube","14":"first","15":"instock","16":"shipping-taxable","17":"product-type-grouped"},"_links":{"self":[{"href":"https:\/\/zojopackaging.com\/fr\/wp-json\/wp\/v2\/product\/9793","targetHints":{"allow":["GET"]}}],"collection":[{"href":"https:\/\/zojopackaging.com\/fr\/wp-json\/wp\/v2\/product"}],"about":[{"href":"https:\/\/zojopackaging.com\/fr\/wp-json\/wp\/v2\/types\/product"}],"version-history":[{"count":1,"href":"https:\/\/zojopackaging.com\/fr\/wp-json\/wp\/v2\/product\/9793\/revisions"}],"predecessor-version":[{"id":9814,"href":"https:\/\/zojopackaging.com\/fr\/wp-json\/wp\/v2\/product\/9793\/revisions\/9814"}],"wp:featuredmedia":[{"embeddable":true,"href":"https:\/\/zojopackaging.com\/fr\/wp-json\/wp\/v2\/media\/9796"}],"wp:attachment":[{"href":"https:\/\/zojopackaging.com\/fr\/wp-json\/wp\/v2\/media?parent=9793"}],"wp:term":[{"taxonomy":"product_brand","embeddable":true,"href":"https:\/\/zojopackaging.com\/fr\/wp-json\/wp\/v2\/product_brand?post=9793"},{"taxonomy":"product_cat","embeddable":true,"href":"https:\/\/zojopackaging.com\/fr\/wp-json\/wp\/v2\/product_cat?post=9793"},{"taxonomy":"product_tag","embeddable":true,"href":"https:\/\/zojopackaging.com\/fr\/wp-json\/wp\/v2\/product_tag?post=9793"}],"curies":[{"name":"wp","href":"https:\/\/api.w.org\/{rel}","templated":true}]}}