{"id":9807,"date":"2025-04-03T21:07:55","date_gmt":"2025-04-03T13:07:55","guid":{"rendered":"https:\/\/zojopackaging.com\/?post_type=product&#038;p=9807"},"modified":"2025-04-03T21:19:19","modified_gmt":"2025-04-03T13:19:19","slug":"customized-paper-pre-roll-packaging-drawer-box-manufacturer","status":"publish","type":"product","link":"https:\/\/zojopackaging.com\/fr\/product\/customized-paper-pre-roll-packaging-drawer-box-manufacturer\/","title":{"rendered":"Bo\u00eete \u00e0 tiroir d'emballage en papier pr\u00e9-enroul\u00e9 fabriqu\u00e9e sur mesure"},"content":{"rendered":"<h3 id=\"-1-convenient-pull-out-design-ribbon-slides-open-and-enjoy-\"><strong>1. Conception pratique : le ruban coulisse, s'ouvre et s'appr\u00e9cie.<\/strong><\/h3>\n<p>Adopter\u00a0<strong>syst\u00e8me de glissi\u00e8res silencieuses \u00e0 double voie<\/strong>Les consommateurs n'ont pas besoin d'op\u00e9rations compliqu\u00e9es, il suffit de tirer pour sortir compl\u00e8tement le produit, et l'ouverture et la fermeture se font en douceur. Les consommateurs n'ont pas besoin d'op\u00e9rations compliqu\u00e9es, il suffit de tirer pour sortir compl\u00e8tement le produit, et l'ouverture et la fermeture se font en douceur.<\/p>\n<h3 id=\"-2-intelligent-partition-partition-classification-identification-improve-efficiency-\"><strong>2. Partition intelligente : identification de la classification, am\u00e9lioration de l'efficacit\u00e9<\/strong><\/h3>\n<p>La bo\u00eete est \u00e9quip\u00e9e de\u00a0<strong>cloison magn\u00e9tique amovible<\/strong>qui permet une division libre de 6 \u00e0 12 positions ind\u00e9pendantes. La surface de la cloison peut \u00eatre imprim\u00e9e avec des informations cl\u00e9s telles que le nom du produit, la teneur en THC\/CBD, etc.\u00a0<strong>Proc\u00e9d\u00e9 de gaufrage partiel aux UV<\/strong>Le texte est clairement identifiable. Les consommateurs peuvent rapidement localiser le produit cible en fonction de leurs besoins, et l'efficacit\u00e9 de l'achat est am\u00e9lior\u00e9e par 40%<\/p>\n<h3 id=\"-3-environmentally-friendly-material-performance-symphony-of-coated-paper-gray-board-\"><strong>3. Mat\u00e9riau respectueux de l'environnement : Symphonie performante de papier couch\u00e9 + carton gris<\/strong><\/h3>\n<p>-\u00a0<strong>Substrat de la bo\u00eete ext\u00e9rieure<\/strong>:\u00a0<strong>Papier couch\u00e9 157g<\/strong>\u00a0est s\u00e9lectionn\u00e9, et apr\u00e8s laminage double face, la r\u00e9sistance au frottement atteint le niveau 4 (norme ISO 12647), et la r\u00e9sistance \u00e0 la compression est augment\u00e9e de 50% ;<\/p>\n<p>-\u00a0<strong>Structure de la doublure int\u00e9rieure<\/strong>:\u00a0<strong>Carte blanche 300g + carton gris processus composite<\/strong>\u00a0est adopt\u00e9, et la performance de r\u00e9sistance \u00e0 l'humidit\u00e9 est am\u00e9lior\u00e9e par 70%, tout en maintenant la plan\u00e9it\u00e9 du corps de la bo\u00eete ;<\/p>\n<p>-\u00a0<strong>Garantie d'\u00e9tanch\u00e9it\u00e9<\/strong>: Le couvercle et le corps de la bo\u00eete adoptent une structure en ruban pour garantir la conformit\u00e9 de l'\u00e9tanch\u00e9it\u00e9 pendant le transport.<\/p>\n<h3 id=\"-4-visual-psychology-brand-expression-in-color-collision-\"><strong>4. Psychologie visuelle : L'expression de la marque dans la collision des couleurs<\/strong><\/h3>\n<p>Avec\u00a0<strong>orange vif + vert frais<\/strong>\u00a0La combinaison contrast\u00e9e des couleurs Pantone 16-1364 TCX (orange vibrant) et 16-5938 TCX (vert naturel) donne un ton plus jeune et plus sain \u00e0 la marque. La doublure verte forme un \u00e9cho visuel avec le LOGO, et le ruban rose est la touche finale pour adoucir le ton g\u00e9n\u00e9ral et cr\u00e9er un point de m\u00e9moire visuel \"vibrant mais \u00e9l\u00e9gant\".<\/p>\n<h3 id=\"-5-design-empowerment-precise-implementation-from-concept-to-mass-production-\"><strong>5. Autonomisation de la conception : mise en \u0153uvre pr\u00e9cise du concept \u00e0 la production de masse<\/strong><\/h3>\n<p>L'\u00e9quipe dirig\u00e9e par trois concepteurs d'emballages seniors propose trois services personnalis\u00e9s majeurs : -\u00a0<strong>Innovation structurelle<\/strong>: D\u00e9veloppement de 12 structures de tiroirs brevet\u00e9es (telles que des couches rotatives, des serrures \u00e0 mot de passe), compatibles avec des produits de forme sp\u00e9ciale ;<\/p>\n<p>-\u00a0<strong>Optimisation interactive<\/strong>: Int\u00e9grer une puce NFC (en option), scanner le code pour obtenir des informations sur la tra\u00e7abilit\u00e9 du produit et sur la marque ;<\/p>\n<p>-\u00a0<strong>It\u00e9ration rapide<\/strong>: Prise en charge de la pr\u00e9visualisation en temps r\u00e9el de la mod\u00e9lisation 3D, et confirmation du plan de conception dans les 8 heures.<\/p>\n<h3 id=\"-6-smart-manufacturing-system-16-year-factory-hardcore-guarantee-\"><strong>6. Syst\u00e8me de fabrication intelligent : garantie de 16 ans sur le mat\u00e9riel d'origine de l'usine<\/strong><\/h3>\n<p>-\u00a0<strong>Matrice des \u00e9quipements<\/strong>: \u00c9quip\u00e9 de 18 \u00e9quipements internationaux tels que la presse Manroland R700 \u00e0 cinq couleurs, la presse offset UV Heidelberg \u00e0 7 couleurs, avec une pr\u00e9cision d'impression de 1200 dpi\u00a0<strong>Normes de contr\u00f4le de la qualit\u00e9<\/strong>: Certification ISO 9001\/BRCGS r\u00e9ussie, chaque lot de produits subit 12 contr\u00f4les de qualit\u00e9 (diff\u00e9rence de couleur \u0394E\u22641,5, r\u00e9sistance \u00e0 la compression \u2265300N) ; -\u00a0<strong>Configuration des capacit\u00e9s<\/strong>: Capacit\u00e9 de production quotidienne de 200 000 pi\u00e8ces, prise en charge des commandes de 500 pi\u00e8ces jusqu'\u00e0 la production de masse d'un million de pi\u00e8ces, et livraison des commandes urgentes dans les 24 heures.<\/p>\n<h3 id=\"-7-value-commitment-triple-balance-of-quality-efficiency-and-cost-\"><strong>7. Engagement de valeur : triple \u00e9quilibre entre la qualit\u00e9, l'efficacit\u00e9 et le co\u00fbt<\/strong><\/h3>\n<p>-\u00a0<strong>Optimisation des co\u00fbts<\/strong>: L'adoption d'un syst\u00e8me de composition num\u00e9rique permet de r\u00e9duire le taux de perte de mat\u00e9riel \u00e0 moins de 3%, ce qui repr\u00e9sente une \u00e9conomie de 15% par rapport au processus traditionnel ;<\/p>\n<p>-\u00a0<strong>R\u00e9ponse agile<\/strong>: Syst\u00e8me logistique \u00e0 double entrep\u00f4t en Chine orientale et en Chine m\u00e9ridionale, acc\u00e8s direct dans tout le pays pendant 48 heures ;<\/p>\n<p>-\u00a0<strong>Service de longue dur\u00e9e<\/strong>: Assurer la gestion du cycle de vie des emballages, y compris l'alerte sur les stocks, le plan de r\u00e9approvisionnement et le plan de recyclage des vieux cartons.<\/p>","protected":false},"excerpt":{"rendered":"<p><strong>ZOJO Print | Customized Paper Pre-roll Packaging Drawer Box Expert - Renforcer la valeur de la marque gr\u00e2ce \u00e0 un design ing\u00e9nieux<\/strong><\/p>\n<p>Sur le march\u00e9 de la consommation, qui \u00e9volue rapidement, l'emballage des produits Pre-roll doit non seulement r\u00e9pondre \u00e0 des besoins fonctionnels, mais aussi transmettre le ton de la marque par le biais du design, afin d'am\u00e9liorer l'exp\u00e9rience de l'utilisateur. ZOJO Print est profond\u00e9ment impliqu\u00e9 dans le domaine de l'emballage depuis 16 ans, se concentrant sur la cr\u00e9ation de bo\u00eetes \u00e0 tiroirs Pre-roll en papier pr\u00e9sentant \u00e0 la fois une valeur pratique et esth\u00e9tique pour des marques telles que le CBD et les e-cigarettes.<\/p>","protected":false},"featured_media":9811,"template":"","meta":[],"product_brand":[],"product_cat":[30,420,31,426],"product_tag":[1279,1281,1280],"class_list":{"0":"post-9807","1":"product","2":"type-product","3":"status-publish","4":"has-post-thumbnail","6":"product_cat-by-industry","7":"product_cat-custom-cannabis-boxes","8":"product_cat-paper-box-style","9":"product_cat-paper-drawer-boxes","10":"product_tag-customized-paper-pre-roll-packaging","11":"product_tag-pre-roll-packaging","12":"product_tag-pre-roll-packaging-drawer-box","14":"first","15":"instock","16":"shipping-taxable","17":"product-type-simple"},"_links":{"self":[{"href":"https:\/\/zojopackaging.com\/fr\/wp-json\/wp\/v2\/product\/9807","targetHints":{"allow":["GET"]}}],"collection":[{"href":"https:\/\/zojopackaging.com\/fr\/wp-json\/wp\/v2\/product"}],"about":[{"href":"https:\/\/zojopackaging.com\/fr\/wp-json\/wp\/v2\/types\/product"}],"version-history":[{"count":1,"href":"https:\/\/zojopackaging.com\/fr\/wp-json\/wp\/v2\/product\/9807\/revisions"}],"predecessor-version":[{"id":9822,"href":"https:\/\/zojopackaging.com\/fr\/wp-json\/wp\/v2\/product\/9807\/revisions\/9822"}],"wp:featuredmedia":[{"embeddable":true,"href":"https:\/\/zojopackaging.com\/fr\/wp-json\/wp\/v2\/media\/9811"}],"wp:attachment":[{"href":"https:\/\/zojopackaging.com\/fr\/wp-json\/wp\/v2\/media?parent=9807"}],"wp:term":[{"taxonomy":"product_brand","embeddable":true,"href":"https:\/\/zojopackaging.com\/fr\/wp-json\/wp\/v2\/product_brand?post=9807"},{"taxonomy":"product_cat","embeddable":true,"href":"https:\/\/zojopackaging.com\/fr\/wp-json\/wp\/v2\/product_cat?post=9807"},{"taxonomy":"product_tag","embeddable":true,"href":"https:\/\/zojopackaging.com\/fr\/wp-json\/wp\/v2\/product_tag?post=9807"}],"curies":[{"name":"wp","href":"https:\/\/api.w.org\/{rel}","templated":true}]}}