{"id":9815,"date":"2025-04-03T21:17:05","date_gmt":"2025-04-03T13:17:05","guid":{"rendered":"https:\/\/zojopackaging.com\/?post_type=product&#038;p=9815"},"modified":"2025-04-03T21:31:58","modified_gmt":"2025-04-03T13:31:58","slug":"wholesale-custom-luxury-watch-case-box-supplier-with-insert","status":"publish","type":"product","link":"https:\/\/zojopackaging.com\/fr\/product\/wholesale-custom-luxury-watch-case-box-supplier-with-insert\/","title":{"rendered":"Wholesale Custom Luxury Watch Case Box Supplier with Insert"},"content":{"rendered":"<h2 id=\"-1-combination-of-design-aesthetics-and-functionality-blue-white-and-gray-luxury-drawer-box-\"><strong>1. Combinaison de l'esth\u00e9tique et de la fonctionnalit\u00e9 : bo\u00eete \u00e0 tiroirs de luxe bleue, blanche et grise.<\/strong><\/h2>\n<p>Ce produit adopte la combinaison classique des couleurs bleu, blanc et gris, avec des tons \u00e9l\u00e9gants et stables. Avec sa structure \u00e0 tiroirs, il est pratique pour la pr\u00e9sentation des produits et peut renforcer le sentiment de c\u00e9r\u00e9monie d'ouverture et de fermeture. La surface de la bo\u00eete est recouverte d'un papier couch\u00e9 tr\u00e8s brillant (157 GSM), qui a un toucher d\u00e9licat et est assorti d'un marquage \u00e0 chaud, d'un logo argent\u00e9 ou d'une personnalisation LOGO pour mettre en valeur le luxe et l'exquise beaut\u00e9 de la bo\u00eete. Le rail du tiroir adopte une conception magn\u00e9tique cach\u00e9e pour assurer une ouverture et une fermeture en douceur tout en \u00e9vitant le risque d'usure de la quincaillerie traditionnelle.<\/p>\n<h2 id=\"-2-high-hardness-compression-resistant-structure-1200-gsm-gray-board-coated-paper-composite-process-\"><strong>2. Structure r\u00e9sistante \u00e0 la compression de haute duret\u00e9 : carton gris 1200 GSM + papier d'art couch\u00e9 proc\u00e9d\u00e9 composite<\/strong><\/h2>\n<p>Le corps de la bo\u00eete utilise du carton gris haute densit\u00e9 1200 GSM comme mat\u00e9riau de base, et la couche ext\u00e9rieure est compos\u00e9e de papier d'art couch\u00e9 157 GSM, et une structure de bo\u00eete solide est form\u00e9e par un processus de pressage \u00e0 haute temp\u00e9rature. L'int\u00e9rieur est soutenu par du carton en nid d'abeille ou des nervures de renforcement en EVA, avec une r\u00e9sistance \u00e0 la compression de plus de 50 kg, ce qui permet de r\u00e9sister efficacement \u00e0 l'extrusion et aux collisions pendant le transport. Le couvercle sup\u00e9rieur et inf\u00e9rieur ou la conception de la bo\u00eete en forme de livre am\u00e9liorent encore les performances de scellage et conviennent au transport sur de longues distances, comme le transport maritime et a\u00e9rien.<\/p>\n<h2 id=\"-3-exclusive-die-cut-lining-precision-protection-and-brand-display-\"><strong>3. Doublure exclusive d\u00e9coup\u00e9e \u00e0 l'emporte-pi\u00e8ce : protection de pr\u00e9cision et affichage de la marque<\/strong><\/h2>\n<p>La doublure est fabriqu\u00e9e en \u00e9ponge haute densit\u00e9 ou en flanelle \u00e9cologique, d\u00e9coup\u00e9e avec pr\u00e9cision par des moules \u00e0 commande num\u00e9rique CNC pour s'adapter parfaitement aux contours des montres et des accessoires (tels que les bracelets, les outils, etc.). La structure en couches peut \u00eatre con\u00e7ue en fonction des besoins du client :<\/p>\n<ul>\n<li><strong>Couche sup\u00e9rieure<\/strong>Zone d'affichage : avec un support acrylique transparent pour fixer la montre, visibilit\u00e9 \u00e0 360\u00b0 ;<\/li>\n<li><strong>Couche interm\u00e9diaire<\/strong>compartiment \u00e0 accessoires : compartiment \u00e0 tiroirs, rangement s\u00e9par\u00e9 des sangles, des cartes de garantie, etc ;<\/li>\n<li><strong>Couche inf\u00e9rieure<\/strong>La couche tampon antichoc, la mousse \u00e0 m\u00e9moire de forme ou l'EVA floqu\u00e9 sont utilis\u00e9s pour \u00e9viter les secousses.<\/li>\n<\/ul>\n<h2 id=\"-4-one-stop-service-for-foreign-trade-experience-and-efficiency-guarantee-\"><strong>4. Service unique pour le commerce ext\u00e9rieur : exp\u00e9rience et garantie d'efficacit\u00e9<\/strong><\/h2>\n<p>L'\u00e9quipe est profond\u00e9ment impliqu\u00e9e dans le domaine de l'emballage pour le commerce ext\u00e9rieur depuis 16 ans et conna\u00eet les normes du march\u00e9 en Europe, aux \u00c9tats-Unis, au Moyen-Orient et dans d'autres pays (telles que la certification FSC, les exigences de protection de l'environnement REACH). Elle fournit un service complet, de la conception \u00e0 la logistique, en passant par l'\u00e9preuvage et la production :<\/p>\n<ul>\n<li><strong>Soutien \u00e0 la conception<\/strong>: Rendu 3D et \u00e9chantillons de mat\u00e9riaux gratuits ;<\/li>\n<li><strong>Cycle de production<\/strong>: Les \u00e9chantillons sont livr\u00e9s en 2 \u00e0 3 jours et les grandes quantit\u00e9s en 7 \u00e0 114 jours (la livraison acc\u00e9l\u00e9r\u00e9e est possible) ;<\/li>\n<li><strong>Solution logistique<\/strong>: Les conditions DDP\/DAP peuvent \u00eatre fournies, int\u00e9grant la d\u00e9claration en douane et la livraison en entrep\u00f4t \u00e0 l'\u00e9tranger.<\/li>\n<\/ul>\n<h2 id=\"-5-advantages-of-the-source-factory-automated-production-capacity-and-cost-optimization-\"><strong>5. Avantages de l'usine source : capacit\u00e9 de production automatis\u00e9e et optimisation des co\u00fbts<\/strong><\/h2>\n<p>En tant qu'usine source dans la r\u00e9gion du delta de la rivi\u00e8re des Perles en Chine, elle dispose d'une base de production automatis\u00e9e de 3 000 m\u00e8tres carr\u00e9s, \u00e9quip\u00e9e de machines de d\u00e9coupe enti\u00e8rement automatiques, de lignes d'impression UV et d'\u00e9quipements d'inspection de la qualit\u00e9, atteignant une capacit\u00e9 de production journali\u00e8re de 50 000 pi\u00e8ces. Gr\u00e2ce \u00e0 un approvisionnement \u00e0 grande \u00e9chelle (fourniture directe de mati\u00e8res premi\u00e8res telles que le cuir et les panneaux gris) et \u00e0 une gestion all\u00e9g\u00e9e de la production, le prix est 15%-20% inf\u00e9rieur \u00e0 celui du march\u00e9 \u00e0 qualit\u00e9 \u00e9gale.<\/p>\n<h2 id=\"-6-deep-customization-capability-brand-personalized-solution-\"><strong>6. Capacit\u00e9 de personnalisation approfondie : Solution personnalis\u00e9e en fonction de la marque<\/strong><\/h2>\n<p>Prise en charge de la personnalisation compl\u00e8te des dimensions :<\/p>\n<ul>\n<li><strong>Taille<\/strong>: Conception flexible d'un \u00e9pitope unique \u00e0 des \u00e9pitopes multiples (4\/6\/8\/10 chiffres) ;<\/li>\n<li><strong>Artisanat<\/strong>: Plus de 20 proc\u00e9d\u00e9s sont disponibles, notamment l'estampage \u00e0 chaud, le gaufrage, la s\u00e9rigraphie, la gravure au laser, etc ;<\/li>\n<li><strong>Fonction<\/strong>: Puce de d\u00e9tection de la temp\u00e9rature et de l'humidit\u00e9 int\u00e9gr\u00e9e, \u00e9tiquette anti-contrefa\u00e7on NFC et autres modules intelligents ;<\/li>\n<li><strong>Durabilit\u00e9<\/strong>: Proposer des options respectueuses de l'environnement telles que le papier d\u00e9gradable et le cuir PU \u00e0 base de plantes.<\/li>\n<\/ul>","protected":false},"excerpt":{"rendered":"<p>Nos bo\u00eetes en papier d'emballage de montres haut de gamme adoptent un design g\u00e9om\u00e9trique d\u00e9constructionniste, qui sublime la c\u00e9r\u00e9monie d'ouverture en une exp\u00e9rience artistique. Le corps de la bo\u00eete est soigneusement s\u00e9lectionn\u00e9 avec une doublure de haute qualit\u00e9, ce qui permet une personnalisation. Chaque d\u00e9tail raconte l'histoire exclusive des \"collectionneurs de temps\", red\u00e9finissant l'\u00e9thique de l'emballage de luxe avec un luxe durable et l\u00e9ger.<\/p>","protected":false},"featured_media":9819,"template":"","meta":[],"product_brand":[],"product_cat":[30,413,31,426],"product_tag":[1284,1285,1286],"class_list":{"0":"post-9815","1":"product","2":"type-product","3":"status-publish","4":"has-post-thumbnail","6":"product_cat-by-industry","7":"product_cat-consumer-electronics-boxes","8":"product_cat-paper-box-style","9":"product_cat-paper-drawer-boxes","10":"product_tag-custom-watch-box","11":"product_tag-luxury-watch-case-box","12":"product_tag-watch-box-supplier","14":"first","15":"instock","16":"shipping-taxable","17":"product-type-grouped"},"_links":{"self":[{"href":"https:\/\/zojopackaging.com\/fr\/wp-json\/wp\/v2\/product\/9815","targetHints":{"allow":["GET"]}}],"collection":[{"href":"https:\/\/zojopackaging.com\/fr\/wp-json\/wp\/v2\/product"}],"about":[{"href":"https:\/\/zojopackaging.com\/fr\/wp-json\/wp\/v2\/types\/product"}],"version-history":[{"count":1,"href":"https:\/\/zojopackaging.com\/fr\/wp-json\/wp\/v2\/product\/9815\/revisions"}],"predecessor-version":[{"id":9831,"href":"https:\/\/zojopackaging.com\/fr\/wp-json\/wp\/v2\/product\/9815\/revisions\/9831"}],"wp:featuredmedia":[{"embeddable":true,"href":"https:\/\/zojopackaging.com\/fr\/wp-json\/wp\/v2\/media\/9819"}],"wp:attachment":[{"href":"https:\/\/zojopackaging.com\/fr\/wp-json\/wp\/v2\/media?parent=9815"}],"wp:term":[{"taxonomy":"product_brand","embeddable":true,"href":"https:\/\/zojopackaging.com\/fr\/wp-json\/wp\/v2\/product_brand?post=9815"},{"taxonomy":"product_cat","embeddable":true,"href":"https:\/\/zojopackaging.com\/fr\/wp-json\/wp\/v2\/product_cat?post=9815"},{"taxonomy":"product_tag","embeddable":true,"href":"https:\/\/zojopackaging.com\/fr\/wp-json\/wp\/v2\/product_tag?post=9815"}],"curies":[{"name":"wp","href":"https:\/\/api.w.org\/{rel}","templated":true}]}}