{"id":9823,"date":"2025-04-03T21:19:32","date_gmt":"2025-04-03T13:19:32","guid":{"rendered":"https:\/\/zojopackaging.com\/?post_type=product&#038;p=9823"},"modified":"2025-04-03T21:30:43","modified_gmt":"2025-04-03T13:30:43","slug":"custom-cannabis-pre-roll-slide-out-box-packaging-supplier","status":"publish","type":"product","link":"https:\/\/zojopackaging.com\/fr\/product\/custom-cannabis-pre-roll-slide-out-box-packaging-supplier\/","title":{"rendered":"Fournisseur d'emballage de bo\u00eetes \u00e0 glissi\u00e8re pour pr\u00e9-bulles de cannabis sur mesure"},"content":{"rendered":"<h3 id=\"-1-material-science-double-protection-of-coated-paper-grey-board-\"><strong>1. Science des mat\u00e9riaux : Double protection du papier couch\u00e9 + carton gris<\/strong><\/h3>\n<p>-\u00a0<strong>Mat\u00e9riau de base de la bo\u00eete ext\u00e9rieure<\/strong>:\u00a0<strong>Papier couch\u00e9 157g<\/strong>\u00a0est s\u00e9lectionn\u00e9, et apr\u00e8s un traitement de laminage (mat\/brillant en option), la r\u00e9sistance au frottement atteint le niveau 4, et la r\u00e9sistance \u00e0 la compression est augment\u00e9e de 50% ;<\/p>\n<p>-\u00a0<strong>Structure de la doublure int\u00e9rieure<\/strong>:\u00a0<strong>Carte blanche 300g<\/strong>\u00a0est utilis\u00e9, la performance de r\u00e9sistance \u00e0 l'humidit\u00e9 est augment\u00e9e de 70%, tout en maintenant la plan\u00e9it\u00e9 du corps de la bo\u00eete ;<\/p>\n<p>-\u00a0<strong>Certification environnementale<\/strong>: Tous les mat\u00e9riaux sont certifi\u00e9s FSC et r\u00e9pondent aux exigences de durabilit\u00e9 de Sant\u00e9 Canada pour les emballages de marijuana.<\/p>\n<h3><\/h3>\n<h3 id=\"-2-pull-out-design-the-perfect-balance-of-convenience-and-safety-\"><strong>2. Conception coulissante : l'\u00e9quilibre parfait entre commodit\u00e9 et s\u00e9curit\u00e9<\/strong><\/h3>\n<p>-\u00a0<strong>Syst\u00e8me silencieux<\/strong>: Temps d'extraction \u22655000 fois sans blocage, ouverture et fermeture en douceur augment\u00e9es de 60% ;<\/p>\n<p>-\u00a0<strong>M\u00e9canisme de protection des enfants<\/strong>:\u00a0<strong>Boucle anti-mistouch<\/strong>\u00a0(se r\u00e9f\u00e9rer \u00e0 la norme canadienne CPR) peut \u00eatre adopt\u00e9e, et une force sup\u00e9rieure \u00e0 5N est n\u00e9cessaire pour l'ouvrir, ce qui r\u00e9pond aux exigences r\u00e9glementaires du march\u00e9 nord-am\u00e9ricain ;<\/p>\n<p>-\u00a0<strong>Protection antisismique<\/strong>: Une couche tampon en carton alv\u00e9ol\u00e9 peut \u00eatre plac\u00e9e dans la bo\u00eete, avec un taux d'absorption des vibrations de 90%, et le taux de dommages dus au transport est r\u00e9duit \u00e0 moins de 0,3%.<\/p>\n<h3><\/h3>\n<h3 id=\"-3-visual-language-brand-narrative-of-color-and-pattern-\"><strong>3. Langage visuel : La narration de la marque par la couleur et le motif<\/strong><\/h3>\n<p>-\u00a0<strong>Sch\u00e9ma de couleurs<\/strong>: Les couleurs principales sont\u00a0<strong>Pantone 15-1050 TCX (Jaune brillant)<\/strong>\u00a0et\u00a0<strong>17-1456 TCX (Herm\u00e8s Orange)<\/strong>L'impression de haute pr\u00e9cision \u00e0 1200 dpi permet d'obtenir une transition en d\u00e9grad\u00e9 de 0,1 mm ;<\/p>\n<p>-\u00a0<strong>Technologie de sculpture fine<\/strong>: Local\u00a0<strong>Gaufrage UV + gravure laser<\/strong>\u00a0rend le motif clair au toucher et la performance anti-contrefa\u00e7on est am\u00e9lior\u00e9e par 40% ;<\/p>\n<p>-\u00a0<strong>Psychologie visuelle<\/strong>: La combinaison de couleurs chaudes v\u00e9hicule une tonalit\u00e9 de marque haut de gamme et vibrante, qui correspond \u00e0 la tendance esth\u00e9tique des jeunes consommateurs nord-am\u00e9ricains.<\/p>\n<h3><\/h3>\n<h3 id=\"-4-smart-partitioning-flexible-adaptation-of-modular-lining-\"><strong>4. Cloisonnement intelligent : adaptation flexible du rev\u00eatement modulaire<\/strong><\/h3>\n<p>-\u00a0<strong>Nombre d'emplacements<\/strong>Il peut \u00eatre personnalis\u00e9 en diff\u00e9rentes tailles (diam\u00e8tre de 5 \u00e0 15 mm) et convient \u00e0 divers types de cigarettes pr\u00e9roul\u00e9es ;<\/p>\n<p>-\u00a0<strong>Syst\u00e8me d'\u00e9tiquetage<\/strong>: La teneur en THC\/CBD et les \u00e9tiquettes d'ar\u00f4mes (menthe\/agrumes, par exemple) sont imprim\u00e9es sur la surface de la cloison, et la densit\u00e9 d'information est r\u00e9duite de 30% ;<\/p>\n<p>-\u00a0<strong>Conception brevet\u00e9e<\/strong>: D\u00e9velopp\u00e9\u00a0<strong>rev\u00eatement rotatif magn\u00e9tique<\/strong>L'emballage, qui permet aux consommateurs de voir le produit \u00e0 360\u00b0, a \u00e9t\u00e9 nomin\u00e9 pour le prix international du design d'emballage.<\/p>\n<h3><\/h3>\n<h3 id=\"-5-printing-technology-the-ultimate-expression-of-brand-personality-\"><strong>5. La technologie d'impression : l'expression ultime de la personnalit\u00e9 de la marque<\/strong><\/h3>\n<p>-\u00a0<strong>Matrice de processus<\/strong>: -\u00a0<strong>Marquage \u00e0 chaud<\/strong>: carte de couleur personnalis\u00e9e or rose\/champagne, diff\u00e9rence de couleur \u0394E\u22640,8 ; -\u00a0<strong>Gaufr\u00e9<\/strong>: relief tridimensionnel de 0,3 mm, toucher comme de la soie ; -\u00a0<strong>Gaufrage UV<\/strong>Traitement de surbrillance local, r\u00e9sistance \u00e0 l'usure augment\u00e9e par 50% ; - Traitement de surbrillance local, r\u00e9sistance \u00e0 l'usure augment\u00e9e par 50%\u00a0<strong>Impression num\u00e9rique<\/strong>: personnalisation de petites s\u00e9ries (commande minimale de 500 pi\u00e8ces), \u00e9preuvage de la mod\u00e9lisation 3D r\u00e9alis\u00e9 en 8 heures.<\/p>\n<h3><\/h3>\n<h3 id=\"-6-environmental-commitment-sustainable-packaging-solution-\"><strong>6. Engagement environnemental : solution d'emballage durable<\/strong><\/h3>\n<p>-\u00a0<strong>Innovation en mati\u00e8re de mat\u00e9riaux<\/strong>: utilisation\u00a0<strong>carton gris d\u00e9gradable<\/strong>\u00a0(taux de d\u00e9composition \u226590% dans les 12 semaines) et\u00a0<strong>encre \u00e0 base d'eau<\/strong>Les \u00e9missions de COV ont \u00e9t\u00e9 r\u00e9duites de 95% ;<\/p>\n<p>-\u00a0<strong>Un d\u00e9ballage pratique<\/strong>: utiliser\u00a0<strong>structure enfichable sans colle<\/strong>Les consommateurs peuvent l'ouvrir sans outils et le temps de d\u00e9ballage est r\u00e9duit de 70% ;<\/p>\n<p>-\u00a0<strong>Conception circulaire<\/strong>La bo\u00eete peut \u00eatre enti\u00e8rement recycl\u00e9e et la doublure en carton gris peut \u00eatre r\u00e9utilis\u00e9e, ce qui est conforme aux directives canadiennes en mati\u00e8re d'emballage \u00e9cologique.<\/p>\n<h3><\/h3>\n<h3 id=\"-7-smart-manufacturing-cornerstone-16-years-of-industry-experience-\"><strong>7. La pierre angulaire de la fabrication intelligente : 16 ans d'exp\u00e9rience dans l'industrie<\/strong><\/h3>\n<p>-\u00a0<strong>Matrice des \u00e9quipements<\/strong>: \u00c9quip\u00e9 de 18 \u00e9quipements internationaux tels que la presse Manroland R700 \u00e0 cinq couleurs, la presse offset UV Heidelberg \u00e0 7 couleurs, avec une vitesse d'impression de 15 000 feuilles\/heure\u00a0<strong>Syst\u00e8me de contr\u00f4le de la qualit\u00e9<\/strong>: Certifi\u00e9 ISO 9001\/BRCGS, chaque lot de produits est soumis \u00e0 12 contr\u00f4les de qualit\u00e9 (diff\u00e9rence de couleur\/compression\/test de chute).\u00a0<strong>Garantie de capacit\u00e9<\/strong>: Capacit\u00e9 de production journali\u00e8re de 200 000 pi\u00e8ces, prise en charge des commandes de 500 pi\u00e8ces jusqu'\u00e0 la production de masse d'un million de pi\u00e8ces, et livraison des commandes urgentes dans les 24 heures.<\/p>","protected":false},"excerpt":{"rendered":"<p><strong>ZOJO Print | Customized marijuana Expert en emballage de bo\u00eetes \u00e0 glissi\u00e8re pour pr\u00e9-roll - prot\u00e9ger la valeur de la marque gr\u00e2ce \u00e0 l'innovation en mati\u00e8re de conformit\u00e9<\/strong><\/p>\n<p>Dans le contexte de l'acc\u00e9l\u00e9ration de la l\u00e9galisation de la marijuana dans le monde, l'emballage n'est pas seulement un contenant pour le produit, mais aussi un vecteur de conformit\u00e9 \u00e0 la marque et de confiance du consommateur. ZOJO Print s'est fortement impliqu\u00e9 dans le domaine de l'emballage de la marijuana, en respectant strictement les r\u00e9glementations internationales (telles que la r\u00e9glementation canadienne sur la marijuana), en combinant un design de pointe avec une fabrication intelligente pour fournir aux marques des solutions de bo\u00eetes coulissantes Pre-roll qui combinent la s\u00e9curit\u00e9, la fonctionnalit\u00e9 et la valeur esth\u00e9tique.<\/p>","protected":false},"featured_media":9827,"template":"","meta":[],"product_brand":[],"product_cat":[30,420,31,426],"product_tag":[1277,1283,1282],"class_list":{"0":"post-9823","1":"product","2":"type-product","3":"status-publish","4":"has-post-thumbnail","6":"product_cat-by-industry","7":"product_cat-custom-cannabis-boxes","8":"product_cat-paper-box-style","9":"product_cat-paper-drawer-boxes","10":"product_tag-box-packaging-supplier","11":"product_tag-cannabis-box","12":"product_tag-cannabis-pre-roll-boxes","14":"first","15":"instock","16":"shipping-taxable","17":"product-type-simple"},"_links":{"self":[{"href":"https:\/\/zojopackaging.com\/fr\/wp-json\/wp\/v2\/product\/9823","targetHints":{"allow":["GET"]}}],"collection":[{"href":"https:\/\/zojopackaging.com\/fr\/wp-json\/wp\/v2\/product"}],"about":[{"href":"https:\/\/zojopackaging.com\/fr\/wp-json\/wp\/v2\/types\/product"}],"version-history":[{"count":1,"href":"https:\/\/zojopackaging.com\/fr\/wp-json\/wp\/v2\/product\/9823\/revisions"}],"predecessor-version":[{"id":9830,"href":"https:\/\/zojopackaging.com\/fr\/wp-json\/wp\/v2\/product\/9823\/revisions\/9830"}],"wp:featuredmedia":[{"embeddable":true,"href":"https:\/\/zojopackaging.com\/fr\/wp-json\/wp\/v2\/media\/9827"}],"wp:attachment":[{"href":"https:\/\/zojopackaging.com\/fr\/wp-json\/wp\/v2\/media?parent=9823"}],"wp:term":[{"taxonomy":"product_brand","embeddable":true,"href":"https:\/\/zojopackaging.com\/fr\/wp-json\/wp\/v2\/product_brand?post=9823"},{"taxonomy":"product_cat","embeddable":true,"href":"https:\/\/zojopackaging.com\/fr\/wp-json\/wp\/v2\/product_cat?post=9823"},{"taxonomy":"product_tag","embeddable":true,"href":"https:\/\/zojopackaging.com\/fr\/wp-json\/wp\/v2\/product_tag?post=9823"}],"curies":[{"name":"wp","href":"https:\/\/api.w.org\/{rel}","templated":true}]}}