{"id":9832,"date":"2025-04-03T21:32:07","date_gmt":"2025-04-03T13:32:07","guid":{"rendered":"https:\/\/zojopackaging.com\/?post_type=product&#038;p=9832"},"modified":"2025-04-03T21:55:40","modified_gmt":"2025-04-03T13:55:40","slug":"custom-aroma-scented-perfume-reed-diffuser-packaging-box","status":"publish","type":"product","link":"https:\/\/zojopackaging.com\/fr\/product\/custom-aroma-scented-perfume-reed-diffuser-packaging-box\/","title":{"rendered":"Bo\u00eete d'emballage personnalis\u00e9e pour diffuseur de parfum aromatique Reed Diffuser"},"content":{"rendered":"<h2 id=\"-1-corporate-strength-and-supply-chain-guarantee-\"><strong>1. Solidit\u00e9 de l'entreprise et garantie de la cha\u00eene d'approvisionnement<\/strong><\/h2>\n<p>En tant qu'usine source de l'industrie chinoise de l'aromath\u00e9rapie au rotin depuis 16 ans, notre soci\u00e9t\u00e9 dispose d'une ligne de production enti\u00e8rement automatique et d'un syst\u00e8me complet de cha\u00eene d'approvisionnement, et contr\u00f4le strictement l'approvisionnement en mati\u00e8res premi\u00e8res jusqu'\u00e0 la livraison des produits finis. Avec l'avantage d'une production \u00e0 grande \u00e9chelle, nous fournissons des solutions rentables pour garantir que la qualit\u00e9 des produits r\u00e9pond aux normes internationales (telles que la certification ISO) tout en r\u00e9duisant les co\u00fbts pour le client.<\/p>\n<h2 id=\"-2-flexible-customization-service-\"><strong>2. Service de personnalisation flexible<\/strong><\/h2>\n<ul>\n<li><strong>Taille et structure<\/strong>: Permet de personnaliser la taille de la bo\u00eete d'emballage, adopte le design \"3-en-1 heaven and earth cover\", s'adapte parfaitement aux flacons de parfum et d'aromath\u00e9rapie, est facile \u00e0 ouvrir et \u00e0 fermer, et met en valeur la texture haut de gamme.<\/li>\n<li><strong>Couleur et design<\/strong>: La couleur principale est le noir mat, avec le logo de la marque estamp\u00e9 \u00e0 chaud ou en relief, ce qui conf\u00e8re un luxe discret et renforce l'image de la marque.<\/li>\n<li><strong>Protection de la doublure int\u00e9rieure<\/strong>: La doublure int\u00e9rieure est d\u00e9coup\u00e9e \u00e0 l'aide d'un moule exclusif en mat\u00e9riau EVA, qui s'adapte pr\u00e9cis\u00e9ment \u00e0 la bouteille du diffuseur en rotin afin d'\u00e9viter les secousses ou les d\u00e9formations dues \u00e0 l'extrusion pendant le transport.<\/li>\n<\/ul>\n<h2 id=\"-3-packaging-structure-and-material-\"><strong>3. Structure et mat\u00e9riau de l'emballage<\/strong><\/h2>\n<ul>\n<li><strong>Mat\u00e9riau \u00e0 haute r\u00e9sistance<\/strong>: Un carton dur respectueux de l'environnement est s\u00e9lectionn\u00e9 et la capacit\u00e9 de charge est am\u00e9lior\u00e9e gr\u00e2ce \u00e0 la technologie composite multicouche, ce qui permet de r\u00e9sister \u00e0 la pression du transport sur de longues distances et de prot\u00e9ger les produits internes contre les dommages.<\/li>\n<li><strong>Conception d\u00e9taill\u00e9e<\/strong>: Le bord de la bo\u00eete est arrondi et pr\u00e9sente un toucher d\u00e9licat ; la structure interne est raisonnablement divis\u00e9e et peut accueillir simultan\u00e9ment plusieurs accessoires tels que des flacons d'aromath\u00e9rapie, du rotin et des instructions.<\/li>\n<\/ul>\n<h2 id=\"-4-one-stop-service-for-foreign-trade-\"><strong>4. Guichet unique pour le commerce ext\u00e9rieur<\/strong><\/h2>\n<p>Concentr\u00e9s sur le commerce ext\u00e9rieur, les membres de l'\u00e9quipe ont plus de 10 ans d'exp\u00e9rience dans l'exportation transfrontali\u00e8re et fournissent des services complets, de la conception \u00e0 la production, en passant par la logistique, le d\u00e9douanement, la personnalisation des \u00e9tiquettes, etc. Le service client\u00e8le est multilingue, ce qui permet de r\u00e9pondre efficacement aux besoins des clients.<\/p>","protected":false},"excerpt":{"rendered":"<ul>\n<li>\u200b<strong>Esth\u00e9tique \u00e9lev\u00e9e :<\/strong>\u00a0La finition noire mate avec des touches d'or rose garantit un attrait de premier ordre sur les \u00e9tag\u00e8res.<\/li>\n<li>\u200b<strong>Durabilit\u00e9 :<\/strong>\u00a0La structure renforc\u00e9e prot\u00e8ge les bouteilles de diffusion fragiles pendant le transport.<\/li>\n<li>\u200b<strong>Marquage personnalis\u00e9 :<\/strong>\u00a0Options de conception flexibles pour les logos, les couleurs et les encarts afin de s'aligner sur l'image de marque du client.<\/li>\n<li>\u200b<strong>Conscience \u00e9cologique :<\/strong>\u00a0Les mat\u00e9riaux durables r\u00e9pondent aux besoins d'une marque respectueuse de l'environnement.<\/li>\n<\/ul>","protected":false},"featured_media":9833,"template":"","meta":[],"product_brand":[],"product_cat":[30,417,425,31],"product_tag":[498,1291,1290],"class_list":{"0":"post-9832","1":"product","2":"type-product","3":"status-publish","4":"has-post-thumbnail","6":"product_cat-by-industry","7":"product_cat-custom-perfume-boxes-by-industry","8":"product_cat-lid-and-base-gift-box","9":"product_cat-paper-box-style","10":"product_tag-custom-perfume-packaging","11":"product_tag-custom-scented-packaging-box","12":"product_tag-reed-diffuser-packaging","14":"first","15":"instock","16":"shipping-taxable","17":"product-type-grouped"},"_links":{"self":[{"href":"https:\/\/zojopackaging.com\/fr\/wp-json\/wp\/v2\/product\/9832","targetHints":{"allow":["GET"]}}],"collection":[{"href":"https:\/\/zojopackaging.com\/fr\/wp-json\/wp\/v2\/product"}],"about":[{"href":"https:\/\/zojopackaging.com\/fr\/wp-json\/wp\/v2\/types\/product"}],"version-history":[{"count":1,"href":"https:\/\/zojopackaging.com\/fr\/wp-json\/wp\/v2\/product\/9832\/revisions"}],"predecessor-version":[{"id":9847,"href":"https:\/\/zojopackaging.com\/fr\/wp-json\/wp\/v2\/product\/9832\/revisions\/9847"}],"wp:featuredmedia":[{"embeddable":true,"href":"https:\/\/zojopackaging.com\/fr\/wp-json\/wp\/v2\/media\/9833"}],"wp:attachment":[{"href":"https:\/\/zojopackaging.com\/fr\/wp-json\/wp\/v2\/media?parent=9832"}],"wp:term":[{"taxonomy":"product_brand","embeddable":true,"href":"https:\/\/zojopackaging.com\/fr\/wp-json\/wp\/v2\/product_brand?post=9832"},{"taxonomy":"product_cat","embeddable":true,"href":"https:\/\/zojopackaging.com\/fr\/wp-json\/wp\/v2\/product_cat?post=9832"},{"taxonomy":"product_tag","embeddable":true,"href":"https:\/\/zojopackaging.com\/fr\/wp-json\/wp\/v2\/product_tag?post=9832"}],"curies":[{"name":"wp","href":"https:\/\/api.w.org\/{rel}","templated":true}]}}