{"id":9839,"date":"2025-04-03T21:33:02","date_gmt":"2025-04-03T13:33:02","guid":{"rendered":"https:\/\/zojopackaging.com\/?post_type=product&#038;p=9839"},"modified":"2025-04-03T21:46:35","modified_gmt":"2025-04-03T13:46:35","slug":"custom-paper-pre-roll-box-slide-drawer-box-for-multipack-cones","status":"publish","type":"product","link":"https:\/\/zojopackaging.com\/fr\/product\/custom-paper-pre-roll-box-slide-drawer-box-for-multipack-cones\/","title":{"rendered":"Bo\u00eete \u00e0 tiroir coulissant en papier pour c\u00f4nes multi-packs"},"content":{"rendered":"<h3 id=\"-1-material-innovation-performance-symphony-of-coated-paper-gray-board-\"><strong>1. Innovation en mati\u00e8re de mat\u00e9riaux : Symphonie des performances du papier couch\u00e9 et du carton gris<\/strong><\/h3>\n<p>-\u00a0<strong>Mat\u00e9riau de base de la bo\u00eete ext\u00e9rieure<\/strong>:\u00a0<strong>Papier couch\u00e9 157g<\/strong>\u00a0est s\u00e9lectionn\u00e9, traitement de laminage double face (mat\/brillant en option), la r\u00e9sistance au frottement atteint le niveau 4, et la r\u00e9sistance \u00e0 la compression est augment\u00e9e de 50% ;<\/p>\n<p>-\u00a0<strong>Structure de la doublure int\u00e9rieure<\/strong>:\u00a0<strong>Proc\u00e9d\u00e9 composite EPE coton perl\u00e9 + carton gris<\/strong>\u00a0peut \u00eatre utilis\u00e9, la performance de r\u00e9sistance \u00e0 l'humidit\u00e9 est augment\u00e9e par 70%, tout en maintenant la plan\u00e9it\u00e9 du corps de la bo\u00eete (voir le processus de production du carton gris) ;<\/p>\n<p>-\u00a0<strong>Certification environnementale<\/strong>: Tous les mat\u00e9riaux sont certifi\u00e9s FSC et sont conformes aux r\u00e9glementations sur l'emballage durable en vigueur sur les march\u00e9s nord-am\u00e9ricain et europ\u00e9en.<\/p>\n<h3 id=\"-2-modular-lining-orderly-storage-of-multiple-cones-\"><strong>2. Rev\u00eatement modulaire : stockage ordonn\u00e9 de plusieurs c\u00f4nes<\/strong><\/h3>\n<p>-\u00a0<strong>Partitions amovibles<\/strong>La bo\u00eete \u00e0 cigarettes : supporte 3 \u00e0 8 compartiments ind\u00e9pendants, personnalisables en diff\u00e9rentes tailles (5 \u00e0 15 mm de diam\u00e8tre), convenant \u00e0 tous les types de cigarettes pr\u00e9-roul\u00e9es ;<\/p>\n<p>-\u00a0<strong>Mise en page dynamique<\/strong>: La cloison adopte\u00a0<strong>conception de la rotation magn\u00e9tique<\/strong>L'emballage, qui permet aux consommateurs de voir le produit \u00e0 360\u00b0, a \u00e9t\u00e9 nomin\u00e9 pour le prix international du design d'emballage ;<\/p>\n<h3 id=\"-3-visual-feast-luxurious-collision-of-rose-red-and-bright-yellow-\"><strong>3. Festin visuel : collision luxueuse de rouge rose et de jaune vif<\/strong><\/h3>\n<p>-\u00a0<strong>Sch\u00e9ma de couleurs<\/strong>: Les couleurs principales sont\u00a0<strong>Pantone 18-2120 TCX (rouge rose)<\/strong>\u00a0et\u00a0<strong>15-1050 TCX (jaune vif)<\/strong>L'impression de haute pr\u00e9cision \u00e0 1200 dpi permet d'obtenir une transition de gradient de 0,1 mm.\u00a0<strong>Technologie de sculpture de pr\u00e9cision<\/strong>: local\u00a0<strong>Gaufrage UV + gravure laser<\/strong>La performance anti-contrefa\u00e7on est am\u00e9lior\u00e9e de 40% ;<\/p>\n<p>-\u00a0<strong>Psychologie visuelle<\/strong>: La combinaison de couleurs chaudes v\u00e9hicule une tonalit\u00e9 de marque haut de gamme et vibrante, ce qui correspond \u00e0 la tendance esth\u00e9tique des consommateurs de la g\u00e9n\u00e9ration Z.<\/p>\n<h3 id=\"-4-smart-pull-out-double-guarantee-of-convenience-and-safety-\"><strong>4. Extraction intelligente : double garantie de commodit\u00e9 et de s\u00e9curit\u00e9<\/strong><\/h3>\n<p>-\u00a0<strong>Syst\u00e8me de glissi\u00e8res silencieux<\/strong>Roulement \u00e0 billes en acier inoxydable int\u00e9gr\u00e9, temps d'extraction \u22655000 fois sans blocage, souplesse d'ouverture et de fermeture augment\u00e9e de 60% ;<\/p>\n<p>-\u00a0<strong>M\u00e9canisme de protection des enfants<\/strong>: adopter\u00a0<strong>Boucle anti-mistouch<\/strong>\u00a0(se r\u00e9f\u00e9rer \u00e0 la norme canadienne CPR), il faut appliquer une force de plus de 5N pour l'ouvrir ;<\/p>\n<h3 id=\"-5-child-proof-lock-perfect-balance-between-compliance-and-ease-of-use-\"><strong>5. S\u00e9curit\u00e9 enfants : \u00e9quilibre parfait entre conformit\u00e9 et facilit\u00e9 d'utilisation<\/strong><\/h3>\n<p>-\u00a0<strong>Conception brevet\u00e9e<\/strong>: peut utiliser l'outil d\u00e9velopp\u00e9 par la Commission europ\u00e9enne.\u00a0<strong>serrure magn\u00e9tique invisible<\/strong>Les adultes peuvent l'ouvrir d'une seule main, et le taux d'ouverture accidentelle des enfants est r\u00e9duit \u00e0 moins de 0,1% ;<\/p>\n<p>-\u00a0<strong>D\u00e9verrouillage rapide<\/strong>Le dispositif \u00e0 ressort int\u00e9gr\u00e9 permet un d\u00e9verrouillage en seulement 0,3 seconde, conform\u00e9ment aux normes de s\u00e9curit\u00e9 des emballages pour enfants de la CPSC (\u00c9tats-Unis) ;<\/p>\n<p>-\u00a0<strong>Esth\u00e9tique cach\u00e9e<\/strong>La serrure et le motif de la bo\u00eete s'int\u00e8grent parfaitement pour pr\u00e9server l'int\u00e9grit\u00e9 de l'apparence.<\/p>\n<h3 id=\"-6-printing-technology-the-ultimate-expression-of-brand-personality-\"><strong>6. La technologie d'impression : l'expression ultime de la personnalit\u00e9 de la marque<\/strong><\/h3>\n<p>-\u00a0<strong>Matrice de processus<\/strong>: -\u00a0<strong>Marquage \u00e0 chaud<\/strong>: Carte de couleur personnalis\u00e9e or rose\/champagne, diff\u00e9rence de couleur \u0394E\u22640,8 ;<\/p>\n<p>-\u00a0<strong>Gaufr\u00e9<\/strong>: relief tridimensionnel de 0,3 mm, toucher comme de la soie ; -\u00a0<strong>Gaufrage UV<\/strong>La r\u00e9sistance \u00e0 l'usure est augment\u00e9e de 50% gr\u00e2ce au traitement local de mise en valeur ;<\/p>\n<p>-\u00a0<strong>Impression num\u00e9rique<\/strong>: personnalisation de petites s\u00e9ries (commande minimale de 500 pi\u00e8ces), \u00e9preuvage de la mod\u00e9lisation 3D r\u00e9alis\u00e9 en 8 heures.<\/p>\n<h3 id=\"-7-smart-manufacturing-foundation-16-years-of-industry-experience-\"><strong>7. Une base de fabrication intelligente : 16 ans d'exp\u00e9rience dans l'industrie<\/strong><\/h3>\n<p>-\u00a0<strong>Matrice des \u00e9quipements<\/strong>: \u00c9quip\u00e9e de 18 \u00e9quipements internationaux tels que la presse Manroland R700 \u00e0 cinq couleurs et la presse offset UV Heidelberg \u00e0 sept couleurs, avec une vitesse d'impression de 15 000 feuilles\/heure ;<\/p>\n<p>-\u00a0<strong>Syst\u00e8me de contr\u00f4le de la qualit\u00e9<\/strong>: Certifi\u00e9 ISO 9001\/BRCGS, chaque lot de produits est soumis \u00e0 12 contr\u00f4les de qualit\u00e9 (diff\u00e9rence de couleur\/compression\/test de chute).<\/p>\n<p><strong>Garantie de capacit\u00e9<\/strong>: Capacit\u00e9 de production journali\u00e8re de 200 000 pi\u00e8ces, prise en charge des commandes de 500 pi\u00e8ces jusqu'\u00e0 la production de masse d'un million de pi\u00e8ces, et livraison des commandes urgentes dans les 24 heures.<\/p>","protected":false},"excerpt":{"rendered":"<p><strong>ZOJO Print | Customized Paper Pre-roll Sliding Drawer Box Expert - Cr\u00e9er des solutions de pr\u00e9sentation haut de gamme pour les c\u00f4nes multi-packs<\/strong><\/p>\n<p>Dans le contexte actuel de d\u00e9veloppement rapide du march\u00e9 des produits \u00e0 base de CBD et de cannabis, l'emballage n'est pas seulement un contenant pour le produit, mais aussi un vecteur essentiel de l'image de marque et de l'exp\u00e9rience de l'utilisateur. ZOJO Print est profond\u00e9ment impliqu\u00e9 dans l'industrie depuis 16 ans, se concentrant sur la fourniture de bo\u00eetes \u00e0 tiroirs coulissantes qui combinent fonctionnalit\u00e9, s\u00e9curit\u00e9 et valeur esth\u00e9tique pour les marques de cigarettes Pre-roll.<\/p>","protected":false},"featured_media":9842,"template":"","meta":[],"product_brand":[],"product_cat":[30,420,31,426],"product_tag":[1289,1287,1288],"class_list":{"0":"post-9839","1":"product","2":"type-product","3":"status-publish","4":"has-post-thumbnail","6":"product_cat-by-industry","7":"product_cat-custom-cannabis-boxes","8":"product_cat-paper-box-style","9":"product_cat-paper-drawer-boxes","10":"product_tag-drawer-box-for-multipack-cones","11":"product_tag-pre-roll-box","12":"product_tag-roll-box-slide-drawer-box","14":"first","15":"instock","16":"shipping-taxable","17":"product-type-simple"},"_links":{"self":[{"href":"https:\/\/zojopackaging.com\/fr\/wp-json\/wp\/v2\/product\/9839","targetHints":{"allow":["GET"]}}],"collection":[{"href":"https:\/\/zojopackaging.com\/fr\/wp-json\/wp\/v2\/product"}],"about":[{"href":"https:\/\/zojopackaging.com\/fr\/wp-json\/wp\/v2\/types\/product"}],"version-history":[{"count":1,"href":"https:\/\/zojopackaging.com\/fr\/wp-json\/wp\/v2\/product\/9839\/revisions"}],"predecessor-version":[{"id":9846,"href":"https:\/\/zojopackaging.com\/fr\/wp-json\/wp\/v2\/product\/9839\/revisions\/9846"}],"wp:featuredmedia":[{"embeddable":true,"href":"https:\/\/zojopackaging.com\/fr\/wp-json\/wp\/v2\/media\/9842"}],"wp:attachment":[{"href":"https:\/\/zojopackaging.com\/fr\/wp-json\/wp\/v2\/media?parent=9839"}],"wp:term":[{"taxonomy":"product_brand","embeddable":true,"href":"https:\/\/zojopackaging.com\/fr\/wp-json\/wp\/v2\/product_brand?post=9839"},{"taxonomy":"product_cat","embeddable":true,"href":"https:\/\/zojopackaging.com\/fr\/wp-json\/wp\/v2\/product_cat?post=9839"},{"taxonomy":"product_tag","embeddable":true,"href":"https:\/\/zojopackaging.com\/fr\/wp-json\/wp\/v2\/product_tag?post=9839"}],"curies":[{"name":"wp","href":"https:\/\/api.w.org\/{rel}","templated":true}]}}