{"id":9848,"date":"2025-04-03T21:55:53","date_gmt":"2025-04-03T13:55:53","guid":{"rendered":"https:\/\/zojopackaging.com\/?post_type=product&#038;p=9848"},"modified":"2025-04-03T22:09:27","modified_gmt":"2025-04-03T14:09:27","slug":"custom-shampoo-cosmetic-brush-packaging-boxes-with-window","status":"publish","type":"product","link":"https:\/\/zojopackaging.com\/fr\/product\/custom-shampoo-cosmetic-brush-packaging-boxes-with-window\/","title":{"rendered":"Bo\u00eetes d'emballage pour shampoing et brosses cosm\u00e9tiques avec fen\u00eatre"},"content":{"rendered":"<h2 id=\"-1-all-round-customization-service-precise-matching-of-brand-tone-\"><strong>1. Service de personnalisation complet, correspondance pr\u00e9cise avec le ton de la marque<\/strong><\/h2>\n<p>En tant qu'usine chinoise avec 16 ans d'exp\u00e9rience, nous nous concentrons sur la fourniture de\u00a0<strong>solutions d'emballage personnalis\u00e9es de haute pr\u00e9cision<\/strong>\u00a0pour les clients internationaux.<\/p>\n<ul>\n<li><strong>Adaptation souple de la taille<\/strong>: Permet une personnalisation compl\u00e8te de la hauteur, de la largeur et de l'\u00e9paisseur (l'erreur n'est que de 0,1 \u00e0 0,5 mm), ce qui permet d'adapter avec pr\u00e9cision les formes des produits tels que les brosses \u00e0 maquillage et le shampoing.<\/li>\n<li><strong>Am\u00e9lioration de la personnalisation visuelle<\/strong>: En utilisant les num\u00e9ros de couleur internationaux Pantone pour correspondre \u00e0 la couleur principale de la marque, en combinaison avec l'impression UV, l'estampage \u00e0 chaud et d'autres processus, la zone de la fen\u00eatre peut \u00eatre con\u00e7ue comme un acrylique transparent ou un mat\u00e9riau PVC respectueux de l'environnement pour afficher intuitivement la texture du produit.<\/li>\n<li><strong>Diff\u00e9rents mat\u00e9riaux disponibles<\/strong>: Fournir du papier simple cuivre, du carton or et argent, du carton ondul\u00e9 recyclable et d'autres mat\u00e9riaux, en tenant compte des exigences en mati\u00e8re de protection de l'environnement et de toucher haut de gamme.<\/li>\n<\/ul>\n<h2 id=\"-2-pull-out-window-design-both-functional-and-aesthetic-\"><strong>2. Bo\u00eetes \u00e0 papier \u00e0 tiroir avec fen\u00eatre, \u00e0 la fois fonctionnelles et esth\u00e9tiques<\/strong><\/h2>\n<p><strong>Conception structurelle innovante<\/strong>:<\/p>\n<ul>\n<li><strong>Fen\u00eatre d'affichage tridimensionnelle<\/strong>: La position de la fen\u00eatre est optimis\u00e9e par calcul m\u00e9canique afin d'\u00e9viter l'usure des bo\u00eetes en papier des tiroirs, tout en maximisant l'affichage des d\u00e9tails du produit (tels que la qualit\u00e9 des cheveux du pinceau de maquillage, le LOGO du corps de la bouteille de shampoing).<\/li>\n<li><strong>Une exp\u00e9rience de traction en douceur<\/strong>: Le corps de la bo\u00eete adopte une structure \u00e0 glissi\u00e8re enfichable, qui s'ouvre et se ferme en douceur. Le rev\u00eatement int\u00e9rieur en raphia fixe la position du produit pour \u00e9viter les secousses.<\/li>\n<li><strong>Performance de la protection contre la compression<\/strong>: La duret\u00e9 du corps de la bo\u00eete est 1,5 fois sup\u00e9rieure \u00e0 la norme industrielle (poids \u2265 300g), et la couche ondul\u00e9e peut r\u00e9sister \u00e0 une pression statique de 30kg pour garantir la s\u00e9curit\u00e9 du transport.<\/li>\n<\/ul>\n<h2 id=\"-3-environmentally-friendly-lining-and-brand-added-value-enhancement-\"><strong>3. Rev\u00eatement respectueux de l'environnement et am\u00e9lioration de la valeur ajout\u00e9e de la marque<\/strong><\/h2>\n<p><strong>Solution de rev\u00eatement int\u00e9rieur<\/strong>:<\/p>\n<ul>\n<li><strong>Couche d\u00e9corative en raphia<\/strong>: Le raphia teint naturellement est s\u00e9lectionn\u00e9, et la performance d'amortissement est ajust\u00e9e par la densit\u00e9 de tissage, ce qui pr\u00e9sente \u00e0 la fois une beaut\u00e9 visuelle naturelle et une fonction antichoc.<\/li>\n<li><strong>Structure en couches<\/strong>: La couche sup\u00e9rieure de raphia fixe le produit, et la couche inf\u00e9rieure est \u00e9paissie avec de l'\u00e9ponge EVA (densit\u00e9 optionnelle 30-60kg\/m\u00b3) pour prot\u00e9ger les parties vuln\u00e9rables (telles que les t\u00eates de brosse et les bouchons de bouteille) de mani\u00e8re cibl\u00e9e.<\/li>\n<\/ul>\n<p><strong>Renforcement de la valeur de la marque<\/strong>:<\/p>\n<ul>\n<li>En se r\u00e9f\u00e9rant au concept esth\u00e9tique minimaliste de l'emballage du shampoing espagnol Osom, le LOGO en argent chaud, le vernis UV mat et d'autres proc\u00e9d\u00e9s permettent de cr\u00e9er une exp\u00e9rience tactile comparable \u00e0 celle des produits de luxe.<\/li>\n<li>Fournir\u00a0<strong>fente pour manuel multilingue<\/strong>,\u00a0<strong>slot histoire de la marque<\/strong>\u00a0et d'autres motifs \u00e0 valeur ajout\u00e9e pour renforcer le sentiment de c\u00e9r\u00e9monie de d\u00e9ballage.<\/li>\n<\/ul>\n<h2 id=\"-4-supply-chain-advantages-and-foreign-trade-service-guarantees-\"><strong>4. Avantages de la cha\u00eene d'approvisionnement et garanties des services de commerce ext\u00e9rieur<\/strong><\/h2>\n<p><strong>Force de production<\/strong>:<\/p>\n<ul>\n<li><strong>Ligne de production enti\u00e8rement automatique<\/strong>: Un atelier exempt de poussi\u00e8re de niveau 100 000 atteint une capacit\u00e9 de production quotidienne de 500 000 pi\u00e8ces, et un \u00e9preuvage ultra-rapide en 48 heures.<\/li>\n<li><strong>Contr\u00f4le des co\u00fbts<\/strong>: Approvisionnement \u00e0 grande \u00e9chelle en mati\u00e8res premi\u00e8res telles que le carton d'or et d'argent, le prix est inf\u00e9rieur de 20-30% \u00e0 celui du march\u00e9, et la commande minimale est de 500 pi\u00e8ces.<\/li>\n<\/ul>\n<h2 id=\"-foreign-trade-specialized-services-\"><strong>Services sp\u00e9cialis\u00e9s dans le commerce ext\u00e9rieur<\/strong>:<\/h2>\n<ul>\n<li><strong>Soutien \u00e0 la conformit\u00e9<\/strong>: Conna\u00eetre les certifications europ\u00e9ennes et am\u00e9ricaines REACH et FSC, et fournir des solutions d'emballage transfrontali\u00e8res.<\/li>\n<li><strong>Livraison \u00e0 guichet unique<\/strong>: De l'optimisation de l'avant-projet \u00e0 la pr\u00e9paration des documents de d\u00e9douanement, en passant par l'emballage du fret maritime, la tutelle de l'ensemble du processus r\u00e9duit le taux de perte de la logistique transfrontali\u00e8re.<\/li>\n<\/ul>","protected":false},"excerpt":{"rendered":"<ul>\n<li>\u200b<strong>Esth\u00e9tique haut de gamme :<\/strong>\u00a0Rehausse la valeur des produits gr\u00e2ce \u00e0 des motifs minimalistes et des rubans.<\/li>\n<li>\u200b<strong>Marquage personnalis\u00e9 :<\/strong>\u00a0Ajoutez des logos, des couleurs et des dessins pour une identit\u00e9 unique.<\/li>\n<li>\u200b<strong>Emballage s\u00e9curis\u00e9 :<\/strong>\u00a0La doublure en tissu froiss\u00e9 prot\u00e8ge les articles fragiles pendant le transport.<\/li>\n<li>\u200b<strong>Respectueux de l'environnement :<\/strong>\u00a0Le carton durable r\u00e9pond aux exigences de l'emballage \u00e9cologique.<\/li>\n<li>\u200b<strong>Pr\u00eat en vrac :<\/strong>\u00a0Options de vente en gros rentables et production rapide.<\/li>\n<\/ul>","protected":false},"featured_media":9849,"template":"","meta":[],"product_brand":[],"product_cat":[30,390,31,426],"product_tag":[1293,775,1292],"class_list":{"0":"post-9848","1":"product","2":"type-product","3":"status-publish","4":"has-post-thumbnail","6":"product_cat-by-industry","7":"product_cat-custom-cosmetics-boxes","8":"product_cat-paper-box-style","9":"product_cat-paper-drawer-boxes","10":"product_tag-cosmetic-brush-packaging-boxes","11":"product_tag-custom-cosmetic-packaging","12":"product_tag-custom-shampoo-packaging","14":"first","15":"instock","16":"shipping-taxable","17":"product-type-grouped"},"_links":{"self":[{"href":"https:\/\/zojopackaging.com\/fr\/wp-json\/wp\/v2\/product\/9848","targetHints":{"allow":["GET"]}}],"collection":[{"href":"https:\/\/zojopackaging.com\/fr\/wp-json\/wp\/v2\/product"}],"about":[{"href":"https:\/\/zojopackaging.com\/fr\/wp-json\/wp\/v2\/types\/product"}],"version-history":[{"count":1,"href":"https:\/\/zojopackaging.com\/fr\/wp-json\/wp\/v2\/product\/9848\/revisions"}],"predecessor-version":[{"id":9854,"href":"https:\/\/zojopackaging.com\/fr\/wp-json\/wp\/v2\/product\/9848\/revisions\/9854"}],"wp:featuredmedia":[{"embeddable":true,"href":"https:\/\/zojopackaging.com\/fr\/wp-json\/wp\/v2\/media\/9849"}],"wp:attachment":[{"href":"https:\/\/zojopackaging.com\/fr\/wp-json\/wp\/v2\/media?parent=9848"}],"wp:term":[{"taxonomy":"product_brand","embeddable":true,"href":"https:\/\/zojopackaging.com\/fr\/wp-json\/wp\/v2\/product_brand?post=9848"},{"taxonomy":"product_cat","embeddable":true,"href":"https:\/\/zojopackaging.com\/fr\/wp-json\/wp\/v2\/product_cat?post=9848"},{"taxonomy":"product_tag","embeddable":true,"href":"https:\/\/zojopackaging.com\/fr\/wp-json\/wp\/v2\/product_tag?post=9848"}],"curies":[{"name":"wp","href":"https:\/\/api.w.org\/{rel}","templated":true}]}}