{"id":9855,"date":"2025-04-04T00:34:46","date_gmt":"2025-04-03T16:34:46","guid":{"rendered":"https:\/\/zojopackaging.com\/?post_type=product&#038;p=9855"},"modified":"2025-04-04T00:49:48","modified_gmt":"2025-04-03T16:49:48","slug":"custom-pre-roll-multi-packs-joint-packaging-boxes-wholesale","status":"publish","type":"product","link":"https:\/\/zojopackaging.com\/fr\/product\/custom-pre-roll-multi-packs-joint-packaging-boxes-wholesale\/","title":{"rendered":"Bo\u00eetes d'emballage pour joints, pr\u00e9roul\u00e9es et multi-packs, sur mesure, en gros"},"content":{"rendered":"<h2 id=\"-1-visual-impact-and-aesthetic-design-\"><strong>1. Impact visuel et conception esth\u00e9tique<\/strong><\/h2>\n<p>Cette bo\u00eete de CBD pre-roll utilise une combinaison de couleurs vertes et jaunes contrastantes, associant des couleurs \u00e0 haute saturation \u00e0 une technologie de traitement de surface mate, qui non seulement conserve la vivacit\u00e9 de la couleur, mais r\u00e9duit \u00e9galement la sensation de r\u00e9flexion gr\u00e2ce \u00e0 la technologie d'impression \u00e0 l'huile mate, afin d'\u00e9viter la fatigue visuelle. La texture mate transmet un sentiment de luxe discret, formant un point de mire visuel diff\u00e9renci\u00e9 dans le rayon, attirant rapidement l'attention des consommateurs.<\/p>\n<h2 id=\"-2-material-and-process-guarantee-\"><strong>2. Garantie des mat\u00e9riaux et des proc\u00e9d\u00e9s<\/strong><\/h2>\n<p>Le corps principal de la bo\u00eete d'emballage utilise une structure composite de carton gris et de papier couch\u00e9 \u00e0 haute r\u00e9sistance. La couche centrale en carton gris fournit un support compressif, et la surface en papier couch\u00e9 est recouverte d'une encre mate, qui a un toucher d\u00e9licat et r\u00e9siste \u00e0 l'usure et aux rayures. La conception de la porte coulissante adopte un processus de d\u00e9coupage de pr\u00e9cision pour garantir que la glissi\u00e8re est lisse et durable, et que l'ouverture et la fermeture se font en douceur. La cloison interne est fabriqu\u00e9e en carton respectueux de l'environnement et renforc\u00e9e par la technologie de gaufrage. Elle permet non seulement de s\u00e9parer les cigarettes pr\u00e9-roul\u00e9es pour \u00e9viter les collisions, mais aussi d'ajuster la disposition de mani\u00e8re flexible pour r\u00e9pondre \u00e0 des exigences de taille diff\u00e9rentes.<\/p>\n<h2 id=\"-3-functional-structural-design-\"><strong>3. Conception structurelle fonctionnelle<\/strong><\/h2>\n<ul>\n<li><strong>Rangement et acc\u00e8s pratiques extractibles<\/strong>: Le corps de la bo\u00eete adopte une structure embo\u00eet\u00e9e \u00e0 double couche, et le compartiment int\u00e9gr\u00e9 peut \u00eatre expos\u00e9 en tirant l\u00e9g\u00e8rement, ce qui permet une utilisation d'une seule main et am\u00e9liore la commodit\u00e9 des consommateurs.<\/li>\n<li><strong>Stockage multi-stick et optimisation de l'espace<\/strong>: La bo\u00eete est divis\u00e9e par des cloisons en nid d'abeille et peut contenir de 10 \u00e0 20 cigarettes pr\u00e9roul\u00e9es (la capacit\u00e9 sp\u00e9cifique peut \u00eatre personnalis\u00e9e), ce qui permet d'\u00e9conomiser de l'espace de stockage et est facile \u00e0 transporter.<\/li>\n<\/ul>\n<h2 id=\"-4-in-depth-customized-service-\"><strong>4. Un service personnalis\u00e9 approfondi<\/strong><\/h2>\n<ul>\n<li><strong>Adaptation de la taille et de la forme<\/strong>: En fonction de la taille (longueur, diam\u00e8tre) et de la marque des cigarettes pr\u00e9roul\u00e9es du client, des bo\u00eetes carr\u00e9es, rectangulaires, de forme sp\u00e9ciale et d'autres solutions sont propos\u00e9es pour r\u00e9pondre avec pr\u00e9cision aux sp\u00e9cifications du produit.<\/li>\n<li><strong>Solution de conception et d'impression 3D<\/strong>: La technologie de mod\u00e9lisation num\u00e9rique est utilis\u00e9e pour g\u00e9n\u00e9rer des rendus d'apparence en 3D afin de pr\u00e9senter intuitivement la structure de la bo\u00eete et les effets de surface ; le marquage \u00e0 chaud, la surface brillante partielle aux UV, le relief en relief et d'autres solutions d'impression sont fournis simultan\u00e9ment pour renforcer le logo de la marque.<\/li>\n<\/ul>\n<h2 id=\"-5-brand-empowerment-and-production-guarantee-\"><strong>5. Renforcement de la marque et garantie de production<\/strong><\/h2>\n<ul>\n<li><strong>Am\u00e9lioration de l'image de marque<\/strong>: Gr\u00e2ce \u00e0 un LOGO personnalis\u00e9, \u00e0 la couleur de la marque et \u00e0 l'implantation d'\u00e9l\u00e9ments culturels, l'emballage est transform\u00e9 en un support publicitaire mobile qui renforce la m\u00e9moire de la marque chez les consommateurs.<\/li>\n<li><strong>Augmentation de la capacit\u00e9 de production<\/strong>: S'appuyant sur 16 ann\u00e9es d'exp\u00e9rience en mati\u00e8re d'impression et d'emballage et sur 5 320 m\u00e8tres carr\u00e9s d'ateliers intelligents, elle propose des services complets, de l'\u00e9preuve de conception \u00e0 la production de masse, avec une capacit\u00e9 de production quotidienne de 180 000 pi\u00e8ces, garantissant ainsi une livraison efficace des commandes.<\/li>\n<\/ul>\n<h2 id=\"-6-environmental-protection-and-sustainability-\"><strong>6. Protection de l'environnement et d\u00e9veloppement durable<\/strong><\/h2>\n<p>L'utilisation de papier carton gris certifi\u00e9 FSC et d'encre mate \u00e0 base d'eau s'inscrit dans la tendance des emballages respectueux de l'environnement, en tenant compte de la durabilit\u00e9 et de la d\u00e9gradabilit\u00e9. Les cloisons internes sont d\u00e9tachables et r\u00e9utilisables afin de r\u00e9duire les d\u00e9chets de ressources.<\/p>\n<h2 id=\"-applicable-scenarios-\"><strong>Sc\u00e9narios applicables<\/strong><\/h2>\n<ul>\n<li><strong>Pr\u00e9sentoir de terminal de vente au d\u00e9tail<\/strong>: La texture mate et l'assortiment de couleurs vives conviennent aux rayons des magasins de proximit\u00e9 et des magasins sp\u00e9cialis\u00e9s, ce qui permet d'augmenter l'espace de pr\u00e9sentation des produits.<\/li>\n<li><strong>Coffret cadeau combin\u00e9<\/strong>: Permet de concevoir des coffrets cadeaux superpos\u00e9s, associ\u00e9s \u00e0 des manuels de marque ou \u00e0 des accessoires, afin d'\u00e9largir le march\u00e9 des cadeaux haut de gamme.<\/li>\n<\/ul>\n<h2 id=\"-cooperation-process-\"><strong>Processus de coop\u00e9ration<\/strong><\/h2>\n<ol>\n<li>Communication de la demande \u2192 2. Mod\u00e9lisation 3D et confirmation des effets \u2192 3. S\u00e9lection des mat\u00e9riaux et des proc\u00e9d\u00e9s \u2192 4. Essai de v\u00e9rification \u2192 5. Production en s\u00e9rie \u2192 6. Contr\u00f4le de la qualit\u00e9 et livraison.<\/li>\n<\/ol>","protected":false},"excerpt":{"rendered":"<p>Gr\u00e2ce \u00e0 notre professionnalisme en mati\u00e8re de conception et de production, nous nous engageons \u00e0 fournir aux marques de CBD des solutions d'emballage alliant valeur esth\u00e9tique et fonctions pratiques, afin d'aider les produits \u00e0 se d\u00e9marquer sur un march\u00e9 extr\u00eamement concurrentiel.<\/p>","protected":false},"featured_media":9858,"template":"","meta":[],"product_brand":[],"product_cat":[30,420,31,426],"product_tag":[1294,1295,1281],"class_list":{"0":"post-9855","1":"product","2":"type-product","3":"status-publish","4":"has-post-thumbnail","6":"product_cat-by-industry","7":"product_cat-custom-cannabis-boxes","8":"product_cat-paper-box-style","9":"product_cat-paper-drawer-boxes","10":"product_tag-custom-pre-roll-packaging","11":"product_tag-multi-packs-joint-packaging","12":"product_tag-pre-roll-packaging","14":"first","15":"instock","16":"shipping-taxable","17":"product-type-grouped"},"_links":{"self":[{"href":"https:\/\/zojopackaging.com\/fr\/wp-json\/wp\/v2\/product\/9855","targetHints":{"allow":["GET"]}}],"collection":[{"href":"https:\/\/zojopackaging.com\/fr\/wp-json\/wp\/v2\/product"}],"about":[{"href":"https:\/\/zojopackaging.com\/fr\/wp-json\/wp\/v2\/types\/product"}],"version-history":[{"count":1,"href":"https:\/\/zojopackaging.com\/fr\/wp-json\/wp\/v2\/product\/9855\/revisions"}],"predecessor-version":[{"id":9862,"href":"https:\/\/zojopackaging.com\/fr\/wp-json\/wp\/v2\/product\/9855\/revisions\/9862"}],"wp:featuredmedia":[{"embeddable":true,"href":"https:\/\/zojopackaging.com\/fr\/wp-json\/wp\/v2\/media\/9858"}],"wp:attachment":[{"href":"https:\/\/zojopackaging.com\/fr\/wp-json\/wp\/v2\/media?parent=9855"}],"wp:term":[{"taxonomy":"product_brand","embeddable":true,"href":"https:\/\/zojopackaging.com\/fr\/wp-json\/wp\/v2\/product_brand?post=9855"},{"taxonomy":"product_cat","embeddable":true,"href":"https:\/\/zojopackaging.com\/fr\/wp-json\/wp\/v2\/product_cat?post=9855"},{"taxonomy":"product_tag","embeddable":true,"href":"https:\/\/zojopackaging.com\/fr\/wp-json\/wp\/v2\/product_tag?post=9855"}],"curies":[{"name":"wp","href":"https:\/\/api.w.org\/{rel}","templated":true}]}}