{"id":9863,"date":"2025-04-04T00:50:09","date_gmt":"2025-04-03T16:50:09","guid":{"rendered":"https:\/\/zojopackaging.com\/?post_type=product&#038;p=9863"},"modified":"2025-04-04T00:58:43","modified_gmt":"2025-04-03T16:58:43","slug":"custom-printed-pre-roll-cones-packaging-joint-box-wholesale","status":"publish","type":"product","link":"https:\/\/zojopackaging.com\/fr\/product\/custom-printed-pre-roll-cones-packaging-joint-box-wholesale\/","title":{"rendered":"Bo\u00eete \u00e0 joints d'emballage de c\u00f4nes pr\u00e9-roul\u00e9s imprim\u00e9s sur mesure Wholesale"},"content":{"rendered":"<h2 id=\"1-sturdy-material-and-high-end-protection-\">1.\u00a0<strong>Mat\u00e9riau robuste et protection haut de gamme<\/strong><\/h2>\n<p>Cette bo\u00eete de c\u00f4nes pr\u00e9-roul\u00e9s est compos\u00e9e de\u00a0<strong>carton gris \u00e0 haute r\u00e9sistance<\/strong>\u00a0comme mat\u00e9riau d'emballage de base, et il est assorti de\u00a0<strong>papier couch\u00e9 papier frontal processus de laminage<\/strong>Le carton gris a une excellente r\u00e9sistance \u00e0 la compression et aux chocs, ce qui permet de prot\u00e9ger efficacement les produits pr\u00e9enroul\u00e9s internes contre la compression ou la d\u00e9formation pendant le transport et le stockage. Le carton gris pr\u00e9sente une excellente r\u00e9sistance \u00e0 la compression et aux chocs, ce qui permet de prot\u00e9ger efficacement les produits pr\u00e9enroul\u00e9s internes contre la compression ou la d\u00e9formation pendant le transport et le stockage. Le papier couch\u00e9 am\u00e9liore non seulement l'aspect visuel, mais aussi l'imperm\u00e9abilit\u00e9 et la capacit\u00e9 anti-salissure gr\u00e2ce au processus de laminage, ce qui prolonge la dur\u00e9e de vie de l'emballage.<\/p>\n<h2 id=\"2-minimalist-design-strengthen-brand-recognition-\">2.\u00a0<strong>Design minimaliste, renforcement de la reconnaissance de la marque<\/strong><\/h2>\n<p>Adh\u00e9rant au concept de conception \"moins, c'est plus\", ce produit adopte une structure de type \"en \u00e9toile\".\u00a0<strong>solution visuelle minimaliste<\/strong>Le logo de la marque est l'\u00e9l\u00e9ment central de l'emballage, et il est pr\u00e9sent\u00e9 au moyen d'un marquage \u00e0 chaud, d'une s\u00e9rigraphie ou d'une gravure au laser positionn\u00e9s avec pr\u00e9cision. La simplicit\u00e9 du design \u00e9vite la surcharge d'informations, ce qui permet aux consommateurs de se concentrer sur le logo de la marque d\u00e8s la premi\u00e8re fois et de former une m\u00e9moire visuelle profonde. Par exemple, le logo peut choisir une solution unicolore \u00e0 fort contraste (fond noir mat + logo argent\u00e9 brillant) ou \u00eatre associ\u00e9 \u00e0 une texture laser anti-contrefa\u00e7on pour am\u00e9liorer la reconnaissance.<\/p>\n<h2 id=\"3-automated-production-efficient-cost-reduction-\">3.\u00a0<strong>Production automatis\u00e9e, r\u00e9duction efficace des co\u00fbts<\/strong><\/h2>\n<p>S'appuyer sur\u00a0<strong>Ligne de production enti\u00e8rement automatique de bo\u00eetes extractibles<\/strong>Nous r\u00e9alisons une production int\u00e9gr\u00e9e, de la d\u00e9coupe \u00e0 l'assemblage en passant par le moulage. L'\u00e9quipement automatis\u00e9 permet un fonctionnement continu 24 heures sur 24, avec une capacit\u00e9 de production journali\u00e8re de\u00a0<strong>5 000-10 000 pi\u00e8ces<\/strong>Le bras robotis\u00e9 permet de r\u00e9duire consid\u00e9rablement le cycle de livraison (de 3 \u00e0 5 jours ouvrables au plus vite) et les co\u00fbts de main-d'\u0153uvre. Par exemple, le bras du robot plie avec pr\u00e9cision la structure en carton gris et coop\u00e8re avec le capteur photo\u00e9lectrique pour calibrer la piste d'extraction afin de garantir que l'erreur d'ouverture et de fermeture de chaque produit est \u22640,5 mm.<\/p>\n<h2 id=\"4-flexible-customization-and-bulk-discount-\">4.\u00a0<strong>Personnalisation flexible et remise en masse<\/strong><\/h2>\n<ul>\n<li><strong>Adaptation de la taille<\/strong>: Permet un ajustement personnalis\u00e9 des produits pr\u00e9enroul\u00e9s d'un diam\u00e8tre de 10 \u00e0 50 mm et d'une longueur de 70 \u00e0 200 mm, et offre trois options de bo\u00eetes : standard, \u00e9paissie et de forme sp\u00e9ciale.<\/li>\n<\/ul>\n<h2 id=\"5-3d-visual-design-support-\">5.\u00a0<strong>Aide \u00e0 la conception visuelle en 3D<\/strong><\/h2>\n<p>Notre \u00e9quipe de conception fournit\u00a0<strong>Services de mod\u00e9lisation et de rendu en 3D<\/strong>Le logiciel de conception d'emballages, qui peut g\u00e9n\u00e9rer des rendus d'emballages r\u00e9alistes en 48 heures, couvre la simulation des mat\u00e9riaux (texture du carton gris, brillance du papier couch\u00e9), la d\u00e9composition structurelle (m\u00e9canisme d'extraction du pr\u00e9sentoir) et la pr\u00e9sentation des sc\u00e9narios (pr\u00e9sentation en rayon, effet de poche). Les clients peuvent ajuster les d\u00e9tails de la conception gr\u00e2ce \u00e0 l'interface interactive et pr\u00e9visualiser l'effet de la modification en temps r\u00e9el afin de s'assurer que la solution est parfaitement coh\u00e9rente avec le ton de la marque.<\/p>\n<h2 id=\"6-multi-process-printing-empowers-brand-communication-\">6.\u00a0<strong>L'impression multiprocessus renforce la communication de la marque<\/strong><\/h2>\n<p>Les technologies d'impression suivantes sont utilis\u00e9es pour renforcer l'identit\u00e9 de la marque :<\/p>\n<ul>\n<li><strong>S\u00e9rigraphie<\/strong>Les couleurs : conviennent aux blocs de couleur de grande surface et aux LOGO \u00e0 forte saturation, avec une forte r\u00e9sistance \u00e0 l'usure ;<\/li>\n<li><strong>Marquage \u00e0 chaud\/marquage \u00e0 chaud<\/strong>La texture du m\u00e9tal est mise en valeur, ce qui permet de l'utiliser pour des s\u00e9ries haut de gamme ;<\/li>\n<li><strong>Vitrage local UV<\/strong>Les couleurs : mettent en \u00e9vidence les informations cl\u00e9s et renforcent la stratification tactile. Tous les processus sont certifi\u00e9s ISO 9001, et la diff\u00e9rence de couleur est contr\u00f4l\u00e9e \u22645% pour assurer la coh\u00e9rence des lots.<\/li>\n<\/ul>\n<h2 id=\"7-end-to-end-service-worry-free-throughout-\">7.\u00a0<strong>Un service de bout en bout, en toute s\u00e9r\u00e9nit\u00e9<\/strong><\/h2>\n<p>Nous fournissons\u00a0<strong>des solutions \u00e0 guichet unique<\/strong>L'objectif de ce programme est d'am\u00e9liorer la qualit\u00e9 de l'enseignement et de la formation, en couvrant l'ensemble du processus d'analyse de la demande, de validation de la conception et de livraison de la production de masse :<\/p>\n<ul>\n<li><strong>Consultation pr\u00e9liminaire<\/strong>: Une \u00e9quipe professionnelle \u00e9value les caract\u00e9ristiques du produit et son positionnement sur le march\u00e9, et recommande la meilleure strat\u00e9gie d'emballage ;<\/li>\n<li><strong>Contr\u00f4le de la production<\/strong>: Utiliser le syst\u00e8me MES pour suivre l'\u00e9volution de la production en temps r\u00e9el, soutenir la v\u00e9rification des commandes en ligne et la tra\u00e7abilit\u00e9 de la qualit\u00e9 ;<\/li>\n<\/ul>","protected":false},"excerpt":{"rendered":"<ul>\n<li><strong>Assurance qualit\u00e9<\/strong>: Test de compression SGS r\u00e9ussi (capacit\u00e9 de charge \u226515kg) ;<\/li>\n<li><strong>R\u00e9ponse rapide<\/strong>Service client\u00e8le : service d'accueil 24 heures sur 24, traitement acc\u00e9l\u00e9r\u00e9 des commandes urgentes ;<\/li>\n<li><strong>Respect de l'environnement<\/strong>: Les mat\u00e9riaux sont conformes \u00e0 la certification FSC et supportent un processus de rev\u00eatement biod\u00e9gradable.<\/li>\n<\/ul>","protected":false},"featured_media":9868,"template":"","meta":[],"product_brand":[],"product_cat":[30,420,31,426],"product_tag":[1296,1298,1297],"class_list":{"0":"post-9863","1":"product","2":"type-product","3":"status-publish","4":"has-post-thumbnail","6":"product_cat-by-industry","7":"product_cat-custom-cannabis-boxes","8":"product_cat-paper-box-style","9":"product_cat-paper-drawer-boxes","10":"product_tag-custom-printed-pre-roll-packaging","11":"product_tag-joint-box-wholesale","12":"product_tag-pre-roll-cones-packaging","14":"first","15":"instock","16":"shipping-taxable","17":"product-type-grouped"},"_links":{"self":[{"href":"https:\/\/zojopackaging.com\/fr\/wp-json\/wp\/v2\/product\/9863","targetHints":{"allow":["GET"]}}],"collection":[{"href":"https:\/\/zojopackaging.com\/fr\/wp-json\/wp\/v2\/product"}],"about":[{"href":"https:\/\/zojopackaging.com\/fr\/wp-json\/wp\/v2\/types\/product"}],"version-history":[{"count":1,"href":"https:\/\/zojopackaging.com\/fr\/wp-json\/wp\/v2\/product\/9863\/revisions"}],"predecessor-version":[{"id":9870,"href":"https:\/\/zojopackaging.com\/fr\/wp-json\/wp\/v2\/product\/9863\/revisions\/9870"}],"wp:featuredmedia":[{"embeddable":true,"href":"https:\/\/zojopackaging.com\/fr\/wp-json\/wp\/v2\/media\/9868"}],"wp:attachment":[{"href":"https:\/\/zojopackaging.com\/fr\/wp-json\/wp\/v2\/media?parent=9863"}],"wp:term":[{"taxonomy":"product_brand","embeddable":true,"href":"https:\/\/zojopackaging.com\/fr\/wp-json\/wp\/v2\/product_brand?post=9863"},{"taxonomy":"product_cat","embeddable":true,"href":"https:\/\/zojopackaging.com\/fr\/wp-json\/wp\/v2\/product_cat?post=9863"},{"taxonomy":"product_tag","embeddable":true,"href":"https:\/\/zojopackaging.com\/fr\/wp-json\/wp\/v2\/product_tag?post=9863"}],"curies":[{"name":"wp","href":"https:\/\/api.w.org\/{rel}","templated":true}]}}