{"id":9871,"date":"2025-04-04T00:59:03","date_gmt":"2025-04-03T16:59:03","guid":{"rendered":"https:\/\/zojopackaging.com\/?post_type=product&#038;p=9871"},"modified":"2025-04-04T09:38:39","modified_gmt":"2025-04-04T01:38:39","slug":"custom-cannabis-pre-roll-joint-paper-packaging-box-wholesale","status":"publish","type":"product","link":"https:\/\/zojopackaging.com\/fr\/product\/custom-cannabis-pre-roll-joint-paper-packaging-box-wholesale\/","title":{"rendered":"Bo\u00eete d'emballage en papier pour joints pr\u00e9-enroul\u00e9s de cannabis sur mesure Wholesale"},"content":{"rendered":"<h2 id=\"-1-strong-material-comprehensive-protection-\"><strong>1. Mat\u00e9riau solide, protection compl\u00e8te<\/strong><\/h2>\n<p>Notre bo\u00eete \u00e0 cigarettes pr\u00e9-roul\u00e9es utilise\u00a0<strong>Papier couch\u00e9 \u00e0 haut grammage 157g<\/strong>\u00a0combin\u00e9e avec\u00a0<strong>rev\u00eatement en carton gris \u00e0 haute r\u00e9sistance<\/strong>La bo\u00eete est fabriqu\u00e9e \u00e0 partir de carton gris, et cr\u00e9e une structure tridimensionnelle gr\u00e2ce \u00e0 un processus composite qui garantit que le produit r\u00e9siste \u00e0 la pression, aux chutes et \u00e0 l'humidit\u00e9 pendant le transport, le stockage et l'utilisation. Le carton gris apporte un soutien suppl\u00e9mentaire, amortit efficacement les chocs ext\u00e9rieurs, r\u00e9duit le risque de rupture et maintient la l\u00e9g\u00e8ret\u00e9 de la bo\u00eete, tout en tenant compte de la protection de l'environnement et de la durabilit\u00e9.<\/p>\n<h2 id=\"-2-diversified-structural-and-functional-design-\"><strong>2. Conception structurelle et fonctionnelle diversifi\u00e9e<\/strong><\/h2>\n<ul>\n<li><strong>Choix flexible de tailles et de styles<\/strong>: Fournit une vari\u00e9t\u00e9 de types de bo\u00eetes tels que les bo\u00eetes carr\u00e9es, rectangulaires et les formes sp\u00e9ciales.\u00a0<strong>1-10 paquets<\/strong>\u00a0et d'autres sp\u00e9cifications de capacit\u00e9, et s'adapte aux diff\u00e9rents besoins des produits de cigarettes pr\u00e9-roul\u00e9es.<\/li>\n<li><strong>Conception d'un plug-in fixe<\/strong>: La couche de s\u00e9paration en mousse EVA r\u00e9glable ou en carton \u00e9cologique int\u00e9gr\u00e9e garantit la stabilit\u00e9 de la cigarette pr\u00e9roul\u00e9e et l'emp\u00eache de se d\u00e9placer pendant le transport afin d'\u00e9viter les dommages dus aux frottements.<\/li>\n<li><strong>Ouverture et fermeture portatives \u00e0 glissi\u00e8re<\/strong>: Optimiser l'amortissement de la structure push-pull, am\u00e9liorer l'exp\u00e9rience de l'utilisateur et prendre en compte l'\u00e9tanch\u00e9it\u00e9 et la facilit\u00e9 d'utilisation.<\/li>\n<\/ul>\n<h2 id=\"-3-high-precision-printing-and-color-performance-\"><strong>3. Impression de haute pr\u00e9cision et performance des couleurs<\/strong><\/h2>\n<p>Adopter\u00a0<strong>proc\u00e9d\u00e9 combin\u00e9 d'impression offset et d'impression num\u00e9rique<\/strong>, soutien\u00a0<strong>Impression CMYK en quadrichromie<\/strong>\u00a0et\u00a0<strong>Correspondance des couleurs Pantone (PMS)<\/strong>La reproduction des couleurs est \u2265 98%, ce qui permet de r\u00e9pondre \u00e0 des exigences de conception complexes telles que les logos de marque et les motifs en d\u00e9grad\u00e9.<\/p>\n<ul>\n<li><strong>Am\u00e9lioration de l'effet m\u00e9tallique<\/strong>: facultatif\u00a0<strong>marquage \u00e0 chaud\/argent \u00e0 chaud, marquage de feuilles m\u00e9talliques<\/strong>\u00a0L'effet laser mat, brillant ou partiel permet d'am\u00e9liorer l'impact visuel de l'emballage.<\/li>\n<li><strong>Conception d'une fen\u00eatre creuse<\/strong>La fen\u00eatre transparente en PET ou en acrylique est ouverte sur le corps de la bo\u00eete pour pr\u00e9senter intuitivement les cigarettes pr\u00e9-roul\u00e9es et stimuler le d\u00e9sir d'achat.<\/li>\n<\/ul>\n<h2 id=\"-4-surface-treatment-and-functional-coating-\"><strong>4. Traitement de surface et rev\u00eatement fonctionnel<\/strong><\/h2>\n<ul>\n<li><strong>Rev\u00eatement protecteur<\/strong>Le film de protection contre les rayures : des options telles que le film mat, le film brillant, le film tactile, etc. permettent d'am\u00e9liorer la r\u00e9sistance aux rayures et de prolonger la dur\u00e9e de vie de l'\u00e9cran.<\/li>\n<li><strong>Technologie de rev\u00eatement respectueuse de l'environnement<\/strong>Les produits de la cat\u00e9gorie \"contact alimentaire\" sont certifi\u00e9s par la FDA, ce qui garantit leur s\u00e9curit\u00e9.<\/li>\n<\/ul>\n<h2 id=\"-5-one-stop-customization-service-\"><strong>5. Service de personnalisation \u00e0 guichet unique<\/strong><\/h2>\n<ul>\n<li><strong>Conception et assistance technique<\/strong>: Mod\u00e9lisation 3D gratuite, optimisation structurelle et services d'adaptation \u00e0 la marque VI, prise en charge de la pr\u00e9visualisation d'\u00e9chantillons num\u00e9riques AR et r\u00e9duction des co\u00fbts d'\u00e9preuvage.<\/li>\n<li><strong>Entreposage et logistique intelligents<\/strong>: S'appuyant sur le syst\u00e8me d'entreposage automatis\u00e9, la gestion int\u00e9gr\u00e9e du tri des commandes, de l'emballage et du transport, et le soutien\u00a0<strong>7-15 jours de livraison rapide<\/strong>\u00a0sur les principaux march\u00e9s mondiaux.<\/li>\n<li><strong>Transparence de la cha\u00eene d'approvisionnement<\/strong>: Suivre la tra\u00e7abilit\u00e9 des mati\u00e8res premi\u00e8res et l'avancement de la production gr\u00e2ce \u00e0 la technologie de l'internet des objets (IoT) pour garantir une qualit\u00e9 contr\u00f4lable et une livraison dans les d\u00e9lais.<\/li>\n<\/ul>\n<h2 id=\"-6-brand-empowerment-and-market-competitiveness-\"><strong>6. Renforcement de la marque et comp\u00e9titivit\u00e9 du march\u00e9<\/strong><\/h2>\n<ul>\n<li><strong>Int\u00e9gration des outils de marketing<\/strong>: La bo\u00eete d'emballage peut \u00eatre \u00e9quip\u00e9e de puces NFC ou de codes QR qui renvoient au site web officiel de la marque et aux activit\u00e9s promotionnelles afin d'am\u00e9liorer l'interaction avec le consommateur.<\/li>\n<li><strong>Certification environnementale<\/strong>: Fournir des options de papier certifi\u00e9 FSC, qui s'inscrivent dans la tendance au d\u00e9veloppement durable des march\u00e9s europ\u00e9ens et am\u00e9ricains et contribuent \u00e0 l'am\u00e9lioration de la marque.<\/li>\n<\/ul>\n<h2 id=\"-7-quality-commitment-and-after-sales-guarantee-\"><strong>7. Engagement de qualit\u00e9 et garantie apr\u00e8s-vente<\/strong><\/h2>\n<ul>\n<li><strong>Processus complet d'inspection et de contr\u00f4le de la qualit\u00e9<\/strong>: Du stockage des mati\u00e8res premi\u00e8res \u00e0 l'exp\u00e9dition des produits finis, nous mettons en \u0153uvre le syst\u00e8me de gestion de la qualit\u00e9 ISO 9001, et le taux de d\u00e9fectuosit\u00e9 est \u22640,3%.<\/li>\n<li><strong>Un service apr\u00e8s-vente sans souci<\/strong>: Nous offrons une compensation des dommages, un service de remplacement d'urgence des commandes et une r\u00e9ponse du service client\u00e8le 24 heures sur 24 pour r\u00e9soudre les probl\u00e8mes des clients.<\/li>\n<\/ul>","protected":false},"excerpt":{"rendered":"<p>Gr\u00e2ce \u00e0 l'int\u00e9gration profonde des\u00a0<strong>innovation mat\u00e9rielle<\/strong>,\u00a0<strong>l'affinement du processus<\/strong>\u00a0et\u00a0<strong>service num\u00e9rique<\/strong>Nos bo\u00eetes d'emballage pour cigarettes pr\u00e9-roul\u00e9es ne r\u00e9pondent pas seulement \u00e0 des besoins fonctionnels, mais deviennent \u00e9galement un support \u00e9tendu de la valeur de la marque. De la conception \u00e0 la livraison, nous nous engageons \u00e0\u00a0<strong>pr\u00e9cision de qualit\u00e9 industrielle<\/strong>\u00a0et\u00a0<strong>expression artistique<\/strong>\u00a0pour aider vos produits \u00e0 se d\u00e9marquer sur le march\u00e9 concurrentiel.<\/p>","protected":false},"featured_media":9876,"template":"","meta":[],"product_brand":[],"product_cat":[30,420,31,426],"product_tag":[1213,1299,1281],"class_list":{"0":"post-9871","1":"product","2":"type-product","3":"status-publish","4":"has-post-thumbnail","6":"product_cat-by-industry","7":"product_cat-custom-cannabis-boxes","8":"product_cat-paper-box-style","9":"product_cat-paper-drawer-boxes","10":"product_tag-custom-pre-roll-boxes","11":"product_tag-pre-roll-joint-boxes","12":"product_tag-pre-roll-packaging","14":"first","15":"instock","16":"shipping-taxable","17":"product-type-grouped"},"_links":{"self":[{"href":"https:\/\/zojopackaging.com\/fr\/wp-json\/wp\/v2\/product\/9871","targetHints":{"allow":["GET"]}}],"collection":[{"href":"https:\/\/zojopackaging.com\/fr\/wp-json\/wp\/v2\/product"}],"about":[{"href":"https:\/\/zojopackaging.com\/fr\/wp-json\/wp\/v2\/types\/product"}],"version-history":[{"count":1,"href":"https:\/\/zojopackaging.com\/fr\/wp-json\/wp\/v2\/product\/9871\/revisions"}],"predecessor-version":[{"id":9879,"href":"https:\/\/zojopackaging.com\/fr\/wp-json\/wp\/v2\/product\/9871\/revisions\/9879"}],"wp:featuredmedia":[{"embeddable":true,"href":"https:\/\/zojopackaging.com\/fr\/wp-json\/wp\/v2\/media\/9876"}],"wp:attachment":[{"href":"https:\/\/zojopackaging.com\/fr\/wp-json\/wp\/v2\/media?parent=9871"}],"wp:term":[{"taxonomy":"product_brand","embeddable":true,"href":"https:\/\/zojopackaging.com\/fr\/wp-json\/wp\/v2\/product_brand?post=9871"},{"taxonomy":"product_cat","embeddable":true,"href":"https:\/\/zojopackaging.com\/fr\/wp-json\/wp\/v2\/product_cat?post=9871"},{"taxonomy":"product_tag","embeddable":true,"href":"https:\/\/zojopackaging.com\/fr\/wp-json\/wp\/v2\/product_tag?post=9871"}],"curies":[{"name":"wp","href":"https:\/\/api.w.org\/{rel}","templated":true}]}}