{"id":9880,"date":"2025-04-04T09:38:51","date_gmt":"2025-04-04T01:38:51","guid":{"rendered":"https:\/\/zojopackaging.com\/?post_type=product&#038;p=9880"},"modified":"2025-04-04T09:47:29","modified_gmt":"2025-04-04T01:47:29","slug":"wholesale-multi-pack-pre-roll-paper-packaging-drawer-boxes","status":"publish","type":"product","link":"https:\/\/zojopackaging.com\/fr\/product\/wholesale-multi-pack-pre-roll-paper-packaging-drawer-boxes\/","title":{"rendered":"Bo\u00eetes \u00e0 tiroirs d'emballage en papier pr\u00e9roulant en gros et en plusieurs exemplaires"},"content":{"rendered":"<h2 id=\"pre-rolled-paper-drawer-box-with-multiple-pieces\">Bo\u00eetes \u00e0 tiroirs d'emballage en papier pr\u00e9roulant en gros et en plusieurs exemplaires<\/h2>\n<h2 id=\"1-excellent-materials-and-customized-craftsmanship\">1. Excellents mat\u00e9riaux et fabrication sur mesure<\/h2>\n<p>Adoptant une structure composite de papier couch\u00e9 de 350 g et de carton gris de 1400 g, l'\u00e9quipement d'impression allemand Roland permet de contr\u00f4ler les erreurs avec une pr\u00e9cision de 0,1 \u00e0 0,5 mm. Support :<\/p>\n<ul>\n<li><strong>Impression de haute pr\u00e9cision<\/strong>: Le num\u00e9ro de couleur Pantone est restitu\u00e9 avec pr\u00e9cision, et le processus local de marquage UV\/chaud permet d'am\u00e9liorer la texture de l'emballage.<\/li>\n<li><strong>Processus composite<\/strong>: Il est possible de choisir entre un film mat et un film brillant, et la pr\u00e9cision de la ligne du couteau de d\u00e9coupe est de \u00b10,05 mm.<\/li>\n<li><strong>Certification environnementale<\/strong>: Le papier couch\u00e9 certifi\u00e9 FSC et le carton gris recycl\u00e9 sont combin\u00e9s, ce qui est conforme \u00e0 la directive RoHS de l'UE.<\/li>\n<\/ul>\n<h2 id=\"2-functional-lining-system\">2. Syst\u00e8me de rev\u00eatement fonctionnel<\/h2>\n<p>Le rev\u00eatement du tiroir est con\u00e7u pour r\u00e9sister \u00e0 l'humidit\u00e9 :<\/p>\n<ul>\n<li>Couche sup\u00e9rieure antiadh\u00e9sive : Papier d'acide sulfurique de qualit\u00e9 alimentaire de 0,02 mm, taux de transmission de la vapeur d'eau \u22643g\/(m\u00b2-24h).<\/li>\n<li>Couche tampon interm\u00e9diaire : rainure d\u00e9coup\u00e9e en coton perl\u00e9 EPE de 3 mm, adapt\u00e9e aux cigarettes pr\u00e9roul\u00e9es d'un diam\u00e8tre de 7 \u00e0 12 mm.<\/li>\n<li>Syst\u00e8me de positionnement par le bas : grille de positionnement grav\u00e9e au laser, permettant d'obtenir une pr\u00e9cision de \u00b10,3 mm dans la disposition des produits.<\/li>\n<\/ul>\n<h2 id=\"4-natural-aesthetic-design\">4. Conception esth\u00e9tique naturelle<\/h2>\n<p>D\u00e9veloppement des \"tons de terre\" par le biais du syst\u00e8me de couleurs allemand Pantone :<\/p>\n<ul>\n<li><strong>Technologie de la texture<\/strong>Les traitements de surface tactiles, tels que le grain de chanvre bionique, le grain de l'anneau annuel et le grain de la pierre, sont au nombre de 8.<\/li>\n<li><strong>Exp\u00e9rience en mati\u00e8re d'ouverture et de fermeture<\/strong>: Syst\u00e8me de fermeture magn\u00e9tique avec un coefficient d'amortissement de 0,3-0,5N-m<\/li>\n<li><strong>Implantation de la marque<\/strong>: Prise en charge de la gravure laser de codes QR invisibles (taille minimale de 0,8\u00d70,8 mm)<\/li>\n<\/ul>\n<h2 id=\"5-full-link-production-management\">5. Gestion int\u00e9grale de la production<\/h2>\n<p>S'appuyer sur l'usine intelligente 5320\u33a1 pour r\u00e9aliser :<\/p>\n<ul>\n<li><strong>Ligne de production automatis\u00e9e<\/strong>: Pr\u00e9cision du patch SMT \u00b135\u03bcm, syst\u00e8me logistique AGV d\u00e9bit journalier 100 000 pi\u00e8ces.<\/li>\n<li><strong>Gestion de la qualit\u00e9<\/strong>: \u00c9quip\u00e9 d'un d\u00e9tecteur de corps \u00e9trangers \u00e0 rayons X et d'un syst\u00e8me d'inspection des joints \u00e0 balance \u00e9lectronique (pr\u00e9cision \u00b10,1g).<\/li>\n<li><strong>Optimisation des co\u00fbts<\/strong>: R\u00e9duction des co\u00fbts d'entreposage de 15% gr\u00e2ce \u00e0 la gestion des stocks VMI, et taux de livraison JIT \u00e0 temps de 99,2%.<\/li>\n<\/ul>\n<h2 id=\"6-strategic-packaging-solutions\">6. Solutions strat\u00e9giques d'emballage<\/h2>\n<p>Notre \u00e9quipe d'experts peut vous fournir :<\/p>\n<ul>\n<li><strong>Diagnostic de la marque<\/strong>: Optimiser la dynamique visuelle des emballages en se basant sur les tests de l'oculom\u00e8tre du consommateur<\/li>\n<li><strong>Int\u00e9gration de la cha\u00eene d'approvisionnement<\/strong>: Les co\u00fbts logistiques transfrontaliers de la ligne sp\u00e9cialis\u00e9e sont inf\u00e9rieurs de 22% \u00e0 ceux des mod\u00e8les traditionnels.<\/li>\n<li><strong>Syst\u00e8me anti-contrefa\u00e7on<\/strong>: Solution d'implantation de puces RFID \u00e0 triple cryptage (distance de lecture r\u00e9glable de 0 \u00e0 50 cm)<\/li>\n<\/ul>\n<h2 id=\"vii-service-commitment\">7. Engagement de service<\/h2>\n<ul>\n<li><strong>R\u00e9ponse rapide<\/strong>: Livraison d'\u00e9chantillons en 48 heures (prise en charge de l'\u00e9preuvage virtuel AR)<\/li>\n<li><strong>Garantie de capacit\u00e9 de production<\/strong>: Capacit\u00e9 de production standardis\u00e9e de 1 000 000 PCS\/jour, canal acc\u00e9l\u00e9r\u00e9 de 72 heures pour les commandes urgentes<\/li>\n<li><strong>Certification environnementale<\/strong>: Certification ISO14001 du syst\u00e8me de gestion environnementale, permettant la tra\u00e7abilit\u00e9 de l'empreinte carbone<\/li>\n<\/ul>","protected":false},"excerpt":{"rendered":"<p>1. Les mati\u00e8res premi\u00e8res de la bo\u00eete \u00e0 tiroirs sont le papier d'art couch\u00e9 et le carton gris. Vous pouvez compter sur nos excellentes sp\u00e9cifications en mati\u00e8re de mat\u00e9riaux. L'impression, le pelliculage, la d\u00e9coupe et d'autres processus peuvent \u00eatre pris en charge en fonction des exigences du client.<br \/>\n2. La doublure de la bo\u00eete extractible, ces articles simples mais essentiels contiennent un charme et une commodit\u00e9 infinis. Imaginez une rang\u00e9e de cigarettes pr\u00e9roul\u00e9es bien rang\u00e9es, leur aspect lisse et leurs lignes \u00e9pur\u00e9es attirent les consommateurs.<br \/>\n3. Nos clients peuvent choisir parmi une vari\u00e9t\u00e9 de tailles de bo\u00eetes extractibles, afin de trouver efficacement le mat\u00e9riau de base qui r\u00e9pond le mieux \u00e0 leurs besoins en mati\u00e8re d'emballage de produits.<\/p>","protected":false},"featured_media":9882,"template":"","meta":[],"product_brand":[],"product_cat":[30,420,31,426],"product_tag":[1213,1300,1299,1281],"class_list":{"0":"post-9880","1":"product","2":"type-product","3":"status-publish","4":"has-post-thumbnail","6":"product_cat-by-industry","7":"product_cat-custom-cannabis-boxes","8":"product_cat-paper-box-style","9":"product_cat-paper-drawer-boxes","10":"product_tag-custom-pre-roll-boxes","11":"product_tag-paper-pre-roll-packaging","12":"product_tag-pre-roll-joint-boxes","13":"product_tag-pre-roll-packaging","15":"first","16":"instock","17":"shipping-taxable","18":"product-type-grouped"},"_links":{"self":[{"href":"https:\/\/zojopackaging.com\/fr\/wp-json\/wp\/v2\/product\/9880","targetHints":{"allow":["GET"]}}],"collection":[{"href":"https:\/\/zojopackaging.com\/fr\/wp-json\/wp\/v2\/product"}],"about":[{"href":"https:\/\/zojopackaging.com\/fr\/wp-json\/wp\/v2\/types\/product"}],"version-history":[{"count":1,"href":"https:\/\/zojopackaging.com\/fr\/wp-json\/wp\/v2\/product\/9880\/revisions"}],"predecessor-version":[{"id":9887,"href":"https:\/\/zojopackaging.com\/fr\/wp-json\/wp\/v2\/product\/9880\/revisions\/9887"}],"wp:featuredmedia":[{"embeddable":true,"href":"https:\/\/zojopackaging.com\/fr\/wp-json\/wp\/v2\/media\/9882"}],"wp:attachment":[{"href":"https:\/\/zojopackaging.com\/fr\/wp-json\/wp\/v2\/media?parent=9880"}],"wp:term":[{"taxonomy":"product_brand","embeddable":true,"href":"https:\/\/zojopackaging.com\/fr\/wp-json\/wp\/v2\/product_brand?post=9880"},{"taxonomy":"product_cat","embeddable":true,"href":"https:\/\/zojopackaging.com\/fr\/wp-json\/wp\/v2\/product_cat?post=9880"},{"taxonomy":"product_tag","embeddable":true,"href":"https:\/\/zojopackaging.com\/fr\/wp-json\/wp\/v2\/product_tag?post=9880"}],"curies":[{"name":"wp","href":"https:\/\/api.w.org\/{rel}","templated":true}]}}