{"id":9888,"date":"2025-04-04T09:47:39","date_gmt":"2025-04-04T01:47:39","guid":{"rendered":"https:\/\/zojopackaging.com\/?post_type=product&#038;p=9888"},"modified":"2025-04-04T09:58:19","modified_gmt":"2025-04-04T01:58:19","slug":"custom-printed-5-pack-blank-cbd-pre-rolled-joints-box-usa","status":"publish","type":"product","link":"https:\/\/zojopackaging.com\/fr\/product\/custom-printed-5-pack-blank-cbd-pre-rolled-joints-box-usa\/","title":{"rendered":"Bo\u00eete de 5 joints CBD pr\u00e9-enroul\u00e9s imprim\u00e9s sur mesure USA"},"content":{"rendered":"<h2 id=\"1-high-quality-materials-and-structural-design-\">1.\u00a0<strong>Mat\u00e9riaux et conception structurelle de haute qualit\u00e9<\/strong><\/h2>\n<ul>\n<li><strong>Combinaison de mat\u00e9riaux<\/strong>: Le papier d'art couch\u00e9 \u00e0 fort grammage et les mat\u00e9riaux en carton rigide sont utilis\u00e9s pour garantir la solidit\u00e9 et la durabilit\u00e9 de la bo\u00eete, et la structure interne est con\u00e7ue avec pr\u00e9cision pour fixer efficacement les produits pr\u00e9-roul\u00e9s et \u00e9viter qu'ils ne tremblent pendant le transport ou l'utilisation.<\/li>\n<li><strong>Protection de l'environnement<\/strong>: Un rev\u00eatement biod\u00e9gradable est disponible en option pour se conformer \u00e0 la tendance des r\u00e9glementations en mati\u00e8re de protection de l'environnement dans divers \u00c9tats des \u00c9tats-Unis et renforcer l'image durable de la marque.<\/li>\n<\/ul>\n<h2 id=\"2-four-color-printing-and-matte-film-process-\">2.\u00a0<strong>Impression en quadrichromie et traitement du film mat<\/strong><\/h2>\n<ul>\n<li><strong>Technologie d'impression<\/strong>: L'impression en quadrichromie restitue avec pr\u00e9cision les couleurs de la marque, prend en charge la correspondance des couleurs d'accompagnement Pantone et convient aux motifs complexes et aux effets de d\u00e9grad\u00e9.<\/li>\n<li><strong>Traitement de surface<\/strong>: La technologie de pelliculage mat permet non seulement d'am\u00e9liorer l'aspect visuel du luxe, mais aussi de lutter contre les empreintes digitales et les rayures, ce qui prolonge la dur\u00e9e de vie de l'emballage.<\/li>\n<\/ul>\n<h2 id=\"3-all-round-customization-service-\">3.\u00a0<strong>Service de personnalisation complet<\/strong><\/h2>\n<ul>\n<li><strong>Taille et forme<\/strong>: Permet de personnaliser les tailles non standard (telles que les formes \u00e9lanc\u00e9es, carr\u00e9es ou sp\u00e9ciales) afin de s'adapter aux diff\u00e9rentes sp\u00e9cifications des produits CBD pr\u00e9-roul\u00e9s.<\/li>\n<li><strong>Conception artistique<\/strong>: Il fournit une assistance compl\u00e8te pour la conception du logo de la marque, des illustrations et des \u00e9l\u00e9ments anti-contrefa\u00e7on, et peut utiliser le marquage \u00e0 chaud, le gla\u00e7age local par UV et d'autres proc\u00e9d\u00e9s pour am\u00e9liorer l'impact visuel.<\/li>\n<\/ul>\n<h2 id=\"4-regulatory-compliance-and-safety-upgrade-\">4.\u00a0<strong>Mise \u00e0 niveau de la conformit\u00e9 r\u00e9glementaire et de la s\u00e9curit\u00e9<\/strong><\/h2>\n<ul>\n<li><strong>S\u00e9curit\u00e9 enfants<\/strong>: Dispositif d'ouverture \u00e0 l'\u00e9preuve des enfants int\u00e9gr\u00e9 en option, conforme aux exigences de la loi am\u00e9ricaine sur les emballages pour la pr\u00e9vention des intoxications infantiles (PPPA) et certifi\u00e9 par la FDA.<\/li>\n<li><strong>Technologie anti-contrefa\u00e7on<\/strong>: La prise en charge de solutions anti-contrefa\u00e7on telles que le marquage \u00e0 chaud holographique et l'encre \u00e0 temp\u00e9rature variable permet de prot\u00e9ger les marques contre la contrefa\u00e7on.<\/li>\n<\/ul>\n<h2 id=\"5-flexible-capacity-and-brand-empowerment-\">5.\u00a0<strong>Capacit\u00e9 de flexibilit\u00e9 et autonomisation de la marque<\/strong><\/h2>\n<ul>\n<li><strong>Quantit\u00e9 minimale de commande<\/strong>: Permet la personnalisation de petites quantit\u00e9s (commande minimale de 5 paquets), ce qui convient aux marques en phase de d\u00e9marrage pour tester le march\u00e9.<\/li>\n<li><strong>Syst\u00e8me de classification des marques<\/strong>: Fournit des solutions de conception d'emballage diff\u00e9renci\u00e9es bas\u00e9es sur le positionnement du produit (tel que haut de gamme, abordable ou \u00e9dition limit\u00e9e) afin d'aider \u00e0 un marketing de pr\u00e9cision.<\/li>\n<\/ul>\n<h2 id=\"-application-scenarios-and-market-value-\"><strong>Sc\u00e9narios d'application et valeur du march\u00e9<\/strong><\/h2>\n<ul>\n<li><strong>Pr\u00e9sentoir de vente au d\u00e9tail<\/strong>: La texture mate du film et les motifs personnalis\u00e9s am\u00e9liorent l'attrait du rayon. Convient aux bureaux de tabac hors ligne, aux magasins sp\u00e9cialis\u00e9s dans le CBD et aux magasins de produits de sant\u00e9.<\/li>\n<li><strong>Service d'abonnement<\/strong>: S'adapter au mod\u00e8le d'abonnement mensuel et am\u00e9liorer l'exp\u00e9rience de d\u00e9ballage de l'utilisateur et sa fid\u00e9lit\u00e9 \u00e0 la marque gr\u00e2ce \u00e0 un emballage personnalis\u00e9.<\/li>\n<li><strong>Coop\u00e9ration limit\u00e9e<\/strong>: Fournir un design exclusif pour les produits co-marqu\u00e9s ou limit\u00e9s \u00e0 la p\u00e9riode des f\u00eates afin de cr\u00e9er une raret\u00e9 et une actualit\u00e9.<\/li>\n<\/ul>\n<h2 id=\"-cooperation-process-and-guarantee-\"><strong>Processus de coop\u00e9ration et garantie<\/strong><\/h2>\n<ol>\n<li><strong>Communication de la demande<\/strong>: Fournir un projet de conception ou une conception originale par notre \u00e9quipe, et produire des rendus en 3D dans les 3 jours ouvrables.<\/li>\n<li><strong>Confirmation de l'\u00e9preuve<\/strong>: Envoi d'\u00e9chantillons physiques dans les 7 jours, assistance \u00e0 l'ajustement des d\u00e9tails du processus.<\/li>\n<li><strong>Production de masse<\/strong>: Cycle de livraison de 10 \u00e0 15 jours, inspection compl\u00e8te de la qualit\u00e9 pour garantir un taux de qualification des produits finis \u226599.8%.<\/li>\n<li><strong>Assistance apr\u00e8s-vente<\/strong>: Fournir des services d'entreposage et de r\u00e9approvisionnement d'urgence pour r\u00e9pondre \u00e0 la demande soudaine du march\u00e9.<\/li>\n<\/ol>","protected":false},"excerpt":{"rendered":"<p>Nos bo\u00eetes \u00e0 tiroirs CBD vierges sont con\u00e7ues sp\u00e9cifiquement pour le march\u00e9 am\u00e9ricain, combinant des mat\u00e9riaux de haute qualit\u00e9 et un savoir-faire innovant pour fournir des solutions d'emballage s\u00fbres, esth\u00e9tiques et hautement personnalis\u00e9es. Elles conviennent aux propri\u00e9taires de marques et d'entreprises pour \u00e9tablir une image unique sur un march\u00e9 hautement concurrentiel tout en r\u00e9pondant aux exigences r\u00e9glementaires et aux besoins d'exp\u00e9rience des consommateurs.<\/p>","protected":false},"featured_media":9889,"template":"","meta":[],"product_brand":[],"product_cat":[30,420,31,426],"product_tag":[1213,1300,1299,1281],"class_list":{"0":"post-9888","1":"product","2":"type-product","3":"status-publish","4":"has-post-thumbnail","6":"product_cat-by-industry","7":"product_cat-custom-cannabis-boxes","8":"product_cat-paper-box-style","9":"product_cat-paper-drawer-boxes","10":"product_tag-custom-pre-roll-boxes","11":"product_tag-paper-pre-roll-packaging","12":"product_tag-pre-roll-joint-boxes","13":"product_tag-pre-roll-packaging","15":"first","16":"instock","17":"shipping-taxable","18":"product-type-grouped"},"_links":{"self":[{"href":"https:\/\/zojopackaging.com\/fr\/wp-json\/wp\/v2\/product\/9888","targetHints":{"allow":["GET"]}}],"collection":[{"href":"https:\/\/zojopackaging.com\/fr\/wp-json\/wp\/v2\/product"}],"about":[{"href":"https:\/\/zojopackaging.com\/fr\/wp-json\/wp\/v2\/types\/product"}],"version-history":[{"count":1,"href":"https:\/\/zojopackaging.com\/fr\/wp-json\/wp\/v2\/product\/9888\/revisions"}],"predecessor-version":[{"id":9895,"href":"https:\/\/zojopackaging.com\/fr\/wp-json\/wp\/v2\/product\/9888\/revisions\/9895"}],"wp:featuredmedia":[{"embeddable":true,"href":"https:\/\/zojopackaging.com\/fr\/wp-json\/wp\/v2\/media\/9889"}],"wp:attachment":[{"href":"https:\/\/zojopackaging.com\/fr\/wp-json\/wp\/v2\/media?parent=9888"}],"wp:term":[{"taxonomy":"product_brand","embeddable":true,"href":"https:\/\/zojopackaging.com\/fr\/wp-json\/wp\/v2\/product_brand?post=9888"},{"taxonomy":"product_cat","embeddable":true,"href":"https:\/\/zojopackaging.com\/fr\/wp-json\/wp\/v2\/product_cat?post=9888"},{"taxonomy":"product_tag","embeddable":true,"href":"https:\/\/zojopackaging.com\/fr\/wp-json\/wp\/v2\/product_tag?post=9888"}],"curies":[{"name":"wp","href":"https:\/\/api.w.org\/{rel}","templated":true}]}}