{"id":9896,"date":"2025-04-04T09:58:33","date_gmt":"2025-04-04T01:58:33","guid":{"rendered":"https:\/\/zojopackaging.com\/?post_type=product&#038;p=9896"},"modified":"2025-04-04T10:09:23","modified_gmt":"2025-04-04T02:09:23","slug":"premium-cannabis-cbd-joints-packaging-pre-rolls-paper-box","status":"publish","type":"product","link":"https:\/\/zojopackaging.com\/fr\/product\/premium-cannabis-cbd-joints-packaging-pre-rolls-paper-box\/","title":{"rendered":"Premium Cannabis CBD Joints Packaging Pre-Rolls Paper Box"},"content":{"rendered":"<h2 id=\"-1-materials-and-structure-both-texture-and-environmental-protection-\"><strong>1. Mat\u00e9riaux et structure : texture et protection de l'environnement<\/strong><\/h2>\n<p>Cette bo\u00eete de papier pr\u00e9-roul\u00e9 utilise\u00a0<strong>papier d'art couch\u00e9 + mat\u00e9riau composite en carton rigide<\/strong>Le carton gris permet non seulement de conserver les caract\u00e9ristiques d'impression brillante du papier couch\u00e9, mais aussi d'am\u00e9liorer la r\u00e9sistance \u00e0 la pression et la durabilit\u00e9 du corps de la bo\u00eete, s'adaptant ainsi parfaitement \u00e0 la conception de l'ouverture et de la fermeture par glissement. La surface du papier couch\u00e9 est lisse, ce qui permet de pr\u00e9senter un aspect d\u00e9licat.\u00a0<strong>effet d'impression en quadrichromie<\/strong>L'\u00e2me en carton gris fournit une structure de support stable pour \u00e9viter tout risque de d\u00e9formation pendant le transport ou le stockage. En outre, la combinaison des mat\u00e9riaux est conforme \u00e0 la tendance en mati\u00e8re de protection de l'environnement, soutient la conception recyclable ult\u00e9rieure et r\u00e9pond aux besoins de l'industrie en mati\u00e8re de d\u00e9veloppement durable.<\/p>\n<h2 id=\"-2-innovative-design-brand-differentiation-experience-\"><strong>2. Conception innovante : exp\u00e9rience de diff\u00e9renciation de la marque<\/strong><\/h2>\n<ul>\n<li><strong>Structure stratifi\u00e9e extractible<\/strong>: La conception en couches de la cloison en carton est adopt\u00e9e, et les cigarettes pr\u00e9roul\u00e9es sont soigneusement rang\u00e9es dans des fentes de cartes ind\u00e9pendantes, ce qui non seulement prot\u00e8ge l'int\u00e9grit\u00e9 du produit, mais renforce \u00e9galement le sens du rituel d'ouverture de la bo\u00eete gr\u00e2ce \u00e0 la \"progression visuelle\" lors de l'ouverture, et renforce l'image haut de gamme de la marque.<\/li>\n<li><strong>Impact visuel des couleurs vives<\/strong>: Les couleurs principales sont\u00a0<strong>rose vif et rouge<\/strong>La bo\u00eete est dot\u00e9e d'une technologie d'impression \u00e0 haute saturation qui attire rapidement l'attention des consommateurs dans les rayons. La surface de la bo\u00eete pr\u00e9sente avec pr\u00e9cision le logo de la marque gr\u00e2ce \u00e0 la technologie d'impression en quadrichromie, et la bo\u00eete int\u00e9rieure est compl\u00e9t\u00e9e par les \u00e9l\u00e9ments suivants\u00a0<strong>d\u00e9coration de rubans personnalis\u00e9e<\/strong>. Les d\u00e9tails refl\u00e8tent la recherche de qualit\u00e9 et d'esth\u00e9tique de la marque.<\/li>\n<\/ul>\n<h2 id=\"-3-safety-and-compliance-child-protection-and-regulatory-adaptation-\"><strong>3. S\u00e9curit\u00e9 et conformit\u00e9 : Protection des enfants et adaptation de la r\u00e9glementation<\/strong><\/h2>\n<ul>\n<li><strong>Options d'emballage sans danger pour les enfants<\/strong>: Fournir\u00a0<strong>conception de l'ouverture de la bo\u00eete press-lock<\/strong>\u00a0ou une structure de cryptage magn\u00e9tique, dont l'ouverture n\u00e9cessite des \u00e9tapes d'op\u00e9ration sp\u00e9cifiques, emp\u00eachant efficacement les enfants de toucher accidentellement le produit, et respectant les normes de s\u00e9curit\u00e9 internationales telles que celles de la CPSC des \u00c9tats-Unis.<\/li>\n<\/ul>\n<h2 id=\"-4-unlimited-customization-highlight-the-uniqueness-of-the-brand-\"><strong>4. Personnalisation illimit\u00e9e : mise en \u00e9vidence du caract\u00e8re unique de la marque<\/strong><\/h2>\n<ul>\n<li><strong>Service de personnalisation de l'ensemble du processus<\/strong>: De la taille de la bo\u00eete \u00e0 la technologie d'impression (marquage \u00e0 chaud\/UV\/embossage) en passant par la conception du logo, tous les \u00e9l\u00e9ments peuvent \u00eatre ajust\u00e9s de mani\u00e8re personnalis\u00e9e. Par exemple, vous pouvez combiner\u00a0<strong>\u00e9l\u00e9ments de feuilles de marijuana<\/strong>\u00a0ou l'image de marque IP pour cr\u00e9er un langage visuel unique.<\/li>\n<li><strong>Module d'expansion des fonctions<\/strong>La carte de contr\u00f4le de l'humidit\u00e9 int\u00e9gr\u00e9e en option, la fente pour la brochure de la marque, ou la combinaison avec la puce NFC pour r\u00e9aliser la fonction de tra\u00e7abilit\u00e9 anti-contrefa\u00e7on, am\u00e9liorer l'exp\u00e9rience de l'utilisateur et la technologie de la marque.<\/li>\n<\/ul>\n<h2 id=\"-application-scenarios-and-market-value-\"><strong>Sc\u00e9narios d'application et valeur du march\u00e9<\/strong><\/h2>\n<ul>\n<li><strong>March\u00e9 des coffrets cadeaux haut de gamme<\/strong>: Applicable aux cigarettes de loisir CBD, aux produits \u00e0 base de marijuana m\u00e9dicale, etc., afin d'augmenter l'espace premium du produit gr\u00e2ce \u00e0 un emballage luxueux.<\/li>\n<li><strong>Coop\u00e9ration entre les marques<\/strong>le design transfrontalier avec les domaines de la mode et de l'art pour attirer les jeunes groupes de consommateurs, comme les coffrets cadeaux en \u00e9dition limit\u00e9e pour les f\u00eates de fin d'ann\u00e9e.<\/li>\n<\/ul>","protected":false},"excerpt":{"rendered":"<p>Cette bo\u00eete de papier pr\u00e9-roul\u00e9 est ax\u00e9e sur l'innovation mat\u00e9rielle, l'esth\u00e9tique du design et la praticit\u00e9 fonctionnelle, aidant les marques \u00e0 se d\u00e9marquer sur le march\u00e9 f\u00e9rocement concurrentiel du cannabis. Qu'il s'agisse de la s\u00e9curit\u00e9 des enfants, de la protection de l'environnement ou de services personnalis\u00e9s, elle peut fournir une solution unique et devenir un support essentiel pour renforcer la valeur de la marque et la fid\u00e9lit\u00e9 des consommateurs.<\/p>","protected":false},"featured_media":9897,"template":"","meta":[],"product_brand":[],"product_cat":[30,420,31,426],"product_tag":[1213,1300,1299,1281],"class_list":{"0":"post-9896","1":"product","2":"type-product","3":"status-publish","4":"has-post-thumbnail","6":"product_cat-by-industry","7":"product_cat-custom-cannabis-boxes","8":"product_cat-paper-box-style","9":"product_cat-paper-drawer-boxes","10":"product_tag-custom-pre-roll-boxes","11":"product_tag-paper-pre-roll-packaging","12":"product_tag-pre-roll-joint-boxes","13":"product_tag-pre-roll-packaging","15":"first","16":"instock","17":"shipping-taxable","18":"product-type-grouped"},"_links":{"self":[{"href":"https:\/\/zojopackaging.com\/fr\/wp-json\/wp\/v2\/product\/9896","targetHints":{"allow":["GET"]}}],"collection":[{"href":"https:\/\/zojopackaging.com\/fr\/wp-json\/wp\/v2\/product"}],"about":[{"href":"https:\/\/zojopackaging.com\/fr\/wp-json\/wp\/v2\/types\/product"}],"version-history":[{"count":2,"href":"https:\/\/zojopackaging.com\/fr\/wp-json\/wp\/v2\/product\/9896\/revisions"}],"predecessor-version":[{"id":9904,"href":"https:\/\/zojopackaging.com\/fr\/wp-json\/wp\/v2\/product\/9896\/revisions\/9904"}],"wp:featuredmedia":[{"embeddable":true,"href":"https:\/\/zojopackaging.com\/fr\/wp-json\/wp\/v2\/media\/9897"}],"wp:attachment":[{"href":"https:\/\/zojopackaging.com\/fr\/wp-json\/wp\/v2\/media?parent=9896"}],"wp:term":[{"taxonomy":"product_brand","embeddable":true,"href":"https:\/\/zojopackaging.com\/fr\/wp-json\/wp\/v2\/product_brand?post=9896"},{"taxonomy":"product_cat","embeddable":true,"href":"https:\/\/zojopackaging.com\/fr\/wp-json\/wp\/v2\/product_cat?post=9896"},{"taxonomy":"product_tag","embeddable":true,"href":"https:\/\/zojopackaging.com\/fr\/wp-json\/wp\/v2\/product_tag?post=9896"}],"curies":[{"name":"wp","href":"https:\/\/api.w.org\/{rel}","templated":true}]}}