{"id":9905,"date":"2025-04-04T10:09:37","date_gmt":"2025-04-04T02:09:37","guid":{"rendered":"https:\/\/zojopackaging.com\/?post_type=product&#038;p=9905"},"modified":"2025-04-04T10:20:16","modified_gmt":"2025-04-04T02:20:16","slug":"custom-drawer-hemp-pre-roll-pre-rolls-joints-packaging","status":"publish","type":"product","link":"https:\/\/zojopackaging.com\/fr\/product\/custom-drawer-hemp-pre-roll-pre-rolls-joints-packaging\/","title":{"rendered":"Tiroir sur mesure Chanvre pre-roll Pre Rolls Joints Packaging"},"content":{"rendered":"<h2 id=\"1-material-and-craftsmanship-\">1.\u00a0<strong>Mat\u00e9riaux et ex\u00e9cution<\/strong><\/h2>\n<ul>\n<li><strong>Structure du papier de parement et du carton gris<\/strong>: Le papier couch\u00e9 \u00e0 fort grammage est utilis\u00e9 comme papier de couverture, qui est mont\u00e9 sur un support en carton gris tr\u00e8s r\u00e9sistant pour garantir que la bo\u00eete est droite et r\u00e9sistante \u00e0 l'usure. La texture miroir du papier couch\u00e9 permet de pr\u00e9senter avec pr\u00e9cision le LOGO, le motif et la couleur de la marque, et le carton gris (\u00e9paisseur 1,5-3,0 mm) fournit un support compressif pour r\u00e9sister efficacement \u00e0 l'impact des forces ext\u00e9rieures pendant le transport.<\/li>\n<li><strong>Optimisation du rev\u00eatement<\/strong>: L'int\u00e9rieur est assorti \u00e0 une doublure en carton blanc de qualit\u00e9 alimentaire, et le produit pr\u00e9-roul\u00e9 est fix\u00e9 par la fente d\u00e9coup\u00e9e \u00e0 l'emporte-pi\u00e8ce pour \u00e9viter les secousses ou les d\u00e9formations dues \u00e0 l'extrusion. La surface de la doublure est recouverte d'un film mat, qui est \u00e0 la fois r\u00e9sistant \u00e0 l'humidit\u00e9 et agr\u00e9able au toucher.<\/li>\n<\/ul>\n<h2 id=\"2-functional-design-\">2.\u00a0<strong>Conception fonctionnelle<\/strong><\/h2>\n<ul>\n<li><strong>Ouverture et fermeture des coulissants<\/strong>: La structure de la glissi\u00e8re adopte un processus de rainurage pr\u00e9-press\u00e9, et la douceur d'ouverture et de fermeture atteint la norme d'erreur de \u00b10,3 mm, et le coefficient de r\u00e9sistance est \u22640,5N, ce qui garantit que les consommateurs peuvent facilement prendre le produit d'une seule main.<\/li>\n<li><strong>Disposition de la grille<\/strong>: La doublure prend en charge la personnalisation de la grille selon plusieurs sp\u00e9cifications (telles que des emplacements ind\u00e9pendants simples et des emplacements \u00e0 plusieurs rang\u00e9es), ce qui convient aux cigarettes pr\u00e9-roul\u00e9es ou aux atomiseurs de diff\u00e9rentes tailles pour am\u00e9liorer le sens de l'ordre dans la pr\u00e9sentation du produit.<\/li>\n<\/ul>\n<h2 id=\"4-size-and-printing-customization-\">4.\u00a0<strong>Personnalisation de la taille et de l'impression<\/strong><\/h2>\n<ul>\n<li>Elle prend en charge l'ajustement des param\u00e8tres de taille (erreur de longueur\/largeur\/hauteur \u2264\u00b10,5mm) et propose l'estampage \u00e0 chaud par UV, le gaufrage, le vernis local et d'autres proc\u00e9d\u00e9s pour am\u00e9liorer la reconnaissance visuelle de la marque.<\/li>\n<li>L'impression est r\u00e9alis\u00e9e dans un atelier ferm\u00e9 ind\u00e9pendant, \u00e9quip\u00e9 d'un syst\u00e8me de transfert de fichiers crypt\u00e9 afin de garantir la confidentialit\u00e9 absolue des projets de conception des clients et des informations sur les produits.<\/li>\n<\/ul>\n<h2 id=\"5-one-stop-solution-\">5.\u00a0<strong>Une solution unique<\/strong><\/h2>\n<ul>\n<li>S'appuyant sur 16 ans d'exp\u00e9rience dans la production d'emballages, elle fournit des services complets allant de la recherche et du d\u00e9veloppement structurels \u00e0 la production en s\u00e9rie, en passant par la conception graphique. L'\u00e9quipe de conception peut combiner les tendances marketing de l'industrie du cannabis (telles que le style minimaliste et les th\u00e8mes \u00e9cologiques) pour produire des solutions d'emballage diff\u00e9renci\u00e9es.<\/li>\n<li>Permet la production d'essais en petits lots (100 pi\u00e8ces) et la livraison \u00e0 grande \u00e9chelle (100 000 pi\u00e8ces par jour), et le cycle de livraison est raccourci \u00e0 7-15 jours ouvrables.<\/li>\n<\/ul>\n<h2 id=\"-application-scenarios-and-advantages-\"><strong>Sc\u00e9narios d'application et avantages<\/strong><\/h2>\n<ul>\n<li><strong>Terminal de vente au d\u00e9tail<\/strong>: L'apparence exquise et le rituel d'ouverture et de fermeture de la bo\u00eete coulissante peuvent renforcer l'attrait du rayon. Gr\u00e2ce \u00e0 la conception de la fen\u00eatre transparente ou au processus d'\u00e9videment, les d\u00e9tails du produit peuvent \u00eatre affich\u00e9s de mani\u00e8re intuitive.<\/li>\n<li><strong>March\u00e9 des cadeaux<\/strong>: Des d\u00e9corations suppl\u00e9mentaires telles que des rubans et des enveloppes sont disponibles en option, ce qui correspond au positionnement haut de gamme des coffrets cadeaux de vacances ou des produits en \u00e9dition limit\u00e9e.<\/li>\n<li><strong>Respectueux de l'environnement et compatible<\/strong>: Le mat\u00e9riau est conforme \u00e0 la certification FSC, soutient le carton gris d\u00e9gradable et la technologie de l'encre \u00e0 base d'eau, et r\u00e9pond \u00e0 la tendance mondiale en mati\u00e8re d'emballage durable.<\/li>\n<\/ul>\n<h2 id=\"-technical-parameters-\"><strong>Param\u00e8tres techniques<\/strong><\/h2>\n<table>\n<thead>\n<tr>\n<th>Projet<\/th>\n<th>D\u00e9tails des param\u00e8tres<\/th>\n<\/tr>\n<\/thead>\n<tbody>\n<tr>\n<td>Mat\u00e9riau du papier<\/td>\n<td>Papier couch\u00e9 de 300 g (peut \u00eatre transform\u00e9 en papier tactile)<\/td>\n<\/tr>\n<tr>\n<td>\u00c9paisseur du substrat<\/td>\n<td>Panneau gris de 1,8 mm (charge admissible \u226515kg)<\/td>\n<\/tr>\n<tr>\n<td>Mati\u00e8re de la doublure<\/td>\n<td>350 g de carton blanc (recouvert d'un film mat)<\/td>\n<\/tr>\n<tr>\n<td>Dur\u00e9e de vie de l'extracteur<\/td>\n<td>\u22655000 fois d'ouverture et de fermeture sans blocage<\/td>\n<\/tr>\n<tr>\n<td>R\u00e9sistance \u00e0 l'humidit\u00e9<\/td>\n<td>Pas de d\u00e9formation pendant 48 heures dans un environnement avec 85% d'humidit\u00e9<\/td>\n<\/tr>\n<\/tbody>\n<\/table>","protected":false},"excerpt":{"rendered":"<p>Cette bo\u00eete \u00e0 tiroirs pour l'emballage de pr\u00e9-rouleaux de cannabis est sp\u00e9cialement con\u00e7ue pour les d\u00e9riv\u00e9s du cannabis tels que le CBD, les cigarettes pr\u00e9-roul\u00e9es et les atomiseurs. Elle associe des mat\u00e9riaux haut de gamme et des structures fonctionnelles pour am\u00e9liorer la pr\u00e9sentation, la protection et l'exp\u00e9rience de l'utilisateur. Le produit adopte un design de bo\u00eete cadeau extractible qui allie beaut\u00e9 et praticit\u00e9. Il convient \u00e0 la vente au d\u00e9tail, aux cadeaux et aux sc\u00e9narios de personnalisation de la marque, et r\u00e9pond aux besoins de l'industrie en mati\u00e8re de confidentialit\u00e9 de l'emballage, de portabilit\u00e9 et de personnalisation de la marque.<\/p>","protected":false},"featured_media":9906,"template":"","meta":[],"product_brand":[],"product_cat":[30,420,31,426],"product_tag":[1213,1299,1281],"class_list":{"0":"post-9905","1":"product","2":"type-product","3":"status-publish","4":"has-post-thumbnail","6":"product_cat-by-industry","7":"product_cat-custom-cannabis-boxes","8":"product_cat-paper-box-style","9":"product_cat-paper-drawer-boxes","10":"product_tag-custom-pre-roll-boxes","11":"product_tag-pre-roll-joint-boxes","12":"product_tag-pre-roll-packaging","14":"first","15":"instock","16":"shipping-taxable","17":"product-type-grouped"},"_links":{"self":[{"href":"https:\/\/zojopackaging.com\/fr\/wp-json\/wp\/v2\/product\/9905","targetHints":{"allow":["GET"]}}],"collection":[{"href":"https:\/\/zojopackaging.com\/fr\/wp-json\/wp\/v2\/product"}],"about":[{"href":"https:\/\/zojopackaging.com\/fr\/wp-json\/wp\/v2\/types\/product"}],"version-history":[{"count":2,"href":"https:\/\/zojopackaging.com\/fr\/wp-json\/wp\/v2\/product\/9905\/revisions"}],"predecessor-version":[{"id":9913,"href":"https:\/\/zojopackaging.com\/fr\/wp-json\/wp\/v2\/product\/9905\/revisions\/9913"}],"wp:featuredmedia":[{"embeddable":true,"href":"https:\/\/zojopackaging.com\/fr\/wp-json\/wp\/v2\/media\/9906"}],"wp:attachment":[{"href":"https:\/\/zojopackaging.com\/fr\/wp-json\/wp\/v2\/media?parent=9905"}],"wp:term":[{"taxonomy":"product_brand","embeddable":true,"href":"https:\/\/zojopackaging.com\/fr\/wp-json\/wp\/v2\/product_brand?post=9905"},{"taxonomy":"product_cat","embeddable":true,"href":"https:\/\/zojopackaging.com\/fr\/wp-json\/wp\/v2\/product_cat?post=9905"},{"taxonomy":"product_tag","embeddable":true,"href":"https:\/\/zojopackaging.com\/fr\/wp-json\/wp\/v2\/product_tag?post=9905"}],"curies":[{"name":"wp","href":"https:\/\/api.w.org\/{rel}","templated":true}]}}