{"id":9914,"date":"2025-04-04T10:20:27","date_gmt":"2025-04-04T02:20:27","guid":{"rendered":"https:\/\/zojopackaging.com\/?post_type=product&#038;p=9914"},"modified":"2025-04-04T10:43:54","modified_gmt":"2025-04-04T02:43:54","slug":"cbd-pre-roll-joints-blunt-hemp-boxes-for-multipack-packaging","status":"publish","type":"product","link":"https:\/\/zojopackaging.com\/fr\/product\/cbd-pre-roll-joints-blunt-hemp-boxes-for-multipack-packaging\/","title":{"rendered":"CBD Pre Roll Joints Blunt Hemp Boxes for MultiPack Packaging (en anglais)"},"content":{"rendered":"<h2 id=\"-i-core-design-concept-and-material-selection-\"><strong>1. Concept de base et s\u00e9lection des mat\u00e9riaux<\/strong><\/h2>\n<ol>\n<li><strong>Mat\u00e9riaux respectueux de l'environnement - assurance qualit\u00e9<\/strong>\u00a0Ce produit adopte une structure de pr\u00e9cision combinant\u00a0<strong>papier couch\u00e9<\/strong>\u00a0et\u00a0<strong>panneau gris<\/strong>. La surface du papier couch\u00e9 est lisse et d\u00e9licate, ce qui permet d'obtenir des effets d'impression de haute pr\u00e9cision. Combin\u00e9e \u00e0 la grande duret\u00e9 du carton gris, elle garantit que la bo\u00eete d'emballage est \u00e0 la fois belle et durable. Le corps de la bo\u00eete \u00e0 tiroirs est form\u00e9 avec pr\u00e9cision gr\u00e2ce \u00e0 une technologie moderne de d\u00e9coupe et de gravure au laser. Les bords sont lisses et sans bavures, et l'ouverture et la fermeture se font en douceur, ce qui r\u00e9pond parfaitement aux besoins esth\u00e9tiques minimalistes du \"style extractible\".<\/li>\n<li><strong>Design de l'ouverture du tiroir - attrait visuel<\/strong>\u00a0Le corps de la bo\u00eete adopte un\u00a0<strong>ouverture de type tiroir<\/strong>\u00a0conception. Les utilisateurs peuvent retirer le produit pr\u00e9-roul\u00e9 d'une l\u00e9g\u00e8re pression. L'op\u00e9ration est pratique et pleine de rituels. La texture de la surface de la bo\u00eete est am\u00e9lior\u00e9e par la technologie de pelliculage mat\/brillant. Combin\u00e9 \u00e0 l'estampage \u00e0 chaud, au gla\u00e7age local aux UV et \u00e0 d'autres proc\u00e9d\u00e9s, le logo de la marque ou le motif th\u00e9matique peut \u00eatre mis en \u00e9vidence, ce qui attire instantan\u00e9ment l'attention du consommateur. Par exemple, la surface de la bo\u00eete peut \u00eatre imprim\u00e9e avec des motifs de feuilles CBD en relief ou des couleurs d\u00e9grad\u00e9es pour am\u00e9liorer la reconnaissance du produit.<\/li>\n<\/ol>\n<h2 id=\"-ii-functional-optimization-and-user-experience-\"><strong>2. Optimisation fonctionnelle et exp\u00e9rience utilisateur<\/strong><\/h2>\n<ol>\n<li><strong>Structure interne - Emballage pr\u00e9cis<\/strong>\u00a0La bo\u00eete est \u00e9quip\u00e9e de\u00a0<strong>cloisons d\u00e9coup\u00e9es<\/strong>Les cloisons, qui adoptent une structure en nid d'abeille ou une conception en couches, sont fix\u00e9es par collage manuel pour garantir que chaque cigarette CBD pr\u00e9-roul\u00e9e est stock\u00e9e ind\u00e9pendamment, afin d'\u00e9viter les collisions et l'extrusion pendant le transport. La hauteur et l'espacement des cloisons peuvent \u00eatre ajust\u00e9s en fonction des besoins du client. Elles peuvent \u00eatre dispos\u00e9es sur une, deux ou plusieurs rang\u00e9es afin de s'adapter \u00e0 des produits de sp\u00e9cifications diff\u00e9rentes.<\/li>\n<li><strong>Taille flexible et personnalisable - Service personnalis\u00e9<\/strong>\u00a0L'usine propose des services de personnalisation en taille r\u00e9elle de\u00a0<strong>10cm\u00d75cm\u00d72cm<\/strong>\u00a0(paquet portable) \u00e0\u00a0<strong>30cm\u00d715cm\u00d78cm<\/strong>\u00a0(emballage cadeau), ce qui permet de produire des essais en petites s\u00e9ries et des commandes en grandes quantit\u00e9s. Par exemple, une bo\u00eete \u00e9paissie en \u00e9dition limit\u00e9e peut \u00eatre con\u00e7ue pour les activit\u00e9s de vacances, avec un dispositif d'ouverture et de fermeture magn\u00e9tique int\u00e9gr\u00e9 pour renforcer l'impression de haut de gamme.<\/li>\n<\/ol>\n<h2 id=\"-iii-brand-customization-and-visual-expression-\"><strong>3. Personnalisation de la marque et expression visuelle<\/strong><\/h2>\n<ol>\n<li><strong>Diverses options de conception<\/strong><\/li>\n<li><strong>Couleur et motif<\/strong>: Ils permettent une correspondance pr\u00e9cise des couleurs avec les cartes de couleurs Pantone, prennent en charge l'impression d'encres sp\u00e9ciales telles que les couleurs m\u00e9talliques et les couleurs fluorescentes, et peuvent \u00eatre combin\u00e9s avec des effets laser ou des transitions en d\u00e9grad\u00e9 pour s'adapter \u00e0 la tonalit\u00e9 de la marque \"fra\u00eecheur naturelle\" ou \"sens de la technologie\".<\/li>\n<li><strong>Logo exclusif<\/strong>: Le corps de la bo\u00eete peut \u00eatre imprim\u00e9 avec le LOGO de la marque, la description des ingr\u00e9dients, le logo de conformit\u00e9 (tel que la teneur en THC) et le code QR afin d'assurer la double diffusion du marketing et de l'information.<\/li>\n<li><strong>Innovation dans les proc\u00e9d\u00e9s de surface<\/strong>\u00a0Il adopte\u00a0<strong>Impression \u00e9cologique \u00e0 base d'encre \u00e0 base d'eau<\/strong>L'impression est r\u00e9alis\u00e9e \u00e0 l'aide d'un proc\u00e9d\u00e9 d'embossage, d'argenture partielle \u00e0 chaud et d'autres proc\u00e9d\u00e9s. Par exemple, l'int\u00e9rieur du couvercle de la bo\u00eete peut \u00eatre imprim\u00e9 avec un guide de l'utilisateur ou une histoire de marque pour am\u00e9liorer l'exp\u00e9rience interactive de l'utilisateur.<\/li>\n<\/ol>\n<h2 id=\"-iv-environmental-commitment-and-production-advantages-\"><strong>4. Engagement environnemental et avantages de la production<\/strong><\/h2>\n<ol>\n<li><strong>Pratique du d\u00e9veloppement durable<\/strong>\u00a0Les mati\u00e8res premi\u00e8res sont du carton gris et du papier couch\u00e9 d\u00e9gradable certifi\u00e9s FSC. Des adh\u00e9sifs \u00e0 base d'eau et des syst\u00e8mes d'alimentation en \u00e9nergie solaire sont utilis\u00e9s dans le processus de production afin de r\u00e9duire l'empreinte carbone. Les d\u00e9chets d'emballage peuvent \u00eatre recycl\u00e9s en p\u00e2te \u00e0 papier, ce qui permet d'atteindre le niveau 100% de circulation des ressources.<\/li>\n<li><strong>Garantie de technologie et d'exp\u00e9rience<\/strong>\u00a0S'appuyer sur\u00a0<strong>16 ans d'exp\u00e9rience professionnelle<\/strong>En outre, l'usine int\u00e8gre des lignes de production automatis\u00e9es et des processus de finition manuels pour garantir le contr\u00f4le de la qualit\u00e9 de chaque \u00e9l\u00e9ment. Par exemple, le rail du tiroir ne pr\u00e9sente aucune perte apr\u00e8s 3 000 tests d'arrachement, et le corps de la bo\u00eete peut supporter une charge de 5 kg, ce qui d\u00e9passe de loin la norme industrielle.<\/li>\n<\/ol>\n<h2 id=\"-v-application-scenarios-and-market-value-\"><strong>5. Sc\u00e9narios d'application et valeur du march\u00e9<\/strong><\/h2>\n<ul>\n<li><strong>Pr\u00e9sentoir de vente au d\u00e9tail<\/strong>: Le design extractible est pratique pour pr\u00e9senter les produits, avec des fen\u00eatres transparentes ou des motifs creux, qui peuvent pr\u00e9senter intuitivement la couleur et la forme des cigarettes pr\u00e9roul\u00e9es CBD.<\/li>\n<li><strong>Personnalisation des activit\u00e9s<\/strong>: Adapt\u00e9 aux festivals de musique, aux salons de sant\u00e9 et \u00e0 d'autres sc\u00e8nes, vous pouvez concevoir des mod\u00e8les communs \u00e0 th\u00e8me (tels que la bo\u00eete \u00e0 texture ciel \u00e9toil\u00e9 + encre lumineuse) pour renforcer les points de m\u00e9morisation de la marque.<\/li>\n<li><strong>Coffret cadeau<\/strong>: Avec des pastilles hydratantes ou des mini-moulinets, il peut \u00eatre transform\u00e9 en un coffret cadeau haut de gamme pour augmenter le prix unitaire du client et le fid\u00e9liser.<\/li>\n<\/ul>","protected":false},"excerpt":{"rendered":"<p>Vous pouvez choisir une vari\u00e9t\u00e9 de couleurs, de motifs et de mat\u00e9riaux exquis pour votre bo\u00eete d'emballage pr\u00e9-roul\u00e9 afin de concevoir la bo\u00eete d'emballage adapt\u00e9e \u00e0 votre marque pr\u00e9-roul\u00e9 ou au th\u00e8me de l'\u00e9v\u00e9nement cannabis. Laissez une impression plus profonde sur les consommateurs en imprimant votre logo exclusif, un texte personnalis\u00e9 ou des graphiques uniques.<\/p>","protected":false},"featured_media":9915,"template":"","meta":[],"product_brand":[],"product_cat":[30,420,31,426],"product_tag":[1213,1299,1281],"class_list":{"0":"post-9914","1":"product","2":"type-product","3":"status-publish","4":"has-post-thumbnail","6":"product_cat-by-industry","7":"product_cat-custom-cannabis-boxes","8":"product_cat-paper-box-style","9":"product_cat-paper-drawer-boxes","10":"product_tag-custom-pre-roll-boxes","11":"product_tag-pre-roll-joint-boxes","12":"product_tag-pre-roll-packaging","14":"first","15":"instock","16":"shipping-taxable","17":"product-type-grouped"},"_links":{"self":[{"href":"https:\/\/zojopackaging.com\/fr\/wp-json\/wp\/v2\/product\/9914","targetHints":{"allow":["GET"]}}],"collection":[{"href":"https:\/\/zojopackaging.com\/fr\/wp-json\/wp\/v2\/product"}],"about":[{"href":"https:\/\/zojopackaging.com\/fr\/wp-json\/wp\/v2\/types\/product"}],"version-history":[{"count":1,"href":"https:\/\/zojopackaging.com\/fr\/wp-json\/wp\/v2\/product\/9914\/revisions"}],"predecessor-version":[{"id":9921,"href":"https:\/\/zojopackaging.com\/fr\/wp-json\/wp\/v2\/product\/9914\/revisions\/9921"}],"wp:featuredmedia":[{"embeddable":true,"href":"https:\/\/zojopackaging.com\/fr\/wp-json\/wp\/v2\/media\/9915"}],"wp:attachment":[{"href":"https:\/\/zojopackaging.com\/fr\/wp-json\/wp\/v2\/media?parent=9914"}],"wp:term":[{"taxonomy":"product_brand","embeddable":true,"href":"https:\/\/zojopackaging.com\/fr\/wp-json\/wp\/v2\/product_brand?post=9914"},{"taxonomy":"product_cat","embeddable":true,"href":"https:\/\/zojopackaging.com\/fr\/wp-json\/wp\/v2\/product_cat?post=9914"},{"taxonomy":"product_tag","embeddable":true,"href":"https:\/\/zojopackaging.com\/fr\/wp-json\/wp\/v2\/product_tag?post=9914"}],"curies":[{"name":"wp","href":"https:\/\/api.w.org\/{rel}","templated":true}]}}