{"id":9922,"date":"2025-04-04T10:44:14","date_gmt":"2025-04-04T02:44:14","guid":{"rendered":"https:\/\/zojopackaging.com\/?post_type=product&#038;p=9922"},"modified":"2025-04-04T10:53:16","modified_gmt":"2025-04-04T02:53:16","slug":"custom-paper-pre-roll-boxes-packaging-manufacture-supplier","status":"publish","type":"product","link":"https:\/\/zojopackaging.com\/fr\/product\/custom-paper-pre-roll-boxes-packaging-manufacture-supplier\/","title":{"rendered":"Bo\u00eetes en papier pr\u00e9enroul\u00e9es sur mesure Fabrication d'emballages Fournisseur"},"content":{"rendered":"<h2 id=\"-1-environmentally-friendly-materials-and-structural-design-safe-durable-green-and-sustainable-\"><strong>1. Mat\u00e9riaux et conception structurelle respectueux de l'environnement : s\u00fbrs, durables, \u00e9cologiques et viables.<\/strong><\/h2>\n<ul>\n<li><strong>S\u00e9lection des mat\u00e9riaux<\/strong>: Le corps de la bo\u00eete est fabriqu\u00e9 \u00e0 partir d'un mat\u00e9riau \u00e0 haute r\u00e9sistance.\u00a0<strong>panneau gris<\/strong>\u00a0et\u00a0<strong>papier couch\u00e9<\/strong>\u00a0le mat\u00e9riau composite, qui est respectueux de l'environnement et durable<\/li>\n<\/ul>\n<h2 id=\"-2-customized-lining-and-capacity-precise-adaptation-upgraded-protection-\"><strong>2. Doublure et capacit\u00e9 personnalis\u00e9es : adaptation pr\u00e9cise, protection am\u00e9lior\u00e9e<\/strong><\/h2>\n<ul>\n<li><strong>Taille flexible<\/strong>: La doublure est en\u00a0<strong>Carton blanc de 350 g \u00e0 fort grammage<\/strong>qui peut \u00eatre personnalis\u00e9 en fonction des besoins du client, de l'emballage individuel \u00e0 l'emballage par 5 (dimensions conventionnelles : longueur 50-150 mm, largeur 20-50 mm, hauteur 10-30 mm), parfaitement adapt\u00e9 aux cigarettes pr\u00e9-roul\u00e9es de diff\u00e9rents diam\u00e8tres.<\/li>\n<li><strong>Conception du tampon<\/strong>: Le bord de la doublure adopte une technologie de d\u00e9coupe et de rainurage pour former une rainure tampon afin d'emp\u00eacher le produit de trembler, et en m\u00eame temps, un trou d'a\u00e9ration est r\u00e9serv\u00e9 sur le dessus pour garder le produit frais.<\/li>\n<\/ul>\n<h2 id=\"-3-child-proof-lock-buckle-design-safety-and-convenience-are-taken-into-account-\"><strong>3. Boucle \u00e0 s\u00e9curit\u00e9 enfant : la s\u00e9curit\u00e9 et la commodit\u00e9 sont prises en compte.<\/strong><\/h2>\n<ul>\n<li><strong>Double protection<\/strong>: Facultatif\u00a0<strong>structure de verrouillage des enfants par pression<\/strong>qui n\u00e9cessite d'appuyer simultan\u00e9ment sur les boucles r\u00e9serv\u00e9es des deux c\u00f4t\u00e9s du corps de la bo\u00eete pour l'ouvrir, et le taux de r\u00e9ussite de l'ouverture des enfants est inf\u00e9rieur \u00e0 5%.<\/li>\n<li><strong>Convivialit\u00e9 pour les adultes<\/strong>: L'antivol est dot\u00e9 d'une boucle \u00e9lastique, qui peut \u00eatre facilement ouverte et ferm\u00e9e d'une seule main sans nuire \u00e0 l'exp\u00e9rience de l'utilisateur.<\/li>\n<\/ul>\n<h2 id=\"-4-printing-technology-high-definition-visual-effects-enhance-brand-premium-\"><strong>4. Technologie d'impression : effets visuels haute d\u00e9finition, am\u00e9lioration de la qualit\u00e9 de la marque<\/strong><\/h2>\n<ul>\n<li><strong>Processus d'impression<\/strong>: Adopter\u00a0<strong>Machine d'impression offset UV Heidelberg 6 couleurs<\/strong>La pr\u00e9cision d'impression minimale est de 300 dpi, afin de garantir que les bords du LOGO et du motif sont nets et sans bavures.<\/li>\n<li><strong>Fonction anti-contrefa\u00e7on<\/strong>: Impression laser holographique ou microtexte en option pour renforcer la lutte contre la contrefa\u00e7on de l'emballage, adapt\u00e9e aux besoins des marques haut de gamme.<\/li>\n<\/ul>\n<h2 id=\"-5-cost-optimization-plan-flexible-order-the-king-of-cost-effectiveness-\"><strong>5. Plan d'optimisation des co\u00fbts : l'ordre flexible, roi de la rentabilit\u00e9<\/strong><\/h2>\n<ul>\n<li><strong>Devis d'\u00e9chelle<\/strong>: Les petites et moyennes entreprises ainsi que les grandes marques peuvent obtenir le meilleur plan de co\u00fbt gr\u00e2ce \u00e0 des remises \u00e9chelonn\u00e9es en fonction de la quantit\u00e9.<\/li>\n<li><strong>Cycle de production<\/strong>: Livraison 7-15 jours apr\u00e8s confirmation de l'\u00e9chantillon, capacit\u00e9 de production quotidienne de 100 000 pi\u00e8ces, prise en charge des commandes acc\u00e9l\u00e9r\u00e9es.<\/li>\n<\/ul>\n<h2 id=\"-6-value-added-services-full-link-support-from-packaging-to-marketing-\"><strong>6. Services \u00e0 valeur ajout\u00e9e : soutien complet, de l'emballage \u00e0 la commercialisation<\/strong><\/h2>\n<ul>\n<li><strong>Services de conception<\/strong>: Optimisation gratuite des projets de conception AI\/CDR\/PSD, calibrage automatique de la position des fonds perdus et de la disposition des couteaux, r\u00e9duisant ainsi les co\u00fbts de communication avec le client.<\/li>\n<li><strong>Remise en gros<\/strong>: Appr\u00e9cier\u00a0<strong>R\u00e9duction 15%<\/strong>\u00a0pour la premi\u00e8re commande, et de passer au statut de client VIP avec un volume d'achat annuel sup\u00e9rieur \u00e0 500 000 pi\u00e8ces, et d'obtenir des conditions de cr\u00e9dit exclusives et des droits de priorit\u00e9.<\/li>\n<\/ul>\n<h2 id=\"-7-quality-assurance-and-certification-source-factory-full-control-\"><strong>7. Assurance qualit\u00e9 et certification : usine d'origine, contr\u00f4le total<\/strong><\/h2>\n<ul>\n<li><strong>Avantages de la cha\u00eene d'approvisionnement<\/strong>: Int\u00e9gration d'une papeterie et d'un atelier d'impression auto-construits, pas de marge interm\u00e9diaire entre les mati\u00e8res premi\u00e8res et les produits finis, et r\u00e9duction des co\u00fbts de 30%.<\/li>\n<li><strong>Syst\u00e8me d'inspection de la qualit\u00e9<\/strong>: Certifi\u00e9 ISO 9001 et GMI, le taux d'\u00e9chantillonnage de chaque lot de produits n'est pas inf\u00e9rieur \u00e0 10%, garantissant que l'erreur de taille est \u22640,1mm et la diff\u00e9rence de couleur \u0394E\u22641,5.<\/li>\n<\/ul>","protected":false},"excerpt":{"rendered":"<p>1. Cette bo\u00eete \u00e0 cigarettes pr\u00e9-roul\u00e9es est fabriqu\u00e9e \u00e0 partir de papier couch\u00e9 et de carton gris, \u00e9cologiques, recyclables et durables, qui conviennent parfaitement \u00e0 l'emballage des cigarettes pr\u00e9-roul\u00e9es \u00e0 la marijuana. En m\u00eame temps, le choix des mat\u00e9riaux garantit la s\u00e9curit\u00e9 de vos produits.<br \/>\n2. La taille de la doublure de la bo\u00eete coulissante peut \u00eatre personnalis\u00e9e en fonction de votre produit. Elle peut facilement contenir de 1 \u00e0 5 cigarettes pr\u00e9roul\u00e9es. Aucun probl\u00e8me. La doublure est fabriqu\u00e9e en carton blanc de haute qualit\u00e9, ce qui permet de prot\u00e9ger le produit sans probl\u00e8me. Elle peut s\u00e9duire les consommateurs imm\u00e9diatement et augmenter la demande d'achat des clients.<\/p>","protected":false},"featured_media":9923,"template":"","meta":[],"product_brand":[],"product_cat":[30,420,31,426],"product_tag":[1213,1299,1281],"class_list":{"0":"post-9922","1":"product","2":"type-product","3":"status-publish","4":"has-post-thumbnail","6":"product_cat-by-industry","7":"product_cat-custom-cannabis-boxes","8":"product_cat-paper-box-style","9":"product_cat-paper-drawer-boxes","10":"product_tag-custom-pre-roll-boxes","11":"product_tag-pre-roll-joint-boxes","12":"product_tag-pre-roll-packaging","14":"first","15":"instock","16":"shipping-taxable","17":"product-type-grouped"},"_links":{"self":[{"href":"https:\/\/zojopackaging.com\/fr\/wp-json\/wp\/v2\/product\/9922","targetHints":{"allow":["GET"]}}],"collection":[{"href":"https:\/\/zojopackaging.com\/fr\/wp-json\/wp\/v2\/product"}],"about":[{"href":"https:\/\/zojopackaging.com\/fr\/wp-json\/wp\/v2\/types\/product"}],"version-history":[{"count":1,"href":"https:\/\/zojopackaging.com\/fr\/wp-json\/wp\/v2\/product\/9922\/revisions"}],"predecessor-version":[{"id":9929,"href":"https:\/\/zojopackaging.com\/fr\/wp-json\/wp\/v2\/product\/9922\/revisions\/9929"}],"wp:featuredmedia":[{"embeddable":true,"href":"https:\/\/zojopackaging.com\/fr\/wp-json\/wp\/v2\/media\/9923"}],"wp:attachment":[{"href":"https:\/\/zojopackaging.com\/fr\/wp-json\/wp\/v2\/media?parent=9922"}],"wp:term":[{"taxonomy":"product_brand","embeddable":true,"href":"https:\/\/zojopackaging.com\/fr\/wp-json\/wp\/v2\/product_brand?post=9922"},{"taxonomy":"product_cat","embeddable":true,"href":"https:\/\/zojopackaging.com\/fr\/wp-json\/wp\/v2\/product_cat?post=9922"},{"taxonomy":"product_tag","embeddable":true,"href":"https:\/\/zojopackaging.com\/fr\/wp-json\/wp\/v2\/product_tag?post=9922"}],"curies":[{"name":"wp","href":"https:\/\/api.w.org\/{rel}","templated":true}]}}