{"id":9930,"date":"2025-04-04T10:53:25","date_gmt":"2025-04-04T02:53:25","guid":{"rendered":"https:\/\/zojopackaging.com\/?post_type=product&#038;p=9930"},"modified":"2025-04-04T11:06:49","modified_gmt":"2025-04-04T03:06:49","slug":"luxury-empty-silk-eye-sleep-mask-packaging-box-wholesale","status":"publish","type":"product","link":"https:\/\/zojopackaging.com\/fr\/product\/luxury-empty-silk-eye-sleep-mask-packaging-box-wholesale\/","title":{"rendered":"Bo\u00eete d'emballage de masque de sommeil en soie vide de luxe pour les yeux Wholesale"},"content":{"rendered":"<h2 id=\"-1-high-quality-cardboard-material-brand-design-empowerment-\"><strong>1. Mat\u00e9riau en carton de haute qualit\u00e9, renforcement du design de la marque<\/strong><\/h2>\n<p>Cette bo\u00eete \u00e0 tiroirs est fabriqu\u00e9e en carton \u00e9cologique de haute densit\u00e9. Le mat\u00e9riau est durable et d\u00e9licat, ce qui permet de r\u00e9pondre parfaitement aux besoins d'emballage de divers types de v\u00eatements, d'accessoires et de produits de soins de la peau haut de gamme. Le corps de la bo\u00eete permet l'impression en couleur et la personnalisation du LOGO de la marque. Le processus de pelliculage mat\/brillant am\u00e9liore la superposition visuelle et est associ\u00e9 \u00e0 l'estampage \u00e0 chaud, aux UV et \u00e0 d'autres d\u00e9tails du processus pour garantir que le logo de votre marque se d\u00e9marque sur le march\u00e9.<\/p>\n<h2 id=\"-2-folding-pull-out-structure-transportation-cost-optimization-\"><strong>2. Structure pliante et extractible, optimisation des co\u00fbts de transport<\/strong><\/h2>\n<p>La conception brevet\u00e9e de la glissi\u00e8re cach\u00e9e est adopt\u00e9e. L'\u00e9paisseur \u00e0 plat apr\u00e8s pliage n'est que de 5 mm, ce qui permet d'\u00e9conomiser de l'espace de stockage et de transport et de r\u00e9duire les co\u00fbts logistiques de plus de 30%. La m\u00e9thode d'ouverture unique de type tiroir donne un sens au rituel de d\u00e9ballage. Le corps de la bo\u00eete s'ouvre et se ferme en douceur, sans se bloquer. Avec la boucle magn\u00e9tique ou le ruban de fermeture, la bo\u00eete tient compte de la valeur pratique et esth\u00e9tique.<\/p>\n<h2 id=\"-3-lamination-process-upgrade-touch-and-visual-double-improvement-\"><strong>3. Am\u00e9lioration du processus de pelliculage, am\u00e9lioration du toucher et du double visuel<\/strong><\/h2>\n<p>La stratification de la surface adopte un rev\u00eatement \u00e9cologique \u00e0 base d'eau import\u00e9 d'Allemagne, qui poss\u00e8de des propri\u00e9t\u00e9s anti-rayures et anti-traces de doigts apr\u00e8s un processus de pressage \u00e0 haute temp\u00e9rature. Nous proposons une grande vari\u00e9t\u00e9 d'options telles que le film brillant, le film mat et le film tactile. Parmi eux, le film tactile imitant la soie correspond parfaitement au temp\u00e9rament du masque de soie creux. Le bout des doigts glisse dessus comme s'il touchait de la vraie soie, ce qui renforce le souvenir de l'exp\u00e9rience de d\u00e9ballage du consommateur.<\/p>\n<h2 id=\"-4-customized-die-cut-lining-all-round-product-protection-\"><strong>4. Doublure d\u00e9coup\u00e9e sur mesure, protection totale du produit<\/strong><\/h2>\n<p>La doublure est faite de mousse EVA ou de flocage, form\u00e9e par un processus de d\u00e9coupage de haute pr\u00e9cision, s'adapte parfaitement \u00e0 la courbe de la bouteille du masque, et la performance anti-sismique est conforme \u00e0 la norme ASTM D4169. La conception de la structure en couches permet de ranger simultan\u00e9ment les brosses, les instructions et d'autres accessoires. La tol\u00e9rance de la fente de la carte de la doublure est contr\u00f4l\u00e9e \u00e0 \u00b10,3 mm afin de garantir un d\u00e9placement nul pendant le transport.<\/p>\n<h2 id=\"-5-in-depth-customization-service-flexible-adaptation-of-size-and-printing-\"><strong>5. Service de personnalisation approfondie, adaptation souple de la taille et de l'impression<\/strong><\/h2>\n<ul>\n<li><strong>Personnalisation de la taille<\/strong>: Il prend en charge le d\u00e9veloppement de bo\u00eetes de taille normale de 10 mm \u00d7 10 mm \u00e0 500 mm \u00d7 500 mm, et les bo\u00eetes de forme sp\u00e9ciale (telles que les fen\u00eatres hexagonales et incurv\u00e9es) peuvent \u00eatre \u00e9chantillonn\u00e9es dans les 48 heures.<\/li>\n<li><strong>Processus d'impression<\/strong>: Erreur d'impression en tons directs Pantone \u22645%, supportant 20+ processus d'effets sp\u00e9ciaux tels que le vernis local, le relief 3D, l'\u00e9vidage au laser, etc.<\/li>\n<li><strong>Options durables<\/strong>: Fournir un support en papier recycl\u00e9 certifi\u00e9 FSC, imprim\u00e9 avec de l'encre de soja, conform\u00e9ment aux normes environnementales REACH de l'UE.<\/li>\n<\/ul>\n<h2 id=\"-6-3d-visual-design-zero-error-in-scheme-pre-examination-\"><strong>6. Conception de l'effet de la maquette en 3D, z\u00e9ro erreur dans l'examen pr\u00e9alable du projet.<\/strong><\/h2>\n<p>Gr\u00e2ce \u00e0 la plateforme de conception en ligne d\u00e9velopp\u00e9e par l'entreprise, les clients peuvent ajuster la structure de la bo\u00eete, les param\u00e8tres des mat\u00e9riaux et la disposition des motifs en temps r\u00e9el. Le syst\u00e8me g\u00e9n\u00e8re automatiquement un mod\u00e8le 3D tournant \u00e0 360\u00b0 et produit des donn\u00e9es de simulation de la r\u00e9sistance \u00e0 la compression. La fonction d'affichage virtuel AR permet de pr\u00e9visualiser directement l'effet d'affichage de l'emballage en rayon et sur la page de commerce \u00e9lectronique, et de r\u00e9duire le cycle de confirmation de la conception \u00e0 72 heures.<\/p>","protected":false},"excerpt":{"rendered":"<ul>\n<li><strong>Garantie de capacit\u00e9<\/strong>: 12 lignes de production enti\u00e8rement automatiques, avec une capacit\u00e9 de production quotidienne de 500 000 bo\u00eetes, permettant une livraison acc\u00e9l\u00e9r\u00e9e en 72 heures des commandes urgentes.<\/li>\n<li><strong>Syst\u00e8me de contr\u00f4le de la qualit\u00e9<\/strong>: Certifi\u00e9 ISO9001, \u00e9quip\u00e9 d'un d\u00e9tecteur de corps \u00e9trangers \u00e0 rayons X et d'un colorim\u00e8tre, le taux de qualification des produits finis est de 99,8%.<\/li>\n<li><strong>Avantage en termes de co\u00fbts<\/strong>: L'approvisionnement \u00e0 grande \u00e9chelle fait que le co\u00fbt du carton 15% est inf\u00e9rieur au prix du march\u00e9,<\/li>\n<\/ul>","protected":false},"featured_media":9931,"template":"","meta":[],"product_brand":[],"product_cat":[30,390,31,426],"product_tag":[1302,1303,1301],"class_list":{"0":"post-9930","1":"product","2":"type-product","3":"status-publish","4":"has-post-thumbnail","6":"product_cat-by-industry","7":"product_cat-custom-cosmetics-boxes","8":"product_cat-paper-box-style","9":"product_cat-paper-drawer-boxes","10":"product_tag-silk-eye-mask-packaging","11":"product_tag-sleep-mask-box-wholesale","12":"product_tag-sleep-mask-packaging","14":"first","15":"instock","16":"shipping-taxable","17":"product-type-grouped"},"_links":{"self":[{"href":"https:\/\/zojopackaging.com\/fr\/wp-json\/wp\/v2\/product\/9930","targetHints":{"allow":["GET"]}}],"collection":[{"href":"https:\/\/zojopackaging.com\/fr\/wp-json\/wp\/v2\/product"}],"about":[{"href":"https:\/\/zojopackaging.com\/fr\/wp-json\/wp\/v2\/types\/product"}],"version-history":[{"count":1,"href":"https:\/\/zojopackaging.com\/fr\/wp-json\/wp\/v2\/product\/9930\/revisions"}],"predecessor-version":[{"id":9937,"href":"https:\/\/zojopackaging.com\/fr\/wp-json\/wp\/v2\/product\/9930\/revisions\/9937"}],"wp:featuredmedia":[{"embeddable":true,"href":"https:\/\/zojopackaging.com\/fr\/wp-json\/wp\/v2\/media\/9931"}],"wp:attachment":[{"href":"https:\/\/zojopackaging.com\/fr\/wp-json\/wp\/v2\/media?parent=9930"}],"wp:term":[{"taxonomy":"product_brand","embeddable":true,"href":"https:\/\/zojopackaging.com\/fr\/wp-json\/wp\/v2\/product_brand?post=9930"},{"taxonomy":"product_cat","embeddable":true,"href":"https:\/\/zojopackaging.com\/fr\/wp-json\/wp\/v2\/product_cat?post=9930"},{"taxonomy":"product_tag","embeddable":true,"href":"https:\/\/zojopackaging.com\/fr\/wp-json\/wp\/v2\/product_tag?post=9930"}],"curies":[{"name":"wp","href":"https:\/\/api.w.org\/{rel}","templated":true}]}}