{"id":9946,"date":"2025-04-04T13:20:30","date_gmt":"2025-04-04T05:20:30","guid":{"rendered":"https:\/\/zojopackaging.com\/?post_type=product&#038;p=9946"},"modified":"2025-04-04T13:31:10","modified_gmt":"2025-04-04T05:31:10","slug":"custom-candy-paper-boxes-for-treat-chocolate-boxes-supplier","status":"publish","type":"product","link":"https:\/\/zojopackaging.com\/fr\/product\/custom-candy-paper-boxes-for-treat-chocolate-boxes-supplier\/","title":{"rendered":"Bo\u00eetes en papier personnalis\u00e9es pour friandises et bo\u00eetes \u00e0 chocolat Fournisseur de bo\u00eetes en papier personnalis\u00e9es pour friandises et bo\u00eetes \u00e0 chocolat"},"content":{"rendered":"<h3 id=\"-1-structural-innovation-the-fun-revolution-of-wallet-style-handbags-\"><strong>1. Innovation structurelle : la r\u00e9volution ludique des sacs \u00e0 main de type portefeuille<\/strong><\/h3>\n<p>Adopter\u00a0<strong>structure coulissante de type enveloppe<\/strong>inspir\u00e9 par le design traditionnel des portefeuilles,\u00a0<strong>la technologie du triple lien<\/strong>\u00a0pour atteindre une ouverture rapide de 0,3 seconde. Les consommateurs n'ont pas besoin d'op\u00e9rations compliqu\u00e9es, et peuvent effectuer l'action d'extraction d'une seule main, et l'exp\u00e9rience d'ouverture et de fermeture est douce et r\u00e9guli\u00e8re.\u00a0<strong>Couche tampon en carton nid d'abeille<\/strong>\u00a0est plac\u00e9 \u00e0 l'int\u00e9rieur de la bo\u00eete, avec un taux d'absorption des vibrations de 90%, et le taux de dommages dus au transport est r\u00e9duit \u00e0 moins de 0,5%.<\/p>\n<h3 id=\"-2-color-aesthetics-the-luxurious-expression-of-herm-s-orange-\"><strong>2. Esth\u00e9tique de la couleur : L'expression luxueuse d'Herm\u00e8s Orange<\/strong><\/h3>\n<p>-\u00a0<strong>Sch\u00e9ma de couleurs<\/strong>: La couleur principale adopte\u00a0<strong>Pantone 15-1247 TCX (Orange Herm\u00e8s)<\/strong>qui correspond \u00e0\u00a0<strong>18-1755 TCX (blanc nacr\u00e9)<\/strong>\u00a0pour former un contraste visuel, et une transition de gradient de 0,1 mm est obtenue gr\u00e2ce \u00e0 une impression de haute pr\u00e9cision \u00e0 1200 dpi\u00a0<strong>Psychologie visuelle<\/strong>: L'orange transmet la vitalit\u00e9 et la douceur, et la doublure blanche renforce l'image pure du produit, ce qui r\u00e9pond aux besoins esth\u00e9tiques des consommateurs de la g\u00e9n\u00e9ration Z pour qui \"l'apparence est la justice\" (voir l'\u00e9tude sur les tendances des couleurs dans l'emballage des bonbons).<\/p>\n<h3 id=\"-3-smart-customization-full-link-service-from-concept-to-mass-production-\"><strong>3. Personnalisation intelligente : service complet de la conception \u00e0 la production de masse<\/strong><\/h3>\n<p>-\u00a0<strong>Flexibilit\u00e9 de la taille<\/strong>Les dimensions de la bo\u00eete peuvent varier de 5 cm x 5 cm (mini-bo\u00eete \u00e0 bonbons) \u00e0 30 cm x 20 cm (bo\u00eete \u00e0 cadeaux multicouches). L'\u00e9paisseur de la bo\u00eete peut \u00eatre adapt\u00e9e \u00e0 la demande du client (0,8 \u00e0 5 cm) ;<\/p>\n<p>-\u00a0<strong>Innovation structurelle<\/strong>: D\u00e9veloppement de 12 types de bo\u00eetes brevet\u00e9es (telles que les couches rotatives, les serrures magn\u00e9tiques \u00e0 mot de passe), compatibles avec la mise en place de bonbons de forme sp\u00e9ciale ;<\/p>\n<p>-\u00a0<strong>R\u00e9ponse rapide<\/strong>: R\u00e9aliser la mod\u00e9lisation 3D et l'\u00e9preuvage en 8 heures, et r\u00e9duire le cycle de production de masse \u00e0 7-9 jours.<\/p>\n<h3 id=\"-4-material-matrix-multiple-handles-and-environmental-commitment-\"><strong>4. Matrice des mat\u00e9riaux : poign\u00e9es multiples et engagement environnemental<\/strong><\/h3>\n<p>-\u00a0<strong>Syst\u00e8me de poign\u00e9e<\/strong>: -\u00a0<strong>Poign\u00e9e en ruban<\/strong>Le ruban PET de qualit\u00e9 alimentaire utilis\u00e9 est d'une largeur de 2 mm et d'une capacit\u00e9 de charge de 200 g ;<\/p>\n<p>-\u00a0<strong>Poign\u00e9e en cuir<\/strong>Cuir de vachette gaufr\u00e9 avec 50% pour une meilleure r\u00e9sistance \u00e0 l'usure ;<\/p>\n<p>-\u00a0<strong>Corde en coton d\u00e9gradable<\/strong>: Un mat\u00e9riau PLA est utilis\u00e9, avec un taux de d\u00e9composition de \u226590% en 12 semaines ;<\/p>\n<h3 id=\"-5-logistics-optimization-cost-reduction-and-efficiency-improvement-by-flat-shipment-\"><strong>5. Optimisation de la logistique : r\u00e9duction des co\u00fbts et am\u00e9lioration de l'efficacit\u00e9 par l'envoi de colis plats<\/strong><\/h3>\n<p>-\u00a0<strong>Utilisation de l'espace<\/strong>: La conception plate augmente l'efficacit\u00e9 du chargement de 70% et r\u00e9duit les co\u00fbts d'exp\u00e9dition de 25% ;<\/p>\n<p>-\u00a0<strong>Certification environnementale<\/strong>: Tous les mat\u00e9riaux sont certifi\u00e9s FSC et r\u00e9pondent aux normes REACH de l'UE.\u00a0<strong>Emballages intelligents<\/strong>: La doublure pliable permet de r\u00e9duire le volume de la bo\u00eete vide de 60%, ce qui contribue \u00e0 atteindre l'objectif de neutralit\u00e9 carbone (voir les solutions d'emballage durables).<\/p>\n<h3 id=\"-6-industry-benchmark-16-years-of-smart-manufacturing-experience-\"><strong>6. R\u00e9f\u00e9rence dans l'industrie : 16 ans d'exp\u00e9rience en mati\u00e8re de fabrication intelligente<\/strong><\/h3>\n<p>-\u00a0<strong>Matrice des \u00e9quipements<\/strong>: \u00c9quip\u00e9e de 18 \u00e9quipements internationaux tels que la presse Manroland R700 \u00e0 cinq couleurs, la presse offset UV Heidelberg \u00e0 7 couleurs, avec une vitesse d'impression de 15 000 feuilles\/heure ;<\/p>\n<p>-\u00a0<strong>Syst\u00e8me de contr\u00f4le de la qualit\u00e9<\/strong>: Certifi\u00e9 ISO 9001\/BRCGS, chaque lot de produits subit 12 contr\u00f4les de qualit\u00e9 (diff\u00e9rence de couleur \u0394E\u22641,5, r\u00e9sistance \u00e0 la compression \u2265300N) ;<\/p>\n<p>-\u00a0<strong>R\u00e9seau de services<\/strong>: Service cumul\u00e9 de plus de 2500 marques, taux de rachat des clients de 82%, couverture de plus de 30 march\u00e9s internationaux tels que l'Am\u00e9rique du Nord et l'Europe (voir les donn\u00e9es du livre blanc de l'industrie de l'emballage).<\/p>\n<h3 id=\"-7-value-commitment-triple-balance-of-quality-efficiency-and-cost-\"><strong>7. Engagement de valeur : triple \u00e9quilibre entre la qualit\u00e9, l'efficacit\u00e9 et le co\u00fbt<\/strong><\/h3>\n<p>-\u00a0<strong>Optimisation des co\u00fbts<\/strong>: Le syst\u00e8me de composition num\u00e9rique permet de r\u00e9duire les pertes de mat\u00e9riel \u00e0 2,5%, ce qui repr\u00e9sente une \u00e9conomie de 18% par rapport aux proc\u00e9d\u00e9s traditionnels ;<\/p>\n<p>-\u00a0<strong>Livraison agile<\/strong>: Mettre en place un syst\u00e8me logistique \u00e0 deux entrep\u00f4ts en Chine orientale et en Chine m\u00e9ridionale, avec des livraisons directes en 48 heures dans tout le pays ;<\/p>\n<p>-\u00a0<strong>Service de longue dur\u00e9e<\/strong>: Assurer la gestion du cycle de vie des emballages, y compris l'alerte sur les stocks, le plan de r\u00e9approvisionnement et le plan de recyclage des vieux cartons.<\/p>","protected":false},"excerpt":{"rendered":"<p><strong>ZOJO Print | Sp\u00e9cialiste de la bo\u00eete en papier personnalis\u00e9e - d\u00e9finir une nouvelle exp\u00e9rience sucr\u00e9e avec un design innovant<\/strong><\/p>\n<p>Sur le march\u00e9 en plein essor des snacks, l'emballage des bonbons n'est pas seulement un contenant pour le produit, mais aussi un lien entre les marques et les consommateurs. ZOJO Print est profond\u00e9ment impliqu\u00e9 dans le domaine de l'emballage depuis 16 ans et se concentre sur la fourniture de solutions personnalis\u00e9es pour les marques de bonbons et de chocolats qui allient fonctionnalit\u00e9, valeur esth\u00e9tique et comp\u00e9titivit\u00e9 commerciale.<\/p>","protected":false},"featured_media":9947,"template":"","meta":[],"product_brand":[],"product_cat":[30,422,432,31],"product_tag":[1308,1309,1307],"class_list":{"0":"post-9946","1":"product","2":"type-product","3":"status-publish","4":"has-post-thumbnail","6":"product_cat-by-industry","7":"product_cat-custom-gourmet-boxes-by-industry","8":"product_cat-pape-gift-bags","9":"product_cat-paper-box-style","10":"product_tag-boxes-for-treat-chocolate","11":"product_tag-boxes-supplier","12":"product_tag-custom-candy-paper-boxes","14":"first","15":"instock","16":"shipping-taxable","17":"product-type-grouped"},"_links":{"self":[{"href":"https:\/\/zojopackaging.com\/fr\/wp-json\/wp\/v2\/product\/9946","targetHints":{"allow":["GET"]}}],"collection":[{"href":"https:\/\/zojopackaging.com\/fr\/wp-json\/wp\/v2\/product"}],"about":[{"href":"https:\/\/zojopackaging.com\/fr\/wp-json\/wp\/v2\/types\/product"}],"version-history":[{"count":1,"href":"https:\/\/zojopackaging.com\/fr\/wp-json\/wp\/v2\/product\/9946\/revisions"}],"predecessor-version":[{"id":9960,"href":"https:\/\/zojopackaging.com\/fr\/wp-json\/wp\/v2\/product\/9946\/revisions\/9960"}],"wp:featuredmedia":[{"embeddable":true,"href":"https:\/\/zojopackaging.com\/fr\/wp-json\/wp\/v2\/media\/9947"}],"wp:attachment":[{"href":"https:\/\/zojopackaging.com\/fr\/wp-json\/wp\/v2\/media?parent=9946"}],"wp:term":[{"taxonomy":"product_brand","embeddable":true,"href":"https:\/\/zojopackaging.com\/fr\/wp-json\/wp\/v2\/product_brand?post=9946"},{"taxonomy":"product_cat","embeddable":true,"href":"https:\/\/zojopackaging.com\/fr\/wp-json\/wp\/v2\/product_cat?post=9946"},{"taxonomy":"product_tag","embeddable":true,"href":"https:\/\/zojopackaging.com\/fr\/wp-json\/wp\/v2\/product_tag?post=9946"}],"curies":[{"name":"wp","href":"https:\/\/api.w.org\/{rel}","templated":true}]}}