{"id":9953,"date":"2025-04-04T13:29:07","date_gmt":"2025-04-04T05:29:07","guid":{"rendered":"https:\/\/zojopackaging.com\/?post_type=product&#038;p=9953"},"modified":"2025-04-04T13:45:58","modified_gmt":"2025-04-04T05:45:58","slug":"custom-personalized-printed-soap-boxes-wholesale-packaging","status":"publish","type":"product","link":"https:\/\/zojopackaging.com\/fr\/product\/custom-personalized-printed-soap-boxes-wholesale-packaging\/","title":{"rendered":"Bo\u00eetes \u00e0 savon imprim\u00e9es personnalis\u00e9es Emballage en gros"},"content":{"rendered":"<p>En tant qu'usine d'origine ayant 16 ans d'exp\u00e9rience dans l'industrie, nous nous engageons \u00e0 fournir \u00e0 nos clients des solutions personnalis\u00e9es de bo\u00eetes-cadeaux \u00e0 savon qui combinent valeur esth\u00e9tique et fonctions pratiques. Voici une description des principaux avantages du produit et des services personnalis\u00e9s<\/p>\n<h2 id=\"-1-simple-design-and-efficient-assembly-\"><strong>1. Conception simple et assemblage efficace<\/strong><\/h2>\n<p>Notre bo\u00eete \u00e0 savon adopte une structure modulaire et peut \u00eatre assembl\u00e9e en trois \u00e9tapes seulement. L'int\u00e9rieur de la bo\u00eete est optimis\u00e9 pour les tailles de savon standard, et un espace de compartiment r\u00e9glable est r\u00e9serv\u00e9, qui peut non seulement placer fermement un seul morceau de savon, mais aussi s'\u00e9tendre \u00e0 un mode de stockage combin\u00e9 \"savon + serviette en papier\" (prend en charge une taille de partition personnalis\u00e9e). Le corps de la bo\u00eete est en carton blanc de 250 \u00e0 375 g\/m2 ou en papier sp\u00e9cial de qualit\u00e9 alimentaire, en tenant compte des exigences en mati\u00e8re de protection de l'environnement et de r\u00e9sistance \u00e0 la charge. Le processus de pliage permet de comprimer le volume de transport de 60% et de r\u00e9duire les co\u00fbts logistiques.<\/p>\n<h2 id=\"-2-full-scene-customized-printing-service-\"><strong>2. Service d'impression personnalis\u00e9e sur l'ensemble de la sc\u00e8ne<\/strong><\/h2>\n<ol>\n<li><strong>Impression en quadrichromie<\/strong>\u00a0La technologie de surimpression CMYK en quadrichromie permet de restituer avec pr\u00e9cision les couleurs d\u00e9grad\u00e9es, les motifs de haute pr\u00e9cision et les \u00e9l\u00e9ments visuels de la marque, avec une couverture de la gamme de couleurs de 98%, r\u00e9pondant ainsi aux besoins des styles d'illustration minimalistes ou complexes. Combin\u00e9 \u00e0 un marquage \u00e0 chaud\/argent, \u00e0 un gla\u00e7age local UV et \u00e0 d'autres proc\u00e9d\u00e9s, le coffret cadeau peut \u00eatre dot\u00e9 d'une texture luxueuse.<\/li>\n<li><strong>Personnalisation du contenu<\/strong><\/li>\n<li><strong>Conception de la mise en page<\/strong>: Prend en charge la mise en page libre d'\u00e9l\u00e9ments tels que les logos, les codes QR, les b\u00e9n\u00e9dictions, les illustrations peintes \u00e0 la main, et est compatible avec les fichiers au format AI\/PS\/CDR.<\/li>\n<li><strong>Expansion cr\u00e9ative<\/strong>: Fournit une biblioth\u00e8que de mod\u00e8les de conception \"mix and match\". Les clients peuvent combiner diff\u00e9rentes textures de couvertures de bo\u00eetes, diff\u00e9rents motifs de marquage \u00e0 chaud sur les c\u00f4t\u00e9s et de doublure pour cr\u00e9er des bo\u00eetes-cadeaux exclusives pour les f\u00eates (comme les couleurs fluorescentes des f\u00eates d'anniversaire, les dates de marquage \u00e0 chaud des anniversaires).<\/li>\n<\/ol>\n<h2 id=\"-three-multi-scenario-applications-and-gift-plans-\"><strong>3. Applications multi-sc\u00e9narios et plans de donation<\/strong><\/h2>\n<ol>\n<li><strong>Adaptation pour tous les festivals<\/strong>\u00a0Le coffret cadeau est compatible avec les fen\u00eatres creuses en forme de c\u0153ur de la Saint-Valentin, le gaufrage des branches de pin de No\u00ebl, le marquage \u00e0 chaud du zodiaque de la f\u00eate du printemps et d'autres \u00e9l\u00e9ments th\u00e9matiques. Il est \u00e9quip\u00e9 de rubans, de sceaux, de boucles magn\u00e9tiques et d'autres accessoires pour r\u00e9pondre aux besoins des anniversaires, des mariages, des cadeaux d'entreprise et d'autres sc\u00e9narios.<\/li>\n<li><strong>Strat\u00e9gie de dons combin\u00e9s<\/strong><\/li>\n<li><strong>Boutique \u00e0 bo\u00eete unique<\/strong>: Il est recommand\u00e9 d'associer un savon artisanal aux huiles essentielles et une \u00e9ponge naturelle. Une carte de b\u00e9n\u00e9diction personnalis\u00e9e est incluse dans la bo\u00eete.<\/li>\n<li><strong>Solution de coffret<\/strong>: L'emballage \u00e9tag\u00e9 de 3\/6\/12 pi\u00e8ces permet de placer les savons en couches avec des parfums diff\u00e9rents (comme la combinaison lavande + citron + bois de santal), et la doublure utilise un flocage biod\u00e9gradable pour renforcer le sentiment de c\u00e9r\u00e9monie lors de l'ouverture de la bo\u00eete.<\/li>\n<\/ol>\n<h2 id=\"-fourth-quality-assurance-and-supply-chain-advantages-\"><strong>4. Assurance qualit\u00e9 et avantages de la cha\u00eene d'approvisionnement<\/strong><\/h2>\n<ol>\n<li><strong>Normes de production<\/strong><\/li>\n<li>Certifi\u00e9e par le syst\u00e8me de qualit\u00e9 ISO9001, sa capacit\u00e9 de production journali\u00e8re atteint 200 000 pi\u00e8ces et elle est en mesure de fournir des \u00e9preuves sous 48 heures et de livrer les marchandises en vrac dans les 15 jours.<\/li>\n<li>Contr\u00f4le strict des diff\u00e9rences de couleur, services d'inspection de la qualit\u00e9 par des tiers pour garantir la pr\u00e9cision de l'impression et la stabilit\u00e9 de la structure de la bo\u00eete.<\/li>\n<li><strong>Optimisation des co\u00fbts<\/strong><\/li>\n<li>Cha\u00eene d'approvisionnement \u00e9cologique : L'utilisation de la technologie de pr\u00e9-impression permet de r\u00e9duire les pertes de papier, et le taux de r\u00e9cup\u00e9ration des d\u00e9chets d\u00e9passe 90%, ce qui r\u00e9pond aux besoins d'une image de marque respectueuse de l'environnement.<\/li>\n<\/ol>\n<h2 id=\"-five-customization-process-and-after-sales-service-\"><strong>5. Processus de personnalisation et service apr\u00e8s-vente<\/strong><\/h2>\n<ol>\n<li><strong>Processus de coop\u00e9ration<\/strong>\u00a0Communication de la demande \u2192 confirmation du rendu 3D \u2192 \u00e9preuvage \u2192 production en s\u00e9rie \u2192 suivi logistique.<\/li>\n<li><strong>Engagement de service<\/strong><\/li>\n<li>Compensation des dommages : Un r\u00e9approvisionnement rapide sera mis en place si le taux de dommages li\u00e9s au transport d\u00e9passe 2%.<\/li>\n<li>R\u00e9ponse apr\u00e8s-vente : Une \u00e9quipe professionnelle de service \u00e0 la client\u00e8le r\u00e9pond 24 heures sur 24 aux demandes de renseignements sur les commandes et propose des suggestions pour l'optimisation des fichiers de conception.<\/li>\n<\/ol>","protected":false},"excerpt":{"rendered":"<p>Qu'il s'agisse d'un rangement quotidien minimaliste ou d'une bo\u00eete cadeau pour les f\u00eates, nous utilisons les capacit\u00e9s de mise en \u0153uvre rentable et cr\u00e9ative de l'usine source pour aider les marques \u00e0 cr\u00e9er des solutions d'emballage de savon \"\u00e0 forte valeur, \u00e0 forte m\u00e9moire\". Nous acceptons d\u00e9sormais la personnalisation en gros \u00e0 l'\u00e9chelle mondiale et nous sommes impatients de vous offrir un support d'histoire unique pour chaque savon gr\u00e2ce \u00e0 un savoir-faire ing\u00e9nieux.<\/p>","protected":false},"featured_media":9955,"template":"","meta":[],"product_brand":[],"product_cat":[30,390,430,31],"product_tag":[1311,1312,1310],"class_list":{"0":"post-9953","1":"product","2":"type-product","3":"status-publish","4":"has-post-thumbnail","6":"product_cat-by-industry","7":"product_cat-custom-cosmetics-boxes","8":"product_cat-folding-cartons","9":"product_cat-paper-box-style","10":"product_tag-custom-printed-soap-boxes","11":"product_tag-custom-soap-boxes-wholesale","12":"product_tag-soap-boxes","14":"first","15":"instock","16":"shipping-taxable","17":"product-type-grouped"},"_links":{"self":[{"href":"https:\/\/zojopackaging.com\/fr\/wp-json\/wp\/v2\/product\/9953","targetHints":{"allow":["GET"]}}],"collection":[{"href":"https:\/\/zojopackaging.com\/fr\/wp-json\/wp\/v2\/product"}],"about":[{"href":"https:\/\/zojopackaging.com\/fr\/wp-json\/wp\/v2\/types\/product"}],"version-history":[{"count":1,"href":"https:\/\/zojopackaging.com\/fr\/wp-json\/wp\/v2\/product\/9953\/revisions"}],"predecessor-version":[{"id":9961,"href":"https:\/\/zojopackaging.com\/fr\/wp-json\/wp\/v2\/product\/9953\/revisions\/9961"}],"wp:featuredmedia":[{"embeddable":true,"href":"https:\/\/zojopackaging.com\/fr\/wp-json\/wp\/v2\/media\/9955"}],"wp:attachment":[{"href":"https:\/\/zojopackaging.com\/fr\/wp-json\/wp\/v2\/media?parent=9953"}],"wp:term":[{"taxonomy":"product_brand","embeddable":true,"href":"https:\/\/zojopackaging.com\/fr\/wp-json\/wp\/v2\/product_brand?post=9953"},{"taxonomy":"product_cat","embeddable":true,"href":"https:\/\/zojopackaging.com\/fr\/wp-json\/wp\/v2\/product_cat?post=9953"},{"taxonomy":"product_tag","embeddable":true,"href":"https:\/\/zojopackaging.com\/fr\/wp-json\/wp\/v2\/product_tag?post=9953"}],"curies":[{"name":"wp","href":"https:\/\/api.w.org\/{rel}","templated":true}]}}