{"id":9962,"date":"2025-04-04T13:46:13","date_gmt":"2025-04-04T05:46:13","guid":{"rendered":"https:\/\/zojopackaging.com\/?post_type=product&#038;p=9962"},"modified":"2025-04-04T14:00:59","modified_gmt":"2025-04-04T06:00:59","slug":"custom-branded-printed-soap-packaging-wholesale-supplier","status":"publish","type":"product","link":"https:\/\/zojopackaging.com\/fr\/product\/custom-branded-printed-soap-packaging-wholesale-supplier\/","title":{"rendered":"Emballage de savon imprim\u00e9 et personnalis\u00e9 Fournisseur en gros"},"content":{"rendered":"<h2 id=\"-1-material-and-craftsmanship-high-end-cardboard-and-four-color-printing-technology-\"><strong>1. Mat\u00e9riau et ex\u00e9cution : carton haut de gamme et technologie d'impression en quadrichromie<\/strong><\/h2>\n<p>Nos bo\u00eetes de cartes \u00e0 savon sont fabriqu\u00e9es en carton blanc de haute qualit\u00e9 ou en papier double cuivre (poids personnalisable), et le LOGO de la marque, le motif et la couleur sont fid\u00e8lement restitu\u00e9s par le biais d'un syst\u00e8me d'impression.\u00a0<strong>technologie d'impression en quadrichromie<\/strong>\u00a0pour garantir des couches riches et des transitions naturelles. Combin\u00e9 avec\u00a0<strong>technologie de laminage<\/strong>\u00a0(colle brillante\/mate en option), elle am\u00e9liore non seulement la r\u00e9sistance \u00e0 l'usure et l'imperm\u00e9abilit\u00e9 du corps de la bo\u00eete, mais aussi la brillance et la texture g\u00e9n\u00e9rales. Les lignes de la bo\u00eete sont trait\u00e9es par une technologie de d\u00e9coupe et d'indentation de pr\u00e9cision, avec des bords d\u00e9licats et lisses et un toucher haut de gamme.<\/p>\n<h2 id=\"-2-innovative-design-double-insert-opening-structure-and-flat-shipping-advantages-\"><strong>2. Conception innovante : structure d'ouverture \u00e0 double insertion et avantages de l'exp\u00e9dition \u00e0 plat<\/strong><\/h2>\n<p>Le produit adopte\u00a0<strong>conception de l'ouverture \u00e0 double insertion<\/strong>Le couvercle de la bo\u00eete et le corps de la bo\u00eete sont engag\u00e9s par des fentes pr\u00e9cises, l'ouverture et la fermeture sont fluides et la fermeture est \u00e9tanche, ce qui peut prot\u00e9ger le savon de la pollution et donner \u00e0 l'emballage un sens unique du rituel. En m\u00eame temps, la bo\u00eete d'emballage peut \u00eatre compl\u00e8tement aplatie, ce qui r\u00e9duit consid\u00e9rablement l'espace de stockage occup\u00e9, et peut \u00eatre empil\u00e9e et emball\u00e9e pendant le transport, ce qui r\u00e9duit les co\u00fbts logistiques jusqu'\u00e0 30%.<\/p>\n<h2 id=\"-3-customized-service-flexible-adaptation-and-brand-display-\"><strong>3. Service personnalis\u00e9 : adaptation flexible et affichage de la marque<\/strong><\/h2>\n<p>Nous soutenons\u00a0<strong>personnalisation en taille r\u00e9elle<\/strong>Qu'il s'agisse d'un savon artisanal, d'un savon aux huiles essentielles ou d'un corps de savon de forme sp\u00e9ciale, la taille du diam\u00e8tre int\u00e9rieur peut \u00eatre adapt\u00e9e avec pr\u00e9cision. La palette de couleurs peut \u00eatre imprim\u00e9e sur la base de la carte de couleurs Pantone ou de la valeur CMYK sp\u00e9cifi\u00e9e par le client, avec ouverture de la fen\u00eatre, estampage \u00e0 chaud, film brillant local UV et autres proc\u00e9d\u00e9s pour am\u00e9liorer l'attrait visuel. La surface de la bo\u00eete peut \u00eatre imprim\u00e9e avec des histoires de marque, des descriptions d'ingr\u00e9dients ou des logos de certification environnementale pour aider les produits \u00e0 se d\u00e9marquer dans les rayons des magasins.<\/p>\n<h2 id=\"-4-professional-support-one-stop-service-from-the-source-factory-\"><strong>4. Soutien professionnel : service \u00e0 guichet unique depuis l'usine d'origine<\/strong><\/h2>\n<p>En tant que\u00a0<strong>Usine de source d'emballage ayant 16 ans d'anciennet\u00e9 \u00e0 Guangdong<\/strong>Nous avons la capacit\u00e9 de production de l'ensemble de la cha\u00eene industrielle (conception \u2192 impression \u2192 d\u00e9coupe \u2192 laminage \u2192 moulage), nous pouvons accepter une commande minimale de 500 pi\u00e8ces et livrer rapidement dans un d\u00e9lai de 7 \u00e0 15 jours. L'\u00e9quipe de conception fournit gratuitement des \u00e9preuves et des aper\u00e7us en 3D, et recommande des solutions d'optimisation des types de bo\u00eetes (bo\u00eetes \u00e0 tiroirs, bo\u00eetes \u00e0 livres, etc.) en fonction des tendances du march\u00e9.<\/p>\n<h2 id=\"-5-application-scenarios-and-added-value-\"><strong>5. Sc\u00e9narios d'application et valeur ajout\u00e9e<\/strong><\/h2>\n<ul>\n<li><strong>Sc\u00e9narios pour le commerce de d\u00e9tail<\/strong>: Le design de la fen\u00eatre permet d'afficher directement la texture du corps du savon, et le processus de marquage au laser ou \u00e0 chaud permet d'am\u00e9liorer la reconnaissance en rayon.<\/li>\n<li><strong>March\u00e9 des cadeaux<\/strong>: Permet de personnaliser les coffrets cadeaux (y compris la doublure, les rubans, etc.), ce qui convient aux promotions de vacances ou aux souvenirs haut de gamme.<\/li>\n<li><strong>Offre transfrontali\u00e8re<\/strong>: A obtenu la certification FSC, r\u00e9pond aux normes d'exportation des plateformes telles qu'Amazon et des stations ind\u00e9pendantes, et prend en charge les solutions logistiques DDP\/DDU.<\/li>\n<\/ul>\n<h2 id=\"-cooperation-process-\"><strong>Processus de coop\u00e9ration<\/strong><\/h2>\n<ol>\n<li><strong>Communication de la demande<\/strong>: Fournir la taille du produit, un projet de conception ou un \u00e9chantillon, d\u00e9terminer le mat\u00e9riau et le processus ;<\/li>\n<li><strong>Confirmation de l'\u00e9preuve<\/strong>: La bo\u00eete d'\u00e9chantillons est envoy\u00e9e dans un d\u00e9lai de 3 \u00e0 5 jours ouvrables ;<\/li>\n<li><strong>Production de masse<\/strong>: Lancer la production apr\u00e8s avoir vers\u00e9 un acompte de 30%, et fournir un retour d'information visuel sur l'avancement de l'ensemble du processus ;<\/li>\n<li><strong>Livraison de la logistique<\/strong>: Exp\u00e9dition gratuite dans tout le pays, aide \u00e0 la d\u00e9claration de douane \u00e0 l'exportation et transport par ligne sp\u00e9cialis\u00e9e.<\/li>\n<\/ol>","protected":false},"excerpt":{"rendered":"<ol>\n<li>Technologie anti-contrefa\u00e7on : Gr\u00e2ce \u00e0 des codes QR variables et \u00e0 des codes num\u00e9riques, il est possible de lutter avec pr\u00e9cision contre la contrefa\u00e7on \"unique dans chaque bo\u00eete\" afin de garantir la circulation de produits authentiques.<\/li>\n<li>\u00a0Protection de l'environnement et haute efficacit\u00e9 : L'adoption de mat\u00e9riaux recyclables et d'une conception d'adaptation automatis\u00e9e permet de r\u00e9pondre aux besoins de la production moderne.<\/li>\n<li>Innovation en mati\u00e8re d'exp\u00e9rience utilisateur : Structure de drainage inclin\u00e9e, conception l\u00e9g\u00e8re, etc., afin d'am\u00e9liorer le confort des consommateurs.<br \/>\nValeur ajout\u00e9e \u00e0 la marque : renforcer l'image haut de gamme des produits gr\u00e2ce \u00e0 une conception qui allie esth\u00e9tique et fonctionnalit\u00e9.<\/li>\n<\/ol>","protected":false},"featured_media":9967,"template":"","meta":[],"product_brand":[],"product_cat":[30,390,430,31],"product_tag":[1311,1312,1310,1313],"class_list":{"0":"post-9962","1":"product","2":"type-product","3":"status-publish","4":"has-post-thumbnail","6":"product_cat-by-industry","7":"product_cat-custom-cosmetics-boxes","8":"product_cat-folding-cartons","9":"product_cat-paper-box-style","10":"product_tag-custom-printed-soap-boxes","11":"product_tag-custom-soap-boxes-wholesale","12":"product_tag-soap-boxes","13":"product_tag-soap-boxes-for-homemade-soap","15":"first","16":"instock","17":"shipping-taxable","18":"product-type-grouped"},"_links":{"self":[{"href":"https:\/\/zojopackaging.com\/fr\/wp-json\/wp\/v2\/product\/9962","targetHints":{"allow":["GET"]}}],"collection":[{"href":"https:\/\/zojopackaging.com\/fr\/wp-json\/wp\/v2\/product"}],"about":[{"href":"https:\/\/zojopackaging.com\/fr\/wp-json\/wp\/v2\/types\/product"}],"version-history":[{"count":1,"href":"https:\/\/zojopackaging.com\/fr\/wp-json\/wp\/v2\/product\/9962\/revisions"}],"predecessor-version":[{"id":9969,"href":"https:\/\/zojopackaging.com\/fr\/wp-json\/wp\/v2\/product\/9962\/revisions\/9969"}],"wp:featuredmedia":[{"embeddable":true,"href":"https:\/\/zojopackaging.com\/fr\/wp-json\/wp\/v2\/media\/9967"}],"wp:attachment":[{"href":"https:\/\/zojopackaging.com\/fr\/wp-json\/wp\/v2\/media?parent=9962"}],"wp:term":[{"taxonomy":"product_brand","embeddable":true,"href":"https:\/\/zojopackaging.com\/fr\/wp-json\/wp\/v2\/product_brand?post=9962"},{"taxonomy":"product_cat","embeddable":true,"href":"https:\/\/zojopackaging.com\/fr\/wp-json\/wp\/v2\/product_cat?post=9962"},{"taxonomy":"product_tag","embeddable":true,"href":"https:\/\/zojopackaging.com\/fr\/wp-json\/wp\/v2\/product_tag?post=9962"}],"curies":[{"name":"wp","href":"https:\/\/api.w.org\/{rel}","templated":true}]}}