{"id":9970,"date":"2025-04-04T14:01:08","date_gmt":"2025-04-04T06:01:08","guid":{"rendered":"https:\/\/zojopackaging.com\/?post_type=product&#038;p=9970"},"modified":"2025-04-04T14:14:18","modified_gmt":"2025-04-04T06:14:18","slug":"high-quality-custom-printed-handmade-soap-boxes-wholesale","status":"publish","type":"product","link":"https:\/\/zojopackaging.com\/fr\/product\/high-quality-custom-printed-handmade-soap-boxes-wholesale\/","title":{"rendered":"Bo\u00eetes \u00e0 savon de haute qualit\u00e9 imprim\u00e9es \u00e0 la main Wholesale"},"content":{"rendered":"<h2 id=\"-high-quality-custom-printed-handmade-soap-box-wholesale-\">Bo\u00eetes \u00e0 savon de haute qualit\u00e9 imprim\u00e9es \u00e0 la main Wholesale<\/h2>\n<h2 id=\"-1-flexible-customization-upgraded-touch-\"><strong>1. Personnalisation flexible, touche am\u00e9lior\u00e9e<\/strong><\/h2>\n<p>Elle permet de personnaliser les dimensions et convient aux savons faits \u00e0 la main de diff\u00e9rentes sp\u00e9cifications (ronds, carr\u00e9s, formes sp\u00e9ciales, etc.), et offre une vari\u00e9t\u00e9 de mat\u00e9riaux de carton (mat, nacr\u00e9, papier d'art, etc.). La surface de la bo\u00eete adopte une technologie de pelliculage respectueuse de l'environnement, avec en option des effets brillants\/mats, donnant \u00e0 l'emballage un toucher d\u00e9licat et une texture haut de gamme.<\/p>\n<h2 id=\"-2-brand-vision-simple-focus-\"><strong>2. Vision de la marque, orientation simple<\/strong><\/h2>\n<p>Le concept de design minimaliste est au c\u0153ur de ce produit, qui adopte un sch\u00e9ma d'impression unicolore ou bicolore, et le logo du client est plac\u00e9 au centre visuel de la surface de la bo\u00eete, avec un arri\u00e8re-plan vierge pour am\u00e9liorer la reconnaissance de la marque. La technologie de s\u00e9rigraphie, de marquage \u00e0 chaud et d'argent permet de s'assurer que le logo est clair et accrocheur, et qu'il v\u00e9hicule une image professionnelle.<\/p>\n<h2 id=\"-3-fast-packaging-saving-time-and-effort-\"><strong>3. Emballage rapide, \u00e9conomie de temps et d'efforts<\/strong><\/h2>\n<p>La conception interne de la bo\u00eete en carton est adapt\u00e9e \u00e0 la taille du savon artisanal. Seules deux \u00e9tapes sont n\u00e9cessaires : ins\u00e9rer le corps du savon, plier et fixer, et l'emballage peut \u00eatre termin\u00e9. Il faut moins d'une minute pour une seule pi\u00e8ce, ce qui am\u00e9liore consid\u00e9rablement l'efficacit\u00e9 de la cha\u00eene d'assemblage.<\/p>\n<h2 id=\"-4-diverse-processes-quality-assurance-\"><strong>4. Diversit\u00e9 des processus, assurance qualit\u00e9<\/strong><\/h2>\n<p>Fournir plus de 10 options de processus \u00e0 valeur ajout\u00e9e :<\/p>\n<ul>\n<li><strong>UV partiel<\/strong>Le logo ou le motif est mis en valeur par la brillance tridimensionnelle du logo ou du motif ;<\/li>\n<li><strong>Gaufr\u00e9\/emboss\u00e9<\/strong>Les produits d'emballage : cr\u00e9ent une touche de relief et rehaussent le niveau de l'emballage ;<\/li>\n<li><strong>Film doux au toucher<\/strong>Les produits de la cat\u00e9gorie \"cuir\" : simulent le toucher d\u00e9licat du cuir et conviennent aux produits de la cat\u00e9gorie \"haut de gamme\" ;<\/li>\n<li><strong>Marquage \u00e0 chaud sur feuille<\/strong>Les couleurs : augmentent la texture m\u00e9tallique et conviennent aux \u00e9ditions limit\u00e9es pour les f\u00eates de fin d'ann\u00e9e ;<\/li>\n<li><strong>D\u00e9coupe de formes sp\u00e9ciales<\/strong>Les structures cr\u00e9atives telles que les fen\u00eatres creuses et les ar\u00eates courbes sont r\u00e9alisables.<\/li>\n<\/ul>\n<h2 id=\"-5-source-factory-full-chain-advantage-\"><strong>5. Usine d'origine, avantage de la cha\u00eene compl\u00e8te<\/strong><\/h2>\n<p>Profond\u00e9ment engag\u00e9 dans l'industrie de l'emballage depuis 16 ans, la construction d'un syst\u00e8me de cha\u00eene d'approvisionnement int\u00e9gr\u00e9 de l'approvisionnement en mati\u00e8res premi\u00e8res \u00e0 la production, l'inspection de la qualit\u00e9 et la logistique. R\u00e9duire le co\u00fbt du carton gr\u00e2ce \u00e0 l'approvisionnement \u00e0 grande \u00e9chelle, et combiner avec des lignes de production automatis\u00e9es pour s'assurer que l'erreur d'\u00e9paisseur de chaque lot de produits est \u22640,1mm, la diff\u00e9rence de couleur d'impression \u0394E\u22641,5, et la qualit\u00e9 r\u00e9pond aux normes d'exportation.<\/p>\n<h2 id=\"-cooperation-process-\"><strong>Processus de coop\u00e9ration<\/strong><\/h2>\n<ol>\n<li><strong>Communication des besoins<\/strong>: Fournissez la taille, le processus et le projet de conception, ou notre concepteur fera une proposition gratuite ;<\/li>\n<li><strong>Confirmation de l'\u00e9preuve<\/strong>: La bo\u00eete d'\u00e9chantillons physiques sera envoy\u00e9e dans les 3 jours ouvrables ;<\/li>\n<li><strong>Production de masse<\/strong>: La production commencera apr\u00e8s le versement de l'acompte et la progression sera suivie visuellement tout au long du processus ;<\/li>\n<li><strong>Garantie apr\u00e8s-vente<\/strong>: Soutenir le remplacement des produits endommag\u00e9s et fournir des services d'entreposage \u00e0 long terme.<\/li>\n<\/ol>\n<h2 id=\"-technical-parameters-\"><strong>Param\u00e8tres techniques<\/strong><\/h2>\n<table>\n<thead>\n<tr>\n<th>Projet<\/th>\n<th>Sp\u00e9cifications<\/th>\n<\/tr>\n<\/thead>\n<tbody>\n<tr>\n<td>Epaisseur du mat\u00e9riau<\/td>\n<td>350g de carton (\u00b15g)<\/td>\n<\/tr>\n<tr>\n<td>Quantit\u00e9 minimale de commande<\/td>\n<td>500 pi\u00e8ces<\/td>\n<\/tr>\n<tr>\n<td>Cycle de livraison<\/td>\n<td>7-14 jours<\/td>\n<\/tr>\n<tr>\n<td>Norme d'inspection de la qualit\u00e9<\/td>\n<td>GB\/T 6544-2008<\/td>\n<\/tr>\n<\/tbody>\n<\/table>\n<h2 id=\"use-scenario-\">Sc\u00e9nario d'utilisation<\/h2>\n<ul>\n<li>Savon artisanal de marque bo\u00eete cadeau r\u00e9guli\u00e8re\/de vacances<\/li>\n<li>Set de soins personnalis\u00e9 pour l'h\u00f4tel<\/li>\n<li>Souvenirs de mariage\/\u00e9v\u00e9nement d'entreprise<\/li>\n<\/ul>","protected":false},"excerpt":{"rendered":"<p>1. Cette bo\u00eete de cartes de savon utilise un style d'impression simple, mettant l'accent sur le logo du client dans une position centrale pro\u00e9minente, de sorte que l'ensemble du design de la bo\u00eete puisse refl\u00e9ter l'image de marque du client.<br \/>\n2. La bo\u00eete est fabriqu\u00e9e en carton blanc de 350 g, ce qui la rend tr\u00e8s r\u00e9sistante et lui conf\u00e8re les caract\u00e9ristiques d'une exp\u00e9dition \u00e0 plat, de sorte qu'elle peut \u00eatre transport\u00e9e sans probl\u00e8me.<br \/>\n3. 16 ans d'exp\u00e9rience en tant qu'usine chinoise nous ont fait prendre conscience de l'importance de la cha\u00eene d'approvisionnement. C'est pourquoi nous avons mis en place un syst\u00e8me complet de cha\u00eene d'approvisionnement qui nous permet de b\u00e9n\u00e9ficier d'avantages en termes de prix tout en garantissant la qualit\u00e9 de nos produits.<\/p>","protected":false},"featured_media":9973,"template":"","meta":[],"product_brand":[],"product_cat":[30,390,430,31],"product_tag":[1311,1312,1310,1313],"class_list":{"0":"post-9970","1":"product","2":"type-product","3":"status-publish","4":"has-post-thumbnail","6":"product_cat-by-industry","7":"product_cat-custom-cosmetics-boxes","8":"product_cat-folding-cartons","9":"product_cat-paper-box-style","10":"product_tag-custom-printed-soap-boxes","11":"product_tag-custom-soap-boxes-wholesale","12":"product_tag-soap-boxes","13":"product_tag-soap-boxes-for-homemade-soap","15":"first","16":"instock","17":"shipping-taxable","18":"product-type-grouped"},"_links":{"self":[{"href":"https:\/\/zojopackaging.com\/fr\/wp-json\/wp\/v2\/product\/9970","targetHints":{"allow":["GET"]}}],"collection":[{"href":"https:\/\/zojopackaging.com\/fr\/wp-json\/wp\/v2\/product"}],"about":[{"href":"https:\/\/zojopackaging.com\/fr\/wp-json\/wp\/v2\/types\/product"}],"version-history":[{"count":1,"href":"https:\/\/zojopackaging.com\/fr\/wp-json\/wp\/v2\/product\/9970\/revisions"}],"predecessor-version":[{"id":9977,"href":"https:\/\/zojopackaging.com\/fr\/wp-json\/wp\/v2\/product\/9970\/revisions\/9977"}],"wp:featuredmedia":[{"embeddable":true,"href":"https:\/\/zojopackaging.com\/fr\/wp-json\/wp\/v2\/media\/9973"}],"wp:attachment":[{"href":"https:\/\/zojopackaging.com\/fr\/wp-json\/wp\/v2\/media?parent=9970"}],"wp:term":[{"taxonomy":"product_brand","embeddable":true,"href":"https:\/\/zojopackaging.com\/fr\/wp-json\/wp\/v2\/product_brand?post=9970"},{"taxonomy":"product_cat","embeddable":true,"href":"https:\/\/zojopackaging.com\/fr\/wp-json\/wp\/v2\/product_cat?post=9970"},{"taxonomy":"product_tag","embeddable":true,"href":"https:\/\/zojopackaging.com\/fr\/wp-json\/wp\/v2\/product_tag?post=9970"}],"curies":[{"name":"wp","href":"https:\/\/api.w.org\/{rel}","templated":true}]}}