{"id":9985,"date":"2025-04-04T14:28:29","date_gmt":"2025-04-04T06:28:29","guid":{"rendered":"https:\/\/zojopackaging.com\/?post_type=product&#038;p=9985"},"modified":"2025-04-04T14:37:51","modified_gmt":"2025-04-04T06:37:51","slug":"custom-foldable-slide-box-cosmetic-skincare-packaging-drawer-boxes","status":"publish","type":"product","link":"https:\/\/zojopackaging.com\/fr\/product\/custom-foldable-slide-box-cosmetic-skincare-packaging-drawer-boxes\/","title":{"rendered":"Bo\u00eete \u00e0 tiroirs pliable sur mesure Emballage de produits cosm\u00e9tiques et de soins Bo\u00eete \u00e0 tiroirs"},"content":{"rendered":"<h3 id=\"-1-structural-innovation-the-balance-of-folding-drawer-card-boxes-\"><strong>1. Innovation structurelle : L'\u00e9quilibre des bo\u00eetes \u00e0 cartes \u00e0 tiroirs pliants<\/strong><\/h3>\n<p>Adopter\u00a0<strong>technologie de pliage \u00e0 triple articulation<\/strong>Gr\u00e2ce \u00e0 un calcul pr\u00e9cis des angles de pliage et des structures porteuses, l'\u00e9paisseur de la caisse apr\u00e8s d\u00e9pliage ne repr\u00e9sente qu'un tiers de l'\u00e9tat d\u00e9pli\u00e9, et le taux d'utilisation de l'espace de transport est augment\u00e9 de 70%.<\/p>\n<h3 id=\"-2-material-aesthetics-a-visual-revolution-of-350g-single-powder-card-\"><strong>2. Esth\u00e9tique des mat\u00e9riaux : une r\u00e9volution visuelle de la carte \u00e0 poudre unique de 350 g<\/strong><\/h3>\n<p>-\u00a0<strong>S\u00e9lection du mat\u00e9riau de base<\/strong>: Carte s\u00e9lectionn\u00e9e de 350g \u00e0 poudre unique de poids \u00e9lev\u00e9, rugosit\u00e9 de surface Ra\u22641,2\u03bcm, avec.\u00a0<strong>pelliculage mat double face<\/strong>\u00a0afin d'obtenir une pr\u00e9cision d'impression de 0,1 mm ;<\/p>\n<p>-\u00a0<strong>Performance des couleurs<\/strong>: La surimpression en d\u00e9grad\u00e9 des couleurs Pantone 15-1247 TCX (or champagne) et 18-1755 TCX (blanc perle) permet de cr\u00e9er une hi\u00e9rarchie visuelle au niveau du luxe ;<\/p>\n<p>-\u00a0<strong>Exp\u00e9rience tactile<\/strong>: Local\u00a0<strong>Gaufrage UV + gravure laser<\/strong>\u00a0la clart\u00e9 tactile du LOGO est am\u00e9lior\u00e9e de 40%, et les performances anti-contrefa\u00e7on atteignent les normes de certification internationales.<\/p>\n<h3 id=\"-3-environmental-commitment-fsc-certified-full-link-sustainability-\"><strong>3. Engagement environnemental : Certification FSC pour la durabilit\u00e9 de l'ensemble de la cha\u00eene<\/strong><\/h3>\n<p>-\u00a0<strong>Tra\u00e7abilit\u00e9 des mat\u00e9riaux<\/strong>: Le papier utilis\u00e9 est de la p\u00e2te de bois vierge 100% certifi\u00e9e FSC, et chaque lot peut \u00eatre trac\u00e9 jusqu'\u00e0 des for\u00eats g\u00e9r\u00e9es durablement ;<\/p>\n<p>-\u00a0<strong>Processus de production<\/strong>: Impression \u00e0 l'encre \u00e0 base d'eau (\u00e9mission de COV \u226450g\/L), conform\u00e9ment \u00e0 la r\u00e9glementation REACH de l'UE ;<\/p>\n<p>-\u00a0<strong>Conception circulaire<\/strong>: Le corps de la bo\u00eete peut \u00eatre enti\u00e8rement recycl\u00e9, la doublure en carton gris est r\u00e9utilisable et l'empreinte carbone est r\u00e9duite de 35% (voir le rapport d'\u00e9valuation du cycle de vie).<\/p>\n<h3 id=\"-4-process-matrix-multi-dimensional-expression-of-brand-personality-\"><strong>4. Matrice de processus : Expression multidimensionnelle de la personnalit\u00e9 de la marque<\/strong><\/h3>\n<p>-\u00a0<strong>Traitement de surface<\/strong>: -\u00a0<strong>Marquage \u00e0 chaud<\/strong>: Carte de couleur personnalis\u00e9e or rose\/champagne, diff\u00e9rence de couleur \u0394E\u22640,8 ;<\/p>\n<p>-\u00a0<strong>Gaufr\u00e9<\/strong>: relief tridimensionnel de 0,3 mm, toucher comme de la soie ; -\u00a0<strong>Gaufrage UV<\/strong>: Traitement local de mise en valeur, r\u00e9sistance \u00e0 l'usure augment\u00e9e par 50% ;<\/p>\n<p>-\u00a0<strong>Impression num\u00e9rique<\/strong>: Prise en charge de la personnalisation de petites s\u00e9ries (commande minimale de 500 pi\u00e8ces), et \u00e9preuvage complet de la mod\u00e9lisation 3D en 8 heures.<\/p>\n<h3 id=\"-5-smart-manufacturing-foundation-16-years-of-industry-experience-\"><strong>5. Une base de fabrication intelligente : 16 ans d'exp\u00e9rience dans l'industrie<\/strong><\/h3>\n<p>-\u00a0<strong>Matrice des \u00e9quipements<\/strong>: \u00c9quip\u00e9e de 18 \u00e9quipements internationaux tels que la presse \u00e0 imprimer Manroland R700 \u00e0 cinq couleurs, la presse offset UV Heidelberg \u00e0 7 couleurs, etc., avec une vitesse d'impression de 15 000 feuilles\/heure ;<\/p>\n<p>-\u00a0<strong>Syst\u00e8me de contr\u00f4le de la qualit\u00e9<\/strong>: Certifi\u00e9 ISO 9001\/BRCGS, chaque lot de produits est soumis \u00e0 12 contr\u00f4les de qualit\u00e9 (diff\u00e9rence de couleur\/compression\/test de chute) ;<\/p>\n<p>-\u00a0<strong>Capacit\u00e9 de production<\/strong>: Capacit\u00e9 de production quotidienne de 200 000 pi\u00e8ces, prise en charge des commandes de 500 pi\u00e8ces jusqu'\u00e0 la production de masse d'un million de pi\u00e8ces, et livraison des commandes urgentes dans les 24 heures.<\/p>\n<h3 id=\"-6-design-empowerment-precise-implementation-from-concept-to-mass-production-\"><strong>6. Autonomisation de la conception : mise en \u0153uvre pr\u00e9cise du concept \u00e0 la production de masse<\/strong><\/h3>\n<p>Une \u00e9quipe sp\u00e9ciale de 5 concepteurs d'emballages avec plus de 10 ans d'exp\u00e9rience fournit trois services personnalis\u00e9s :<\/p>\n<p>-\u00a0<strong>Innovation structurelle<\/strong>: D\u00e9veloppement de 12 types de bo\u00eetes brevet\u00e9es (telles que les couches rotatives, les serrures magn\u00e9tiques \u00e0 mot de passe), compatibles avec le placement de produits cosm\u00e9tiques de forme sp\u00e9ciale ;<\/p>\n<p>-\u00a0<strong>Optimisation interactive<\/strong>: Int\u00e9grer une puce NFC (en option), scanner le code pour obtenir des informations sur la tra\u00e7abilit\u00e9 du produit et l'histoire de la marque ;<\/p>\n<p>-\u00a0<strong>It\u00e9ration rapide<\/strong>: Pr\u00e9visualisation en temps r\u00e9el de la mod\u00e9lisation 3D et confirmation compl\u00e8te du plan de conception dans les 8 heures.<\/p>\n<h3 id=\"-7-value-commitment-triple-balance-of-quality-efficiency-and-cost-\"><strong>7. Engagement de valeur : triple \u00e9quilibre entre la qualit\u00e9, l'efficacit\u00e9 et le co\u00fbt<\/strong><\/h3>\n<p>-\u00a0<strong>Optimisation des co\u00fbts<\/strong>: L'adoption d'un syst\u00e8me de composition num\u00e9rique permet de r\u00e9duire le taux de perte de mat\u00e9riel \u00e0 moins de 3% et d'\u00e9conomiser 18% par rapport au processus traditionnel ;<\/p>\n<p>-\u00a0<strong>R\u00e9ponse agile<\/strong>: Mise en place d'un syst\u00e8me logistique \u00e0 double entrep\u00f4t en Chine orientale et en Chine m\u00e9ridionale, avec un acc\u00e8s direct 48 heures sur 24 dans tout le pays ;<\/p>\n<p>-\u00a0<strong>Service de longue dur\u00e9e<\/strong>: Assurer la gestion du cycle de vie des emballages, y compris l'alerte sur les stocks, le plan de r\u00e9approvisionnement et le plan de recyclage des vieux cartons.<\/p>","protected":false},"excerpt":{"rendered":"<p><strong>ZOJO Print | Bo\u00eete coulissante pliante personnalis\u00e9e Emballage cosm\u00e9tique Soins Bo\u00eete \u00e0 tiroir Expert - Innovative Design, Interpreting New Heights of Beauty<\/strong><\/p>\n<p>Dans le domaine de l'emballage des cosm\u00e9tiques et des soins de la peau, la conception doit non seulement avoir une valeur esth\u00e9tique, mais aussi tenir compte de la fonctionnalit\u00e9, de la protection de l'environnement et du rapport co\u00fbt-efficacit\u00e9. ZOJO Print est profond\u00e9ment impliqu\u00e9 dans ce secteur depuis 16 ans et s'attache \u00e0 fournir aux marques de produits de beaut\u00e9 haut de gamme des solutions innovantes et commercialement comp\u00e9titives en mati\u00e8re de bo\u00eetes pliantes coulissantes.<\/p>","protected":false},"featured_media":9999,"template":"","meta":[],"product_brand":[],"product_cat":[30,390,31,426],"product_tag":[1319,1317,1318],"class_list":{"0":"post-9985","1":"product","2":"type-product","3":"status-publish","4":"has-post-thumbnail","6":"product_cat-by-industry","7":"product_cat-custom-cosmetics-boxes","8":"product_cat-paper-box-style","9":"product_cat-paper-drawer-boxes","10":"product_tag-cosmetic-skincare-packaging","11":"product_tag-custom-foldable-slide-box","12":"product_tag-skincare-packaging-drawer-boxes","14":"first","15":"instock","16":"shipping-taxable","17":"product-type-grouped"},"_links":{"self":[{"href":"https:\/\/zojopackaging.com\/fr\/wp-json\/wp\/v2\/product\/9985","targetHints":{"allow":["GET"]}}],"collection":[{"href":"https:\/\/zojopackaging.com\/fr\/wp-json\/wp\/v2\/product"}],"about":[{"href":"https:\/\/zojopackaging.com\/fr\/wp-json\/wp\/v2\/types\/product"}],"version-history":[{"count":1,"href":"https:\/\/zojopackaging.com\/fr\/wp-json\/wp\/v2\/product\/9985\/revisions"}],"predecessor-version":[{"id":10000,"href":"https:\/\/zojopackaging.com\/fr\/wp-json\/wp\/v2\/product\/9985\/revisions\/10000"}],"wp:featuredmedia":[{"embeddable":true,"href":"https:\/\/zojopackaging.com\/fr\/wp-json\/wp\/v2\/media\/9999"}],"wp:attachment":[{"href":"https:\/\/zojopackaging.com\/fr\/wp-json\/wp\/v2\/media?parent=9985"}],"wp:term":[{"taxonomy":"product_brand","embeddable":true,"href":"https:\/\/zojopackaging.com\/fr\/wp-json\/wp\/v2\/product_brand?post=9985"},{"taxonomy":"product_cat","embeddable":true,"href":"https:\/\/zojopackaging.com\/fr\/wp-json\/wp\/v2\/product_cat?post=9985"},{"taxonomy":"product_tag","embeddable":true,"href":"https:\/\/zojopackaging.com\/fr\/wp-json\/wp\/v2\/product_tag?post=9985"}],"curies":[{"name":"wp","href":"https:\/\/api.w.org\/{rel}","templated":true}]}}