{"id":9987,"date":"2025-04-04T14:31:08","date_gmt":"2025-04-04T06:31:08","guid":{"rendered":"https:\/\/zojopackaging.com\/?post_type=product&#038;p=9987"},"modified":"2025-04-04T14:44:17","modified_gmt":"2025-04-04T06:44:17","slug":"custom-jewelry-slide-drawer-style-rigid-gift-box-with-ribbon","status":"publish","type":"product","link":"https:\/\/zojopackaging.com\/fr\/product\/custom-jewelry-slide-drawer-style-rigid-gift-box-with-ribbon\/","title":{"rendered":"Bo\u00eete cadeau rigide \u00e0 tiroir pour bijoux personnalis\u00e9e avec ruban"},"content":{"rendered":"<h2 id=\"-customized-jewelry-drawer-style-hard-gift-box-product-description-\"><strong>Bo\u00eete \u00e0 bijoux personnalis\u00e9e Description du produit<\/strong><\/h2>\n<h2 id=\"-1-material-and-structural-design-\"><strong>1. Mat\u00e9riaux et conception structurelle<\/strong><\/h2>\n<p>Cette bo\u00eete \u00e0 bijoux est fabriqu\u00e9e en\u00a0<strong>papier couch\u00e9 + carton gris<\/strong>\u00a0La couche ext\u00e9rieure est recouverte d'un papier couch\u00e9 \u00e0 haut grammage de 157 g\/m\u00b2 et la couche int\u00e9rieure est constitu\u00e9e d'un c\u0153ur en carton gris \u00e0 haute r\u00e9sistance de 2 mm, ce qui garantit non seulement que le corps de la bo\u00eete est dur et r\u00e9sistant \u00e0 la pression, mais am\u00e9liore \u00e9galement la texture g\u00e9n\u00e9rale gr\u00e2ce au toucher lisse du papier couch\u00e9. La conception de la glissi\u00e8re du tiroir est calcul\u00e9e avec pr\u00e9cision, et il est facile de la tirer et de la fermer herm\u00e9tiquement, ce qui emp\u00eache efficacement la poussi\u00e8re de p\u00e9n\u00e9trer dans la bo\u00eete et assure une double protection des bijoux.<\/p>\n<h2 id=\"-2-appearance-design-and-craftsmanship-\"><strong>2. Conception et ex\u00e9cution de l'apparence<\/strong><\/h2>\n<ul>\n<li><strong>Esth\u00e9tique de la correspondance des couleurs de la dopamine<\/strong>: Le corps de la bo\u00eete est bas\u00e9 sur\u00a0<strong>jaune vif<\/strong>et adopte la technologie du pelliculage mat. Le lustre doux d\u00e9gage de la vitalit\u00e9, ce qui correspond \u00e0 la tendance esth\u00e9tique actuelle de la dopamine. Il a un fort impact visuel et ne laisse pas facilement de traces de doigts.<\/li>\n<li><strong>Am\u00e9lioration de la qualit\u00e9 de l'artisanat<\/strong>: Support\u00a0<strong>logo estamp\u00e9 \u00e0 chaud, texture gaufr\u00e9e, UV partiel<\/strong>\u00a0et d'autres produits personnalis\u00e9s, tels que le marquage \u00e0 chaud du logo de la marque ou d'un motif sur la surface de la bo\u00eete, avec un effet de gaufrage tridimensionnel, soulignant le caract\u00e8re haut de gamme de la marque.<\/li>\n<\/ul>\n<h2 id=\"-3-humanized-functional-design-\"><strong>3. Conception fonctionnelle humanis\u00e9e<\/strong><\/h2>\n<ul>\n<li><strong>Ruban et doublure amovibles<\/strong>: L'extr\u00e9mit\u00e9 avant du tiroir est encastr\u00e9e dans la paroi de la chambre \u00e0 air.\u00a0<strong>poign\u00e9e en ruban de satin<\/strong>La doublure est fabriqu\u00e9e \u00e0 partir d'un mat\u00e9riau de base, le coton, qui est facile et peu co\u00fbteux \u00e0 tirer et qui a un toucher d\u00e9licat ; la doublure est fabriqu\u00e9e \u00e0 partir d'un mat\u00e9riau de base, le coton.\u00a0<strong>Mat\u00e9riau de flocage EVA<\/strong>La surface est recouverte de flanelle courte, qui est douce et r\u00e9sistante aux rayures et peut fixer la position des bijoux afin d'\u00e9viter qu'ils ne soient endommag\u00e9s par des secousses pendant le transport.<\/li>\n<li><strong>Structure de stockage en couches<\/strong>: Fentes ou compartiments internes personnalisables, adapt\u00e9s \u00e0 diff\u00e9rents types de bijoux tels que les colliers, les bagues, les boucles d'oreilles, etc. et le rangement class\u00e9 est plus exquis.<\/li>\n<\/ul>\n<h2 id=\"-4-customized-service-\"><strong>4. Service personnalis\u00e9<\/strong><\/h2>\n<ul>\n<li><strong>Ajustement flexible de la taille<\/strong>: Prise en charge de la personnalisation en taille r\u00e9elle \u00e0 partir de\u00a0<strong>63x65x40mm (bo\u00eete \u00e0 anneaux) \u00e0 217x45x40mm (bo\u00eete \u00e0 bracelets)<\/strong>La taille des bijoux peut \u00eatre adapt\u00e9e avec pr\u00e9cision \u00e0 diff\u00e9rentes tailles de bijoux.<\/li>\n<li><strong>Combinaison personnalis\u00e9e de produits artisanaux<\/strong>: En plus de l'artisanat de base,\u00a0<strong>gaufrage, laser, s\u00e9rigraphie<\/strong>etc. peuvent \u00eatre superpos\u00e9s pour r\u00e9pondre aux besoins de diff\u00e9renciation de la marque.<\/li>\n<\/ul>\n<h2 id=\"-5-support-for-the-entire-design-and-production-process-\"><strong>5. Soutien tout au long du processus de conception et de production<\/strong><\/h2>\n<ul>\n<li><strong>Mod\u00e9lisation 3D et \u00e9preuvage<\/strong>: L'\u00e9quipe de conception professionnelle fournit\u00a0<strong>Services de pr\u00e9visualisation de mod\u00e8les num\u00e9riques 3D<\/strong>qui pr\u00e9sente intuitivement les effets de la dorure \u00e0 chaud, des UV et d'autres m\u00e9tiers, garantissant ainsi une absence totale d'erreur entre le projet de conception et le produit fini.<\/li>\n<li><strong>La garantie d'une production unique<\/strong>: L'usine adopte\u00a0<strong>D\u00e9coupe CNC, collage automatique<\/strong>\u00a0et d'autres processus, combin\u00e9s \u00e0 un syst\u00e8me d'inspection de la qualit\u00e9 accumul\u00e9 au cours de 16 ann\u00e9es d'exp\u00e9rience, et contr\u00f4le l'ensemble du processus, de la s\u00e9lection des mat\u00e9riaux \u00e0 l'exp\u00e9dition, afin de s'assurer que chaque lien r\u00e9pond aux normes de protection de l'environnement et de durabilit\u00e9.<\/li>\n<\/ul>\n<h2 id=\"-6-applicable-scenarios-and-style-adaptation-\"><strong>6. Sc\u00e9narios applicables et adaptation du style<\/strong><\/h2>\n<ul>\n<li><strong>Diversit\u00e9 des styles<\/strong>: Qu'il s'agisse\u00a0<strong>style simple ins<\/strong>\u00a0ou\u00a0<strong>style d'affaires luxueux<\/strong>Il est possible d'y parvenir en ajustant la palette de couleurs (rose, noir, couleurs m\u00e9talliques) et les \u00e9l\u00e9ments d\u00e9coratifs (n\u0153uds de ruban, fen\u00eatres creuses).<\/li>\n<li><strong>Couverture compl\u00e8te des sc\u00e9narios<\/strong>: Convient aux bijouteries, aux cadeaux de No\u00ebl, aux expositions et \u00e0 d'autres sc\u00e9narios, pour renforcer l'image de la marque et le sentiment de c\u00e9r\u00e9monie des consommateurs lorsqu'ils ouvrent les bo\u00eetes.<\/li>\n<\/ul>\n<h2 id=\"-advantages-of-cooperation-\"><strong>Avantages de la coop\u00e9ration<\/strong>:<\/h2>\n<ul>\n<li><strong>16 ans d'exp\u00e9rience dans le secteur<\/strong>: L'usine continue d'innover en combinant des mat\u00e9riaux respectueux de l'environnement (tels que les panneaux gris d\u00e9gradables) avec une production intelligente, en tenant compte \u00e0 la fois de la beaut\u00e9 et de la praticit\u00e9.<\/li>\n<\/ul>\n<p>Si vous souhaitez en savoir plus sur les solutions personnalis\u00e9es ou obtenir des \u00e9chantillons de conception en 3D, n'h\u00e9sitez pas \u00e0 contacter notre \u00e9quipe de conception !<\/p>","protected":false},"excerpt":{"rendered":"<p>Nos bo\u00eetes en papier pour l'emballage des bijoux sont aussi d\u00e9licates que la soie et sont associ\u00e9es \u00e0 la technologie de l'estampage en or gaufr\u00e9, ce qui leur conf\u00e8re une texture luxueuse. La bo\u00eete utilise une doublure en flocage et une structure de rainure personnalis\u00e9e, qui s'adapte parfaitement au contour du bijou, garantissant la s\u00e9curit\u00e9 du transport tout en donnant un sentiment de rituel lors de l'ouverture de la bo\u00eete.<\/p>","protected":false},"featured_media":9989,"template":"","meta":[],"product_brand":[],"product_cat":[30,415,31,426],"product_tag":[1093,813,1320],"class_list":{"0":"post-9987","1":"product","2":"type-product","3":"status-publish","4":"has-post-thumbnail","6":"product_cat-by-industry","7":"product_cat-custom-jewelry-boxes-by-industry","8":"product_cat-paper-box-style","9":"product_cat-paper-drawer-boxes","10":"product_tag-custom-jewelry-gift-box","11":"product_tag-jewelry-drawer-box","12":"product_tag-jewelry-rigid-box-with-ribbon","14":"first","15":"instock","16":"shipping-taxable","17":"product-type-grouped"},"_links":{"self":[{"href":"https:\/\/zojopackaging.com\/fr\/wp-json\/wp\/v2\/product\/9987","targetHints":{"allow":["GET"]}}],"collection":[{"href":"https:\/\/zojopackaging.com\/fr\/wp-json\/wp\/v2\/product"}],"about":[{"href":"https:\/\/zojopackaging.com\/fr\/wp-json\/wp\/v2\/types\/product"}],"version-history":[{"count":1,"href":"https:\/\/zojopackaging.com\/fr\/wp-json\/wp\/v2\/product\/9987\/revisions"}],"predecessor-version":[{"id":10008,"href":"https:\/\/zojopackaging.com\/fr\/wp-json\/wp\/v2\/product\/9987\/revisions\/10008"}],"wp:featuredmedia":[{"embeddable":true,"href":"https:\/\/zojopackaging.com\/fr\/wp-json\/wp\/v2\/media\/9989"}],"wp:attachment":[{"href":"https:\/\/zojopackaging.com\/fr\/wp-json\/wp\/v2\/media?parent=9987"}],"wp:term":[{"taxonomy":"product_brand","embeddable":true,"href":"https:\/\/zojopackaging.com\/fr\/wp-json\/wp\/v2\/product_brand?post=9987"},{"taxonomy":"product_cat","embeddable":true,"href":"https:\/\/zojopackaging.com\/fr\/wp-json\/wp\/v2\/product_cat?post=9987"},{"taxonomy":"product_tag","embeddable":true,"href":"https:\/\/zojopackaging.com\/fr\/wp-json\/wp\/v2\/product_tag?post=9987"}],"curies":[{"name":"wp","href":"https:\/\/api.w.org\/{rel}","templated":true}]}}