{"id":10001,"date":"2025-04-04T14:38:24","date_gmt":"2025-04-04T06:38:24","guid":{"rendered":"https:\/\/zojopackaging.com\/?post_type=product&#038;p=10001"},"modified":"2025-04-04T15:05:50","modified_gmt":"2025-04-04T07:05:50","slug":"custom-skin-care-drawer-box-cosmetic-carton-folding-packaging","status":"publish","type":"product","link":"https:\/\/zojopackaging.com\/it\/product\/custom-skin-care-drawer-box-cosmetic-carton-folding-packaging\/","title":{"rendered":"Imballaggio pieghevole del cartone cosmetico della scatola del cassetto di cura di pelle su ordinazione"},"content":{"rendered":"<h3 id=\"-1-folding-drawer-gift-box-\"><strong>1. Scatola regalo a cassetto pieghevole<\/strong><\/h3>\n<p>La confezione regalo a cassetto pieghevole adotta un design strutturale innovativo, che consente di raggiungere efficacemente l'obiettivo del controllo dei costi, mantenendo al contempo la struttura di alto livello della confezione regalo.<\/p>\n<h3 id=\"-2-single-powder-card-material-\"><strong>2. Materiale della scheda a polvere singola<\/strong><\/h3>\n<p>Il nostro materiale per carte a polvere singola \u00e8 posizionato come qualit\u00e0 di fascia alta, con un tocco superficiale delicato e liscio, una forte adattabilit\u00e0 di stampa e pu\u00f2 presentare effetti cromatici chiari e luminosi.<\/p>\n<h3 id=\"-3-environmentally-friendly-and-recyclable-materials-\"><strong>3. Materiali ecologici e riciclabili<\/strong><\/h3>\n<p>Il prodotto utilizza materiali ecologici e riciclabili, ha superato la certificazione del sistema di certificazione forestale FSC e rispetta pienamente gli standard ambientali internazionali.<\/p>\n<h3 id=\"-4-surface-processing-solutions-\"><strong>4. Soluzioni per la lavorazione delle superfici<\/strong><\/h3>\n<p>Le soluzioni per la lavorazione delle superfici sono ricche e diversificate e consentono di realizzare personalizzazioni come la stampa a caldo, la verniciatura UV parziale, la goffratura, l'intaglio a vuoto, ecc.<\/p>\n<h3 id=\"-5-zojo-print-industry-reputation-\"><strong>5. ZOJO Stampa la reputazione del settore<\/strong><\/h3>\n<p>In qualit\u00e0 di fornitore professionale di servizi di personalizzazione degli imballaggi in carta, ZOJO Print gode di un'eccellente reputazione nel settore sia nei mercati nazionali che esteri.<\/p>\n<h3 id=\"-6-senior-design-team-\"><strong>6. Gruppo di progettazione senior<\/strong><\/h3>\n<p>Siamo dotati di un team di progettazione senior, che pu\u00f2 partecipare attivamente al processo di realizzazione creativa del marchio per garantire l'attuazione accurata del concetto di design.<\/p>\n<h3 id=\"-7-professional-packaging-technology-consultant-team-\"><strong>7. Team di consulenti professionali per la tecnologia dell'imballaggio<\/strong><\/h3>\n<p>Il team di consulenti professionali in materia di tecnologia di confezionamento personalizzer\u00e0 la soluzione di confezionamento ottimale in base alle caratteristiche del prodotto.<\/p>","protected":false},"excerpt":{"rendered":"<p><strong>ZOJO Print | Esperto di cassettiere pieghevoli personalizzate per la cura della pelle: interpretare la nuova altezza della bellezza con un design innovativo<\/strong><\/p>\n<p>Nel campo degli imballaggi per la cura della pelle, il design non deve avere solo un valore estetico, ma deve tenere conto anche della funzionalit\u00e0, della protezione dell'ambiente e dell'economicit\u00e0. ZOJO Print \u00e8 impegnata da 16 anni in questo settore e si concentra sulla fornitura ai marchi di bellezza di fascia alta di soluzioni di cassettiere pieghevoli innovative e competitive dal punto di vista commerciale.<\/p>","protected":false},"featured_media":10007,"template":"","meta":[],"product_brand":[],"product_cat":[30,390,31,426],"product_tag":[1322,817,1321],"class_list":{"0":"post-10001","1":"product","2":"type-product","3":"status-publish","4":"has-post-thumbnail","6":"product_cat-by-industry","7":"product_cat-custom-cosmetics-boxes","8":"product_cat-paper-box-style","9":"product_cat-paper-drawer-boxes","10":"product_tag-carton-folding-packaging","11":"product_tag-custom-box","12":"product_tag-skin-care-drawer-box","14":"first","15":"instock","16":"shipping-taxable","17":"product-type-grouped"},"_links":{"self":[{"href":"https:\/\/zojopackaging.com\/it\/wp-json\/wp\/v2\/product\/10001","targetHints":{"allow":["GET"]}}],"collection":[{"href":"https:\/\/zojopackaging.com\/it\/wp-json\/wp\/v2\/product"}],"about":[{"href":"https:\/\/zojopackaging.com\/it\/wp-json\/wp\/v2\/types\/product"}],"version-history":[{"count":1,"href":"https:\/\/zojopackaging.com\/it\/wp-json\/wp\/v2\/product\/10001\/revisions"}],"predecessor-version":[{"id":10016,"href":"https:\/\/zojopackaging.com\/it\/wp-json\/wp\/v2\/product\/10001\/revisions\/10016"}],"wp:featuredmedia":[{"embeddable":true,"href":"https:\/\/zojopackaging.com\/it\/wp-json\/wp\/v2\/media\/10007"}],"wp:attachment":[{"href":"https:\/\/zojopackaging.com\/it\/wp-json\/wp\/v2\/media?parent=10001"}],"wp:term":[{"taxonomy":"product_brand","embeddable":true,"href":"https:\/\/zojopackaging.com\/it\/wp-json\/wp\/v2\/product_brand?post=10001"},{"taxonomy":"product_cat","embeddable":true,"href":"https:\/\/zojopackaging.com\/it\/wp-json\/wp\/v2\/product_cat?post=10001"},{"taxonomy":"product_tag","embeddable":true,"href":"https:\/\/zojopackaging.com\/it\/wp-json\/wp\/v2\/product_tag?post=10001"}],"curies":[{"name":"wp","href":"https:\/\/api.w.org\/{rel}","templated":true}]}}