{"id":10009,"date":"2025-04-04T14:44:34","date_gmt":"2025-04-04T06:44:34","guid":{"rendered":"https:\/\/zojopackaging.com\/?post_type=product&#038;p=10009"},"modified":"2025-04-04T15:06:02","modified_gmt":"2025-04-04T07:06:02","slug":"custom-luxury-cosmetic-skin-care-face-cream-packaging-boxes","status":"publish","type":"product","link":"https:\/\/zojopackaging.com\/it\/product\/custom-luxury-cosmetic-skin-care-face-cream-packaging-boxes\/","title":{"rendered":"Scatole d'imballaggio della crema del viso di cura di pelle cosmetica di lusso su ordinazione"},"content":{"rendered":"<h2 id=\"-customized-luxury-cosmetic-skin-care-cream-packaging-box-product-description-\"><strong>Personalizzato lusso cosmetici crema cura della pelle scatole d'imballaggio<\/strong><\/h2>\n<h2 id=\"-i-box-structure-and-material-design-\"><strong>1. Struttura della scatola e design del materiale<\/strong><\/h2>\n<ol>\n<li><strong>Scatola classica con coperchio superiore e inferiore<\/strong>\u00a0Adottando una struttura di copertura superiore e inferiore divisa, senza un design complesso di apertura e chiusura, combina la praticit\u00e0 con un'estetica semplice. La scatola si apre e si chiude senza problemi, con un tasso di utilizzo del materiale superiore a 95%, riducendo lo spreco di scarti e utilizzando un substrato di cartone grigio o di cartone bianco ad alta densit\u00e0 per garantire che la scatola sia nitida, ecologica e durevole.<\/li>\n<li><strong>Texture di lusso low-key<\/strong>\u00a0Il colore principale \u00e8 il nero profondo e la superficie \u00e8 realizzata con carta speciale opaca al tatto o con la tecnologia di laminazione, con linee locali di stampa a caldo\/argento vivo o loghi di marca, per trasmettere un'esperienza visiva calma e di alto livello. La superficie della scatola pu\u00f2 essere integrata con texture in rilievo (come la texture della finta pelle, la texture del marmo) per migliorare il senso tridimensionale e il riconoscimento differenziato.<\/li>\n<\/ol>\n<h2 id=\"-second-customized-technology-and-brand-presentation-\"><strong>2. Tecnologia e presentazione del marchio personalizzate<\/strong><\/h2>\n<ol>\n<li><strong>Tecnologia di stampa a tutto tondo<\/strong><\/li>\n<li><strong>Stampaggio a caldo<\/strong>: Il logo, il nome del marchio o gli elementi decorativi sono impressi con lamina d'oro\/argento 24 carati per aumentare il senso di lusso;<\/li>\n<li><strong>Goffratura UV<\/strong>: I motivi o i testi locali vengono trasformati in un tocco tridimensionale grazie al rivestimento UV per migliorare l'attenzione visiva;<\/li>\n<li><strong>Tecnologia in rilievo<\/strong>: Le texture esclusive personalizzate (come linee geometriche, texture naturali) conferiscono alla confezione un ricordo tattile unico.<\/li>\n<li><strong>Adattamento flessibile a pi\u00f9 categorie<\/strong>\u00a0Le dimensioni della scatola possono essere personalizzate (range di riferimento: lunghezza 10-30cm \u00d7 larghezza 8-25cm \u00d7 altezza 5-15cm), adatte a creme, profumi, candele profumate, t\u00e8 di alta gamma e altre categorie. La fodera pu\u00f2 essere abbinata a:<\/li>\n<li><strong>Scanalatura in spugna EVA<\/strong>: Fissare accuratamente il prodotto per evitare scosse durante il trasporto;<\/li>\n<li><strong>Vassoio interno floccato<\/strong>: Materiale floccato nero o oro per aumentare il senso di cerimonia all'apertura della scatola;<\/li>\n<li><strong>Supporto in acrilico trasparente<\/strong>: Evidenziano l'aspetto del prodotto, adatto alle confezioni regalo da esposizione.<\/li>\n<\/ol>\n<h2 id=\"-iii-supply-chain-guarantee-and-quality-commitment-\"><strong>3. Garanzia della catena di fornitura e impegno per la qualit\u00e0<\/strong><\/h2>\n<ol>\n<li><strong>Fonte Vantaggio della fabbrica<\/strong>\u00a0Grazie a 16 anni di esperienza nella produzione, abbiamo costruito un sistema integrato di catena di fornitura che va dalla progettazione, alla selezione dei materiali, alla produzione e all'ispezione della qualit\u00e0, per garantire la qualit\u00e0:<\/li>\n<li><strong>Ottimizzazione dei costi<\/strong>: Acquisto su larga scala di materie prime per ridurre il costo per scatola;<\/li>\n<li><strong>Controllo di qualit\u00e0 rigoroso<\/strong>: Controllo dell'errore entro \u00b10,5 mm, nessuna deformazione nello stampaggio, nessun difetto di superficie;<\/li>\n<li><strong>Consegna rapida<\/strong>: Supporto 500 pezzi di ordine minimo, 7-14 giorni per completare la prova di stampa alla produzione di massa.<\/li>\n<\/ol>\n<h2 id=\"-iv-design-service-and-brand-empowerment-\"><strong>4. Servizio di progettazione e responsabilizzazione del marchio<\/strong><\/h2>\n<ol>\n<li><strong>Supporto esclusivo per la personalizzazione<\/strong><\/li>\n<li><strong>Collaborazione al design<\/strong>: Fornire disegni di modellazione 3D e prove fisiche per garantire un'implementazione accurata degli effetti del progetto;<\/li>\n<li><strong>Integrazione della storia del marchio<\/strong>: Trasmettere il valore fondamentale del prodotto attraverso il design del packaging KV (come elementi dorati, temi temporali);<\/li>\n<li><strong>Certificazione ambientale<\/strong>: Carta certificata FSC o materiali degradabili, in linea con il concetto di branding sostenibile.<\/li>\n<\/ol>\n<p><strong>Scenari applicabili<\/strong>: confezioni regalo di prodotti per la cura della pelle di alta gamma, set limitati per le vacanze, confezioni in co-branding con il marchio, ecc.<\/p>\n<p><strong>Processo di cooperazione<\/strong>: comunicazione della domanda \u2192 proposta di design \u2192 conferma delle bozze \u2192 produzione in serie \u2192 controllo qualit\u00e0 e consegna.<\/p>\n<p>Grazie all'equilibrio tra struttura minimalista e dettagli raffinati, questa serie di scatole da imballaggio aiuter\u00e0 il marchio a conquistare la mente del mercato dei consumatori di fascia alta con il linguaggio visivo del \"lusso in chiave low-key\".<\/p>","protected":false},"excerpt":{"rendered":"<p>Il design del nostro packaging cosmetico combina funzionalit\u00e0 e valore estetico, in grado di migliorare efficacemente la competitivit\u00e0 del marchio e l'esperienza del consumatore. In primo luogo, in termini di protezione, le confezioni utilizzano materiali di alta qualit\u00e0, mentre la struttura sigillata e il design a prova di luce prolungano la durata di conservazione dei cosmetici e riducono le perdite dovute al trasporto. In secondo luogo, in termini di appeal visivo, linee minimaliste o elementi estetici naturali.<\/p>","protected":false},"featured_media":10010,"template":"","meta":[],"product_brand":[],"product_cat":[30,390,425,31],"product_tag":[1323,1324,1060],"class_list":{"0":"post-10009","1":"product","2":"type-product","3":"status-publish","4":"has-post-thumbnail","6":"product_cat-by-industry","7":"product_cat-custom-cosmetics-boxes","8":"product_cat-lid-and-base-gift-box","9":"product_cat-paper-box-style","10":"product_tag-cosmetic-packaging-boxes","11":"product_tag-custom-face-cream-packaging","12":"product_tag-skin-care-packaging-boxes","14":"first","15":"instock","16":"shipping-taxable","17":"product-type-grouped"},"_links":{"self":[{"href":"https:\/\/zojopackaging.com\/it\/wp-json\/wp\/v2\/product\/10009","targetHints":{"allow":["GET"]}}],"collection":[{"href":"https:\/\/zojopackaging.com\/it\/wp-json\/wp\/v2\/product"}],"about":[{"href":"https:\/\/zojopackaging.com\/it\/wp-json\/wp\/v2\/types\/product"}],"version-history":[{"count":1,"href":"https:\/\/zojopackaging.com\/it\/wp-json\/wp\/v2\/product\/10009\/revisions"}],"predecessor-version":[{"id":10017,"href":"https:\/\/zojopackaging.com\/it\/wp-json\/wp\/v2\/product\/10009\/revisions\/10017"}],"wp:featuredmedia":[{"embeddable":true,"href":"https:\/\/zojopackaging.com\/it\/wp-json\/wp\/v2\/media\/10010"}],"wp:attachment":[{"href":"https:\/\/zojopackaging.com\/it\/wp-json\/wp\/v2\/media?parent=10009"}],"wp:term":[{"taxonomy":"product_brand","embeddable":true,"href":"https:\/\/zojopackaging.com\/it\/wp-json\/wp\/v2\/product_brand?post=10009"},{"taxonomy":"product_cat","embeddable":true,"href":"https:\/\/zojopackaging.com\/it\/wp-json\/wp\/v2\/product_cat?post=10009"},{"taxonomy":"product_tag","embeddable":true,"href":"https:\/\/zojopackaging.com\/it\/wp-json\/wp\/v2\/product_tag?post=10009"}],"curies":[{"name":"wp","href":"https:\/\/api.w.org\/{rel}","templated":true}]}}