{"id":10018,"date":"2025-04-04T15:06:06","date_gmt":"2025-04-04T07:06:06","guid":{"rendered":"https:\/\/zojopackaging.com\/?post_type=product&#038;p=10018"},"modified":"2025-04-04T16:26:33","modified_gmt":"2025-04-04T08:26:33","slug":"custom-eyebrow-pencil-folding-boxes-packaging-supplier","status":"publish","type":"product","link":"https:\/\/zojopackaging.com\/it\/product\/custom-eyebrow-pencil-folding-boxes-packaging-supplier\/","title":{"rendered":"Fornitore di imballaggio delle scatole pieghevoli della matita delle sopracciglia su ordinazione"},"content":{"rendered":"<h3 id=\"-1-structural-innovation-dual-advantages-of-double-insert-box-design-\"><strong>1. Innovazione strutturale: duplice vantaggio del design della scatola a doppio inserto<\/strong><\/h3>\n<p>Adottare\u00a0<strong>Struttura della scatola a doppio inserto<\/strong>Il design simmetrico del tappo superiore e inferiore consente un assemblaggio rapido, non richiede l'uso di colla e consente di risparmiare il tempo di imballaggio 30%.<\/p>\n<h3 id=\"-2-printing-process-luxurious-expression-of-four-color-hot-stamping-\"><strong>2. Processo di stampa: espressione lussuosa della stampa a caldo in quadricromia<\/strong><\/h3>\n<p>-\u00a0<strong>Precisione del colore<\/strong>: Adotta la macchina da stampa Heidelberg in quadricromia, differenza di colore \u0394E\u22641,5, supporta la sovrastampa a gradiente Pantone 15-1247 TCX (oro champagne) e 18-1755 TCX (bianco perla);<\/p>\n<p>-\u00a0<strong>Processo di stampa a caldo<\/strong>Grazie alla pressatura ad alta temperatura del foglio di alluminio elettrochimico, la lucentezza del metallo raggiunge i 90GU, la resistenza all'usura \u00e8 migliorata di 50% e le prestazioni anticontraffazione sono certificate da SGS;<\/p>\n<p>-\u00a0<strong>Psicologia visiva<\/strong>: La combinazione di argento e bianco perlato trasmette un tono di marca di alto livello e pulito, che si adatta alla tendenza estetica delle consumatrici della Generazione Z.<\/p>\n<h3 id=\"-3-precision-fit-the-ultimate-design-of-eyelash-card-box-\"><strong>3. Precisione di adattamento: il design definitivo della scatola di carte per ciglia<\/strong><\/h3>\n<p>-\u00a0<strong>Personalizzazione delle dimensioni<\/strong>: La dimensione minima pu\u00f2 essere personalizzata a 5cm\u00d73cm (per un singolo gruppo di ciglia), mentre la dimensione massima supporta 15cm\u00d710cm (confezioni multiple), con uno spessore regolabile di 0,8-3cm;<\/p>\n<p>-\u00a0<strong>Design portatile<\/strong>: Struttura magnetica del coperchio a ribalta, forza di apertura con una sola mano \u22642N, in linea con gli standard di sicurezza per bambini EU EN 71-3;<\/p>\n<p>-\u00a0<strong>Ottimizzazione del display<\/strong>: Finestra trasparente + LOGO in rilievo UV, visibilit\u00e0 del prodotto aumentata di 80% e maggiore attrattiva sugli scaffali (fare riferimento al caso del design della confezione delle ciglia).<\/p>\n<h3 id=\"-4-smart-customization-full-link-service-from-concept-to-mass-production-\"><strong>4. Personalizzazione intelligente: servizio full-link dall'ideazione alla produzione di massa<\/strong><\/h3>\n<p>-\u00a0<strong>Flessibilit\u00e0 delle dimensioni<\/strong>Supporto dell'anteprima in tempo reale della modellazione 3D, conferma completa della progettazione strutturale entro 8 ore;<\/p>\n<p>-\u00a0<strong>Matrice del materiale<\/strong>: -\u00a0<strong>Pannello grigio ecologico<\/strong>: Pasta di legno vergine 100% certificata FSC, spessore opzionale di 0,5-2 mm;<\/p>\n<p>-\u00a0<strong>Carta speciale<\/strong>: carta perlescente\/imitazione del motivo del coccodrillo, sembra seta;<\/p>\n<p>-\u00a0<strong>Prova rapida<\/strong>: dotata di macchina da stampa a cinque colori Manroland R700, consegna della scatola campione entro 8 ore, ciclo di produzione di massa ridotto a 10 giorni.<\/p>\n<h3 id=\"-5-smart-manufacturing-foundation-16-years-of-industry-experience-\"><strong>5. Fondazione di produzione intelligente: 16 anni di esperienza nel settore<\/strong><\/h3>\n<p>-\u00a0<strong>Matrice delle attrezzature<\/strong>: 5 linee di produzione di scatole di cartone completamente automatizzate, dotate di sistema di controllo PLC Schneider, produzione giornaliera di 100.000 pezzi, tasso di errore &lt;0,1%;<\/p>\n<p>-\u00a0<strong>Sistema di controllo della qualit\u00e0<\/strong>: Certificazione ISO 9001\/BSCI superata, ogni lotto di prodotti \u00e8 sottoposto a 12 ispezioni di qualit\u00e0 (test di compressione\/goccia\/ solidit\u00e0 del colore);<\/p>\n<p>-\u00a0<strong>Capacit\u00e0 produttiva<\/strong>: Capacit\u00e0 produttiva giornaliera di 200.000 pezzi, in grado di supportare ordini da 500 pezzi fino alla produzione di massa di un milione di pezzi e di consegnare gli ordini urgenti in 24 ore.<\/p>\n<h3 id=\"-6-design-empowerment-precise-transformation-from-demand-to-implementation-\"><strong>6. Empowerment progettuale: trasformazione precisa dalla domanda all'implementazione<\/strong><\/h3>\n<p>Un team speciale di 8 progettisti con oltre 10 anni di esperienza fornisce tre principali servizi personalizzati:<\/p>\n<p>-\u00a0<strong>Innovazione strutturale<\/strong>: Sviluppare 12 tipi di scatole brevettate (come gli strati rotanti, le chiusure magnetiche con password), compatibili con il posizionamento di prodotti di forma speciale;<\/p>\n<p>-\u00a0<strong>Ottimizzazione interattiva<\/strong>: Inclusione del chip NFC (opzionale), scansione del codice per ottenere informazioni sulla tracciabilit\u00e0 del prodotto e tutorial di bellezza;<\/p>\n<p>-\u00a0<strong>Iterazione veloce<\/strong>: Supporto del sistema intelligente di abbinamento dei colori AI, 200 schemi di abbinamento dei colori vengono generati in 10 minuti.<\/p>\n<h3 id=\"-7-value-commitment-triple-balance-of-quality-efficiency-and-cost-\"><strong>7. Impegno di valore: triplice equilibrio tra qualit\u00e0, efficienza e costi.<\/strong><\/h3>\n<p>-\u00a0<strong>Ottimizzazione dei costi<\/strong>: Il sistema di composizione digitale riduce la perdita di materiale a 2,5%, con un risparmio di 20% rispetto ai processi tradizionali;<\/p>\n<p>-\u00a0<strong>Risposta agile<\/strong>: Creare un sistema logistico a doppio magazzino nella Cina orientale e meridionale, con consegna diretta in 48 ore in tutto il Paese;<\/p>\n<p>-\u00a0<strong>Servizio a lungo termine<\/strong>: Fornire la gestione del ciclo di vita degli imballaggi, compreso l'avviso di inventario, il piano di rifornimento e il piano di riciclaggio delle vecchie scatole.<\/p>","protected":false},"excerpt":{"rendered":"<p><strong>ZOJO Print | Esperto di confezioni pieghevoli per matite per sopracciglia personalizzate - definisce nuove vette di bellezza con un design innovativo<\/strong><\/p>\n<p>Nell'odierno settore della bellezza, sempre pi\u00f9 competitivo, l'imballaggio delle matite per sopracciglia non \u00e8 solo un contenitore di prodotti, ma anche un vettore fondamentale dell'immagine del marchio e dell'esperienza del consumatore. ZOJO Print \u00e8 impegnata da 16 anni nel settore degli imballaggi, concentrandosi sulla fornitura di soluzioni di scatole pieghevoli che combinano funzionalit\u00e0, valore estetico e competitivit\u00e0 commerciale per prodotti di bellezza come matite per sopracciglia e ciglia.<\/p>","protected":false},"featured_media":10030,"template":"","meta":[],"product_brand":[],"product_cat":[30,390,430,31],"product_tag":[1326,757,1325],"class_list":{"0":"post-10018","1":"product","2":"type-product","3":"status-publish","4":"has-post-thumbnail","6":"product_cat-by-industry","7":"product_cat-custom-cosmetics-boxes","8":"product_cat-folding-cartons","9":"product_cat-paper-box-style","10":"product_tag-boxes-packaging-supplier","11":"product_tag-custom-boxes","12":"product_tag-eyebrow-pencil-folding-boxes","14":"first","15":"instock","16":"shipping-taxable","17":"product-type-grouped"},"_links":{"self":[{"href":"https:\/\/zojopackaging.com\/it\/wp-json\/wp\/v2\/product\/10018","targetHints":{"allow":["GET"]}}],"collection":[{"href":"https:\/\/zojopackaging.com\/it\/wp-json\/wp\/v2\/product"}],"about":[{"href":"https:\/\/zojopackaging.com\/it\/wp-json\/wp\/v2\/types\/product"}],"version-history":[{"count":1,"href":"https:\/\/zojopackaging.com\/it\/wp-json\/wp\/v2\/product\/10018\/revisions"}],"predecessor-version":[{"id":10035,"href":"https:\/\/zojopackaging.com\/it\/wp-json\/wp\/v2\/product\/10018\/revisions\/10035"}],"wp:featuredmedia":[{"embeddable":true,"href":"https:\/\/zojopackaging.com\/it\/wp-json\/wp\/v2\/media\/10030"}],"wp:attachment":[{"href":"https:\/\/zojopackaging.com\/it\/wp-json\/wp\/v2\/media?parent=10018"}],"wp:term":[{"taxonomy":"product_brand","embeddable":true,"href":"https:\/\/zojopackaging.com\/it\/wp-json\/wp\/v2\/product_brand?post=10018"},{"taxonomy":"product_cat","embeddable":true,"href":"https:\/\/zojopackaging.com\/it\/wp-json\/wp\/v2\/product_cat?post=10018"},{"taxonomy":"product_tag","embeddable":true,"href":"https:\/\/zojopackaging.com\/it\/wp-json\/wp\/v2\/product_tag?post=10018"}],"curies":[{"name":"wp","href":"https:\/\/api.w.org\/{rel}","templated":true}]}}