{"id":10043,"date":"2025-04-04T15:25:32","date_gmt":"2025-04-04T07:25:32","guid":{"rendered":"https:\/\/zojopackaging.com\/?post_type=product&#038;p=10043"},"modified":"2025-04-04T15:34:29","modified_gmt":"2025-04-04T07:34:29","slug":"jade-roller-stone-mailing-face-roller-and-guasha-set-box","status":"publish","type":"product","link":"https:\/\/zojopackaging.com\/it\/product\/jade-roller-stone-mailing-face-roller-and-guasha-set-box\/","title":{"rendered":"Rullo di Giada Rullo per il viso e Guasha Set Box"},"content":{"rendered":"<h2 id=\"jade-roller-gua-sha-gift-box-product-description\">Rullo di Giada Rullo per il viso e Guasha Set Box<\/h2>\n<h2 id=\"-1-environmentally-friendly-materials-and-high-end-craftsmanship-\"><strong>1. Materiali ecocompatibili e artigianato di alto livello<\/strong><\/h2>\n<p>Questa confezione regalo estraibile \u00e8 realizzata in\u00a0<strong>Carta patinata da 157 g<\/strong>\u00a0e\u00a0<strong>Cartone grigio bianco monofacciale da 1200 g<\/strong>che \u00e8 al tempo stesso ecologica e bella. La superficie della carta patinata \u00e8 liscia e delicata, adatta alla stampa di alta precisione, e con la struttura rigida del cartone grigio pu\u00f2 proteggere efficacemente i prodotti interni dai danni del trasporto. Il corpo della scatola supporta\u00a0<strong>goffratura, goffratura, stampa a caldo, rivestimento UV<\/strong>\u00a0e altre lavorazioni. Ad esempio, la stampa a caldo pu\u00f2 aggiungere una texture metallica e un effetto tridimensionale al logo del marchio, mentre il rivestimento UV pu\u00f2 migliorare la resistenza all'usura e la brillantezza.<\/p>\n<h2 id=\"-2-simple-design-and-blank-art-\"><strong>2. Design semplice e arte vuota<\/strong><\/h2>\n<p>Il rivestimento della confezione regalo \u00e8 in\u00a0<strong>materiale ecologico bianco puro<\/strong>che riprende la semplice tonalit\u00e0 di colore dell'esterno, e trasmette la concezione estetica orientale attraverso\u00a0<strong>design di stampa in bianco<\/strong>. Questo design non solo mette in evidenza la nobile consistenza della giada naturale del prodotto, ma crea anche un'esperienza di unboxing coinvolgente per i consumatori, stimolando una risonanza emotiva con la cultura del marchio.<\/p>\n<h2 id=\"-3-deep-customization-and-brand-empowerment-\"><strong>3. Profonda personalizzazione e responsabilizzazione del marchio<\/strong><\/h2>\n<p>Supporto della personalizzazione dell'intero processo:<\/p>\n<ul>\n<li><strong>Design visivo<\/strong>: Immagini, testo e colori del marchio personalizzabili per adattarsi a diversi posizionamenti di mercato (come la semplicit\u00e0 moderna o l'eleganza in stile cinese).<\/li>\n<li><strong>Espansione della funzione<\/strong>: Fornire\u00a0<strong>molteplici specifiche e dimensioni<\/strong>\u00a0(come il set rullo + tavola raschiante o la combinazione con il flacone a rullo) per soddisfare le esigenze di strumenti di bellezza, regali aziendali, regali di Natale e altri scenari.<\/li>\n<li><strong>Combinazione artigianale<\/strong>: Ad esempio, il logo stampato a caldo \u00e8 abbinato alla texture di giada in rilievo per rafforzare l'attinenza del prodotto con i materiali naturali.<\/li>\n<\/ul>\n<h2 id=\"-4-high-end-retail-experience-\"><strong>4. Esperienza di vendita al dettaglio di alto livello<\/strong><\/h2>\n<p>Il design dell'apertura della cassetta estraibile conferisce al prodotto una\u00a0<strong>senso del rituale e della dignit\u00e0<\/strong>che soddisfa le esigenze di imballaggio dei beni di lusso, del commercio elettronico di fascia alta e dei servizi di abbonamento. Il rullo di giada, la tavoletta raschiante e il manuale di istruzioni possono essere esposti a strati nella scatola, con nastri o cartoncini personalizzati per aumentare la sorpresa dei clienti al momento dell'unboxing.<\/p>\n<h2 id=\"-5-production-strength-and-quality-assurance-\"><strong>5. Forza di produzione e garanzia di qualit\u00e0<\/strong><\/h2>\n<p>Affidarsi a\u00a0<strong>5320 metri quadrati di moderna officina<\/strong>\u00a0e il rigoroso sistema di qualit\u00e0, garantiscono l'esecuzione accurata di ogni collegamento:<\/p>\n<ul>\n<li><strong>Controllo delle materie prime<\/strong>: Selezionare carta ecologica certificata FSC, in linea con gli standard di esportazione transfrontalieri.<\/li>\n<li><strong>Standard di processo<\/strong>: Superare la certificazione di gestione della qualit\u00e0 ISO9001 per garantire un'impeccabile stampa a caldo, UV e altri processi.<\/li>\n<li><strong>Efficienza di consegna<\/strong>: Supporto alla produzione di prova di piccoli lotti e alla personalizzazione di grandi lotti, consegna rapida in 7-15 giorni, che copre le esigenze logistiche globali.<\/li>\n<\/ul>\n<h2 id=\"-6-application-scenarios-and-market-adaptability-\"><strong>6. Scenari di applicazione e adattabilit\u00e0 al mercato<\/strong><\/h2>\n<ul>\n<li><strong>Industria della bellezza<\/strong>: Come set di strumenti di bellezza in giada naturale, evidenzia punti di vendita come \"Il cristallo in polvere favorisce la circolazione sanguigna\" e \"Raschiare la disintossicazione e la bellezza\".<\/li>\n<li><strong>Mercato dei regali<\/strong>: Adatto per feste, affari e regali di benessere, e pu\u00f2 personalizzare i loghi aziendali e le benedizioni.<\/li>\n<li><strong>Commercio elettronico transfrontaliero<\/strong>: Soddisfa i requisiti di Amazon, delle stazioni indipendenti e di altre piattaforme per quanto riguarda la bellezza e la praticit\u00e0 dell'imballaggio.<\/li>\n<\/ul>\n<h2 id=\"-7-service-commitment-\"><strong>7. Impegno di servizio<\/strong><\/h2>\n<p>Dalla progettazione alla consegna, forniamo soluzioni one-stop:<\/p>\n<ul>\n<li><strong>Prova gratuita<\/strong>: I campioni fisici saranno forniti entro 3-5 giorni lavorativi e la produzione sar\u00e0 avviata dopo la conferma dei dettagli.<\/li>\n<li><strong>Logistica globale<\/strong>: Supporto di pi\u00f9 canali, come DHL e il trasporto marittimo, e fornitura di documenti di dichiarazione doganale per l'esportazione.<\/li>\n<li><strong>Assistenza post-vendita<\/strong>: Rifacimento o rimborso incondizionato per problemi di qualit\u00e0 per proteggere i diritti dei clienti.<\/li>\n<\/ul>\n<p><strong>Contatto<\/strong>: Ottenete subito soluzioni di packaging esclusive, in modo che i vostri strumenti di bellezza di giada possano raggiungere i consumatori globali in modo straordinario!<\/p>","protected":false},"excerpt":{"rendered":"<ul>\n<li><strong>Potenziamento culturale<\/strong>: Incorporare elementi culturali tradizionali come la \"bellezza della giada\" e la \"medicina cinese Gua Sha\" per migliorare la storia del prodotto.<\/li>\n<li><strong>Ottimizzazione dei costi<\/strong>: Grande quantit\u00e0 e buon prezzo, quantit\u00e0 minima d'ordine a partire da 500 set, supporto alla personalizzazione di lotti misti.<\/li>\n<li><strong>Sostenibilit\u00e0<\/strong>: Utilizzare materiali degradabili per soddisfare la tendenza alla tutela ambientale dei mercati europei e americani.<\/li>\n<\/ul>","protected":false},"featured_media":10047,"template":"","meta":[],"product_brand":[],"product_cat":[30,390,31,426],"product_tag":[1327,1328,1329],"class_list":{"0":"post-10043","1":"product","2":"type-product","3":"status-publish","4":"has-post-thumbnail","6":"product_cat-by-industry","7":"product_cat-custom-cosmetics-boxes","8":"product_cat-paper-box-style","9":"product_cat-paper-drawer-boxes","10":"product_tag-jade-roller-set-box","11":"product_tag-jade-stone-roller-box","12":"product_tag-roller-and-guasha-set-box","14":"first","15":"instock","16":"shipping-taxable","17":"product-type-grouped"},"_links":{"self":[{"href":"https:\/\/zojopackaging.com\/it\/wp-json\/wp\/v2\/product\/10043","targetHints":{"allow":["GET"]}}],"collection":[{"href":"https:\/\/zojopackaging.com\/it\/wp-json\/wp\/v2\/product"}],"about":[{"href":"https:\/\/zojopackaging.com\/it\/wp-json\/wp\/v2\/types\/product"}],"version-history":[{"count":1,"href":"https:\/\/zojopackaging.com\/it\/wp-json\/wp\/v2\/product\/10043\/revisions"}],"predecessor-version":[{"id":10050,"href":"https:\/\/zojopackaging.com\/it\/wp-json\/wp\/v2\/product\/10043\/revisions\/10050"}],"wp:featuredmedia":[{"embeddable":true,"href":"https:\/\/zojopackaging.com\/it\/wp-json\/wp\/v2\/media\/10047"}],"wp:attachment":[{"href":"https:\/\/zojopackaging.com\/it\/wp-json\/wp\/v2\/media?parent=10043"}],"wp:term":[{"taxonomy":"product_brand","embeddable":true,"href":"https:\/\/zojopackaging.com\/it\/wp-json\/wp\/v2\/product_brand?post=10043"},{"taxonomy":"product_cat","embeddable":true,"href":"https:\/\/zojopackaging.com\/it\/wp-json\/wp\/v2\/product_cat?post=10043"},{"taxonomy":"product_tag","embeddable":true,"href":"https:\/\/zojopackaging.com\/it\/wp-json\/wp\/v2\/product_tag?post=10043"}],"curies":[{"name":"wp","href":"https:\/\/api.w.org\/{rel}","templated":true}]}}