{"id":10051,"date":"2025-04-04T15:34:43","date_gmt":"2025-04-04T07:34:43","guid":{"rendered":"https:\/\/zojopackaging.com\/?post_type=product&#038;p=10051"},"modified":"2025-04-04T16:01:30","modified_gmt":"2025-04-04T08:01:30","slug":"rainbow-a5-deep-holographic-magnetic-collapsible-shiny-box","status":"publish","type":"product","link":"https:\/\/zojopackaging.com\/it\/product\/rainbow-a5-deep-holographic-magnetic-collapsible-shiny-box\/","title":{"rendered":"Rainbow A5 Deep Holographic Magnetic Collapsible Shiny Box"},"content":{"rendered":"<h2 id=\"-1-minimalist-dynamic-aesthetics-visual-narrative-of-holographic-iridescent-purple-\"><strong>1. Estetica dinamica minimalista: narrazione visiva del viola iridescente olografico<\/strong><\/h2>\n<p>Basato su\u00a0<strong>tecnologia di rivestimento a livello nanometrico<\/strong>, il\u00a0<strong>rivestimento interferenziale multistrato<\/strong>\u00a0comprime lo spettro dei colori dell'arcobaleno per formare un'unica tonalit\u00e0 principale \"viola iridescente\". Quando la luce \u00e8 incidente, la superficie presenta una lucentezza olografica dinamica che passa gradualmente dal viola scuro al blu-verde, simulando l'effetto di flusso dell'aurora. Il corpo della scatola adotta\u00a0<strong>tecnologia di stampaggio laser a freddo<\/strong>integrando texture di microintaglio in linee minimaliste. Quando \u00e8 statico, \u00e8 profondo come un'ametista, mentre sotto luci e ombre dinamiche mostra un alone a pi\u00f9 livelli, che si adatta al mistero e all'espressione interattiva dei marchi di fascia alta.<\/p>\n<h2 id=\"-2-highly-customized-full-dimensional-adaptation-solution-\"><strong>2. Altamente personalizzata: soluzione di adattamento a tutte le dimensioni<\/strong><\/h2>\n<ul>\n<li><strong>Tipo e dimensione della scatola<\/strong>: Supporto formato A5 standard (148\u00d7210 mm) e personalizzazione non standard, spessore regolabile da 0,5 a 5 mm;<\/li>\n<li><strong>Selezione del materiale<\/strong>: Forniamo BOPET (ecologico e riciclabile), PVC opaco\/lucido, film composito in metallo e altre opzioni;<\/li>\n<li><strong>Tecnologia di superficie<\/strong>: Compatibile con la stampa olografica a caldo, la goffratura di pellicole 3D a nuvola, la codifica laser anticontraffazione, ecc.\u00a0<strong>tecnologia rotocalcografica di incisione microtestuale<\/strong>\u00a0di Moutai per migliorare l'anticontraffazione;<\/li>\n<li><strong>Sistema di colori<\/strong>: Oltre all'ultravioletto iridescente, supporta la corrispondenza dei colori spot Pantone e consente di ottenere una texture metallica o un effetto sfumato attraverso\u00a0<strong>rivestimento per sputtering magnetronico<\/strong>.<\/li>\n<\/ul>\n<h2 id=\"-3-smart-manufacturing-service-16-years-of-one-stop-solution-\"><strong>3. Servizio di produzione intelligente: 16 anni di soluzioni one-stop<\/strong><\/h2>\n<p>Affidarsi a\u00a0<strong>16 anni di esperienza nella personalizzazione degli imballaggi<\/strong>Forniamo servizi di processo completi, dalla progettazione alla consegna della produzione di massa:<\/p>\n<ul>\n<li><strong>Supporto alla progettazione<\/strong>: Combinando la modellazione AI e le prove di stampa manuali, produciamo rendering 3D e scatole campione fisiche entro 72 ore;<\/li>\n<li><strong>Garanzia di produzione<\/strong>: Adottando una fustellatrice completamente automatica e una linea di assemblaggio a posizionamento magnetico, la precisione raggiunge \u00b10,1 mm;<\/li>\n<li><strong>Ottimizzazione della logistica<\/strong>: La soluzione di imballaggio pieghevole aumenta la capacit\u00e0 di trasporto di un singolo veicolo di 300%.<\/li>\n<\/ul>\n<h2 id=\"-technical-parameters-\"><strong>Parametri tecnici<\/strong><\/h2>\n<table>\n<thead>\n<tr>\n<th>Progetto<\/th>\n<th>Parametri<\/th>\n<\/tr>\n<\/thead>\n<tbody>\n<tr>\n<td>Forza magnetica<\/td>\n<td>3-5N (personalizzabile 8N di tipo militare)<\/td>\n<\/tr>\n<tr>\n<td>Vita pieghevole<\/td>\n<td>\u2265200 volte (test ASTM D4169)<\/td>\n<\/tr>\n<tr>\n<td>Certificazione ambientale<\/td>\n<td>Certificazione RoHS\/REACH\/FSC<\/td>\n<\/tr>\n<\/tbody>\n<\/table>\n<p>Questa scatola da imballaggio ridefinisce la forma e i confini funzionali del packaging di fascia alta con il concetto di\u00a0<strong>tecnologia che potenzia l'estetica<\/strong>. Non \u00e8 solo un contenitore di prodotti, ma anche un vettore artistico della narrazione del marchio.<\/p>","protected":false},"excerpt":{"rendered":"<p>1. Questa confezione \u00e8 incentrata su un'estetica minimalista, che presenta una narrazione visiva del contenitore lucido arcobaleno da statico a dinamico, da singolo a interattivo.<br \/>\n2. Lo spettro di colori dell'arcobaleno \u00e8 compresso nel tono viola principale grazie alla tecnologia di rivestimento a livello nanometrico, formando un fenomeno unico di \"viola iride\", molto adatto alle scatole di imballaggio dei prodotti di fascia alta.<br \/>\n3. Il tipo di scatola, la dimensione, il colore, il materiale e la stampa superficiale possono essere altamente personalizzati per soddisfare il vostro arcobaleno A5 profondo olografico magnetico pieghevole imballaggio lucido<br \/>\n4. 16 anni di servizio di personalizzazione dell'imballaggio, specializzato nella progettazione e nel funzionamento della produzione, dalla progettazione alla produzione al trasporto, il servizio one-stop \u00e8 tutto fatto!<\/p>","protected":false},"featured_media":10053,"template":"","meta":[],"product_brand":[],"product_cat":[30,390,31,426],"product_tag":[1327,1328,1329],"class_list":{"0":"post-10051","1":"product","2":"type-product","3":"status-publish","4":"has-post-thumbnail","6":"product_cat-by-industry","7":"product_cat-custom-cosmetics-boxes","8":"product_cat-paper-box-style","9":"product_cat-paper-drawer-boxes","10":"product_tag-jade-roller-set-box","11":"product_tag-jade-stone-roller-box","12":"product_tag-roller-and-guasha-set-box","14":"first","15":"instock","16":"shipping-taxable","17":"product-type-grouped"},"_links":{"self":[{"href":"https:\/\/zojopackaging.com\/it\/wp-json\/wp\/v2\/product\/10051","targetHints":{"allow":["GET"]}}],"collection":[{"href":"https:\/\/zojopackaging.com\/it\/wp-json\/wp\/v2\/product"}],"about":[{"href":"https:\/\/zojopackaging.com\/it\/wp-json\/wp\/v2\/types\/product"}],"version-history":[{"count":1,"href":"https:\/\/zojopackaging.com\/it\/wp-json\/wp\/v2\/product\/10051\/revisions"}],"predecessor-version":[{"id":10065,"href":"https:\/\/zojopackaging.com\/it\/wp-json\/wp\/v2\/product\/10051\/revisions\/10065"}],"wp:featuredmedia":[{"embeddable":true,"href":"https:\/\/zojopackaging.com\/it\/wp-json\/wp\/v2\/media\/10053"}],"wp:attachment":[{"href":"https:\/\/zojopackaging.com\/it\/wp-json\/wp\/v2\/media?parent=10051"}],"wp:term":[{"taxonomy":"product_brand","embeddable":true,"href":"https:\/\/zojopackaging.com\/it\/wp-json\/wp\/v2\/product_brand?post=10051"},{"taxonomy":"product_cat","embeddable":true,"href":"https:\/\/zojopackaging.com\/it\/wp-json\/wp\/v2\/product_cat?post=10051"},{"taxonomy":"product_tag","embeddable":true,"href":"https:\/\/zojopackaging.com\/it\/wp-json\/wp\/v2\/product_tag?post=10051"}],"curies":[{"name":"wp","href":"https:\/\/api.w.org\/{rel}","templated":true}]}}