{"id":10066,"date":"2025-04-04T16:02:38","date_gmt":"2025-04-04T08:02:38","guid":{"rendered":"https:\/\/zojopackaging.com\/?post_type=product&#038;p=10066"},"modified":"2025-04-04T16:47:10","modified_gmt":"2025-04-04T08:47:10","slug":"custom-perfume-packaging-kraft-paper-tubes-boxes-wholesale","status":"publish","type":"product","link":"https:\/\/zojopackaging.com\/it\/product\/custom-perfume-packaging-kraft-paper-tubes-boxes-wholesale\/","title":{"rendered":"Profumo personalizzato imballaggio tubi di carta Kraft scatole all'ingrosso"},"content":{"rendered":"<h2 id=\"-customized-perfume-packaging-kraft-paper-tube-box-wholesale-products-\"><strong>Personalizzato profumo imballaggio tubo di carta Kraft Box prodotti all'ingrosso<\/strong><\/h2>\n<h2 id=\"1-multi-functional-applicability-\">1.\u00a0<strong>Applicabilit\u00e0 multifunzionale<\/strong><\/h2>\n<ul>\n<li>Adatto per profumi, candele, chicchi di caff\u00e8, t\u00e8, prodotti per la cura della pelle e altri prodotti diversificati, lo spazio interno pu\u00f2 essere personalizzato in profondit\u00e0 e diametro per adattarsi alle diverse dimensioni dei prodotti.<\/li>\n<\/ul>\n<h2 id=\"2-flexible-customization-service-\">2.\u00a0<strong>Servizio di personalizzazione flessibile<\/strong><\/h2>\n<ul>\n<li>Forniamo un supporto completo al processo, dalla prova di stampa di un singolo pezzo alla produzione di massa, senza limiti di quantit\u00e0, per soddisfare le esigenze dei marchi start-up e delle grandi imprese.<\/li>\n<li>Supportare la personalizzazione di immagini, testi e colori, fornire un'anteprima del progetto in 3D e la conferma del campione fisico per garantire che il prodotto finito sia coerente con le aspettative.<\/li>\n<\/ul>\n<h2 id=\"-production-process-and-quality-assurance-\"><strong>Processo di produzione e garanzia di qualit\u00e0<\/strong><\/h2>\n<ul>\n<li><strong>Sistema di controllo della qualit\u00e0 rigoroso<\/strong>: La fabbrica dispone di un'officina standardizzata di 5.320 metri quadrati, dotata di una linea di produzione completamente automatica. Dallo screening dei materiali all'imballaggio del prodotto finito, ha superato la certificazione di qualit\u00e0 ISO per garantire zero difetti in ogni collegamento.<\/li>\n<li><strong>Servizio unico<\/strong>: Il team con 16 anni di esperienza nel settore fornisce un supporto completo per la progettazione, la produzione e la logistica, una risposta del servizio clienti 7\u00d724 ore su 24 e risolve varie esigenze, dall'ottimizzazione dei disegni alla tracciabilit\u00e0 dei trasporti.<\/li>\n<\/ul>\n<h2 id=\"-application-scenarios-\"><strong>Scenari di applicazione<\/strong><\/h2>\n<ul>\n<li><strong>Regali aziendali<\/strong>: confezioni regalo di profumi di alta gamma, set di profumi in edizione limitata.<\/li>\n<li><strong>Imballaggio per la vendita al dettaglio<\/strong>Scatole per il t\u00e8, scatole per il caff\u00e8 in grani, contenitori per la cura della pelle.<\/li>\n<li><strong>Personalizzazione del marchio<\/strong>: regali per eventi aziendali, confezioni in edizione limitata per le festivit\u00e0.<\/li>\n<\/ul>\n<h2 id=\"-service-commitment-\"><strong>Impegno di servizio<\/strong><\/h2>\n<ul>\n<li><strong>Consegna veloce<\/strong>La produzione di massa sar\u00e0 completata entro 7-15 giorni dalla conferma del campione, con il supporto della logistica globale (terra\/aria\/mare).<\/li>\n<li><strong>Garanzia post-vendita<\/strong>Servizio di sostituzione dei prodotti danneggiati e supporto di consulenza tecnica a vita.<\/li>\n<\/ul>\n<p><strong>Contattateci<\/strong>\u00a0Iniziate subito a progettare imballaggi esclusivi e interpretate il valore del marchio con i dettagli! Forniamo servizi di consulenza e preventivi gratuiti per aiutare i vostri prodotti a distinguersi sul mercato.<\/p>\n<blockquote><p><em>\"Dalla progettazione alla consegna, facciamo del packaging il linguaggio del marchio\".<\/em><\/p><\/blockquote>","protected":false},"excerpt":{"rendered":"<p>La nostra scatola di carta kraft ecologica e riciclabile \u00e8 progettata per i prodotti di profumeria e fragranza di alta gamma ed \u00e8 adatta anche alle esigenze di imballaggio di una variet\u00e0 di prodotti squisiti come candele, chicchi di caff\u00e8, t\u00e8, cosmetici, ecc. \u00c8 realizzato in carta kraft marrone naturale con una superficie liscia e delicata, che non solo presenta una bellezza naturale e semplice, ma \u00e8 anche conforme al moderno concetto di protezione ambientale. Il design cilindrico standard \u00e8 abbinato a un coperchio di chiusura dello stesso colore, il bordo di apertura \u00e8 piatto e lo spazio interno \u00e8 ampio, in grado di ospitare una variet\u00e0 di specifiche di prodotti, garantendo sia la tenuta che l'estetica.<\/p>","protected":false},"featured_media":10072,"template":"","meta":[],"product_brand":[],"product_cat":[30,417,31,429],"product_tag":[1334,1058,521],"class_list":{"0":"post-10066","1":"product","2":"type-product","3":"status-publish","4":"has-post-thumbnail","6":"product_cat-by-industry","7":"product_cat-custom-perfume-boxes-by-industry","8":"product_cat-paper-box-style","9":"product_cat-paper-tube-boxes","10":"product_tag-perfume-kraft-packaging","11":"product_tag-perfume-packaging","12":"product_tag-perfume-paper-tubes","14":"first","15":"instock","16":"shipping-taxable","17":"product-type-grouped"},"_links":{"self":[{"href":"https:\/\/zojopackaging.com\/it\/wp-json\/wp\/v2\/product\/10066","targetHints":{"allow":["GET"]}}],"collection":[{"href":"https:\/\/zojopackaging.com\/it\/wp-json\/wp\/v2\/product"}],"about":[{"href":"https:\/\/zojopackaging.com\/it\/wp-json\/wp\/v2\/types\/product"}],"version-history":[{"count":1,"href":"https:\/\/zojopackaging.com\/it\/wp-json\/wp\/v2\/product\/10066\/revisions"}],"predecessor-version":[{"id":10081,"href":"https:\/\/zojopackaging.com\/it\/wp-json\/wp\/v2\/product\/10066\/revisions\/10081"}],"wp:featuredmedia":[{"embeddable":true,"href":"https:\/\/zojopackaging.com\/it\/wp-json\/wp\/v2\/media\/10072"}],"wp:attachment":[{"href":"https:\/\/zojopackaging.com\/it\/wp-json\/wp\/v2\/media?parent=10066"}],"wp:term":[{"taxonomy":"product_brand","embeddable":true,"href":"https:\/\/zojopackaging.com\/it\/wp-json\/wp\/v2\/product_brand?post=10066"},{"taxonomy":"product_cat","embeddable":true,"href":"https:\/\/zojopackaging.com\/it\/wp-json\/wp\/v2\/product_cat?post=10066"},{"taxonomy":"product_tag","embeddable":true,"href":"https:\/\/zojopackaging.com\/it\/wp-json\/wp\/v2\/product_tag?post=10066"}],"curies":[{"name":"wp","href":"https:\/\/api.w.org\/{rel}","templated":true}]}}