{"id":10073,"date":"2025-04-04T16:21:22","date_gmt":"2025-04-04T08:21:22","guid":{"rendered":"https:\/\/zojopackaging.com\/?post_type=product&#038;p=10073"},"modified":"2025-04-04T16:25:35","modified_gmt":"2025-04-04T08:25:35","slug":"custom-cmyk-printing-folding-cardboard-box-paper-perfume-boxes","status":"publish","type":"product","link":"https:\/\/zojopackaging.com\/it\/product\/custom-cmyk-printing-folding-cardboard-box-paper-perfume-boxes\/","title":{"rendered":"Personalizzato CMYK stampa pieghevole scatola di cartone scatole di profumo di carta"},"content":{"rendered":"<h3 id=\"-1-structural-innovation-visual-revolution-of-double-insert-box-\"><strong>1. Innovazione strutturale: rivoluzione visiva della scatola a doppio inserto<\/strong><\/h3>\n<p>La struttura della scatola a doppio inserto \u00e8 robusta e in grado di proteggere il prodotto. \u00c8 facile da aprire e chiudere e pu\u00f2 essere aperta e chiusa rapidamente in 0,5 secondi. Questa struttura consente di distribuire la spedizione e di risparmiare spazio, soprattutto a fronte del crescente trasporto logistico internazionale, con un notevole risparmio di costi per le imprese.<\/p>\n<h3 id=\"-2-color-psychology-advanced-expression-of-minimalist-design-\"><strong>2. Psicologia del colore: espressione avanzata del design minimalista<\/strong><\/h3>\n<p><strong>Selezione del colore<\/strong>: Il colore principale \u00e8 il bianco perla, con l'arancione vibrante come cornice e il motivo del profumo al centro per formare un contrasto visivo e raggiungere una chiarezza visiva di livello nano grazie alla stampa ad alta precisione a 1200 dpi.<\/p>\n<h3 id=\"-3-process-empowerment-artistic-fusion-of-spot-color-printing-and-surface-treatment-\"><strong>3. Potenziamento del processo: fusione artistica della stampa a tinte piatte e del trattamento delle superfici.<\/strong><\/h3>\n<p>-\u00a0<strong>Stampa a tinte piatte<\/strong>: Utilizzo della macchina da stampa Heidelberg a sei colori, differenza di colore \u0394E\u22641,2, supporto per la sovrastampa dei colori spot Pantone, saturazione del colore aumentata di 40%; -.\u00a0<strong>Processo di stampa a caldo<\/strong>: Oro rosa\/oro champagne personalizzato, lucentezza metallica fino a 90GU, resistenza all'usura superata al test ISO 2838.\u00a0<strong>Goffratura in rilievo<\/strong>: 0,3 mm di goffratura tridimensionale del fiore, chiarezza tattile aumentata da 50%, le prestazioni anticontraffazione raggiungono gli standard di certificazione internazionali.\u00a0<strong>Selezione del materiale<\/strong>: 350 g di carta in polvere singola ad alto peso, rugosit\u00e0 superficiale Ra\u22641,2\u03bcm, adattabilit\u00e0 di stampa migliorata da 30%.<\/p>\n<h3 id=\"-4-logistics-optimization-cost-reduction-and-efficiency-improvement-through-flat-design-\"><strong>4. Ottimizzazione della logistica: riduzione dei costi e miglioramento dell'efficienza attraverso la progettazione di piani.<\/strong><\/h3>\n<p>-\u00a0<strong>Utilizzo dello spazio<\/strong>: Il design piatto aumenta l'efficienza di carico di 70% e riduce i costi di spedizione di 25%.\u00a0<strong>Certificazione ambientale<\/strong>: Tutti i materiali sono certificati FSC e conformi alle normative REACH dell'UE.\u00a0<strong>Imballaggio intelligente<\/strong>: La fodera pieghevole \u00e8 utilizzata per ridurre il volume della scatola vuota di 60%, contribuendo a raggiungere l'obiettivo della neutralit\u00e0 di carbonio.<\/p>\n<h3 id=\"-5-functional-design-refined-solution-for-lining-system-\"><strong>5. Progettazione funzionale: soluzione raffinata per il sistema di rivestimento<\/strong><\/h3>\n<p><strong>Struttura interna della scheda<\/strong>: La carta ondulata ecologica o il cartoncino in polvere singolo possono essere utilizzati per ottenere funzioni di fissaggio e protezione del cuscinetto attraverso il taglio, la piegatura, l'inarcamento, ecc.<\/p>\n<h3 id=\"-6-smart-manufacturing-cornerstone-hard-core-support-of-16-years-of-industry-experience-\"><strong>6. Pietra angolare della produzione intelligente: il supporto fondamentale di 16 anni di esperienza nel settore.<\/strong><\/h3>\n<p>-\u00a0<strong>Matrice delle attrezzature<\/strong>: dotato di 5 linee di produzione di scatole di cartone completamente automatizzate, dotate di sistema di controllo PLC Schneider, produzione giornaliera di 100.000 pezzi, tasso di errore &lt;0,1%; -\u00a0<strong>Sistema di controllo della qualit\u00e0<\/strong>: Certificazione ISO 9001\/BSCI superata, ogni lotto di prodotti \u00e8 sottoposto a 12 ispezioni di qualit\u00e0 (test di compressione\/goccia\/ solidit\u00e0 del colore).\u00a0<strong>Capacit\u00e0 produttiva<\/strong>La capacit\u00e0 produttiva giornaliera \u00e8 di 200.000 pezzi, con un supporto di 500 pezzi per una produzione di massa di un milione di pezzi, e gli ordini urgenti vengono consegnati entro 24 ore.<\/p>\n<h3 id=\"-7-design-empowerment-precise-transformation-from-demand-to-implementation-\"><strong>7. Empowerment progettuale: trasformazione precisa dalla domanda all'implementazione<\/strong><\/h3>\n<p>Un team speciale di 3 progettisti con oltre 10 anni di esperienza fornisce tre principali servizi personalizzati: -\u00a0<strong>Innovazione strutturale<\/strong>: Sviluppare 12 tipi di scatole brevettate (come gli strati rotanti, le chiusure magnetiche con password), compatibili con la collocazione di prodotti di forma speciale.\u00a0<strong>Ottimizzazione interattiva<\/strong>: Incorporare il chip NFC (opzionale), scansionare il codice per ottenere informazioni sulla tracciabilit\u00e0 del prodotto e tutorial di bellezza.\u00a0<strong>Iterazione veloce<\/strong>: Supporto dell'anteprima in tempo reale della modellazione 3D e conferma completa del piano di progettazione entro 8 ore.<\/p>","protected":false},"excerpt":{"rendered":"<p><strong>ZOJO Print | Esperto di scatole di carta per profumi su misura - potenziamento del design, interpretazione della nuova estetica del profumo<\/strong><\/p>\n<p>In un momento in cui la concorrenza nel mercato dei profumi si fa sempre pi\u00f9 agguerrita, l'imballaggio non \u00e8 solo un contenitore di prodotti, ma anche un mezzo per creare una connessione emotiva tra marchi e consumatori. ZOJO Print \u00e8 impegnata da 16 anni nel settore degli imballaggi, concentrandosi sulla fornitura di soluzioni di scatole di carta per profumi e prodotti di bellezza che combinano funzionalit\u00e0, valore estetico e competitivit\u00e0 commerciale.<\/p>","protected":false},"featured_media":10076,"template":"","meta":[],"product_brand":[],"product_cat":[30,417,430,31],"product_tag":[1333,1332,336],"class_list":{"0":"post-10073","1":"product","2":"type-product","3":"status-publish","4":"has-post-thumbnail","6":"product_cat-by-industry","7":"product_cat-custom-perfume-boxes-by-industry","8":"product_cat-folding-cartons","9":"product_cat-paper-box-style","10":"product_tag-cmyk-printing-folding-cardboard-box","11":"product_tag-custom-folding-cardboard-box","12":"product_tag-perfume-boxes","14":"first","15":"instock","16":"shipping-taxable","17":"product-type-grouped"},"_links":{"self":[{"href":"https:\/\/zojopackaging.com\/it\/wp-json\/wp\/v2\/product\/10073","targetHints":{"allow":["GET"]}}],"collection":[{"href":"https:\/\/zojopackaging.com\/it\/wp-json\/wp\/v2\/product"}],"about":[{"href":"https:\/\/zojopackaging.com\/it\/wp-json\/wp\/v2\/types\/product"}],"version-history":[{"count":1,"href":"https:\/\/zojopackaging.com\/it\/wp-json\/wp\/v2\/product\/10073\/revisions"}],"predecessor-version":[{"id":10080,"href":"https:\/\/zojopackaging.com\/it\/wp-json\/wp\/v2\/product\/10073\/revisions\/10080"}],"wp:featuredmedia":[{"embeddable":true,"href":"https:\/\/zojopackaging.com\/it\/wp-json\/wp\/v2\/media\/10076"}],"wp:attachment":[{"href":"https:\/\/zojopackaging.com\/it\/wp-json\/wp\/v2\/media?parent=10073"}],"wp:term":[{"taxonomy":"product_brand","embeddable":true,"href":"https:\/\/zojopackaging.com\/it\/wp-json\/wp\/v2\/product_brand?post=10073"},{"taxonomy":"product_cat","embeddable":true,"href":"https:\/\/zojopackaging.com\/it\/wp-json\/wp\/v2\/product_cat?post=10073"},{"taxonomy":"product_tag","embeddable":true,"href":"https:\/\/zojopackaging.com\/it\/wp-json\/wp\/v2\/product_tag?post=10073"}],"curies":[{"name":"wp","href":"https:\/\/api.w.org\/{rel}","templated":true}]}}