{"id":10082,"date":"2025-04-04T16:35:34","date_gmt":"2025-04-04T08:35:34","guid":{"rendered":"https:\/\/zojopackaging.com\/?post_type=product&#038;p=10082"},"modified":"2025-04-04T16:58:22","modified_gmt":"2025-04-04T08:58:22","slug":"premium-quality-high-quality-custom-soap-boxes-manufacturer","status":"publish","type":"product","link":"https:\/\/zojopackaging.com\/it\/product\/premium-quality-high-quality-custom-soap-boxes-manufacturer\/","title":{"rendered":"Qualit\u00e0 Premium Scatole di sapone personalizzate di alta qualit\u00e0 Produttore"},"content":{"rendered":"<h2 id=\"-high-quality-custom-soap-box-manufacturer-product-description-\"><strong>Alta qualit\u00e0 scatola di sapone personalizzato produttore descrizione del prodotto<\/strong><\/h2>\n<p>In qualit\u00e0 di produttore con 16 anni di esperienza nella progettazione e produzione di imballaggi professionali, ci impegniamo a fornire ai clienti soluzioni personalizzate di scatole di sapone che combinano funzionalit\u00e0, valore estetico e concetti di protezione ambientale. Grazie a un moderno laboratorio di produzione di 5.320 metri quadrati e a un rigoroso sistema di gestione della qualit\u00e0, garantiamo che ogni prodotto soddisfi gli standard del settore. Di seguito sono riportati i vantaggi dei nostri prodotti principali e i punti di forza dei nostri servizi:<\/p>\n<h2 id=\"-1-corrugated-paper-material-scientific-buffering-protecting-product-safety-\"><strong>1. Materiale in carta ondulata: tamponamento scientifico, protezione della sicurezza del prodotto<\/strong><\/h2>\n<p>Adottando una struttura multistrato in cartone ondulato, attraverso il processo composito dell'intercalare di carta a nucleo ondulato e del cartone piatto, la scatola da imballaggio presenta un'eccellente resistenza alla compressione e assorbimento degli urti. La sua struttura a nido d'ape \u00e8 in grado di disperdere efficacemente la pressione esterna durante il trasporto, di evitare che il sapone venga danneggiato da estrusioni, urti o vibrazioni e di garantire che il prodotto sia sempre intatto dalla fabbrica alle mani dei consumatori.<\/p>\n<h2 id=\"-2-folding-mailer-box-efficient-packaging-convenient-and-environmentally-friendly-\"><strong>2. Scatola Mailer pieghevole: Imballaggio efficiente, conveniente ed ecologico<\/strong><\/h2>\n<p>L'innovativo design pieghevole semplifica il processo di imballaggio e l'imballaggio e lo smontaggio possono essere completati rapidamente senza colla o strumenti complessi. Il corpo della scatola adotta il processo della linea di pre-indentazione, tenendo conto della precisione e della stabilit\u00e0 dello stampaggio e adattandosi ai requisiti di produzione di massa della linea di produzione automatizzata. Il design strutturale leggero riduce i costi logistici e la scatola vuota pu\u00f2 essere compressa per lo stoccaggio, riducendo lo spazio occupato.<\/p>\n<h2 id=\"-three-soothing-pink-tone-psychological-empowerment-conveying-brand-temperature-\"><strong>3. Tono rosa rilassante: potenziamento psicologico, trasmissione della temperatura del marchio.<\/strong><\/h2>\n<p>Il corpo della scatola \u00e8 principalmente di colore rosa tenue, ispirato all'\"effetto elefante rosa\" psicologico - gli spunti visivi alleviano l'ansia e stimolano atteggiamenti positivi. Gli studi hanno dimostrato che il rosa pu\u00f2 creare un'atmosfera calda e pacifica, aumentare il piacere dei consumatori durante l'unboxing e aiutare i marchi a stabilire connessioni emotive.<\/p>\n<h2 id=\"-four-double-sided-printing-process-double-exposure-strengthen-brand-memory-\"><strong>4. Processo di stampa su due lati: doppia esposizione, per rafforzare la memoria del marchio.<\/strong><\/h2>\n<p>Adottano la tecnologia di stampa fronte\/retro ad alta definizione, supportano logo a colori, informazioni sul prodotto e modelli personalizzati. La texture \u00e8 migliorata attraverso la stampa a caldo, la smaltatura locale UV e altri processi per garantire che gli elementi visivi del marchio siano sempre accattivanti durante l'esposizione sugli scaffali e il trasporto. Ad esempio, la parte anteriore pu\u00f2 mostrare il punto di vendita del prodotto, mentre la parte posteriore pu\u00f2 stampare istruzioni o dichiarazioni di protezione ambientale, per ottenere un duplice miglioramento della funzione e dell'estetica.<\/p>\n<h2 id=\"-v-in-depth-customization-service-flexible-adaptation-exclusive-brand-style-\"><strong>5. Servizio di personalizzazione approfondita: adattamento flessibile, stile esclusivo del marchio<\/strong><\/h2>\n<p>Forniamo opzioni di personalizzazione a tutto tondo:<\/p>\n<ul>\n<li><strong>Selezione dello stile<\/strong>Sono disponibili i seguenti temi: minimalismo moderno, tendenza nazionale retr\u00f2, business light luxury e altri temi;<\/li>\n<li><strong>Adattamento delle specifiche<\/strong>: supportano una variet\u00e0 di dimensioni, tipi di scatole (come coperchi superiori e inferiori, cassettiere) e design di finestre;<\/li>\n<li><strong>Elementi personalizzati<\/strong>: libera combinazione di immagini, testi, colori e persino strutture interattive (come le scatole regalo puzzle);<\/li>\n<li><strong>Aggiornamento ambientale<\/strong>Materiali ecologici opzionali come la pasta di bagassa e gli inchiostri degradabili, in linea con il concetto ESG.<\/li>\n<\/ul>\n<h2 id=\"-six-one-stop-service-worry-free-from-design-to-delivery-\"><strong>6. servizio one-stop: senza preoccupazioni dalla progettazione alla consegna<\/strong><\/h2>\n<p>Basandoci su 16 anni di profonda esperienza nel settore, abbiamo costruito un sistema di servizi completo per la progettazione, la produzione, l'ispezione della qualit\u00e0 e la logistica:<\/p>\n<ol>\n<li><strong>Team di progettazione professionale<\/strong>: Fornire la modellazione 3D e le prove fisiche in base al tono del marchio per garantire l'implementazione del design;<\/li>\n<li><strong>Produzione intelligente<\/strong>: Introduzione di una macchina da stampa offset tedesca Heidelberg e di un'apparecchiatura per la fustellatura automatizzata per supportare una risposta rapida agli ordini di grandi volumi;<\/li>\n<li><strong>Rigoroso processo di ispezione della qualit\u00e0<\/strong>: Superare pi\u00f9 di 20 test come il test di durata, il test di impermeabilit\u00e0, il test anti-invecchiamento, ecc. per garantire la qualit\u00e0 del prodotto;<\/li>\n<li><strong>Rete logistica globale<\/strong>: Collaborare con aziende leader nel settore della logistica per fornire servizi di trasporto porta a porta e di stoccaggio e custodia.<\/li>\n<\/ol>\n<h2 id=\"-vii-customer-service-commitment-professional-companionship-full-time-escort-\"><strong>7. Impegno al servizio del cliente: Accompagnamento professionale, scorta a tempo pieno<\/strong><\/h2>\n<p>Pratichiamo il concetto di \"successo del cliente\" e forniamo:<\/p>\n<ul>\n<li><strong>Risposta in 24 ore<\/strong>: L'esclusivo servizio clienti segue l'avanzamento dell'ordine e risolve i problemi tecnici entro 48 ore;<\/li>\n<li><strong>Quantit\u00e0 minima d'ordine flessibile<\/strong>: MOQ 500 pezzi per ridurre i costi di prova e di errore delle piccole e medie imprese;<\/li>\n<li><strong>Garanzia post-vendita<\/strong>: Riparazione\/sostituzione gratuita durante il periodo di garanzia, assistenza tecnica a vita.<\/li>\n<\/ul>","protected":false},"excerpt":{"rendered":"<p>Scegliere noi non significa solo scegliere una scatola di sapone, ma anche scegliere la persistenza nella qualit\u00e0, la responsabilit\u00e0 per la protezione dell'ambiente e il profondo rafforzamento del valore del marchio. Contattateci subito per iniziare un percorso di personalizzazione esclusivo e lasciare che il packaging del prodotto diventi il vettore perfetto della storia del vostro marchio.<\/p>","protected":false},"featured_media":10083,"template":"","meta":[],"product_brand":[],"product_cat":[30,390,31,433],"product_tag":[1306,1337,1338],"class_list":{"0":"post-10082","1":"product","2":"type-product","3":"status-publish","4":"has-post-thumbnail","6":"product_cat-by-industry","7":"product_cat-custom-cosmetics-boxes","8":"product_cat-paper-box-style","9":"product_cat-shipping-mailer-boxes","10":"product_tag-custom-soap-boxes","11":"product_tag-premium-soap-boxes","12":"product_tag-soap-boxes-manufacturer","14":"first","15":"instock","16":"shipping-taxable","17":"product-type-grouped"},"_links":{"self":[{"href":"https:\/\/zojopackaging.com\/it\/wp-json\/wp\/v2\/product\/10082","targetHints":{"allow":["GET"]}}],"collection":[{"href":"https:\/\/zojopackaging.com\/it\/wp-json\/wp\/v2\/product"}],"about":[{"href":"https:\/\/zojopackaging.com\/it\/wp-json\/wp\/v2\/types\/product"}],"version-history":[{"count":1,"href":"https:\/\/zojopackaging.com\/it\/wp-json\/wp\/v2\/product\/10082\/revisions"}],"predecessor-version":[{"id":10098,"href":"https:\/\/zojopackaging.com\/it\/wp-json\/wp\/v2\/product\/10082\/revisions\/10098"}],"wp:featuredmedia":[{"embeddable":true,"href":"https:\/\/zojopackaging.com\/it\/wp-json\/wp\/v2\/media\/10083"}],"wp:attachment":[{"href":"https:\/\/zojopackaging.com\/it\/wp-json\/wp\/v2\/media?parent=10082"}],"wp:term":[{"taxonomy":"product_brand","embeddable":true,"href":"https:\/\/zojopackaging.com\/it\/wp-json\/wp\/v2\/product_brand?post=10082"},{"taxonomy":"product_cat","embeddable":true,"href":"https:\/\/zojopackaging.com\/it\/wp-json\/wp\/v2\/product_cat?post=10082"},{"taxonomy":"product_tag","embeddable":true,"href":"https:\/\/zojopackaging.com\/it\/wp-json\/wp\/v2\/product_tag?post=10082"}],"curies":[{"name":"wp","href":"https:\/\/api.w.org\/{rel}","templated":true}]}}