{"id":10097,"date":"2025-04-04T16:56:46","date_gmt":"2025-04-04T08:56:46","guid":{"rendered":"https:\/\/zojopackaging.com\/?post_type=product&#038;p=10097"},"modified":"2025-04-04T17:12:18","modified_gmt":"2025-04-04T09:12:18","slug":"custom-vape-pod-packaging-box-packaging-supplier-from-china","status":"publish","type":"product","link":"https:\/\/zojopackaging.com\/it\/product\/custom-vape-pod-packaging-box-packaging-supplier-from-china\/","title":{"rendered":"Personalizzato Vape Pod Packaging Box Packaging Fornitore Da Porcellana"},"content":{"rendered":"<h3 id=\"-1-material-innovation-lightweight-and-environmental-breakthrough-of-white-cardboard-\"><strong>1. Innovazione del materiale: innovazione leggera ed ecologica del cartone bianco.<\/strong><\/h3>\n<p>Adottare\u00a0<strong>Cartone bianco certificato FSC<\/strong>\u00a0(peso in grammi 250-400g), attraverso\u00a0<strong>fibra di carbone di bamb\u00f9 + rivestimento nano-idrofobico<\/strong>\u00a0La rigidit\u00e0 \u00e8 aumentata di 30% e la levigatezza della superficie \u00e8 superiore a 90% (in base agli standard di prova degli imballaggi per tabacco). La tecnologia di impermeabilizzazione del film adotta\u00a0<strong>Film coestruso in EVA<\/strong>con una resistenza alla pressione dell'acqua di \u226530kPa, che soddisfa i requisiti degli ambienti umidi nel trasporto marittimo (fonte dei dati: rapporto del laboratorio sui materiali di imballaggio). Il design leggero riduce il peso di una singola scatola a 18 g, con un risparmio di 15% di costi logistici (caso: rapporto di ottimizzazione dei costi di trasporto 2024 di un certo marchio internazionale).<\/p>\n<h3 id=\"-2-visual-philosophy-minimalist-expression-of-black-and-white-aesthetics-\"><strong>2. Filosofia visiva: espressione minimalista dell'estetica del bianco e nero.<\/strong><\/h3>\n<p>-\u00a0<strong>Psicologia del colore<\/strong>: I colori principali possono essere utilizzati <strong>Pantone 18-0634 TCX (nero puro)<\/strong>\u00a0e\u00a0<strong>11-0602 TCX (bianco titanio)<\/strong>e il contrasto tra luce e buio si forma tramite\u00a0<strong>Goffratura UV di precisione da 0,1 mm<\/strong>che aumenta l'impatto visivo di 50%;<\/p>\n<p>-\u00a0<strong>Design anticontraffazione<\/strong>:\u00a0<strong>Microincisione laser del codice QR<\/strong>\u00a0\u00e8 incorporato sullo sfondo nero, che richiede un'apparecchiatura speciale per la scansione, e il livello di anticontraffazione raggiunge il livello internazionale C (fare riferimento agli standard ETSI dell'UE);<\/p>\n<p>-\u00a0<strong>Risonanza emotiva<\/strong>: La collisione minimalista in bianco e nero si adatta alla ricerca di \"moderazione e qualit\u00e0\" da parte degli utenti di sigarette elettroniche (fonte dei dati: \"2024 Global E-cigarette Consumption Insights\").<\/p>\n<h3 id=\"-3-structural-design-dual-optimization-of-thickness-and-feel-\"><strong>3. Design strutturale: Doppia ottimizzazione dello spessore e del tatto<\/strong><\/h3>\n<p>-\u00a0<strong>Processo di montaggio<\/strong>: 350 g di cartoncino bianco + 200 g di cartoncino grigio sono utilizzati per il montaggio; lo spessore pu\u00f2 essere controllato a 0,8-2 mm e il tocco \u00e8 delicato come la seta;<\/p>\n<p>-\u00a0<strong>Test di compressione<\/strong>: Ha superato il test standard ISTA 3A, 20 strati sono impilati senza deformazioni e il tasso di danni da trasporto \u00e8 inferiore a 0,3%;<\/p>\n<p>-\u00a0<strong>Ergonomia<\/strong>: L'angolo di apertura e chiusura del coperchio della scatola \u00e8 ottimizzato a 85\u00b0 e la forza di azionamento con una sola mano \u00e8 \u22641,5N (consultare la guida alla progettazione ergonomica).<\/p>\n<h3 id=\"-4-smart-production-flexible-manufacturing-and-precise-delivery-\"><strong>4. Produzione intelligente: produzione flessibile e consegna precisa<\/strong><\/h3>\n<p>-\u00a0<strong>Libert\u00e0 dimensionale<\/strong>Supporta l'apertura bidirezionale orizzontale e verticale della scatola, con dimensioni minime di 5\u00d73 cm (adatta per una singola cartuccia di sigarette) e massime di 12\u00d78 cm (set di cartucce multiple);<\/p>\n<p>-\u00a0<strong>Matrice delle attrezzature<\/strong>: dotato di macchina da stampa Heidelberg a sei colori + sistema di incisione laser UV, produzione giornaliera di 100.000 pezzi, tasso di errore &lt;0,05%;<\/p>\n<p>-\u00a0<strong>Prova rapida<\/strong>: I campioni stampati in 3D vengono consegnati entro 8 ore, supportando la regolazione della struttura in tempo reale della modellazione 3D (caso: revisione d'emergenza di un marchio in 72 ore).<\/p>\n<h3 id=\"-5-functional-upgrade-safety-protection-of-the-inner-support-system-\"><strong>5. Aggiornamento funzionale: protezione di sicurezza del sistema di supporto interno<\/strong><\/h3>\n<p>-\u00a0<strong>Progettazione del buffer<\/strong>: -\u00a0<strong>Supporto interno in cotone perlato EPE<\/strong>Spessore regolabile da 1 a 3 mm, prestazioni antiurto migliorate da 80%.\u00a0<strong>Divisorio in cartone alveolare<\/strong>: struttura a nido d'ape brevettata (numero di brevetto: ZL202310123456.7), con resistenza alla compressione di 200N\u00a0<strong>Apertura a prova di bambino<\/strong>: incorporato\u00a0<strong>serratura magnetica + striscia a strappo<\/strong>, doppia operazione necessaria per l'apertura, in linea con gli standard di sicurezza per bambini EN 71-3.<\/p>\n<h3 id=\"-6-environmental-compliance-globally-certified-green-commitment-\"><strong>6. Conformit\u00e0 ambientale: Impegno verde certificato a livello globale<\/strong><\/h3>\n<p>-\u00a0<strong>Certificazione delle qualifiche<\/strong>: ha superato la certificazione forestale FSC, la certificazione del sistema di gestione ambientale ISO 14001, il rilevamento dei metalli pesanti RoHS;<\/p>\n<p>-\u00a0<strong>Tracciabilit\u00e0 dei materiali<\/strong>: Fornisce un sistema di tracciabilit\u00e0 dell'impronta di carbonio; ogni lotto di imballaggio pu\u00f2 essere ricondotto all'origine della pasta di legno;<\/p>\n<p>-\u00a0<strong>Soluzione circolare<\/strong>: supporto del rivestimento in PLA degradabile + riciclo del cartone grigio, tasso di neutralit\u00e0 del carbonio aumentato di 40% (fare riferimento al rapporto di certificazione della neutralit\u00e0 del carbonio).<\/p>\n<h3 id=\"-7-technology-empowerment-international-level-printing-process-\"><strong>7. Potenziamento della tecnologia: processo di stampa a livello internazionale<\/strong><\/h3>\n<p>-\u00a0<strong>Matrice delle attrezzature<\/strong>: - Macchina a sei colori Heidelberg CD102 importata, la gamma di colori copre pi\u00f9 di 90% di Pantone; - La precisione del sistema di incisione laser raggiunge \u00b10,01 mm, supporta la stampa Braille;<\/p>\n<p>-\u00a0<strong>Gestione del colore<\/strong>: Adotta il sistema di calibrazione del colore GMG, \u0394E\u22641.2, per garantire la coerenza globale del lotto;<\/p>\n<p>-\u00a0<strong>Forza della squadra<\/strong>: Un team di 10 ingegneri di stampa con oltre 10 anni di esperienza, esperti negli standard di stampa ISO 12647-2 e vincitori del premio annuale Pantone per la gestione del colore.<\/p>","protected":false},"excerpt":{"rendered":"<p><strong>ZOJO Print | Esperto di confezioni personalizzate per cartucce di sigarette elettroniche: potenziamento della tecnologia, definizione di nuovi standard industriali<\/strong><\/p>\n<p>Nell'odierno settore delle sigarette elettroniche, in rapido sviluppo, l'imballaggio delle cartucce non \u00e8 solo un contenitore di prodotti, ma anche un vettore fondamentale per la conformit\u00e0 del marchio, la sicurezza e l'esperienza del consumatore. ZOJO Print \u00e8 impegnata da 16 anni nel settore degli imballaggi, concentrandosi sulla fornitura di cartucce per sigarette elettroniche con soluzioni di scatole pieghevoli che combinano funzionalit\u00e0, valore estetico e conformit\u00e0.<\/p>","protected":false},"featured_media":10099,"template":"","meta":[],"product_brand":[],"product_cat":[30,420,430,31],"product_tag":[1341,1340,1339],"class_list":{"0":"post-10097","1":"product","2":"type-product","3":"status-publish","4":"has-post-thumbnail","6":"product_cat-by-industry","7":"product_cat-custom-cannabis-boxes","8":"product_cat-folding-cartons","9":"product_cat-paper-box-style","10":"product_tag-box-packaging-supplier-from-china","11":"product_tag-custom-vape-box","12":"product_tag-vape-pod-packaging","14":"first","15":"instock","16":"shipping-taxable","17":"product-type-grouped"},"_links":{"self":[{"href":"https:\/\/zojopackaging.com\/it\/wp-json\/wp\/v2\/product\/10097","targetHints":{"allow":["GET"]}}],"collection":[{"href":"https:\/\/zojopackaging.com\/it\/wp-json\/wp\/v2\/product"}],"about":[{"href":"https:\/\/zojopackaging.com\/it\/wp-json\/wp\/v2\/types\/product"}],"version-history":[{"count":1,"href":"https:\/\/zojopackaging.com\/it\/wp-json\/wp\/v2\/product\/10097\/revisions"}],"predecessor-version":[{"id":10105,"href":"https:\/\/zojopackaging.com\/it\/wp-json\/wp\/v2\/product\/10097\/revisions\/10105"}],"wp:featuredmedia":[{"embeddable":true,"href":"https:\/\/zojopackaging.com\/it\/wp-json\/wp\/v2\/media\/10099"}],"wp:attachment":[{"href":"https:\/\/zojopackaging.com\/it\/wp-json\/wp\/v2\/media?parent=10097"}],"wp:term":[{"taxonomy":"product_brand","embeddable":true,"href":"https:\/\/zojopackaging.com\/it\/wp-json\/wp\/v2\/product_brand?post=10097"},{"taxonomy":"product_cat","embeddable":true,"href":"https:\/\/zojopackaging.com\/it\/wp-json\/wp\/v2\/product_cat?post=10097"},{"taxonomy":"product_tag","embeddable":true,"href":"https:\/\/zojopackaging.com\/it\/wp-json\/wp\/v2\/product_tag?post=10097"}],"curies":[{"name":"wp","href":"https:\/\/api.w.org\/{rel}","templated":true}]}}