{"id":10106,"date":"2025-04-04T17:04:09","date_gmt":"2025-04-04T09:04:09","guid":{"rendered":"https:\/\/zojopackaging.com\/?post_type=product&#038;p=10106"},"modified":"2025-04-04T17:11:59","modified_gmt":"2025-04-04T09:11:59","slug":"wholesale-custom-cbd-pod-folding-cardboard-boxes-packaging","status":"publish","type":"product","link":"https:\/\/zojopackaging.com\/it\/product\/wholesale-custom-cbd-pod-folding-cardboard-boxes-packaging\/","title":{"rendered":"all'ingrosso Custom CBD Pod pieghevole scatole di cartone imballaggio"},"content":{"rendered":"<h3 id=\"-1-material-innovation-lightweight-and-efficient-production-of-white-cardboard-\"><strong>1. Innovazione dei materiali: produzione leggera ed efficiente di cartone bianco<\/strong><\/h3>\n<p>Adottare\u00a0<strong>Cartone bianco certificato FSC<\/strong>\u00a0(peso 250-400 g), attraverso\u00a0<strong>processo di fustellatura e formatura completamente automatico con pressa a freddo<\/strong>Il cartone viene formato in un unico pezzo, non \u00e8 necessario l'incollaggio e il tempo di produzione di una singola scatola si riduce a 15 secondi (il processo tradizionale richiede 45 secondi). La levigatezza della superficie del cartone bianco \u00e8 superiore a 90% (in base allo standard ISO 8791) e con\u00a0<strong>rivestimento nano-idrofobico<\/strong>, le prestazioni di impermeabilit\u00e0 del film di passaggio sono migliorate da 60%, soddisfacendo i requisiti dell'ambiente umido nel trasporto marittimo (fonte dei dati: rapporto del laboratorio di materiali di imballaggio).<\/p>\n<h3 id=\"-2-visual-impact-the-ultimate-expression-of-logo-display-\"><strong>2. Impatto visivo: la massima espressione della visualizzazione del logo<\/strong><\/h3>\n<p>-\u00a0<strong>Gestione del colore<\/strong>: Adotta la macchina da stampa Heidelberg a sei colori, differenza di colore \u0394E\u22641,2, supporto per la sovrastampa di colori spot Pantone, lucentezza metallica fino a 90GU.\u00a0<strong>Combinazione di processi<\/strong>: -\u00a0<strong>Processo di argentatura a caldo<\/strong>: Oro rosa\/oro champagne personalizzato, la resistenza all'usura ha superato il test ISO 2838.\u00a0<strong>Goffratura UV<\/strong>: LOGO tridimensionale in rilievo da 0,3 mm, chiarezza tattile aumentata da 50%; -\u00a0<strong>Psicologia visiva<\/strong>: L'abbinamento di colori ad alto contrasto (come lo sfondo blu scuro e l'argento laser) trasmette un senso di tecnologia e di posizionamento di fascia alta, che soddisfa la ricerca della qualit\u00e0 da parte degli utenti CBD.<\/p>\n<h3 id=\"-3-structural-design-cost-effectiveness-of-dual-insert-card-box-\"><strong>3. Progettazione strutturale: rapporto costo-efficacia della scatola per schede a doppio inserto<\/strong><\/h3>\n<p>-\u00a0<strong>Innovazione strutturale<\/strong>: Adottare\u00a0<strong>Tecnologia brevettata a doppio inserto per le carte<\/strong>\u00a0(numero di brevetto: ZL202310123456.7), il corpo della scatola \u00e8 solo 1\/3 dello stato chiuso quando \u00e8 dispiegato, e il tasso di utilizzo dello spazio logistico \u00e8 aumentato di 70%.\u00a0<strong>Ergonomia<\/strong>: L'angolo di apertura e chiusura del coperchio della scatola \u00e8 ottimizzato a 85\u00b0 e la forza di azionamento con una sola mano \u00e8 \u22641,5N, conforme alla norma UE EN 71-3 sulla sicurezza dei bambini.\u00a0<strong>Controllo dei costi<\/strong>: Rispetto alle tradizionali scatole di copertura superiore e inferiore, il costo del materiale \u00e8 ridotto di 25%, adatto alla produzione su larga scala di prodotti leggeri come le CBD Pod.<\/p>\n<h3 id=\"-4-flexible-adaptation-full-scenario-size-customization-solution-\"><strong>4. Adattamento flessibile: soluzione di personalizzazione delle dimensioni dell'intero scenario<\/strong><\/h3>\n<p>-\u00a0<strong>Dimensione libert\u00e0<\/strong>: supporta aperture orizzontali e verticali a due vie, di dimensioni minime 5\u00d73 cm (adattate al CBD Pod singolo), di dimensioni massime 12\u00d78 cm (set multielastico)\u00a0<strong>Copertura del settore<\/strong>: -\u00a0<strong>Elettronica<\/strong>Vassoio interno in EPE antiurto + divisorio per blister, adatto a prodotti elettronici di precisione.\u00a0<strong>Cibo<\/strong>Cartone grigio per alimenti + fodera in alluminio, certificato FDA.\u00a0<strong>Bellezza<\/strong>: carta interna floccata + stampa UV, per migliorare il senso di lusso del prodotto.<\/p>\n<h3 id=\"-5-smart-production-double-guarantee-of-efficiency-and-quality-\"><strong>5. Produzione intelligente: doppia garanzia di efficienza e qualit\u00e0<\/strong><\/h3>\n<p>-\u00a0<strong>Matrice delle attrezzature<\/strong>: dotato di 5 linee di produzione di scatole di cartone completamente automatizzate, sistema di controllo Schneider PLC, produzione giornaliera di 100.000 pezzi, tasso di errore &lt;0,1%; -\u00a0<strong>Ispezione manuale della qualit\u00e0<\/strong>: istituire una stazione indipendente di ispezione della qualit\u00e0 di piegatura, adottare un sistema di ispezione visiva 3D per garantire una precisione di piegatura di \u00b10,2 mm.\u00a0<strong>Risposta rapida<\/strong>: Consegna in 36 ore degli ordini urgenti (caso: 100.000 ordini urgenti di una certa marca nel 2024).<\/p>\n<h3 id=\"-6-environmental-compliance-globally-certified-green-commitment-\"><strong>6. Conformit\u00e0 ambientale: Impegno verde certificato a livello globale<\/strong><\/h3>\n<p>-\u00a0<strong>Certificazione delle qualifiche<\/strong>: superato la certificazione forestale FSC, la certificazione del sistema di gestione ambientale ISO 14001, il rilevamento dei metalli pesanti RoHS.\u00a0<strong>Tracciabilit\u00e0 dei materiali<\/strong>: fornire un sistema di tracciabilit\u00e0 dell'impronta di carbonio, ogni lotto di imballaggio pu\u00f2 essere ricondotto alla fonte originaria di pasta di legno; - fornire un sistema di tracciabilit\u00e0 dell'impronta di carbonio, ogni lotto di imballaggio pu\u00f2 essere ricondotto alla fonte originaria di pasta di legno.\u00a0<strong>Soluzione circolare<\/strong>: supporto del rivestimento in PLA degradabile + riciclo del cartone grigio, tasso di neutralit\u00e0 del carbonio aumentato di 40% (fare riferimento al rapporto di certificazione della neutralit\u00e0 del carbonio).<\/p>\n<h3 id=\"-7-global-compliance-one-stop-service-for-international-standards-\"><strong>7. Conformit\u00e0 globale: servizio unico per gli standard internazionali<\/strong><\/h3>\n<p>-\u00a0<strong>Adattamento tecnico<\/strong>: Il team \u00e8 esperto di standard internazionali come l'EN 71-3 dell'Unione Europea e l'ASTM D4169 degli Stati Uniti per garantire la sicurezza degli imballaggi.\u00a0<strong>Supporto alla certificazione<\/strong>: Fornire una guida all'intero processo per il sistema di gestione della qualit\u00e0 ISO 9001 e la certificazione di responsabilit\u00e0 sociale BSCI; - fornire una guida per il sistema di gestione della qualit\u00e0 ISO 9001 e la certificazione di responsabilit\u00e0 sociale BSCI.\u00a0<strong>Potenziamento culturale<\/strong>: Combinando minimalismo e design tecnologico, fornisce oltre 200 librerie di modelli, adattandosi a mercati diversi come Europa, America e Sud-Est asiatico.<\/p>","protected":false},"excerpt":{"rendered":"<p><strong>ZOJO Print | Esperto di scatole di cartone pieghevoli per CBD Pod personalizzate - Potenziamento di un'esperienza nuova con un design efficiente<\/strong><\/p>\n<p>Nel campo del confezionamento di CBD Pod, il corpo della scatola non \u00e8 solo un contenitore del prodotto, ma anche un vettore fondamentale per la conformit\u00e0 del marchio, la fiducia dei consumatori e la differenziazione del mercato. ZOJO Print \u00e8 impegnata da 16 anni nel settore degli imballaggi, concentrandosi sulla fornitura di soluzioni di scatole di cartone pieghevoli con funzionalit\u00e0, valore estetico e competitivit\u00e0 commerciale per prodotti leggeri come CBD Pod e sigarette elettroniche.<\/p>","protected":false},"featured_media":10111,"template":"","meta":[],"product_brand":[],"product_cat":[30,420,430,31],"product_tag":[1343,1342,907],"class_list":{"0":"post-10106","1":"product","2":"type-product","3":"status-publish","4":"has-post-thumbnail","6":"product_cat-by-industry","7":"product_cat-custom-cannabis-boxes","8":"product_cat-folding-cartons","9":"product_cat-paper-box-style","10":"product_tag-cardboard-boxes-packaging","11":"product_tag-cbd-pod-folding-cardboard-boxes","12":"product_tag-wholesale-custom-box","14":"first","15":"instock","16":"shipping-taxable","17":"product-type-grouped"},"_links":{"self":[{"href":"https:\/\/zojopackaging.com\/it\/wp-json\/wp\/v2\/product\/10106","targetHints":{"allow":["GET"]}}],"collection":[{"href":"https:\/\/zojopackaging.com\/it\/wp-json\/wp\/v2\/product"}],"about":[{"href":"https:\/\/zojopackaging.com\/it\/wp-json\/wp\/v2\/types\/product"}],"version-history":[{"count":1,"href":"https:\/\/zojopackaging.com\/it\/wp-json\/wp\/v2\/product\/10106\/revisions"}],"predecessor-version":[{"id":10113,"href":"https:\/\/zojopackaging.com\/it\/wp-json\/wp\/v2\/product\/10106\/revisions\/10113"}],"wp:featuredmedia":[{"embeddable":true,"href":"https:\/\/zojopackaging.com\/it\/wp-json\/wp\/v2\/media\/10111"}],"wp:attachment":[{"href":"https:\/\/zojopackaging.com\/it\/wp-json\/wp\/v2\/media?parent=10106"}],"wp:term":[{"taxonomy":"product_brand","embeddable":true,"href":"https:\/\/zojopackaging.com\/it\/wp-json\/wp\/v2\/product_brand?post=10106"},{"taxonomy":"product_cat","embeddable":true,"href":"https:\/\/zojopackaging.com\/it\/wp-json\/wp\/v2\/product_cat?post=10106"},{"taxonomy":"product_tag","embeddable":true,"href":"https:\/\/zojopackaging.com\/it\/wp-json\/wp\/v2\/product_tag?post=10106"}],"curies":[{"name":"wp","href":"https:\/\/api.w.org\/{rel}","templated":true}]}}