{"id":10114,"date":"2025-04-04T17:20:31","date_gmt":"2025-04-04T09:20:31","guid":{"rendered":"https:\/\/zojopackaging.com\/?post_type=product&#038;p=10114"},"modified":"2025-04-04T17:30:39","modified_gmt":"2025-04-04T09:30:39","slug":"high-quality-irregular-shape-custom-perfume-boxes-wholesale","status":"publish","type":"product","link":"https:\/\/zojopackaging.com\/it\/product\/high-quality-irregular-shape-custom-perfume-boxes-wholesale\/","title":{"rendered":"Scatole di profumo personalizzate di forma irregolare di alta qualit\u00e0 all'ingrosso"},"content":{"rendered":"<h2 id=\"high-end-customized-irregular-flip-top-shaped-perfume-box-product-description\">High-end personalizzato irregolare Flip-top a forma di scatola di profumo Descrizione del prodotto<\/h2>\n<h2 id=\"-i-product-core-highlights-\"><strong>1. Caratteristiche principali del prodotto<\/strong><\/h2>\n<ol>\n<li><strong>Design visivo di lusso<\/strong>\u00a0Questa scatola per profumi adotta la classica combinazione di colori a contrasto di\u00a0<strong>carta speciale rossa<\/strong>\u00a0e\u00a0<strong>lavagna nera grigia<\/strong>. Il colore rosso principale trasmette entusiasmo e sensazioni di alto livello, mentre il colore nero ausiliario aggiunge calma e temperamento misterioso. La superficie del corpo della scatola presenta il LOGO del marchio attraverso\u00a0<strong>processo di stampaggio a caldo<\/strong>Le linee dorate e la carta rossa di base si completano a vicenda, non solo conservando il fascino classico tradizionale, ma anche evidenziando l'estetica moderna e minimalista. La forma irregolare del coperchio a ribalta rompe la struttura simmetrica convenzionale, e il\u00a0<strong>design di apertura e chiusura a smusso<\/strong>\u00a0aumenta l'impatto visivo e diventa il punto focale non appena la scatola viene aperta.<\/li>\n<li><strong>Materiale ecologico e degradabile<\/strong>\u00a0In linea con il concetto di sviluppo sostenibile, il corpo della scatola \u00e8 costituito da\u00a0<strong>materiali degradabili e rispettosi dell'ambiente<\/strong>I materiali principali sono carta speciale certificata FSC e adesivi di origine vegetale, tenendo conto sia della resistenza che delle prestazioni ambientali. La fodera \u00e8 realizzata in EVA riciclata nera e\u00a0<strong>flanella nera<\/strong>che non solo stabilizza il flacone di profumo (l'errore \u00e8 controllato entro \u00b11 mm), ma migliora anche il senso della cerimonia di unboxing attraverso il tocco delicato.<\/li>\n<\/ol>\n<h2 id=\"-ii-innovative-structure-and-user-experience-\"><strong>2. Struttura innovativa ed esperienza utente<\/strong><\/h2>\n<ol>\n<li><strong>Design rituale di apertura e chiusura<\/strong>\u00a0L'unico\u00a0<strong>struttura del box ad apertura obliqua<\/strong>\u00a0utilizza uno smusso a 30\u00b0 per guidare i consumatori verso un'apertura naturale. Il coperchio e il fondo della scatola sono collegati con precisione tramite fibbie magnetiche e il processo di apertura e chiusura \u00e8 fluido ed elegante. In combinazione con il tocco morbido del rivestimento in velluto, si crea un'esperienza coinvolgente come \"scoprire un tesoro\". La scatola interna \u00e8 stata progettata con una fessura per schede incorporata, adatta a una variet\u00e0 di bottiglie di profumo di forma speciale per garantire la sicurezza del trasporto e la bellezza dell'esposizione.<\/li>\n<li><strong>Esperienza interattiva multisensoriale<\/strong><\/li>\n<li><strong>Visivo<\/strong>: Il contrasto tra il LOGO stampato a caldo e i colori rosso e nero opachi presenta un lusso di basso profilo;<\/li>\n<li><strong>Tattile<\/strong>: La texture delicata della carta speciale e la fodera in velluto creano un senso di stratificazione;<\/li>\n<li><strong>Olfatto<\/strong>: L'astuccio pu\u00f2 essere personalizzato con la carta delle fragranze e le note di testa che fanno da eco al profumo vengono rilasciate non appena l'astuccio viene aperto.<\/li>\n<\/ol>\n<h2 id=\"-iii-customized-service-and-production-guarantee-\"><strong>3. Servizio personalizzato e garanzia di produzione<\/strong><\/h2>\n<ol>\n<li><strong>Supporto per la personalizzazione di tutti i link<\/strong><\/li>\n<li><strong>Dimensione flessibile<\/strong>: In base alle dimensioni della bottiglia di profumo (lunghezza \u00d7 larghezza \u00d7 altezza) fornite dal cliente, l'ingegnere completa la modellazione 3D e la prova di stampa entro 48 ore, supportando vari tipi di scatole come scatole superiori e inferiori, scatole a cassetto e scatole di forma speciale;<\/li>\n<li><strong>Aggiornamento del processo<\/strong>: Offre pi\u00f9 di 20 opzioni di lavorazione della superficie, come la stampa a caldo\/argento, la goffratura UV e la goffratura, e pu\u00f2 incorporare accessori come magneti e nastri;<\/li>\n<li><strong>Integrazione del marchio<\/strong>: Dal design del LOGO al copywriting del packaging, forniamo una soluzione completa di estensione visiva VI. a<\/li>\n<li><strong>Forza produttiva e controllo qualit\u00e0<\/strong><\/li>\n<li><strong>Attrezzature e capacit\u00e0<\/strong>: Con fustellatrici completamente automatiche, macchine da stampa Heidelberg e altre attrezzature avanzate, la produzione giornaliera raggiunge i 10.000 pezzi e supporta un ordine minimo di 1.000 pezzi;<\/li>\n<li><strong>Garanzia di qualit\u00e0<\/strong>: Ha superato la certificazione ISO 9001, ogni lotto di prodotti \u00e8 sottoposto a 12 processi di ispezione della qualit\u00e0, l'errore di differenza di colore \u00e8 \u22645% e il tasso di reclamo \u00e8 stato inferiore a 5% per dieci anni consecutivi;<\/li>\n<li><strong>Ciclo di consegna<\/strong>: 5 giorni per le prove di stampa, 7-14 giorni per la produzione di massa, a supporto della logistica globale e dell'esportazione transfrontaliera.<\/li>\n<\/ol>\n<h2 id=\"-fourth-application-scenarios-and-market-value-\"><strong>4. Scenari di applicazione e valore di mercato<\/strong><\/h2>\n<ul>\n<li><strong>Regali di alta gamma<\/strong>: Adatto per profumi di lusso, fragranze in edizione limitata, personalizzazione di matrimoni e altri scenari;<\/li>\n<li><strong>Marchio Premium<\/strong>: Secondo i dati del settore, un imballaggio differenziato pu\u00f2 aumentare il tasso di premio del prodotto di 30%-50%;<\/li>\n<li><strong>Certificazione ambientale<\/strong>: Conforme agli standard REACH dell'UE e FDA degli Stati Uniti, aiuta i marchi a entrare nei mercati europei e americani che puntano sulla sostenibilit\u00e0.<\/li>\n<\/ul>","protected":false},"excerpt":{"rendered":"<ul>\n<li>\u200b<strong>Presenza distintiva sullo scaffale.<\/strong>La forma irregolare e il contrasto rosso\/oro attirano gli acquirenti di lusso.<\/li>\n<li>\u200b<strong>Amplificazione del marchio.<\/strong>Il logo e i colori personalizzabili rafforzano il riconoscimento del marchio.<\/li>\n<li>\u200b<strong>Durata garantita.<\/strong>Il cartone spesso protegge le fragili bottiglie di profumo durante il trasporto.<\/li>\n<li>\u200b<strong>Risparmi in blocco.<\/strong>Prezzi competitivi per ordini di grandi volumi senza compromessi sulla qualit\u00e0.<\/li>\n<li>\u200b<strong>Unboxing premium.<\/strong>Le texture lucide\/opache e la vestibilit\u00e0 sicura migliorano l'esperienza del cliente.<\/li>\n<\/ul>","protected":false},"featured_media":10116,"template":"","meta":[],"product_brand":[],"product_cat":[30,417,428,31],"product_tag":[225,336,540],"class_list":{"0":"post-10114","1":"product","2":"type-product","3":"status-publish","4":"has-post-thumbnail","6":"product_cat-by-industry","7":"product_cat-custom-perfume-boxes-by-industry","8":"product_cat-irregular-shaped-gift-boxes","9":"product_cat-paper-box-style","10":"product_tag-custom-perfume-boxes","11":"product_tag-perfume-boxes","12":"product_tag-perfume-boxes-wholesale","14":"first","15":"instock","16":"shipping-taxable","17":"product-type-grouped"},"_links":{"self":[{"href":"https:\/\/zojopackaging.com\/it\/wp-json\/wp\/v2\/product\/10114","targetHints":{"allow":["GET"]}}],"collection":[{"href":"https:\/\/zojopackaging.com\/it\/wp-json\/wp\/v2\/product"}],"about":[{"href":"https:\/\/zojopackaging.com\/it\/wp-json\/wp\/v2\/types\/product"}],"version-history":[{"count":1,"href":"https:\/\/zojopackaging.com\/it\/wp-json\/wp\/v2\/product\/10114\/revisions"}],"predecessor-version":[{"id":10121,"href":"https:\/\/zojopackaging.com\/it\/wp-json\/wp\/v2\/product\/10114\/revisions\/10121"}],"wp:featuredmedia":[{"embeddable":true,"href":"https:\/\/zojopackaging.com\/it\/wp-json\/wp\/v2\/media\/10116"}],"wp:attachment":[{"href":"https:\/\/zojopackaging.com\/it\/wp-json\/wp\/v2\/media?parent=10114"}],"wp:term":[{"taxonomy":"product_brand","embeddable":true,"href":"https:\/\/zojopackaging.com\/it\/wp-json\/wp\/v2\/product_brand?post=10114"},{"taxonomy":"product_cat","embeddable":true,"href":"https:\/\/zojopackaging.com\/it\/wp-json\/wp\/v2\/product_cat?post=10114"},{"taxonomy":"product_tag","embeddable":true,"href":"https:\/\/zojopackaging.com\/it\/wp-json\/wp\/v2\/product_tag?post=10114"}],"curies":[{"name":"wp","href":"https:\/\/api.w.org\/{rel}","templated":true}]}}