{"id":10139,"date":"2025-04-04T18:06:07","date_gmt":"2025-04-04T10:06:07","guid":{"rendered":"https:\/\/zojopackaging.com\/?post_type=product&#038;p=10139"},"modified":"2025-04-04T18:19:59","modified_gmt":"2025-04-04T10:19:59","slug":"lid-and-base-30ml-perfume-cosmetic-gift-boxes-packaging","status":"publish","type":"product","link":"https:\/\/zojopackaging.com\/it\/product\/lid-and-base-30ml-perfume-cosmetic-gift-boxes-packaging\/","title":{"rendered":"Coperchio e base 30ml profumo cosmetici scatole regalo imballaggio"},"content":{"rendered":"<h2 id=\"-product-description-of-30ml-perfume-cosmetics-gift-box-with-top-and-bottom-cover-\"><strong>Coperchio e base 30ml profumo cosmetici scatole regalo imballaggio<\/strong><\/h2>\n<h2 id=\"-design-concept-fusion-of-senses-and-emotions-\"><strong>Concetto di design: Fusione di sensi ed emozioni<\/strong><\/h2>\n<ol>\n<li><strong>Estetica visiva<\/strong>\u00a0La scatola esterna della confezione regalo adotta\u00a0<strong>tessuto rosso mattone<\/strong>, che vengono lavorati con la tecnologia della pellicola opaca o lucida per conferire alla superficie una texture sobria ed elegante. Allo stesso tempo,\u00a0<strong>tecnologia di stampa del cartone a colori<\/strong>\u00a0\u00e8 utilizzato per ottenere un'audace collisione di colori (come l'intreccio di arancione corallo e turchese) sulla scatola interna, formando un contrasto visivo di \"esterno sobrio e interno brillante\". Il design della struttura del coperchio superiore e di quello inferiore nasconde la suspense. Il bordo del coperchio della scatola adotta\u00a0<strong>Angolo di apertura dell'inclinazione magnetica di 12\u00b0<\/strong>simulando l'azione rituale di sollevare il coperchio, stimolando il desiderio di esplorazione dei consumatori.<\/li>\n<li><strong>Narrazione tattile<\/strong>\u00a0Il rivestimento interno \u00e8 realizzato in\u00a0<strong>cotone bianco perlato<\/strong>che protegge il flacone di profumo grazie al materiale di rimbalzo ad alta densit\u00e0 ed \u00e8 delicato come la seta. La superficie del corpo della scatola pu\u00f2 essere\u00a0<strong>tecnologia di goffratura a rilievo<\/strong>\u00a0o\u00a0<strong>tecnologia di goffratura della finta pelle<\/strong>Come la goffratura del motivo iconico del marchio sul tessuto rosso mattone, che provoca un delicato feedback tattile al passaggio delle dita, rafforzando il punto di memoria del marchio.<\/li>\n<\/ol>\n<h2 id=\"-technology-and-customized-services-\"><strong>Tecnologia e servizi personalizzati<\/strong><\/h2>\n<ol>\n<li><strong>Tecnologia di stampa avanzata<\/strong><\/li>\n<li><strong>Stampa a colori<\/strong>: Supporta la stampa a tinte piatte Pantone, ripristinando con precisione il sistema di colori del marchio, come il rosso mattone pu\u00f2 scegliere Pantone 18-1440TX ocra bruciato, evidenziando il lusso retr\u00f2.<\/li>\n<li><strong>Effetti speciali<\/strong>: Fornire\u00a0<strong>stampa a caldo di lamine d'oro e d'argento<\/strong>\u00a0per creare un LOGO dalla lucentezza metallica, oppure utilizzare\u00a0<strong>Vernice locale UV<\/strong>\u00a0per evidenziare i motivi chiave, come l'effetto 3D del profilo della bottiglia di profumo.<\/li>\n<li><strong>Rivestimento protettivo<\/strong>: Il rivestimento protettivo UV pu\u00f2 prolungare la durata dei colori stampati e prevenire lo sbiadimento durante il trasporto o lo stoccaggio.<\/li>\n<li><strong>Personalizzazione della storia del marchio<\/strong>\u00a0Il team di designer \u00e8 bravo a incorporare il DNA del marchio nei dettagli del packaging:<\/li>\n<li><strong>Illustrazioni micro narrative<\/strong>\u00a0possono essere stampati all'interno del coperchio della scatola, ad esempio utilizzando linee di stampa a caldo per delineare il paesaggio della zona di produzione delle materie prime del profumo (come i campi di lavanda in Provenza).<\/li>\n<li>Il riquadro inferiore nasconde un\u00a0<strong>nastro staccabile<\/strong>, intrecciata con lo slogan del marchio o con le parole chiave della fragranza (come \"Quiet Oriental Woody Tone\"), che rilascia il profumo della capsula di fragranza leggera quando viene spacchettata, formando un'esperienza di collegamento a cinque sensi.<\/li>\n<\/ol>\n<h2 id=\"-production-guarantee-and-sustainability-\"><strong>Garanzia di produzione e sostenibilit\u00e0<\/strong><\/h2>\n<ol>\n<li><strong>Produzione di precisione su scala ridotta<\/strong><\/li>\n<li>La fabbrica ha un\u00a0<strong>5.320\u33a1 officina di produzione che soddisfa gli standard internazionali<\/strong>dotata di una fustellatrice completamente automatica e di una linea di ispezione per il controllo della qualit\u00e0, per garantire che l'errore di forma della scatola del coperchio superiore e inferiore sia \u22640,3 mm.<\/li>\n<li>Adottare\u00a0<strong>tecnologia di montaggio speciale e rispettosa dell'ambiente<\/strong>La carta di superficie e la fodera sono incollate con colla a base d'acqua, conforme alla certificazione ambientale REACH dell'UE, e l'impronta di carbonio \u00e8 ridotta di 70% rispetto ai processi tradizionali.<\/li>\n<li><strong>Consegna e servizio<\/strong><\/li>\n<li>Supporto\u00a0<strong>Prova rapida di 48 ore<\/strong>e la tracciabilit\u00e0 digitale dell'intero processo, dalla progettazione al prodotto finito.<\/li>\n<li>Fornire\u00a0<strong>soluzioni di trasporto modulari<\/strong>La confezione regalo pu\u00f2 essere piegata in piano, riducendo il tasso di perdita logistica a meno di 0,5% e garantendo una consegna globale senza danni.<\/li>\n<\/ol>\n<h2 id=\"-market-value-and-brand-empowerment-\"><strong>Valore di mercato e potenziamento del marchio<\/strong><\/h2>\n<ol>\n<li><strong>Competitivit\u00e0 differenziata<\/strong>\u00a0Questa soluzione di imballaggio aumenta il tasso di fidelizzazione dei consumatori di 40% grazie a\u00a0<strong>\"cerimonia di apertura + immersione sensoriale\"<\/strong>\u00a0design. Ad esempio:<\/li>\n<li>La collisione dei colori della scatola interna pu\u00f2 essere associata alla fragranza del profumo (fragranza fruttata con l'arancio vibrante, fragranza legnosa con il verde scuro), rafforzando la consapevolezza del prodotto.<\/li>\n<li>Le confezioni regalo in edizione limitata possono essere abbinate a\u00a0<strong>Carte interattive AR<\/strong>E si pu\u00f2 guardare il video dell'intervista al profumiere scansionando il modello del corpo della scatola per aumentare il valore aggiunto della cultura del marchio.<\/li>\n<li><strong>Rapporto costo-efficacia<\/strong>\u00a0La produzione su larga scala rende il costo di una singola scatola 15%-20% inferiore al prezzo medio del mercato personalizzato e lo spazio premium pu\u00f2 raggiungere 300%.<\/li>\n<\/ol>","protected":false},"excerpt":{"rendered":"<p>Questo cofanetto regalo di profumi rivestito di mondo utilizza la\u00a0<strong>\"L'impatto visivo come superficie, la risonanza emotiva come nucleo\".<\/strong>\u00a0per trasformare l'unicit\u00e0 del marchio in un'esperienza di consumo tangibile. Dal calmo ed elegante rosso mattone alla drammatica collisione di colori della scatola interna, dai lussuosi dettagli della stampa a caldo in lamina d'oro all'estrema protezione del cotone perlato, ogni design serve a trasmettere il valore del marchio e a migliorare la conversione delle vendite.<\/p>","protected":false},"featured_media":10145,"template":"","meta":[],"product_brand":[],"product_cat":[30,390,417,425,31],"product_tag":[1349,1350,339],"class_list":{"0":"post-10139","1":"product","2":"type-product","3":"status-publish","4":"has-post-thumbnail","6":"product_cat-by-industry","7":"product_cat-custom-cosmetics-boxes","8":"product_cat-custom-perfume-boxes-by-industry","9":"product_cat-lid-and-base-gift-box","10":"product_cat-paper-box-style","11":"product_tag-30ml-perfume-boxes","12":"product_tag-lid-and-base-perfume-boxes","13":"product_tag-perfume-gift-boxes","15":"first","16":"instock","17":"shipping-taxable","18":"product-type-grouped"},"_links":{"self":[{"href":"https:\/\/zojopackaging.com\/it\/wp-json\/wp\/v2\/product\/10139","targetHints":{"allow":["GET"]}}],"collection":[{"href":"https:\/\/zojopackaging.com\/it\/wp-json\/wp\/v2\/product"}],"about":[{"href":"https:\/\/zojopackaging.com\/it\/wp-json\/wp\/v2\/types\/product"}],"version-history":[{"count":2,"href":"https:\/\/zojopackaging.com\/it\/wp-json\/wp\/v2\/product\/10139\/revisions"}],"predecessor-version":[{"id":10147,"href":"https:\/\/zojopackaging.com\/it\/wp-json\/wp\/v2\/product\/10139\/revisions\/10147"}],"wp:featuredmedia":[{"embeddable":true,"href":"https:\/\/zojopackaging.com\/it\/wp-json\/wp\/v2\/media\/10145"}],"wp:attachment":[{"href":"https:\/\/zojopackaging.com\/it\/wp-json\/wp\/v2\/media?parent=10139"}],"wp:term":[{"taxonomy":"product_brand","embeddable":true,"href":"https:\/\/zojopackaging.com\/it\/wp-json\/wp\/v2\/product_brand?post=10139"},{"taxonomy":"product_cat","embeddable":true,"href":"https:\/\/zojopackaging.com\/it\/wp-json\/wp\/v2\/product_cat?post=10139"},{"taxonomy":"product_tag","embeddable":true,"href":"https:\/\/zojopackaging.com\/it\/wp-json\/wp\/v2\/product_tag?post=10139"}],"curies":[{"name":"wp","href":"https:\/\/api.w.org\/{rel}","templated":true}]}}