{"id":10148,"date":"2025-04-04T18:20:18","date_gmt":"2025-04-04T10:20:18","guid":{"rendered":"https:\/\/zojopackaging.com\/?post_type=product&#038;p=10148"},"modified":"2025-04-04T18:34:51","modified_gmt":"2025-04-04T10:34:51","slug":"custom-perfume-cosmetics-clamshell-flip-top-gift-box-factory","status":"publish","type":"product","link":"https:\/\/zojopackaging.com\/it\/product\/custom-perfume-cosmetics-clamshell-flip-top-gift-box-factory\/","title":{"rendered":"Profumo personalizzato cosmetici Clamshell Flip Top Gift Box Factory"},"content":{"rendered":"<h2 id=\"customized-perfume-cosmetic-flip-gift-box-product-description\">Profumo personalizzato cosmetici Clamshell Flip Top Gift Box Factory<\/h2>\n<h2><strong>1. Materiale <\/strong>Scatole a conchiglia con apertura a ribalta<strong>: stabile e durevole, evidenziando la texture del marchio<\/strong><\/h2>\n<ul>\n<li><strong>Artigianato di superficie<\/strong>: La carta speciale bianca da 120 g viene incollata su un substrato di cartone grigio ad alta resistenza da 1200 g per garantire che la scatola sia diritta e abbia una forte resistenza alla pressione. Il cartoncino grigio utilizza cartone nazionale di colore grigio pieno, con struttura uniforme delle fibre, resistenza alla flessione e protezione ambientale, e soddisfa gli standard di certificazione FSC. Il logo esclusivo del cliente \u00e8 impresso sulla superficie e l'effetto tridimensionale concavo e convesso \u00e8 ottenuto mediante stampi di precisione per migliorare la stratificazione tattile e visiva.<\/li>\n<\/ul>\n<h2 id=\"-2-lining-design-protection-and-beauty-\"><strong>2. Design della fodera: protezione e bellezza<\/strong><\/h2>\n<ul>\n<li><strong>Struttura del rivestimento<\/strong>: Lo strato interno \u00e8 incollato con cartone blu da 350 g, abbinato a schiuma EVA personalizzata (lo spessore pu\u00f2 essere scelto tra 1,5 e 3,0 mm), mentre lo strato di protezione \u00e8 formato da fustellatura e laminazione. Il materiale EVA ha un'eccellente resistenza agli urti e pu\u00f2 assorbire gli impatti durante il trasporto. La struttura magnetica \u00e8 stata calcolata con precisione e l'errore di posizionamento \u00e8 inferiore a 0,5 mm. I consumatori possono accedere rapidamente al prodotto con una sola mano. Allo stesso tempo, il design della finestra trasparente nella scatola \u00e8 comodo per visualizzare le informazioni del flacone di profumo.<\/li>\n<\/ul>\n<h2 id=\"-3-customized-service-flexible-adaptation-to-customer-needs-\"><strong>3. Servizio personalizzato: adattamento flessibile alle esigenze del cliente<\/strong><\/h2>\n<ul>\n<li><strong>Adattamento delle dimensioni e dei materiali<\/strong>: Supporta la personalizzazione delle dimensioni di diversi prodotti come sigarette, cosmetici e profumi. Pu\u00f2 regolare lo spessore del cartoncino grigio (1,5-4,0 mm), la grammatura della carta speciale (80-300 g) e la struttura del rivestimento (come il rivestimento in seta, il trattamento opaco).<\/li>\n<li><strong>Innovazione del design<\/strong>: Un team di designer professionisti fornisce un servizio one-to-one, combinando il tono del marchio per progettare uno stile semplice o lussuoso. Ad esempio, i modelli interattivi con tecnologia AR, i materiali degradabili o l'ottimizzazione della struttura per ridurre il volume dell'imballaggio possono raggiungere gli obiettivi di leggerezza e protezione ambientale.<\/li>\n<\/ul>\n<h2 id=\"-4-production-strength-and-quality-assurance-\"><strong>4. Forza produttiva e garanzia di qualit\u00e0<\/strong><\/h2>\n<ul>\n<li><strong>Linea di produzione moderna<\/strong>: La fabbrica \u00e8 dotata di un'officina standardizzata di 5.320 metri quadrati, con macchine fustellatrici completamente automatiche, macchine per lo stampaggio a caldo e linee di produzione di schiume EVA, con una capacit\u00e0 produttiva giornaliera di 100.000 pezzi. La linea di assemblaggio automatizzata viene utilizzata per monitorare i dati di produzione in tempo reale attraverso il sistema SCADA, per garantire che il tasso di assenza di perdite nell'imballaggio raggiunga il 99,8%.<\/li>\n<li><strong>Sistema di controllo della qualit\u00e0<\/strong>: Dall'ingresso delle materie prime alla consegna dei prodotti finiti, vengono implementati 21 processi di ispezione della qualit\u00e0, tra cui test di indicatori chiave come il contenuto di umidit\u00e0 del cartone grigio (\u22648%), l'adesione alla stampa a caldo (test del nastro 3M) e la durata dell'aspirazione magnetica (\u2265100.000 volte di apertura e chiusura).<\/li>\n<\/ul>\n<h2 id=\"-5-cases-and-customer-value-\"><strong>5. Casi e valore del cliente<\/strong><\/h2>\n<ul>\n<li><strong>Caso di successo<\/strong>: Abbiamo progettato una confezione regalo flip-top per un marchio di profumi di fascia alta, utilizzando il cartone bianco opaco e la tecnologia di stampa a caldo dell'oro, mentre la fodera \u00e8 abbinata al velluto blu EVA. Dopo il lancio del prodotto, il tasso di riacquisto dei clienti \u00e8 aumentato di 30% e il tasso di danni da trasporto \u00e8 sceso a meno di 0,5%.<\/li>\n<li><strong>Impegno ambientale<\/strong>: Fornisce pannelli grigi biodegradabili e opzioni di stampa con inchiostro a base d'acqua, che rispettano gli standard ambientali dell'UE e aiutano i marchi a mettere in pratica il concetto di sviluppo sostenibile.<\/li>\n<\/ul>","protected":false},"excerpt":{"rendered":"<ul>\n<li>\u200b<strong>Estetica di alto livello<\/strong>- Eleva la percezione del marchio con accenti in rilievo e linee pulite.<\/li>\n<li>\u200b<strong>Durevole ed ecologico<\/strong>- Il robusto materiale riciclabile resiste all'usura.<\/li>\n<li>\u200b<strong>Integrazione del marchio personalizzato<\/strong>- Mostrate senza problemi loghi o messaggi promozionali.<\/li>\n<li>\u200b<strong>Efficienza degli ordini in blocco<\/strong>- Ottimizzato per una logistica all'ingrosso a basso costo.<\/li>\n<li>\u200b<strong>Montaggio universale della bottiglia<\/strong>- Gli scomparti regolabili si adattano alle diverse dimensioni dei profumi.<\/li>\n<\/ul>","protected":false},"featured_media":10151,"template":"","meta":[],"product_brand":[],"product_cat":[30,417,424,31],"product_tag":[1353,1351,1352],"class_list":{"0":"post-10148","1":"product","2":"type-product","3":"status-publish","4":"has-post-thumbnail","6":"product_cat-by-industry","7":"product_cat-custom-perfume-boxes-by-industry","8":"product_cat-magnetic-closure-boxes","9":"product_cat-paper-box-style","10":"product_tag-cosmetics-gift-box-factory","11":"product_tag-perfume-clamshell-box","12":"product_tag-perfume-flip-top-gift-box","14":"first","15":"instock","16":"shipping-taxable","17":"product-type-grouped"},"_links":{"self":[{"href":"https:\/\/zojopackaging.com\/it\/wp-json\/wp\/v2\/product\/10148","targetHints":{"allow":["GET"]}}],"collection":[{"href":"https:\/\/zojopackaging.com\/it\/wp-json\/wp\/v2\/product"}],"about":[{"href":"https:\/\/zojopackaging.com\/it\/wp-json\/wp\/v2\/types\/product"}],"version-history":[{"count":1,"href":"https:\/\/zojopackaging.com\/it\/wp-json\/wp\/v2\/product\/10148\/revisions"}],"predecessor-version":[{"id":10155,"href":"https:\/\/zojopackaging.com\/it\/wp-json\/wp\/v2\/product\/10148\/revisions\/10155"}],"wp:featuredmedia":[{"embeddable":true,"href":"https:\/\/zojopackaging.com\/it\/wp-json\/wp\/v2\/media\/10151"}],"wp:attachment":[{"href":"https:\/\/zojopackaging.com\/it\/wp-json\/wp\/v2\/media?parent=10148"}],"wp:term":[{"taxonomy":"product_brand","embeddable":true,"href":"https:\/\/zojopackaging.com\/it\/wp-json\/wp\/v2\/product_brand?post=10148"},{"taxonomy":"product_cat","embeddable":true,"href":"https:\/\/zojopackaging.com\/it\/wp-json\/wp\/v2\/product_cat?post=10148"},{"taxonomy":"product_tag","embeddable":true,"href":"https:\/\/zojopackaging.com\/it\/wp-json\/wp\/v2\/product_tag?post=10148"}],"curies":[{"name":"wp","href":"https:\/\/api.w.org\/{rel}","templated":true}]}}